{"id":10274,"date":"2025-03-14T10:01:01","date_gmt":"2025-03-14T09:01:01","guid":{"rendered":"https:\/\/doglife.be\/?post_type=product&#038;p=10274"},"modified":"2026-03-31T11:02:29","modified_gmt":"2026-03-31T10:02:29","slug":"sense-cat-eend-en-runderspieren-200-g","status":"publish","type":"product","link":"https:\/\/doglife.be\/de\/produkt\/sense-cat-eend-en-runderspieren-200-g\/","title":{"rendered":"Falco SENSE Cat EEND en Runderspieren 200 G"},"content":{"rendered":"<h2 class=\"h2\" style=\"margin-right: 0px;margin-bottom: 1.875rem;margin-left: 0px;font-weight: 700;line-height: 1.1875;padding: 0px;text-transform: uppercase;font-family: Anton, Helvetica, Arial, sans-serif;letter-spacing: 0.5px\"><font style=\"vertical-align: inherit\">FALCO SENSE CAT eend en rundvlees 200g<\/font><\/h2>\n<div class=\"text text--1 color__brand--2\" style=\"font-size: 16px;line-height: 1.5;margin-bottom: 1.875rem;font-family: Roboto, Helvetica, Arial, sans-serif\">\n<p><span style=\"font-size: 11pt\"><span style=\"line-height: 15.6933px\"><span style=\"font-family: Calibri, sans-serif\"><span style=\"font-size: 12pt\"><span style=\"line-height: 17.12px\">Spieren bevatten veel essenti\u00eble aminozuren, ijzer en vitamine B2. Het bevat ook eiwitten, die de spiergroei bevorderen. Het ondersteunt de kauwspieren en is uitstekend voor de conditie en vacht. Het is gewoon vlees zonder ingewanden.<\/span><\/span><\/span><\/span><\/span><\/p>\n<p style=\"margin-bottom: 11px\"><span style=\"font-size: 11pt\"><span style=\"line-height: 15.6933px\"><span style=\"font-family: Calibri, sans-serif\"><span style=\"font-size: 12pt\"><span style=\"line-height: 17.12px\">Eend is, net als ander pluimveevlees, zeer gemakkelijk verteerbaar en een rijke bron van eiwitten. In tegenstelling tot kip- en kalkoenvlees is het vetter. Het bevat een gunstige hoeveelheid mineralen, vooral ijzer, fosfor, zink, natrium, kalium en vitamine B.<\/span><\/span><\/span><\/span><\/span><\/p>\n<p style=\"margin-bottom: 11px\"><span style=\"font-size: 11pt\"><span style=\"line-height: 15.6933px\"><span style=\"font-family: Calibri, sans-serif\"><span style=\"font-size: 12pt\"><span style=\"line-height: 17.12px\">FALCO SENSE CAT blikvoer is geschikt voor alle leeftijden en alle rassen.<\/span><\/span><\/span><\/span><\/span><\/p>\n<p><span style=\"font-size: 11pt\"><span style=\"line-height: 15.6933px\"><span style=\"font-family: Calibri, sans-serif\"><span style=\"font-size: 12pt\"><span style=\"line-height: 17.12px\">Al onze producten zijn natuurlijk en bevatten geen kleurstoffen, smaakstoffen, conserveringsmiddelen, chemicali\u00ebn, granen, rijst of soja. De recepten zijn samengesteld door dierenarts en oprichter MVDr. Ji\u0159\u00ed Sokol.<\/span><\/span><\/span><\/span><\/span><\/p>\n<p><span style=\"font-size: 11pt\"><span style=\"line-height: 15.6933px\"><span style=\"font-family: Calibri, sans-serif\">FALCO blikvoer heeft een houdbaarheid van 3 jaar. Je kunt het ongeveer 7 dagen in de koelkast bewaren, of zo lang als je wilt.<\/span><\/span><\/span><\/p>\n<p><span style=\"font-size: 11pt\"><span style=\"line-height: 15.6933px\"><span style=\"font-family: Calibri, sans-serif\"><b>Ingredi\u00ebnten<\/b>: 50% eend, 25% runderspier, 25% varkenspier.<\/span><\/span><\/span><\/p>\n<p><span style=\"font-size: 11pt\"><span style=\"line-height: 15.6933px\"><span style=\"font-family: Calibri, sans-serif\">Analytische bestanddelen: ruw eiwit 15%, ruw vet 11%, ruwe celstof 0,5%, ruwe as 3%, vocht 70,5%, hoog natuurlijk gehalte aan vitamines (A, E, D) en aminozuren (lysine, methionine, cystine)<\/span><\/span><\/span><\/p>\n<\/div>\n","protected":false},"excerpt":{"rendered":"<p>Bevat 50% gemalen eend en 50% spierstukjes. Ideaal voor gevoelige en kieskeurige katten.Bevat 50% gemalen eend en 50% spierstukjes. Ideaal voor gevoelige en kieskeurige katten.<\/p>\n","protected":false},"featured_media":20849,"template":"","meta":[],"product_brand":[71],"product_cat":[317,341],"product_tag":[432,434,401],"class_list":{"0":"post-10274","1":"product","2":"type-product","3":"status-publish","4":"has-post-thumbnail","6":"product_brand-sokol-falco4","7":"product_cat-100vlees-stukjes-met-gemalen-katten_89","8":"product_cat-blikjes-katten_85","9":"product_tag-eend","10":"product_tag-falco","11":"product_tag-rund","13":"first","14":"instock","15":"taxable","16":"shipping-taxable","17":"purchasable","18":"product-type-simple"},"yoast_head":"<!-- This site is optimized with the Yoast SEO plugin v27.2 - https:\/\/yoast.com\/product\/yoast-seo-wordpress\/ -->\n<title>Falco SENSE Cat EEND en Runderspieren 200 G - Doglife<\/title>\n<meta name=\"robots\" content=\"index, follow, max-snippet:-1, max-image-preview:large, max-video-preview:-1\" \/>\n<link rel=\"canonical\" href=\"https:\/\/doglife.be\/de\/produkt\/sense-cat-eend-en-runderspieren-200-g\/\" \/>\n<meta property=\"og:locale\" content=\"de_DE\" \/>\n<meta property=\"og:type\" content=\"article\" \/>\n<meta property=\"og:title\" content=\"Falco SENSE Cat EEND en Runderspieren 200 G - Doglife\" \/>\n<meta property=\"og:description\" content=\"Bevat 50% gemalen eend en 50% spierstukjes. Ideaal voor gevoelige en kieskeurige katten.Bevat 50% gemalen eend en 50% spierstukjes. Ideaal voor gevoelige en kieskeurige katten.\" \/>\n<meta property=\"og:url\" content=\"https:\/\/doglife.be\/de\/produkt\/sense-cat-eend-en-runderspieren-200-g\/\" \/>\n<meta property=\"og:site_name\" content=\"Doglife\" \/>\n<meta property=\"article:publisher\" content=\"https:\/\/www.facebook.com\/DoglifeBenelux\" \/>\n<meta property=\"article:modified_time\" content=\"2026-03-31T10:02:29+00:00\" \/>\n<meta property=\"og:image\" content=\"https:\/\/doglife.be\/wp-content\/uploads\/2025\/03\/falco_sense_cat_eend_en_runderspieren_200_g_4606.jpg\" \/>\n\t<meta property=\"og:image:width\" content=\"1080\" \/>\n\t<meta property=\"og:image:height\" content=\"1080\" \/>\n\t<meta property=\"og:image:type\" content=\"image\/jpeg\" \/>\n<meta name=\"twitter:card\" content=\"summary_large_image\" \/>\n<meta name=\"twitter:label1\" content=\"Gesch\u00e4tzte Lesezeit\" \/>\n\t<meta name=\"twitter:data1\" content=\"1\u00a0Minute\" \/>\n<script type=\"application\/ld+json\" class=\"yoast-schema-graph\">{\"@context\":\"https:\/\/schema.org\",\"@graph\":[{\"@type\":\"WebPage\",\"@id\":\"https:\/\/doglife.be\/de\/produkt\/sense-cat-eend-en-runderspieren-200-g\/\",\"url\":\"https:\/\/doglife.be\/de\/produkt\/sense-cat-eend-en-runderspieren-200-g\/\",\"name\":\"Falco SENSE Cat EEND en Runderspieren 200 G - Doglife\",\"isPartOf\":{\"@id\":\"https:\/\/doglife.be\/de\/#website\"},\"primaryImageOfPage\":{\"@id\":\"https:\/\/doglife.be\/de\/produkt\/sense-cat-eend-en-runderspieren-200-g\/#primaryimage\"},\"image\":{\"@id\":\"https:\/\/doglife.be\/de\/produkt\/sense-cat-eend-en-runderspieren-200-g\/#primaryimage\"},\"thumbnailUrl\":\"https:\/\/doglife.be\/wp-content\/uploads\/2025\/03\/falco_sense_cat_eend_en_runderspieren_200_g_4606.jpg\",\"datePublished\":\"2025-03-14T09:01:01+00:00\",\"dateModified\":\"2026-03-31T10:02:29+00:00\",\"breadcrumb\":{\"@id\":\"https:\/\/doglife.be\/de\/produkt\/sense-cat-eend-en-runderspieren-200-g\/#breadcrumb\"},\"inLanguage\":\"de\",\"potentialAction\":[{\"@type\":\"ReadAction\",\"target\":[\"https:\/\/doglife.be\/de\/produkt\/sense-cat-eend-en-runderspieren-200-g\/\"]}]},{\"@type\":\"ImageObject\",\"inLanguage\":\"de\",\"@id\":\"https:\/\/doglife.be\/de\/produkt\/sense-cat-eend-en-runderspieren-200-g\/#primaryimage\",\"url\":\"https:\/\/doglife.be\/wp-content\/uploads\/2025\/03\/falco_sense_cat_eend_en_runderspieren_200_g_4606.jpg\",\"contentUrl\":\"https:\/\/doglife.be\/wp-content\/uploads\/2025\/03\/falco_sense_cat_eend_en_runderspieren_200_g_4606.jpg\",\"width\":1080,\"height\":1080,\"caption\":\"Falco SENSE Cat EEND en Runderspieren 200 G\"},{\"@type\":\"BreadcrumbList\",\"@id\":\"https:\/\/doglife.be\/de\/produkt\/sense-cat-eend-en-runderspieren-200-g\/#breadcrumb\",\"itemListElement\":[{\"@type\":\"ListItem\",\"position\":1,\"name\":\"Home\",\"item\":\"https:\/\/doglife.be\/de\/\"},{\"@type\":\"ListItem\",\"position\":2,\"name\":\"Shop\",\"item\":\"https:\/\/doglife.be\/de\/shop\/\"},{\"@type\":\"ListItem\",\"position\":3,\"name\":\"Falco SENSE Cat EEND en Runderspieren 200 G\"}]},{\"@type\":\"WebSite\",\"@id\":\"https:\/\/doglife.be\/de\/#website\",\"url\":\"https:\/\/doglife.be\/de\/\",\"name\":\"Doglife\",\"description\":\"\",\"publisher\":{\"@id\":\"https:\/\/doglife.be\/de\/#organization\"},\"potentialAction\":[{\"@type\":\"SearchAction\",\"target\":{\"@type\":\"EntryPoint\",\"urlTemplate\":\"https:\/\/doglife.be\/de\/?s={search_term_string}\"},\"query-input\":{\"@type\":\"PropertyValueSpecification\",\"valueRequired\":true,\"valueName\":\"search_term_string\"}}],\"inLanguage\":\"de\"},{\"@type\":\"Organization\",\"@id\":\"https:\/\/doglife.be\/de\/#organization\",\"name\":\"Doglife\",\"url\":\"https:\/\/doglife.be\/de\/\",\"logo\":{\"@type\":\"ImageObject\",\"inLanguage\":\"de\",\"@id\":\"https:\/\/doglife.be\/de\/#\/schema\/logo\/image\/\",\"url\":\"https:\/\/doglife.be\/wp-content\/uploads\/2022\/07\/logo-doglife-white.webp\",\"contentUrl\":\"https:\/\/doglife.be\/wp-content\/uploads\/2022\/07\/logo-doglife-white.webp\",\"width\":137,\"height\":136,\"caption\":\"Doglife\"},\"image\":{\"@id\":\"https:\/\/doglife.be\/de\/#\/schema\/logo\/image\/\"},\"sameAs\":[\"https:\/\/www.facebook.com\/DoglifeBenelux\"]}]}<\/script>\n<!-- \/ Yoast SEO plugin. -->","yoast_head_json":{"title":"Falco SENSE Cat EEND en Runderspieren 200 G - Doglife","robots":{"index":"index","follow":"follow","max-snippet":"max-snippet:-1","max-image-preview":"max-image-preview:large","max-video-preview":"max-video-preview:-1"},"canonical":"https:\/\/doglife.be\/de\/produkt\/sense-cat-eend-en-runderspieren-200-g\/","og_locale":"de_DE","og_type":"article","og_title":"Falco SENSE Cat EEND en Runderspieren 200 G - Doglife","og_description":"Bevat 50% gemalen eend en 50% spierstukjes. Ideaal voor gevoelige en kieskeurige katten.Bevat 50% gemalen eend en 50% spierstukjes. Ideaal voor gevoelige en kieskeurige katten.","og_url":"https:\/\/doglife.be\/de\/produkt\/sense-cat-eend-en-runderspieren-200-g\/","og_site_name":"Doglife","article_publisher":"https:\/\/www.facebook.com\/DoglifeBenelux","article_modified_time":"2026-03-31T10:02:29+00:00","og_image":[{"width":1080,"height":1080,"url":"https:\/\/doglife.be\/wp-content\/uploads\/2025\/03\/falco_sense_cat_eend_en_runderspieren_200_g_4606.jpg","type":"image\/jpeg"}],"twitter_card":"summary_large_image","twitter_misc":{"Gesch\u00e4tzte Lesezeit":"1\u00a0Minute"},"schema":{"@context":"https:\/\/schema.org","@graph":[{"@type":"WebPage","@id":"https:\/\/doglife.be\/de\/produkt\/sense-cat-eend-en-runderspieren-200-g\/","url":"https:\/\/doglife.be\/de\/produkt\/sense-cat-eend-en-runderspieren-200-g\/","name":"Falco SENSE Cat EEND en Runderspieren 200 G - Doglife","isPartOf":{"@id":"https:\/\/doglife.be\/de\/#website"},"primaryImageOfPage":{"@id":"https:\/\/doglife.be\/de\/produkt\/sense-cat-eend-en-runderspieren-200-g\/#primaryimage"},"image":{"@id":"https:\/\/doglife.be\/de\/produkt\/sense-cat-eend-en-runderspieren-200-g\/#primaryimage"},"thumbnailUrl":"https:\/\/doglife.be\/wp-content\/uploads\/2025\/03\/falco_sense_cat_eend_en_runderspieren_200_g_4606.jpg","datePublished":"2025-03-14T09:01:01+00:00","dateModified":"2026-03-31T10:02:29+00:00","breadcrumb":{"@id":"https:\/\/doglife.be\/de\/produkt\/sense-cat-eend-en-runderspieren-200-g\/#breadcrumb"},"inLanguage":"de","potentialAction":[{"@type":"ReadAction","target":["https:\/\/doglife.be\/de\/produkt\/sense-cat-eend-en-runderspieren-200-g\/"]}]},{"@type":"ImageObject","inLanguage":"de","@id":"https:\/\/doglife.be\/de\/produkt\/sense-cat-eend-en-runderspieren-200-g\/#primaryimage","url":"https:\/\/doglife.be\/wp-content\/uploads\/2025\/03\/falco_sense_cat_eend_en_runderspieren_200_g_4606.jpg","contentUrl":"https:\/\/doglife.be\/wp-content\/uploads\/2025\/03\/falco_sense_cat_eend_en_runderspieren_200_g_4606.jpg","width":1080,"height":1080,"caption":"Falco SENSE Cat EEND en Runderspieren 200 G"},{"@type":"BreadcrumbList","@id":"https:\/\/doglife.be\/de\/produkt\/sense-cat-eend-en-runderspieren-200-g\/#breadcrumb","itemListElement":[{"@type":"ListItem","position":1,"name":"Home","item":"https:\/\/doglife.be\/de\/"},{"@type":"ListItem","position":2,"name":"Shop","item":"https:\/\/doglife.be\/de\/shop\/"},{"@type":"ListItem","position":3,"name":"Falco SENSE Cat EEND en Runderspieren 200 G"}]},{"@type":"WebSite","@id":"https:\/\/doglife.be\/de\/#website","url":"https:\/\/doglife.be\/de\/","name":"Doglife","description":"","publisher":{"@id":"https:\/\/doglife.be\/de\/#organization"},"potentialAction":[{"@type":"SearchAction","target":{"@type":"EntryPoint","urlTemplate":"https:\/\/doglife.be\/de\/?s={search_term_string}"},"query-input":{"@type":"PropertyValueSpecification","valueRequired":true,"valueName":"search_term_string"}}],"inLanguage":"de"},{"@type":"Organization","@id":"https:\/\/doglife.be\/de\/#organization","name":"Doglife","url":"https:\/\/doglife.be\/de\/","logo":{"@type":"ImageObject","inLanguage":"de","@id":"https:\/\/doglife.be\/de\/#\/schema\/logo\/image\/","url":"https:\/\/doglife.be\/wp-content\/uploads\/2022\/07\/logo-doglife-white.webp","contentUrl":"https:\/\/doglife.be\/wp-content\/uploads\/2022\/07\/logo-doglife-white.webp","width":137,"height":136,"caption":"Doglife"},"image":{"@id":"https:\/\/doglife.be\/de\/#\/schema\/logo\/image\/"},"sameAs":["https:\/\/www.facebook.com\/DoglifeBenelux"]}]}},"_links":{"self":[{"href":"https:\/\/doglife.be\/de\/wp-json\/wp\/v2\/product\/10274","targetHints":{"allow":["GET"]}}],"collection":[{"href":"https:\/\/doglife.be\/de\/wp-json\/wp\/v2\/product"}],"about":[{"href":"https:\/\/doglife.be\/de\/wp-json\/wp\/v2\/types\/product"}],"wp:featuredmedia":[{"embeddable":true,"href":"https:\/\/doglife.be\/de\/wp-json\/wp\/v2\/media\/20849"}],"wp:attachment":[{"href":"https:\/\/doglife.be\/de\/wp-json\/wp\/v2\/media?parent=10274"}],"wp:term":[{"taxonomy":"product_brand","embeddable":true,"href":"https:\/\/doglife.be\/de\/wp-json\/wp\/v2\/product_brand?post=10274"},{"taxonomy":"product_cat","embeddable":true,"href":"https:\/\/doglife.be\/de\/wp-json\/wp\/v2\/product_cat?post=10274"},{"taxonomy":"product_tag","embeddable":true,"href":"https:\/\/doglife.be\/de\/wp-json\/wp\/v2\/product_tag?post=10274"}],"curies":[{"name":"wp","href":"https:\/\/api.w.org\/{rel}","templated":true}]}}