{"id":10664,"date":"2025-03-14T10:06:03","date_gmt":"2025-03-14T09:06:03","guid":{"rendered":"https:\/\/doglife.be\/?post_type=product&#038;p=10664"},"modified":"2026-03-23T14:37:54","modified_gmt":"2026-03-23T13:37:54","slug":"farmka-cat-met-spieren","status":"publish","type":"product","link":"https:\/\/doglife.be\/de\/produkt\/farmka-cat-met-spieren\/","title":{"rendered":"FARMKA CAT met spieren 400gr &#8211; 800gr"},"content":{"rendered":"<div class=\"elementor-element elementor-element-586fa40 elementor-show-heading-yes elementor-widget elementor-widget-woocommerce-product-additional-information\" data-id=\"586fa40\" data-element_type=\"widget\" data-widget_type=\"woocommerce-product-additional-information.default\" style=\"--flex-direction: initial;--flex-wrap: initial;--justify-content: initial;--align-items: initial;--align-content: initial;--gap: initial;--flex-basis: initial;--flex-grow: initial;--flex-shrink: initial;--order: initial;--align-self: initial;align-self: var(--align-self);flex-basis: var(--flex-basis);flex-grow: var(--flex-grow);flex-shrink: var(--flex-shrink);align-content: var(--align-content);align-items: var(--align-items);flex-direction: var(--flex-direction);flex-wrap: var(--flex-wrap);gap: var(--row-gap) var(--column-gap);justify-content: var(--justify-content);position: relative;--widgets-spacing: 20px 20px;--widgets-spacing-row: 20px;--widgets-spacing-column: 20px;--swiper-theme-color: #000;--swiper-navigation-size: 44px;--swiper-pagination-bullet-size: 6px;--swiper-pagination-bullet-horizontal-gap: 6px;width: 1030px;margin-bottom: var(--kit-widget-spacing,20px);margin-block-end: 20px;font-family: Lato, sans-serif;font-size: 16px\">\n<div class=\"elementor-widget-container\" style=\"padding: 0px\">\n<h2 class=\"h2\" style=\"margin-right: 0px;margin-bottom: 1.875rem;margin-left: 0px;font-weight: 700;line-height: 1.1875;padding: 0px;text-transform: uppercase;font-family: Anton, Helvetica, Arial, sans-serif;letter-spacing: 0.5px\"><font style=\"vertical-align: inherit\">FARMKA KAT met spiervlees 400g<\/font><\/h2>\n<div class=\"text text--1 color__brand--2\" style=\"line-height: 1.5;margin-bottom: 1.875rem;font-family: Roboto, Helvetica, Arial, sans-serif\">\n<p><span style=\"font-size: 11pt\"><span style=\"line-height: 15.6933px\"><span style=\"font-family: Calibri, sans-serif\"><span style=\"font-size: 12pt\"><span style=\"line-height: 17.12px\">Spieren bevatten veel essenti\u00eble aminozuren, ijzer en vitamine B2. Het bevat ook eiwitten, die de spiergroei bevorderen. Het ondersteunt de kauwspieren en is uitstekend voor de conditie en vacht.<\/span><\/span><\/span><\/span><\/span><\/p>\n<p><span style=\"font-size: 11pt\"><span style=\"line-height: 15.6933px\"><span style=\"font-family: Calibri, sans-serif\"><span style=\"font-size: 12pt\"><span style=\"line-height: 17.12px\">In \u00e9\u00e9n blik vindt u een uitgebalanceerde verhouding van vitaminen, mineralen en waardevolle stoffen, dankzij de combinatie van vlees en orgaanvlees.<\/span><\/span><\/span><\/span><\/span><\/p>\n<p><span style=\"font-size: 11pt\"><span style=\"line-height: 15.6933px\"><span style=\"font-family: Calibri, sans-serif\"><span style=\"font-size: 12pt\"><span style=\"line-height: 17.12px\">De voeding van een kat moet evenwichtig zijn. Daarom is het ideaal om vlees te combineren met orgaanvlees, dat belangrijke vitaminen en stoffen bevat.<\/span><\/span><\/span><\/span><\/span><\/p>\n<p style=\"margin-bottom: 11px\"><span style=\"font-size: 11pt\"><span style=\"line-height: 15.6933px\"><span style=\"font-family: Calibri, sans-serif\"><span style=\"font-size: 12pt\"><span style=\"line-height: 17.12px\">FARMKA CAT is niet alleen geschikt voor katten van alle leeftijden en rassen, maar ook voor stressvolle, drachtige en zogende dieren of voor dieren met spijsverterings- en gewichtsproblemen.<\/span><\/span><\/span><\/span><\/span><\/p>\n<p><span style=\"font-size: 11pt\"><span style=\"line-height: 15.6933px\"><span style=\"font-family: Calibri, sans-serif\"><span style=\"font-size: 12pt\"><span style=\"line-height: 17.12px\">Al onze producten zijn natuurlijk en bevatten geen kleurstoffen, smaakstoffen, conserveringsmiddelen, chemicali\u00ebn, granen, rijst of soja. De recepten zijn samengesteld door dierenarts en oprichter MVDr. Ji\u0159\u00ed Sokol.<\/span><\/span><\/span><\/span><\/span><\/p>\n<p><span style=\"font-size: 11pt\"><span style=\"line-height: 15.6933px\"><span style=\"font-family: Calibri, sans-serif\">FALCO blikvoer heeft een houdbaarheid van 3 jaar. Bovendien zijn ze voorzien van een transparant plastic deksel dat het vlees in blik vers houdt en voorkomt dat er nare geurtjes in de koelkast ontstaan. Je kunt het ongeveer 7 dagen in de koelkast bewaren, of zo lang als je wilt.<\/span><\/span><\/span><\/p>\n<p><span style=\"font-size: 11pt\"><span style=\"line-height: 15.6933px\"><span style=\"font-family: Calibri, sans-serif\"><b>Ingredi\u00ebnten:<\/b> rundvlees, varkensvlees, bijproducten &#8211; runderorgaanvlees, spier 30%.<\/span><\/span><\/span><\/p>\n<p><span style=\"font-size: 11pt\"><span style=\"line-height: 15.6933px\"><span style=\"font-family: Calibri, sans-serif\"><b>Analytische bestanddelen:<\/b> ruw eiwit 16%, ruw vet 11%, ruwe celstof 0,5%, ruwe as 2,5%, vocht 70%, hoog natuurlijk gehalte aan vitamines (A, E, D) en aminozuren (lysine, methionine, cystine)<\/span><\/span><\/span><\/p>\n<\/div>\n<\/div>\n<\/div>\n","protected":false},"excerpt":{"rendered":"<p>De voeding van een kat moet evenwichtig zijn. Daarom is het ideaal om vlees te combineren met orgaanvlees, dat belangrijke vitaminen en stoffen bevat.<\/p>\n","protected":false},"featured_media":10770,"template":"","meta":[],"product_brand":[71],"product_cat":[316,317],"product_tag":[434,500,401,499],"class_list":{"0":"post-10664","1":"product","2":"type-product","3":"status-publish","4":"has-post-thumbnail","6":"product_brand-sokol-falco4","7":"product_cat-100vlees-stukjes-katten_87","8":"product_cat-100vlees-stukjes-met-gemalen-katten_89","9":"product_tag-falco","10":"product_tag-hond","11":"product_tag-rund","12":"product_tag-varken","14":"first","15":"instock","16":"taxable","17":"shipping-taxable","18":"purchasable","19":"product-type-variable"},"yoast_head":"<!-- This site is optimized with the Yoast SEO plugin v27.2 - https:\/\/yoast.com\/product\/yoast-seo-wordpress\/ -->\n<title>FARMKA CAT met spieren 400gr - 800gr - Doglife<\/title>\n<meta name=\"robots\" content=\"index, follow, max-snippet:-1, max-image-preview:large, max-video-preview:-1\" \/>\n<link rel=\"canonical\" href=\"https:\/\/doglife.be\/de\/produkt\/farmka-cat-met-spieren\/\" \/>\n<meta property=\"og:locale\" content=\"de_DE\" \/>\n<meta property=\"og:type\" content=\"article\" \/>\n<meta property=\"og:title\" content=\"FARMKA CAT met spieren 400gr - 800gr - Doglife\" \/>\n<meta property=\"og:description\" content=\"De voeding van een kat moet evenwichtig zijn. Daarom is het ideaal om vlees te combineren met orgaanvlees, dat belangrijke vitaminen en stoffen bevat.\" \/>\n<meta property=\"og:url\" content=\"https:\/\/doglife.be\/de\/produkt\/farmka-cat-met-spieren\/\" \/>\n<meta property=\"og:site_name\" content=\"Doglife\" \/>\n<meta property=\"article:publisher\" content=\"https:\/\/www.facebook.com\/DoglifeBenelux\" \/>\n<meta property=\"article:modified_time\" content=\"2026-03-23T13:37:54+00:00\" \/>\n<meta property=\"og:image\" content=\"https:\/\/doglife.be\/wp-content\/uploads\/2025\/03\/FARMKA-CAT-spieren-800G.jpg\" \/>\n\t<meta property=\"og:image:width\" content=\"2042\" \/>\n\t<meta property=\"og:image:height\" content=\"2042\" \/>\n\t<meta property=\"og:image:type\" content=\"image\/jpeg\" \/>\n<meta name=\"twitter:card\" content=\"summary_large_image\" \/>\n<meta name=\"twitter:label1\" content=\"Gesch\u00e4tzte Lesezeit\" \/>\n\t<meta name=\"twitter:data1\" content=\"1\u00a0Minute\" \/>\n<script type=\"application\/ld+json\" class=\"yoast-schema-graph\">{\"@context\":\"https:\/\/schema.org\",\"@graph\":[{\"@type\":\"WebPage\",\"@id\":\"https:\/\/doglife.be\/de\/produkt\/farmka-cat-met-spieren\/\",\"url\":\"https:\/\/doglife.be\/de\/produkt\/farmka-cat-met-spieren\/\",\"name\":\"FARMKA CAT met spieren 400gr - 800gr - Doglife\",\"isPartOf\":{\"@id\":\"https:\/\/doglife.be\/de\/#website\"},\"primaryImageOfPage\":{\"@id\":\"https:\/\/doglife.be\/de\/produkt\/farmka-cat-met-spieren\/#primaryimage\"},\"image\":{\"@id\":\"https:\/\/doglife.be\/de\/produkt\/farmka-cat-met-spieren\/#primaryimage\"},\"thumbnailUrl\":\"https:\/\/doglife.be\/wp-content\/uploads\/2025\/03\/FARMKA-CAT-spieren-800G.jpg\",\"datePublished\":\"2025-03-14T09:06:03+00:00\",\"dateModified\":\"2026-03-23T13:37:54+00:00\",\"breadcrumb\":{\"@id\":\"https:\/\/doglife.be\/de\/produkt\/farmka-cat-met-spieren\/#breadcrumb\"},\"inLanguage\":\"de\",\"potentialAction\":[{\"@type\":\"ReadAction\",\"target\":[\"https:\/\/doglife.be\/de\/produkt\/farmka-cat-met-spieren\/\"]}]},{\"@type\":\"ImageObject\",\"inLanguage\":\"de\",\"@id\":\"https:\/\/doglife.be\/de\/produkt\/farmka-cat-met-spieren\/#primaryimage\",\"url\":\"https:\/\/doglife.be\/wp-content\/uploads\/2025\/03\/FARMKA-CAT-spieren-800G.jpg\",\"contentUrl\":\"https:\/\/doglife.be\/wp-content\/uploads\/2025\/03\/FARMKA-CAT-spieren-800G.jpg\",\"width\":2042,\"height\":2042},{\"@type\":\"BreadcrumbList\",\"@id\":\"https:\/\/doglife.be\/de\/produkt\/farmka-cat-met-spieren\/#breadcrumb\",\"itemListElement\":[{\"@type\":\"ListItem\",\"position\":1,\"name\":\"Home\",\"item\":\"https:\/\/doglife.be\/de\/\"},{\"@type\":\"ListItem\",\"position\":2,\"name\":\"Shop\",\"item\":\"https:\/\/doglife.be\/de\/shop\/\"},{\"@type\":\"ListItem\",\"position\":3,\"name\":\"FARMKA CAT met spieren 400gr &#8211; 800gr\"}]},{\"@type\":\"WebSite\",\"@id\":\"https:\/\/doglife.be\/de\/#website\",\"url\":\"https:\/\/doglife.be\/de\/\",\"name\":\"Doglife\",\"description\":\"\",\"publisher\":{\"@id\":\"https:\/\/doglife.be\/de\/#organization\"},\"potentialAction\":[{\"@type\":\"SearchAction\",\"target\":{\"@type\":\"EntryPoint\",\"urlTemplate\":\"https:\/\/doglife.be\/de\/?s={search_term_string}\"},\"query-input\":{\"@type\":\"PropertyValueSpecification\",\"valueRequired\":true,\"valueName\":\"search_term_string\"}}],\"inLanguage\":\"de\"},{\"@type\":\"Organization\",\"@id\":\"https:\/\/doglife.be\/de\/#organization\",\"name\":\"Doglife\",\"url\":\"https:\/\/doglife.be\/de\/\",\"logo\":{\"@type\":\"ImageObject\",\"inLanguage\":\"de\",\"@id\":\"https:\/\/doglife.be\/de\/#\/schema\/logo\/image\/\",\"url\":\"https:\/\/doglife.be\/wp-content\/uploads\/2022\/07\/logo-doglife-white.webp\",\"contentUrl\":\"https:\/\/doglife.be\/wp-content\/uploads\/2022\/07\/logo-doglife-white.webp\",\"width\":137,\"height\":136,\"caption\":\"Doglife\"},\"image\":{\"@id\":\"https:\/\/doglife.be\/de\/#\/schema\/logo\/image\/\"},\"sameAs\":[\"https:\/\/www.facebook.com\/DoglifeBenelux\"]}]}<\/script>\n<!-- \/ Yoast SEO plugin. -->","yoast_head_json":{"title":"FARMKA CAT met spieren 400gr - 800gr - Doglife","robots":{"index":"index","follow":"follow","max-snippet":"max-snippet:-1","max-image-preview":"max-image-preview:large","max-video-preview":"max-video-preview:-1"},"canonical":"https:\/\/doglife.be\/de\/produkt\/farmka-cat-met-spieren\/","og_locale":"de_DE","og_type":"article","og_title":"FARMKA CAT met spieren 400gr - 800gr - Doglife","og_description":"De voeding van een kat moet evenwichtig zijn. Daarom is het ideaal om vlees te combineren met orgaanvlees, dat belangrijke vitaminen en stoffen bevat.","og_url":"https:\/\/doglife.be\/de\/produkt\/farmka-cat-met-spieren\/","og_site_name":"Doglife","article_publisher":"https:\/\/www.facebook.com\/DoglifeBenelux","article_modified_time":"2026-03-23T13:37:54+00:00","og_image":[{"width":2042,"height":2042,"url":"https:\/\/doglife.be\/wp-content\/uploads\/2025\/03\/FARMKA-CAT-spieren-800G.jpg","type":"image\/jpeg"}],"twitter_card":"summary_large_image","twitter_misc":{"Gesch\u00e4tzte Lesezeit":"1\u00a0Minute"},"schema":{"@context":"https:\/\/schema.org","@graph":[{"@type":"WebPage","@id":"https:\/\/doglife.be\/de\/produkt\/farmka-cat-met-spieren\/","url":"https:\/\/doglife.be\/de\/produkt\/farmka-cat-met-spieren\/","name":"FARMKA CAT met spieren 400gr - 800gr - Doglife","isPartOf":{"@id":"https:\/\/doglife.be\/de\/#website"},"primaryImageOfPage":{"@id":"https:\/\/doglife.be\/de\/produkt\/farmka-cat-met-spieren\/#primaryimage"},"image":{"@id":"https:\/\/doglife.be\/de\/produkt\/farmka-cat-met-spieren\/#primaryimage"},"thumbnailUrl":"https:\/\/doglife.be\/wp-content\/uploads\/2025\/03\/FARMKA-CAT-spieren-800G.jpg","datePublished":"2025-03-14T09:06:03+00:00","dateModified":"2026-03-23T13:37:54+00:00","breadcrumb":{"@id":"https:\/\/doglife.be\/de\/produkt\/farmka-cat-met-spieren\/#breadcrumb"},"inLanguage":"de","potentialAction":[{"@type":"ReadAction","target":["https:\/\/doglife.be\/de\/produkt\/farmka-cat-met-spieren\/"]}]},{"@type":"ImageObject","inLanguage":"de","@id":"https:\/\/doglife.be\/de\/produkt\/farmka-cat-met-spieren\/#primaryimage","url":"https:\/\/doglife.be\/wp-content\/uploads\/2025\/03\/FARMKA-CAT-spieren-800G.jpg","contentUrl":"https:\/\/doglife.be\/wp-content\/uploads\/2025\/03\/FARMKA-CAT-spieren-800G.jpg","width":2042,"height":2042},{"@type":"BreadcrumbList","@id":"https:\/\/doglife.be\/de\/produkt\/farmka-cat-met-spieren\/#breadcrumb","itemListElement":[{"@type":"ListItem","position":1,"name":"Home","item":"https:\/\/doglife.be\/de\/"},{"@type":"ListItem","position":2,"name":"Shop","item":"https:\/\/doglife.be\/de\/shop\/"},{"@type":"ListItem","position":3,"name":"FARMKA CAT met spieren 400gr &#8211; 800gr"}]},{"@type":"WebSite","@id":"https:\/\/doglife.be\/de\/#website","url":"https:\/\/doglife.be\/de\/","name":"Doglife","description":"","publisher":{"@id":"https:\/\/doglife.be\/de\/#organization"},"potentialAction":[{"@type":"SearchAction","target":{"@type":"EntryPoint","urlTemplate":"https:\/\/doglife.be\/de\/?s={search_term_string}"},"query-input":{"@type":"PropertyValueSpecification","valueRequired":true,"valueName":"search_term_string"}}],"inLanguage":"de"},{"@type":"Organization","@id":"https:\/\/doglife.be\/de\/#organization","name":"Doglife","url":"https:\/\/doglife.be\/de\/","logo":{"@type":"ImageObject","inLanguage":"de","@id":"https:\/\/doglife.be\/de\/#\/schema\/logo\/image\/","url":"https:\/\/doglife.be\/wp-content\/uploads\/2022\/07\/logo-doglife-white.webp","contentUrl":"https:\/\/doglife.be\/wp-content\/uploads\/2022\/07\/logo-doglife-white.webp","width":137,"height":136,"caption":"Doglife"},"image":{"@id":"https:\/\/doglife.be\/de\/#\/schema\/logo\/image\/"},"sameAs":["https:\/\/www.facebook.com\/DoglifeBenelux"]}]}},"_links":{"self":[{"href":"https:\/\/doglife.be\/de\/wp-json\/wp\/v2\/product\/10664","targetHints":{"allow":["GET"]}}],"collection":[{"href":"https:\/\/doglife.be\/de\/wp-json\/wp\/v2\/product"}],"about":[{"href":"https:\/\/doglife.be\/de\/wp-json\/wp\/v2\/types\/product"}],"wp:featuredmedia":[{"embeddable":true,"href":"https:\/\/doglife.be\/de\/wp-json\/wp\/v2\/media\/10770"}],"wp:attachment":[{"href":"https:\/\/doglife.be\/de\/wp-json\/wp\/v2\/media?parent=10664"}],"wp:term":[{"taxonomy":"product_brand","embeddable":true,"href":"https:\/\/doglife.be\/de\/wp-json\/wp\/v2\/product_brand?post=10664"},{"taxonomy":"product_cat","embeddable":true,"href":"https:\/\/doglife.be\/de\/wp-json\/wp\/v2\/product_cat?post=10664"},{"taxonomy":"product_tag","embeddable":true,"href":"https:\/\/doglife.be\/de\/wp-json\/wp\/v2\/product_tag?post=10664"}],"curies":[{"name":"wp","href":"https:\/\/api.w.org\/{rel}","templated":true}]}}