{"id":11123,"date":"2025-03-14T10:11:10","date_gmt":"2025-03-14T09:11:10","guid":{"rendered":"https:\/\/doglife.be\/?post_type=product&#038;p=11123"},"modified":"2026-02-23T15:52:21","modified_gmt":"2026-02-23T14:52:21","slug":"good-wood-medium-200g","status":"publish","type":"product","link":"https:\/\/doglife.be\/de\/produkt\/good-wood-medium-200g\/","title":{"rendered":"Good Wood Medium"},"content":{"rendered":"<p><span style=\"font-weight: bolder\">ENKELE VOORDELEN VAN WOODGOOD<\/span><\/p>\n<p><\/p>\n<p>\u200b\u2022 Vrij van: Cafe\u00efne, dierlijke sporen, kunstmatige ingredi\u00ebnten en additieven.<\/p>\n<p>\u2022 Geschikt voor honden met overgewicht\u00a0en honden met allergie\u00ebn.<\/p>\n<p>\u2022 GoodWood schilfert af en laat kleine houtvezels los,\u00a0dus u hoeft zich geen zorgen te maken dat ze de spijsvertering van uw hond verstoren of verstikking veroorzaken.<\/p>\n<p>\u2022 GoodWood zal zeer waarschijnlijk niet splinteren, maar we raden u altijd aan om toezicht te houden op uw hond wanneer u hem\u00a0EEN traktatie of kauwsnack geeft<\/p>\n<p>\u2022 100% natuurlijk en onbehandeld hout.<\/p>\n<p><\/p>\n<p>Langdurig vermaak voor onze viervoeters. GoodWood is erg hard, maar beloont uw hond met een gevoel van prestatie en de draagbare vorm zorgt ervoor dat uw hond het overal mee naartoe kan nemen.<\/p>\n","protected":false},"excerpt":{"rendered":"<p>Kauwbare snack \u2013 goodWood goodWood is een langdurig kauwbaar koffiehout dat uw hond keer op keer stimuleert om te kauwen. Kauwen geeft een natuurlijke tandverzorging, vermindert tandplak en voorkomt tandvleesaandoeningen. goodWood is 100% natuurlijk en bevat NUL calorie\u00ebn en is VRIJ van cafe\u00efne en kunstmatige ingredi\u00ebnten. GoodWood is erg hard, maar beloont uw hond met een gevoel van prestatie en dankzij de draagbare vorm kan uw hond het overal mee naartoe nemen. Koffieboomhout is een dichtkorrelige houtsoort, handgemaakt en geproduceerd uit een duurzame houtbron.   <\/p>\n","protected":false},"featured_media":24472,"template":"","meta":[],"product_brand":[641],"product_cat":[335,332],"product_tag":[357,362],"class_list":{"0":"post-11123","1":"product","2":"type-product","3":"status-publish","4":"has-post-thumbnail","6":"product_brand-pets-up-21","7":"product_cat-andere_228","8":"product_cat-kauwen_140","9":"product_tag-honden","10":"product_tag-snoepjes","12":"first","13":"instock","14":"taxable","15":"shipping-taxable","16":"purchasable","17":"product-type-simple"},"yoast_head":"<!-- This site is optimized with the Yoast SEO plugin v27.2 - https:\/\/yoast.com\/product\/yoast-seo-wordpress\/ -->\n<title>Good Wood Medium - Doglife<\/title>\n<meta name=\"robots\" content=\"index, follow, max-snippet:-1, max-image-preview:large, max-video-preview:-1\" \/>\n<link rel=\"canonical\" href=\"https:\/\/doglife.be\/de\/produkt\/good-wood-medium-200g\/\" \/>\n<meta property=\"og:locale\" content=\"de_DE\" \/>\n<meta property=\"og:type\" content=\"article\" \/>\n<meta property=\"og:title\" content=\"Good Wood Medium - Doglife\" \/>\n<meta property=\"og:description\" content=\"Kauwbare snack \u2013 goodWood goodWood is een langdurig kauwbaar koffiehout dat uw hond keer op keer stimuleert om te kauwen. Kauwen geeft een natuurlijke tandverzorging, vermindert tandplak en voorkomt tandvleesaandoeningen. goodWood is 100% natuurlijk en bevat NUL calorie\u00ebn en is VRIJ van cafe\u00efne en kunstmatige ingredi\u00ebnten. GoodWood is erg hard, maar beloont uw hond met een gevoel van prestatie en dankzij de draagbare vorm kan uw hond het overal mee naartoe nemen. Koffieboomhout is een dichtkorrelige houtsoort, handgemaakt en geproduceerd uit een duurzame houtbron.\" \/>\n<meta property=\"og:url\" content=\"https:\/\/doglife.be\/de\/produkt\/good-wood-medium-200g\/\" \/>\n<meta property=\"og:site_name\" content=\"Doglife\" \/>\n<meta property=\"article:publisher\" content=\"https:\/\/www.facebook.com\/DoglifeBenelux\" \/>\n<meta property=\"article:modified_time\" content=\"2026-02-23T14:52:21+00:00\" \/>\n<meta property=\"og:image\" content=\"https:\/\/doglife.be\/wp-content\/uploads\/2025\/04\/good_wood_medium_5530.jpg\" \/>\n\t<meta property=\"og:image:width\" content=\"1080\" \/>\n\t<meta property=\"og:image:height\" content=\"1080\" \/>\n\t<meta property=\"og:image:type\" content=\"image\/jpeg\" \/>\n<meta name=\"twitter:card\" content=\"summary_large_image\" \/>\n<meta name=\"twitter:label1\" content=\"Gesch\u00e4tzte Lesezeit\" \/>\n\t<meta name=\"twitter:data1\" content=\"1\u00a0Minute\" \/>\n<script type=\"application\/ld+json\" class=\"yoast-schema-graph\">{\"@context\":\"https:\/\/schema.org\",\"@graph\":[{\"@type\":\"WebPage\",\"@id\":\"https:\/\/doglife.be\/de\/produkt\/good-wood-medium-200g\/\",\"url\":\"https:\/\/doglife.be\/de\/produkt\/good-wood-medium-200g\/\",\"name\":\"Good Wood Medium - Doglife\",\"isPartOf\":{\"@id\":\"https:\/\/doglife.be\/de\/#website\"},\"primaryImageOfPage\":{\"@id\":\"https:\/\/doglife.be\/de\/produkt\/good-wood-medium-200g\/#primaryimage\"},\"image\":{\"@id\":\"https:\/\/doglife.be\/de\/produkt\/good-wood-medium-200g\/#primaryimage\"},\"thumbnailUrl\":\"https:\/\/doglife.be\/wp-content\/uploads\/2025\/04\/good_wood_medium_5530.jpg\",\"datePublished\":\"2025-03-14T09:11:10+00:00\",\"dateModified\":\"2026-02-23T14:52:21+00:00\",\"breadcrumb\":{\"@id\":\"https:\/\/doglife.be\/de\/produkt\/good-wood-medium-200g\/#breadcrumb\"},\"inLanguage\":\"de\",\"potentialAction\":[{\"@type\":\"ReadAction\",\"target\":[\"https:\/\/doglife.be\/de\/produkt\/good-wood-medium-200g\/\"]}]},{\"@type\":\"ImageObject\",\"inLanguage\":\"de\",\"@id\":\"https:\/\/doglife.be\/de\/produkt\/good-wood-medium-200g\/#primaryimage\",\"url\":\"https:\/\/doglife.be\/wp-content\/uploads\/2025\/04\/good_wood_medium_5530.jpg\",\"contentUrl\":\"https:\/\/doglife.be\/wp-content\/uploads\/2025\/04\/good_wood_medium_5530.jpg\",\"width\":1080,\"height\":1080,\"caption\":\"Good Wood Medium\"},{\"@type\":\"BreadcrumbList\",\"@id\":\"https:\/\/doglife.be\/de\/produkt\/good-wood-medium-200g\/#breadcrumb\",\"itemListElement\":[{\"@type\":\"ListItem\",\"position\":1,\"name\":\"Home\",\"item\":\"https:\/\/doglife.be\/de\/\"},{\"@type\":\"ListItem\",\"position\":2,\"name\":\"Shop\",\"item\":\"https:\/\/doglife.be\/de\/shop\/\"},{\"@type\":\"ListItem\",\"position\":3,\"name\":\"Good Wood Medium\"}]},{\"@type\":\"WebSite\",\"@id\":\"https:\/\/doglife.be\/de\/#website\",\"url\":\"https:\/\/doglife.be\/de\/\",\"name\":\"Doglife\",\"description\":\"\",\"publisher\":{\"@id\":\"https:\/\/doglife.be\/de\/#organization\"},\"potentialAction\":[{\"@type\":\"SearchAction\",\"target\":{\"@type\":\"EntryPoint\",\"urlTemplate\":\"https:\/\/doglife.be\/de\/?s={search_term_string}\"},\"query-input\":{\"@type\":\"PropertyValueSpecification\",\"valueRequired\":true,\"valueName\":\"search_term_string\"}}],\"inLanguage\":\"de\"},{\"@type\":\"Organization\",\"@id\":\"https:\/\/doglife.be\/de\/#organization\",\"name\":\"Doglife\",\"url\":\"https:\/\/doglife.be\/de\/\",\"logo\":{\"@type\":\"ImageObject\",\"inLanguage\":\"de\",\"@id\":\"https:\/\/doglife.be\/de\/#\/schema\/logo\/image\/\",\"url\":\"https:\/\/doglife.be\/wp-content\/uploads\/2022\/07\/logo-doglife-white.webp\",\"contentUrl\":\"https:\/\/doglife.be\/wp-content\/uploads\/2022\/07\/logo-doglife-white.webp\",\"width\":137,\"height\":136,\"caption\":\"Doglife\"},\"image\":{\"@id\":\"https:\/\/doglife.be\/de\/#\/schema\/logo\/image\/\"},\"sameAs\":[\"https:\/\/www.facebook.com\/DoglifeBenelux\"]}]}<\/script>\n<!-- \/ Yoast SEO plugin. -->","yoast_head_json":{"title":"Good Wood Medium - Doglife","robots":{"index":"index","follow":"follow","max-snippet":"max-snippet:-1","max-image-preview":"max-image-preview:large","max-video-preview":"max-video-preview:-1"},"canonical":"https:\/\/doglife.be\/de\/produkt\/good-wood-medium-200g\/","og_locale":"de_DE","og_type":"article","og_title":"Good Wood Medium - Doglife","og_description":"Kauwbare snack \u2013 goodWood goodWood is een langdurig kauwbaar koffiehout dat uw hond keer op keer stimuleert om te kauwen. Kauwen geeft een natuurlijke tandverzorging, vermindert tandplak en voorkomt tandvleesaandoeningen. goodWood is 100% natuurlijk en bevat NUL calorie\u00ebn en is VRIJ van cafe\u00efne en kunstmatige ingredi\u00ebnten. GoodWood is erg hard, maar beloont uw hond met een gevoel van prestatie en dankzij de draagbare vorm kan uw hond het overal mee naartoe nemen. Koffieboomhout is een dichtkorrelige houtsoort, handgemaakt en geproduceerd uit een duurzame houtbron.","og_url":"https:\/\/doglife.be\/de\/produkt\/good-wood-medium-200g\/","og_site_name":"Doglife","article_publisher":"https:\/\/www.facebook.com\/DoglifeBenelux","article_modified_time":"2026-02-23T14:52:21+00:00","og_image":[{"width":1080,"height":1080,"url":"https:\/\/doglife.be\/wp-content\/uploads\/2025\/04\/good_wood_medium_5530.jpg","type":"image\/jpeg"}],"twitter_card":"summary_large_image","twitter_misc":{"Gesch\u00e4tzte Lesezeit":"1\u00a0Minute"},"schema":{"@context":"https:\/\/schema.org","@graph":[{"@type":"WebPage","@id":"https:\/\/doglife.be\/de\/produkt\/good-wood-medium-200g\/","url":"https:\/\/doglife.be\/de\/produkt\/good-wood-medium-200g\/","name":"Good Wood Medium - Doglife","isPartOf":{"@id":"https:\/\/doglife.be\/de\/#website"},"primaryImageOfPage":{"@id":"https:\/\/doglife.be\/de\/produkt\/good-wood-medium-200g\/#primaryimage"},"image":{"@id":"https:\/\/doglife.be\/de\/produkt\/good-wood-medium-200g\/#primaryimage"},"thumbnailUrl":"https:\/\/doglife.be\/wp-content\/uploads\/2025\/04\/good_wood_medium_5530.jpg","datePublished":"2025-03-14T09:11:10+00:00","dateModified":"2026-02-23T14:52:21+00:00","breadcrumb":{"@id":"https:\/\/doglife.be\/de\/produkt\/good-wood-medium-200g\/#breadcrumb"},"inLanguage":"de","potentialAction":[{"@type":"ReadAction","target":["https:\/\/doglife.be\/de\/produkt\/good-wood-medium-200g\/"]}]},{"@type":"ImageObject","inLanguage":"de","@id":"https:\/\/doglife.be\/de\/produkt\/good-wood-medium-200g\/#primaryimage","url":"https:\/\/doglife.be\/wp-content\/uploads\/2025\/04\/good_wood_medium_5530.jpg","contentUrl":"https:\/\/doglife.be\/wp-content\/uploads\/2025\/04\/good_wood_medium_5530.jpg","width":1080,"height":1080,"caption":"Good Wood Medium"},{"@type":"BreadcrumbList","@id":"https:\/\/doglife.be\/de\/produkt\/good-wood-medium-200g\/#breadcrumb","itemListElement":[{"@type":"ListItem","position":1,"name":"Home","item":"https:\/\/doglife.be\/de\/"},{"@type":"ListItem","position":2,"name":"Shop","item":"https:\/\/doglife.be\/de\/shop\/"},{"@type":"ListItem","position":3,"name":"Good Wood Medium"}]},{"@type":"WebSite","@id":"https:\/\/doglife.be\/de\/#website","url":"https:\/\/doglife.be\/de\/","name":"Doglife","description":"","publisher":{"@id":"https:\/\/doglife.be\/de\/#organization"},"potentialAction":[{"@type":"SearchAction","target":{"@type":"EntryPoint","urlTemplate":"https:\/\/doglife.be\/de\/?s={search_term_string}"},"query-input":{"@type":"PropertyValueSpecification","valueRequired":true,"valueName":"search_term_string"}}],"inLanguage":"de"},{"@type":"Organization","@id":"https:\/\/doglife.be\/de\/#organization","name":"Doglife","url":"https:\/\/doglife.be\/de\/","logo":{"@type":"ImageObject","inLanguage":"de","@id":"https:\/\/doglife.be\/de\/#\/schema\/logo\/image\/","url":"https:\/\/doglife.be\/wp-content\/uploads\/2022\/07\/logo-doglife-white.webp","contentUrl":"https:\/\/doglife.be\/wp-content\/uploads\/2022\/07\/logo-doglife-white.webp","width":137,"height":136,"caption":"Doglife"},"image":{"@id":"https:\/\/doglife.be\/de\/#\/schema\/logo\/image\/"},"sameAs":["https:\/\/www.facebook.com\/DoglifeBenelux"]}]}},"_links":{"self":[{"href":"https:\/\/doglife.be\/de\/wp-json\/wp\/v2\/product\/11123","targetHints":{"allow":["GET"]}}],"collection":[{"href":"https:\/\/doglife.be\/de\/wp-json\/wp\/v2\/product"}],"about":[{"href":"https:\/\/doglife.be\/de\/wp-json\/wp\/v2\/types\/product"}],"wp:featuredmedia":[{"embeddable":true,"href":"https:\/\/doglife.be\/de\/wp-json\/wp\/v2\/media\/24472"}],"wp:attachment":[{"href":"https:\/\/doglife.be\/de\/wp-json\/wp\/v2\/media?parent=11123"}],"wp:term":[{"taxonomy":"product_brand","embeddable":true,"href":"https:\/\/doglife.be\/de\/wp-json\/wp\/v2\/product_brand?post=11123"},{"taxonomy":"product_cat","embeddable":true,"href":"https:\/\/doglife.be\/de\/wp-json\/wp\/v2\/product_cat?post=11123"},{"taxonomy":"product_tag","embeddable":true,"href":"https:\/\/doglife.be\/de\/wp-json\/wp\/v2\/product_tag?post=11123"}],"curies":[{"name":"wp","href":"https:\/\/api.w.org\/{rel}","templated":true}]}}