{"id":8764,"date":"2025-03-14T09:49:29","date_gmt":"2025-03-14T08:49:29","guid":{"rendered":"https:\/\/doglife.be\/?post_type=product&#038;p=8764"},"modified":"2026-04-07T12:06:08","modified_gmt":"2026-04-07T11:06:08","slug":"falco-tim-1200g-vis","status":"publish","type":"product","link":"https:\/\/doglife.be\/de\/produkt\/falco-tim-1200g-vis\/","title":{"rendered":"Falco TIM 1200g vis"},"content":{"rendered":"<h2 class=\"h2\" style=\"margin-right: 0px;margin-bottom: 1.875rem;margin-left: 0px;font-family: Anton, Helvetica, Arial, sans-serif;font-weight: 700;line-height: 1.1875;padding: 0px;text-transform: uppercase;letter-spacing: 0.5px\"><font style=\"vertical-align: inherit\">TIM vis 1200g<\/font><\/h2>\n<div class=\"text text--1 color__brand--2\" style=\"font-size: 16px;line-height: 1.5;margin-bottom: 1.875rem;font-family: Roboto, Helvetica, Arial, sans-serif\">\n<p><span style=\"font-size: 11pt\"><span style=\"line-height: 15.6933px\"><span style=\"font-family: Calibri, sans-serif\"><span style=\"font-size: 12pt\"><span style=\"line-height: 17.12px\">Ingeblikt voedsel uit de Tim-lijn heeft een uitstekende voedingswaarde en bevat veel magnesium, wat de goede werking van spieren en zenuwen bevordert. Ook bevat het natrium en calcium, wat een positief effect heeft op de versterking van de botten en gewrichten. Alles is in zijn natuurlijke vorm.<\/span><\/span><\/span><\/span><\/span><\/p>\n<p><span style=\"font-size: 11pt\"><span style=\"line-height: 15.6933px\"><span style=\"font-family: Calibri, sans-serif\"><span style=\"font-size: 12pt\"><span style=\"line-height: 17.12px\">Het bevat rundvlees, dat rijk is aan essenti\u00eble aminozuren, ijzer en vitamine B2. Het bevat ook eiwitten, die de spiergroei bevorderen. Het ondersteunt de kauwspieren en is uitstekend voor de conditie en vacht.<\/span><\/span><\/span><\/span><\/span><\/p>\n<p><span style=\"font-size: 11pt\"><span style=\"line-height: 15.6933px\"><span style=\"font-family: Calibri, sans-serif\"><span style=\"font-size: 12pt\"><span style=\"line-height: 17.12px\">Vis is een van de beste natuurlijke bronnen van omega-3-vetzuren. Het bevat hoogwaardige eiwitten die een aantal belangrijke functies vervullen in het lichaam, zoals het helpen bij wondgenezing, het beschermen van gezonde botten, het hebben van een gunstig effect op de vacht en het behouden van spiermassa tijdens gewichtsverlies en veroudering.<\/span><\/span><\/span><\/span><\/span><\/p>\n<p><span style=\"font-size: 11pt\"><span style=\"line-height: 15.6933px\"><span style=\"font-family: Calibri, sans-serif\"><span style=\"font-weight: bolder\"><span style=\"font-size: 12pt\"><span style=\"line-height: 17.12px\">Ingeblikte botten zijn niet gevaarlijk; Dankzij de sterilisatie, die onder hoge druk en temperatuur plaatsvindt, zijn ze helemaal zacht en kunt u ze tussen uw vingers fijnmalen.<\/span><\/span><\/span><\/span><\/span><\/span><\/p>\n<p><span style=\"font-size: 11pt\"><span style=\"line-height: 15.6933px\"><span style=\"font-family: Calibri, sans-serif\"><span style=\"font-weight: bolder\"><span style=\"font-size: 12pt\"><span style=\"line-height: 17.12px\">Botten vormen een belangrijk onderdeel van het dieet van een huisdier. Ze bevatten belangrijke mineralen. Wanneer fokkers blikvoer met botten voeren, hoeven ze geen extra vitaminen met mineralen aan te schaffen.<\/span><\/span><\/span><\/span><\/span><\/span><\/p>\n<p><span style=\"font-size: 11pt\"><span style=\"line-height: 15.6933px\"><span style=\"font-family: Calibri, sans-serif\"><span style=\"font-size: 12pt\"><span style=\"line-height: 17.12px\">TIM blikvoer is geschikt voor alle leeftijden en alle rassen.<\/span><\/span><\/span><\/span><\/span><\/p>\n<p><span style=\"font-size: 11pt\"><span style=\"line-height: 15.6933px\"><span style=\"font-family: Calibri, sans-serif\"><span style=\"font-size: 12pt\"><span style=\"line-height: 17.12px\">Al onze producten zijn natuurlijk en bevatten geen kleurstoffen, smaakstoffen, conserveringsmiddelen, chemicali\u00ebn, granen, rijst of soja. De recepten zijn samengesteld door dierenarts en oprichter MVDr. Ji\u0159\u00ed Sokol.<\/span><\/span><\/span><\/span><\/span><\/p>\n<p><span style=\"font-size: 11pt\"><span style=\"line-height: 15.6933px\"><span style=\"font-family: Calibri, sans-serif\">FALCO blikvoer heeft een houdbaarheid van 3 jaar. Je kunt het ongeveer 7 dagen in de koelkast bewaren, of zo lang als je wilt.<\/span><\/span><\/span><\/p>\n<p><span style=\"font-size: 11pt\"><span style=\"line-height: 15.6933px\"><span style=\"font-family: Calibri, sans-serif\"><span style=\"font-weight: bolder\">Ingredi\u00ebnten:\u00a0<\/span>Vlees en dierlijke bijproducten (vis, kip, rundvlees en varkensafval)<\/span><\/span><\/span><\/p>\n<p><span style=\"font-size: 11pt\"><span style=\"line-height: 15.6933px\"><span style=\"font-family: Calibri, sans-serif\"><span style=\"font-weight: bolder\">Analytische bestanddelen:<\/span>\u00a0ruw eiwit 16%, ruw vet 11%, ruwe celstof 0,5%, ruwe as 2,5%, vocht 70%, hoog natuurlijk gehalte aan vitamines (A, E, D) en aminozuren (lysine, methionine, cystine)<\/span><\/span><\/span><\/p>\n<\/div>\n","protected":false},"excerpt":{"rendered":"<p>Vis is een van de beste natuurlijke bronnen van omega-3-vetzuren. Het bevat hoogwaardige eiwitten die een aantal belangrijke functies vervullen in het lichaam, zoals het helpen bij wondgenezing, het beschermen van gezonde botten, het hebben van een gunstig effect op de vacht en het behouden van spiermassa tijdens gewichtsverlies en veroudering.<\/p>\n","protected":false},"featured_media":8970,"template":"","meta":[],"product_brand":[71],"product_cat":[272],"product_tag":[434,451],"class_list":{"0":"post-8764","1":"product","2":"type-product","3":"status-publish","4":"has-post-thumbnail","6":"product_brand-sokol-falco4","7":"product_cat-100-vlees-gemalen_156","8":"product_tag-falco","9":"product_tag-vis","11":"first","12":"outofstock","13":"taxable","14":"shipping-taxable","15":"purchasable","16":"product-type-simple"},"yoast_head":"<!-- This site is optimized with the Yoast SEO plugin v27.2 - https:\/\/yoast.com\/product\/yoast-seo-wordpress\/ -->\n<title>Falco TIM 1200g vis - Doglife<\/title>\n<meta name=\"robots\" content=\"index, follow, max-snippet:-1, max-image-preview:large, max-video-preview:-1\" \/>\n<link rel=\"canonical\" href=\"https:\/\/doglife.be\/de\/produkt\/falco-tim-1200g-vis\/\" \/>\n<meta property=\"og:locale\" content=\"de_DE\" \/>\n<meta property=\"og:type\" content=\"article\" \/>\n<meta property=\"og:title\" content=\"Falco TIM 1200g vis - Doglife\" \/>\n<meta property=\"og:description\" content=\"Vis is een van de beste natuurlijke bronnen van omega-3-vetzuren. Het bevat hoogwaardige eiwitten die een aantal belangrijke functies vervullen in het lichaam, zoals het helpen bij wondgenezing, het beschermen van gezonde botten, het hebben van een gunstig effect op de vacht en het behouden van spiermassa tijdens gewichtsverlies en veroudering.\" \/>\n<meta property=\"og:url\" content=\"https:\/\/doglife.be\/de\/produkt\/falco-tim-1200g-vis\/\" \/>\n<meta property=\"og:site_name\" content=\"Doglife\" \/>\n<meta property=\"article:publisher\" content=\"https:\/\/www.facebook.com\/DoglifeBenelux\" \/>\n<meta property=\"article:modified_time\" content=\"2026-04-07T11:06:08+00:00\" \/>\n<meta property=\"og:image\" content=\"https:\/\/doglife.be\/wp-content\/uploads\/2025\/03\/1200-TIM-vis.png\" \/>\n\t<meta property=\"og:image:width\" content=\"1080\" \/>\n\t<meta property=\"og:image:height\" content=\"1080\" \/>\n\t<meta property=\"og:image:type\" content=\"image\/png\" \/>\n<meta name=\"twitter:card\" content=\"summary_large_image\" \/>\n<meta name=\"twitter:label1\" content=\"Gesch\u00e4tzte Lesezeit\" \/>\n\t<meta name=\"twitter:data1\" content=\"1\u00a0Minute\" \/>\n<script type=\"application\/ld+json\" class=\"yoast-schema-graph\">{\"@context\":\"https:\/\/schema.org\",\"@graph\":[{\"@type\":\"WebPage\",\"@id\":\"https:\/\/doglife.be\/de\/produkt\/falco-tim-1200g-vis\/\",\"url\":\"https:\/\/doglife.be\/de\/produkt\/falco-tim-1200g-vis\/\",\"name\":\"Falco TIM 1200g vis - Doglife\",\"isPartOf\":{\"@id\":\"https:\/\/doglife.be\/de\/#website\"},\"primaryImageOfPage\":{\"@id\":\"https:\/\/doglife.be\/de\/produkt\/falco-tim-1200g-vis\/#primaryimage\"},\"image\":{\"@id\":\"https:\/\/doglife.be\/de\/produkt\/falco-tim-1200g-vis\/#primaryimage\"},\"thumbnailUrl\":\"https:\/\/doglife.be\/wp-content\/uploads\/2025\/03\/1200-TIM-vis.png\",\"datePublished\":\"2025-03-14T08:49:29+00:00\",\"dateModified\":\"2026-04-07T11:06:08+00:00\",\"breadcrumb\":{\"@id\":\"https:\/\/doglife.be\/de\/produkt\/falco-tim-1200g-vis\/#breadcrumb\"},\"inLanguage\":\"de\",\"potentialAction\":[{\"@type\":\"ReadAction\",\"target\":[\"https:\/\/doglife.be\/de\/produkt\/falco-tim-1200g-vis\/\"]}]},{\"@type\":\"ImageObject\",\"inLanguage\":\"de\",\"@id\":\"https:\/\/doglife.be\/de\/produkt\/falco-tim-1200g-vis\/#primaryimage\",\"url\":\"https:\/\/doglife.be\/wp-content\/uploads\/2025\/03\/1200-TIM-vis.png\",\"contentUrl\":\"https:\/\/doglife.be\/wp-content\/uploads\/2025\/03\/1200-TIM-vis.png\",\"width\":1080,\"height\":1080},{\"@type\":\"BreadcrumbList\",\"@id\":\"https:\/\/doglife.be\/de\/produkt\/falco-tim-1200g-vis\/#breadcrumb\",\"itemListElement\":[{\"@type\":\"ListItem\",\"position\":1,\"name\":\"Home\",\"item\":\"https:\/\/doglife.be\/de\/\"},{\"@type\":\"ListItem\",\"position\":2,\"name\":\"Shop\",\"item\":\"https:\/\/doglife.be\/de\/shop\/\"},{\"@type\":\"ListItem\",\"position\":3,\"name\":\"Falco TIM 1200g vis\"}]},{\"@type\":\"WebSite\",\"@id\":\"https:\/\/doglife.be\/de\/#website\",\"url\":\"https:\/\/doglife.be\/de\/\",\"name\":\"Doglife\",\"description\":\"\",\"publisher\":{\"@id\":\"https:\/\/doglife.be\/de\/#organization\"},\"potentialAction\":[{\"@type\":\"SearchAction\",\"target\":{\"@type\":\"EntryPoint\",\"urlTemplate\":\"https:\/\/doglife.be\/de\/?s={search_term_string}\"},\"query-input\":{\"@type\":\"PropertyValueSpecification\",\"valueRequired\":true,\"valueName\":\"search_term_string\"}}],\"inLanguage\":\"de\"},{\"@type\":\"Organization\",\"@id\":\"https:\/\/doglife.be\/de\/#organization\",\"name\":\"Doglife\",\"url\":\"https:\/\/doglife.be\/de\/\",\"logo\":{\"@type\":\"ImageObject\",\"inLanguage\":\"de\",\"@id\":\"https:\/\/doglife.be\/de\/#\/schema\/logo\/image\/\",\"url\":\"https:\/\/doglife.be\/wp-content\/uploads\/2022\/07\/logo-doglife-white.webp\",\"contentUrl\":\"https:\/\/doglife.be\/wp-content\/uploads\/2022\/07\/logo-doglife-white.webp\",\"width\":137,\"height\":136,\"caption\":\"Doglife\"},\"image\":{\"@id\":\"https:\/\/doglife.be\/de\/#\/schema\/logo\/image\/\"},\"sameAs\":[\"https:\/\/www.facebook.com\/DoglifeBenelux\"]}]}<\/script>\n<!-- \/ Yoast SEO plugin. -->","yoast_head_json":{"title":"Falco TIM 1200g vis - Doglife","robots":{"index":"index","follow":"follow","max-snippet":"max-snippet:-1","max-image-preview":"max-image-preview:large","max-video-preview":"max-video-preview:-1"},"canonical":"https:\/\/doglife.be\/de\/produkt\/falco-tim-1200g-vis\/","og_locale":"de_DE","og_type":"article","og_title":"Falco TIM 1200g vis - Doglife","og_description":"Vis is een van de beste natuurlijke bronnen van omega-3-vetzuren. Het bevat hoogwaardige eiwitten die een aantal belangrijke functies vervullen in het lichaam, zoals het helpen bij wondgenezing, het beschermen van gezonde botten, het hebben van een gunstig effect op de vacht en het behouden van spiermassa tijdens gewichtsverlies en veroudering.","og_url":"https:\/\/doglife.be\/de\/produkt\/falco-tim-1200g-vis\/","og_site_name":"Doglife","article_publisher":"https:\/\/www.facebook.com\/DoglifeBenelux","article_modified_time":"2026-04-07T11:06:08+00:00","og_image":[{"width":1080,"height":1080,"url":"https:\/\/doglife.be\/wp-content\/uploads\/2025\/03\/1200-TIM-vis.png","type":"image\/png"}],"twitter_card":"summary_large_image","twitter_misc":{"Gesch\u00e4tzte Lesezeit":"1\u00a0Minute"},"schema":{"@context":"https:\/\/schema.org","@graph":[{"@type":"WebPage","@id":"https:\/\/doglife.be\/de\/produkt\/falco-tim-1200g-vis\/","url":"https:\/\/doglife.be\/de\/produkt\/falco-tim-1200g-vis\/","name":"Falco TIM 1200g vis - Doglife","isPartOf":{"@id":"https:\/\/doglife.be\/de\/#website"},"primaryImageOfPage":{"@id":"https:\/\/doglife.be\/de\/produkt\/falco-tim-1200g-vis\/#primaryimage"},"image":{"@id":"https:\/\/doglife.be\/de\/produkt\/falco-tim-1200g-vis\/#primaryimage"},"thumbnailUrl":"https:\/\/doglife.be\/wp-content\/uploads\/2025\/03\/1200-TIM-vis.png","datePublished":"2025-03-14T08:49:29+00:00","dateModified":"2026-04-07T11:06:08+00:00","breadcrumb":{"@id":"https:\/\/doglife.be\/de\/produkt\/falco-tim-1200g-vis\/#breadcrumb"},"inLanguage":"de","potentialAction":[{"@type":"ReadAction","target":["https:\/\/doglife.be\/de\/produkt\/falco-tim-1200g-vis\/"]}]},{"@type":"ImageObject","inLanguage":"de","@id":"https:\/\/doglife.be\/de\/produkt\/falco-tim-1200g-vis\/#primaryimage","url":"https:\/\/doglife.be\/wp-content\/uploads\/2025\/03\/1200-TIM-vis.png","contentUrl":"https:\/\/doglife.be\/wp-content\/uploads\/2025\/03\/1200-TIM-vis.png","width":1080,"height":1080},{"@type":"BreadcrumbList","@id":"https:\/\/doglife.be\/de\/produkt\/falco-tim-1200g-vis\/#breadcrumb","itemListElement":[{"@type":"ListItem","position":1,"name":"Home","item":"https:\/\/doglife.be\/de\/"},{"@type":"ListItem","position":2,"name":"Shop","item":"https:\/\/doglife.be\/de\/shop\/"},{"@type":"ListItem","position":3,"name":"Falco TIM 1200g vis"}]},{"@type":"WebSite","@id":"https:\/\/doglife.be\/de\/#website","url":"https:\/\/doglife.be\/de\/","name":"Doglife","description":"","publisher":{"@id":"https:\/\/doglife.be\/de\/#organization"},"potentialAction":[{"@type":"SearchAction","target":{"@type":"EntryPoint","urlTemplate":"https:\/\/doglife.be\/de\/?s={search_term_string}"},"query-input":{"@type":"PropertyValueSpecification","valueRequired":true,"valueName":"search_term_string"}}],"inLanguage":"de"},{"@type":"Organization","@id":"https:\/\/doglife.be\/de\/#organization","name":"Doglife","url":"https:\/\/doglife.be\/de\/","logo":{"@type":"ImageObject","inLanguage":"de","@id":"https:\/\/doglife.be\/de\/#\/schema\/logo\/image\/","url":"https:\/\/doglife.be\/wp-content\/uploads\/2022\/07\/logo-doglife-white.webp","contentUrl":"https:\/\/doglife.be\/wp-content\/uploads\/2022\/07\/logo-doglife-white.webp","width":137,"height":136,"caption":"Doglife"},"image":{"@id":"https:\/\/doglife.be\/de\/#\/schema\/logo\/image\/"},"sameAs":["https:\/\/www.facebook.com\/DoglifeBenelux"]}]}},"_links":{"self":[{"href":"https:\/\/doglife.be\/de\/wp-json\/wp\/v2\/product\/8764","targetHints":{"allow":["GET"]}}],"collection":[{"href":"https:\/\/doglife.be\/de\/wp-json\/wp\/v2\/product"}],"about":[{"href":"https:\/\/doglife.be\/de\/wp-json\/wp\/v2\/types\/product"}],"wp:featuredmedia":[{"embeddable":true,"href":"https:\/\/doglife.be\/de\/wp-json\/wp\/v2\/media\/8970"}],"wp:attachment":[{"href":"https:\/\/doglife.be\/de\/wp-json\/wp\/v2\/media?parent=8764"}],"wp:term":[{"taxonomy":"product_brand","embeddable":true,"href":"https:\/\/doglife.be\/de\/wp-json\/wp\/v2\/product_brand?post=8764"},{"taxonomy":"product_cat","embeddable":true,"href":"https:\/\/doglife.be\/de\/wp-json\/wp\/v2\/product_cat?post=8764"},{"taxonomy":"product_tag","embeddable":true,"href":"https:\/\/doglife.be\/de\/wp-json\/wp\/v2\/product_tag?post=8764"}],"curies":[{"name":"wp","href":"https:\/\/api.w.org\/{rel}","templated":true}]}}