{"id":10682,"date":"2025-03-14T10:06:32","date_gmt":"2025-03-14T09:06:32","guid":{"rendered":"https:\/\/doglife.be\/?post_type=product&#038;p=10682"},"modified":"2025-12-19T11:05:15","modified_gmt":"2025-12-19T10:05:15","slug":"droog-geitenkophuid-500-gr","status":"publish","type":"product","link":"https:\/\/doglife.be\/en\/product\/droog-geitenkophuid-500-gr\/","title":{"rendered":"Droog geitenkophuid 500 gr"},"content":{"rendered":"<p>Leeftijd<br \/>\nVoor volwassen honden<\/p>\n<p>Merk<br \/>\nFalco<\/p>\n<p>Smaak<br \/>\nGeit<\/p>\n<p>soort product<br \/>\nSnacks<\/p>\n<p>Soort snack<br \/>\nDroog vlees, Kauwen<\/p>\n<p>Eigenschappen<br \/>\nHypoalergeen<\/p>\n<p>Deze voedzame 100% natuurlijke geitensnack zorgt voor extra lang kauwplezier voor je hond. Hypo-allergeen, glutenvrije en met \u00e9\u00e9n dierlijke eiwitbron zijn deze kauwsnacks ook zeer geschikt voor honden met voedselallergie\u00ebn. Laat je hond urenlang genieten van gezond kauwplezier met deze smakelijke en bevredigende geitensnack.<\/p>\n<div class=\"elementor-element elementor-element-586fa40 elementor-show-heading-yes elementor-widget elementor-widget-woocommerce-product-additional-information\" data-id=\"586fa40\" data-element_type=\"widget\" data-widget_type=\"woocommerce-product-additional-information.default\" style=\"--flex-direction: initial;--flex-wrap: initial;--justify-content: initial;--align-items: initial;--align-content: initial;--gap: initial;--flex-basis: initial;--flex-grow: initial;--flex-shrink: initial;--order: initial;--align-self: initial;align-self: var(--align-self);flex-basis: var(--flex-basis);flex-grow: var(--flex-grow);flex-shrink: var(--flex-shrink);align-content: var(--align-content);align-items: var(--align-items);flex-direction: var(--flex-direction);flex-wrap: var(--flex-wrap);gap: var(--row-gap) var(--column-gap);justify-content: var(--justify-content);position: relative;--widgets-spacing: 20px 20px;--widgets-spacing-row: 20px;--widgets-spacing-column: 20px;--swiper-theme-color: #000;--swiper-navigation-size: 44px;--swiper-pagination-bullet-size: 6px;--swiper-pagination-bullet-horizontal-gap: 6px;width: 1030px;margin-bottom: var(--kit-widget-spacing,20px);margin-block-end: 20px;font-family: Lato, sans-serif;font-size: 16px;font-style: normal;font-weight: 400;letter-spacing: normal;text-align: start;text-indent: 0px;text-transform: none;white-space: normal\">\n<div class=\"elementor-widget-container\" style=\"padding: 0px\">\n<table class=\"woocommerce-product-attributes shop_attributes\" aria-label=\"Productdetails\" style=\"background-color: transparent;width: 1030px;margin-bottom: 1.618em;font-size: 0.9em;border-spacing: 0px;border-collapse: collapse;border-width: 1px 0px 0px;border-right-style: initial;border-bottom-style: initial;border-left-style: initial;border-right-color: initial;border-bottom-color: initial;border-left-color: initial;border-top-style: dotted;color: var( --e-global-color-text );font-family: var( --e-global-typography-1e30a68-font-family ), Sans-serif;font-weight: var( --e-global-typography-1e30a68-font-weight )\">\n<tbody>\n<tr class=\"woocommerce-product-attributes-item woocommerce-product-attributes-item--attribute_pa_leeftijd\">\n<th class=\"woocommerce-product-attributes-item__label\" scope=\"row\" style=\"padding: 8px;line-height: 1.5;vertical-align: top;border-width: 0px 1px 1px;border-top-style: initial;border-right-style: solid;border-bottom-style: dotted;border-left-style: solid;border-top-color: initial;font-weight: 700;width: 150px;margin: 0px\">Leeftijd<\/th>\n<td class=\"woocommerce-product-attributes-item__value\" style=\"padding: 0px;line-height: 1.5;vertical-align: top;border-width: 0px 1px 1px;border-top-style: initial;border-right-style: solid;border-bottom-style: dotted;border-left-style: solid;border-top-color: initial;font-style: italic;margin: 0px\">\n<p style=\"margin: 0px;padding: 8px 0px\">Voor volwassen honden<\/p>\n<\/td>\n<\/tr>\n<tr class=\"woocommerce-product-attributes-item woocommerce-product-attributes-item--attribute_pa_merk\">\n<th class=\"woocommerce-product-attributes-item__label\" scope=\"row\" style=\"padding: 8px;line-height: 1.5;vertical-align: top;border-width: 0px 1px 1px;border-top-style: initial;border-right-style: solid;border-bottom-style: dotted;border-left-style: solid;border-top-color: initial;font-weight: 700;width: 150px;margin: 0px\">Merk<\/th>\n<td class=\"woocommerce-product-attributes-item__value\" style=\"padding: 0px;line-height: 1.5;vertical-align: top;border-width: 0px 1px 1px;border-top-style: initial;border-right-style: solid;border-bottom-style: dotted;border-left-style: solid;border-top-color: initial;font-style: italic;margin: 0px\">\n<p style=\"margin: 0px;padding: 8px 0px\"><a href=\"https:\/\/doglife.be\/merk\/falco\/\" rel=\"tag\" style=\"background-color: transparent;text-decoration: none;box-shadow: none;font-family: Lato, sans-serif;font-weight: bold\">Falco<\/a><\/p>\n<\/td>\n<\/tr>\n<tr class=\"woocommerce-product-attributes-item woocommerce-product-attributes-item--attribute_pa_smaak\">\n<th class=\"woocommerce-product-attributes-item__label\" scope=\"row\" style=\"padding: 8px;line-height: 1.5;vertical-align: top;border-width: 0px 1px 1px;border-top-style: initial;border-right-style: solid;border-bottom-style: dotted;border-left-style: solid;border-top-color: initial;font-weight: 700;width: 150px;margin: 0px\">Smaak<\/th>\n<td class=\"woocommerce-product-attributes-item__value\" style=\"padding: 0px;line-height: 1.5;vertical-align: top;border-width: 0px 1px 1px;border-top-style: initial;border-right-style: solid;border-bottom-style: dotted;border-left-style: solid;border-top-color: initial;font-style: italic;margin: 0px\">\n<p style=\"margin: 0px;padding: 8px 0px\">Geit<\/p>\n<\/td>\n<\/tr>\n<tr class=\"woocommerce-product-attributes-item woocommerce-product-attributes-item--attribute_pa_soort-product\">\n<th class=\"woocommerce-product-attributes-item__label\" scope=\"row\" style=\"padding: 8px;line-height: 1.5;vertical-align: top;border-width: 0px 1px 1px;border-top-style: initial;border-right-style: solid;border-bottom-style: dotted;border-left-style: solid;border-top-color: initial;font-weight: 700;width: 150px;margin: 0px\">soort product<\/th>\n<td class=\"woocommerce-product-attributes-item__value\" style=\"padding: 0px;line-height: 1.5;vertical-align: top;border-width: 0px 1px 1px;border-top-style: initial;border-right-style: solid;border-bottom-style: dotted;border-left-style: solid;border-top-color: initial;font-style: italic;margin: 0px\">\n<p style=\"margin: 0px;padding: 8px 0px\"><a href=\"https:\/\/doglife.be\/soort-product\/snacks\/\" rel=\"tag\" style=\"background-color: transparent;text-decoration: none;box-shadow: none;font-family: Lato, sans-serif;font-weight: bold\">Snacks<\/a><\/p>\n<\/td>\n<\/tr>\n<tr class=\"woocommerce-product-attributes-item woocommerce-product-attributes-item--attribute_pa_soort-snack\">\n<th class=\"woocommerce-product-attributes-item__label\" scope=\"row\" style=\"padding: 8px;line-height: 1.5;vertical-align: top;border-width: 0px 1px 1px;border-top-style: initial;border-right-style: solid;border-bottom-style: dotted;border-left-style: solid;border-top-color: initial;font-weight: 700;width: 150px;margin: 0px\">Soort snack<\/th>\n<td class=\"woocommerce-product-attributes-item__value\" style=\"padding: 0px;line-height: 1.5;vertical-align: top;border-width: 0px 1px 1px;border-top-style: initial;border-right-style: solid;border-bottom-style: dotted;border-left-style: solid;border-top-color: initial;font-style: italic;margin: 0px\">\n<p style=\"margin: 0px;padding: 8px 0px\">Droog vlees, Kauwen<\/p>\n<\/td>\n<\/tr>\n<tr class=\"woocommerce-product-attributes-item woocommerce-product-attributes-item--attribute_pa_eigenschappen\">\n<th class=\"woocommerce-product-attributes-item__label\" scope=\"row\" style=\"padding: 8px;line-height: 1.5;vertical-align: top;border-width: 0px 1px 1px;border-top-style: initial;border-right-style: solid;border-bottom-style: dotted;border-left-style: solid;border-top-color: initial;font-weight: 700;width: 150px;margin: 0px\">Eigenschappen<\/th>\n<td class=\"woocommerce-product-attributes-item__value\" style=\"padding: 0px;line-height: 1.5;vertical-align: top;border-width: 0px 1px 1px;border-top-style: initial;border-right-style: solid;border-bottom-style: dotted;border-left-style: solid;border-top-color: initial;font-style: italic;margin: 0px\">\n<p style=\"margin: 0px;padding: 8px 0px\">Hypoalergeen<\/p>\n<\/td>\n<\/tr>\n<\/tbody>\n<\/table>\n<\/div>\n<\/div>\n<div class=\"elementor-element elementor-element-c597157 elementor-widget elementor-widget-woocommerce-product-content\" data-id=\"c597157\" data-element_type=\"widget\" data-widget_type=\"woocommerce-product-content.default\" style=\"--flex-direction: initial;--flex-wrap: initial;--justify-content: initial;--align-items: initial;--align-content: initial;--gap: initial;--flex-basis: initial;--flex-grow: initial;--flex-shrink: initial;--order: initial;--align-self: initial;align-self: var(--align-self);flex-basis: var(--flex-basis);flex-grow: var(--flex-grow);flex-shrink: var(--flex-shrink);align-content: var(--align-content);align-items: var(--align-items);flex-direction: var(--flex-direction);flex-wrap: var(--flex-wrap);gap: var(--row-gap) var(--column-gap);justify-content: var(--justify-content);position: relative;--widgets-spacing: 20px 20px;--widgets-spacing-row: 20px;--widgets-spacing-column: 20px;--swiper-theme-color: #000;--swiper-navigation-size: 44px;--swiper-pagination-bullet-size: 6px;--swiper-pagination-bullet-horizontal-gap: 6px;color: var( --e-global-color-text );font-family: Lato, sans-serif;font-weight: 400;width: 1030px;font-size: 16px;font-style: normal;letter-spacing: normal;text-align: start;text-indent: 0px;text-transform: none;white-space: normal\">\n<div class=\"elementor-widget-container\">\n<div class=\"product\" style=\"margin-bottom: 0px;position: relative\">\n<p style=\"margin-top: 0px;margin-bottom: 0.9rem\">Deze voedzame 100% natuurlijke geitensnack zorgt voor extra lang kauwplezier voor je hond. Hypo-allergeen, glutenvrije en met \u00e9\u00e9n dierlijke eiwitbron zijn deze kauwsnacks ook zeer geschikt voor honden met voedselallergie\u00ebn. Laat je hond urenlang genieten van gezond kauwplezier met deze smakelijke en bevredigende geitensnack.<\/p>\n<\/div>\n<\/div>\n<\/div>\n","protected":false},"excerpt":{"rendered":"<p>100% natuurlijke  100% hypoalergeen  Voor eliminatie dieet  geitensnack zorgt voor extra lang kauwplezier voor je hond. Hypo-allergeen, glutenvrije en \u00e9\u00e9n dierlijke eiwitbron dus ook zeer geschikt voor honden met voedselallergie\u00ebn. Zo geniet je hond van gezond kauwen!<\/p>\n","protected":false},"featured_media":23340,"template":"","meta":[],"product_brand":[],"product_cat":[249,338],"product_tag":[500,362,451],"class_list":{"0":"post-10682","1":"product","2":"type-product","3":"status-publish","4":"has-post-thumbnail","6":"product_cat-eliminatie-dieet_113","7":"product_cat-huid_141","8":"product_tag-hond","9":"product_tag-snoepjes","10":"product_tag-vis","12":"first","13":"outofstock","14":"taxable","15":"shipping-taxable","16":"purchasable","17":"product-type-simple"},"yoast_head":"<!-- This site is optimized with the Yoast SEO plugin v27.2 - https:\/\/yoast.com\/product\/yoast-seo-wordpress\/ -->\n<title>Droog geitenkophuid 500 gr - Doglife<\/title>\n<meta name=\"robots\" content=\"index, follow, max-snippet:-1, max-image-preview:large, max-video-preview:-1\" \/>\n<link rel=\"canonical\" href=\"https:\/\/doglife.be\/en\/product\/droog-geitenkophuid-500-gr\/\" \/>\n<meta property=\"og:locale\" content=\"en_US\" \/>\n<meta property=\"og:type\" content=\"article\" \/>\n<meta property=\"og:title\" content=\"Droog geitenkophuid 500 gr - Doglife\" \/>\n<meta property=\"og:description\" content=\"100% natuurlijke 100% hypoalergeen Voor eliminatie dieet geitensnack zorgt voor extra lang kauwplezier voor je hond. Hypo-allergeen, glutenvrije en \u00e9\u00e9n dierlijke eiwitbron dus ook zeer geschikt voor honden met voedselallergie\u00ebn. Zo geniet je hond van gezond kauwen!\" \/>\n<meta property=\"og:url\" content=\"https:\/\/doglife.be\/en\/product\/droog-geitenkophuid-500-gr\/\" \/>\n<meta property=\"og:site_name\" content=\"Doglife\" \/>\n<meta property=\"article:publisher\" content=\"https:\/\/www.facebook.com\/DoglifeBenelux\" \/>\n<meta property=\"article:modified_time\" content=\"2025-12-19T10:05:15+00:00\" \/>\n<meta property=\"og:image\" content=\"https:\/\/doglife.be\/wp-content\/uploads\/2025\/04\/droog_geitenkophuid_500_gr_1804.jpg\" \/>\n\t<meta property=\"og:image:width\" content=\"1080\" \/>\n\t<meta property=\"og:image:height\" content=\"1080\" \/>\n\t<meta property=\"og:image:type\" content=\"image\/jpeg\" \/>\n<meta name=\"twitter:card\" content=\"summary_large_image\" \/>\n<meta name=\"twitter:label1\" content=\"Est. reading time\" \/>\n\t<meta name=\"twitter:data1\" content=\"1 minute\" \/>\n<script type=\"application\/ld+json\" class=\"yoast-schema-graph\">{\"@context\":\"https:\/\/schema.org\",\"@graph\":[{\"@type\":\"WebPage\",\"@id\":\"https:\/\/doglife.be\/en\/product\/droog-geitenkophuid-500-gr\/\",\"url\":\"https:\/\/doglife.be\/en\/product\/droog-geitenkophuid-500-gr\/\",\"name\":\"Droog geitenkophuid 500 gr - Doglife\",\"isPartOf\":{\"@id\":\"https:\/\/doglife.be\/en\/#website\"},\"primaryImageOfPage\":{\"@id\":\"https:\/\/doglife.be\/en\/product\/droog-geitenkophuid-500-gr\/#primaryimage\"},\"image\":{\"@id\":\"https:\/\/doglife.be\/en\/product\/droog-geitenkophuid-500-gr\/#primaryimage\"},\"thumbnailUrl\":\"https:\/\/doglife.be\/wp-content\/uploads\/2025\/04\/droog_geitenkophuid_500_gr_1804.jpg\",\"datePublished\":\"2025-03-14T09:06:32+00:00\",\"dateModified\":\"2025-12-19T10:05:15+00:00\",\"breadcrumb\":{\"@id\":\"https:\/\/doglife.be\/en\/product\/droog-geitenkophuid-500-gr\/#breadcrumb\"},\"inLanguage\":\"en-US\",\"potentialAction\":[{\"@type\":\"ReadAction\",\"target\":[\"https:\/\/doglife.be\/en\/product\/droog-geitenkophuid-500-gr\/\"]}]},{\"@type\":\"ImageObject\",\"inLanguage\":\"en-US\",\"@id\":\"https:\/\/doglife.be\/en\/product\/droog-geitenkophuid-500-gr\/#primaryimage\",\"url\":\"https:\/\/doglife.be\/wp-content\/uploads\/2025\/04\/droog_geitenkophuid_500_gr_1804.jpg\",\"contentUrl\":\"https:\/\/doglife.be\/wp-content\/uploads\/2025\/04\/droog_geitenkophuid_500_gr_1804.jpg\",\"width\":1080,\"height\":1080,\"caption\":\"Droog geitenkophuid 500 gr\"},{\"@type\":\"BreadcrumbList\",\"@id\":\"https:\/\/doglife.be\/en\/product\/droog-geitenkophuid-500-gr\/#breadcrumb\",\"itemListElement\":[{\"@type\":\"ListItem\",\"position\":1,\"name\":\"Home\",\"item\":\"https:\/\/doglife.be\/en\/\"},{\"@type\":\"ListItem\",\"position\":2,\"name\":\"Shop\",\"item\":\"https:\/\/doglife.be\/en\/shop\/\"},{\"@type\":\"ListItem\",\"position\":3,\"name\":\"Droog geitenkophuid 500 gr\"}]},{\"@type\":\"WebSite\",\"@id\":\"https:\/\/doglife.be\/en\/#website\",\"url\":\"https:\/\/doglife.be\/en\/\",\"name\":\"Doglife\",\"description\":\"\",\"publisher\":{\"@id\":\"https:\/\/doglife.be\/en\/#organization\"},\"potentialAction\":[{\"@type\":\"SearchAction\",\"target\":{\"@type\":\"EntryPoint\",\"urlTemplate\":\"https:\/\/doglife.be\/en\/?s={search_term_string}\"},\"query-input\":{\"@type\":\"PropertyValueSpecification\",\"valueRequired\":true,\"valueName\":\"search_term_string\"}}],\"inLanguage\":\"en-US\"},{\"@type\":\"Organization\",\"@id\":\"https:\/\/doglife.be\/en\/#organization\",\"name\":\"Doglife\",\"url\":\"https:\/\/doglife.be\/en\/\",\"logo\":{\"@type\":\"ImageObject\",\"inLanguage\":\"en-US\",\"@id\":\"https:\/\/doglife.be\/en\/#\/schema\/logo\/image\/\",\"url\":\"https:\/\/doglife.be\/wp-content\/uploads\/2022\/07\/logo-doglife-white.webp\",\"contentUrl\":\"https:\/\/doglife.be\/wp-content\/uploads\/2022\/07\/logo-doglife-white.webp\",\"width\":137,\"height\":136,\"caption\":\"Doglife\"},\"image\":{\"@id\":\"https:\/\/doglife.be\/en\/#\/schema\/logo\/image\/\"},\"sameAs\":[\"https:\/\/www.facebook.com\/DoglifeBenelux\"]}]}<\/script>\n<!-- \/ Yoast SEO plugin. -->","yoast_head_json":{"title":"Droog geitenkophuid 500 gr - Doglife","robots":{"index":"index","follow":"follow","max-snippet":"max-snippet:-1","max-image-preview":"max-image-preview:large","max-video-preview":"max-video-preview:-1"},"canonical":"https:\/\/doglife.be\/en\/product\/droog-geitenkophuid-500-gr\/","og_locale":"en_US","og_type":"article","og_title":"Droog geitenkophuid 500 gr - Doglife","og_description":"100% natuurlijke 100% hypoalergeen Voor eliminatie dieet geitensnack zorgt voor extra lang kauwplezier voor je hond. Hypo-allergeen, glutenvrije en \u00e9\u00e9n dierlijke eiwitbron dus ook zeer geschikt voor honden met voedselallergie\u00ebn. Zo geniet je hond van gezond kauwen!","og_url":"https:\/\/doglife.be\/en\/product\/droog-geitenkophuid-500-gr\/","og_site_name":"Doglife","article_publisher":"https:\/\/www.facebook.com\/DoglifeBenelux","article_modified_time":"2025-12-19T10:05:15+00:00","og_image":[{"width":1080,"height":1080,"url":"https:\/\/doglife.be\/wp-content\/uploads\/2025\/04\/droog_geitenkophuid_500_gr_1804.jpg","type":"image\/jpeg"}],"twitter_card":"summary_large_image","twitter_misc":{"Est. reading time":"1 minute"},"schema":{"@context":"https:\/\/schema.org","@graph":[{"@type":"WebPage","@id":"https:\/\/doglife.be\/en\/product\/droog-geitenkophuid-500-gr\/","url":"https:\/\/doglife.be\/en\/product\/droog-geitenkophuid-500-gr\/","name":"Droog geitenkophuid 500 gr - Doglife","isPartOf":{"@id":"https:\/\/doglife.be\/en\/#website"},"primaryImageOfPage":{"@id":"https:\/\/doglife.be\/en\/product\/droog-geitenkophuid-500-gr\/#primaryimage"},"image":{"@id":"https:\/\/doglife.be\/en\/product\/droog-geitenkophuid-500-gr\/#primaryimage"},"thumbnailUrl":"https:\/\/doglife.be\/wp-content\/uploads\/2025\/04\/droog_geitenkophuid_500_gr_1804.jpg","datePublished":"2025-03-14T09:06:32+00:00","dateModified":"2025-12-19T10:05:15+00:00","breadcrumb":{"@id":"https:\/\/doglife.be\/en\/product\/droog-geitenkophuid-500-gr\/#breadcrumb"},"inLanguage":"en-US","potentialAction":[{"@type":"ReadAction","target":["https:\/\/doglife.be\/en\/product\/droog-geitenkophuid-500-gr\/"]}]},{"@type":"ImageObject","inLanguage":"en-US","@id":"https:\/\/doglife.be\/en\/product\/droog-geitenkophuid-500-gr\/#primaryimage","url":"https:\/\/doglife.be\/wp-content\/uploads\/2025\/04\/droog_geitenkophuid_500_gr_1804.jpg","contentUrl":"https:\/\/doglife.be\/wp-content\/uploads\/2025\/04\/droog_geitenkophuid_500_gr_1804.jpg","width":1080,"height":1080,"caption":"Droog geitenkophuid 500 gr"},{"@type":"BreadcrumbList","@id":"https:\/\/doglife.be\/en\/product\/droog-geitenkophuid-500-gr\/#breadcrumb","itemListElement":[{"@type":"ListItem","position":1,"name":"Home","item":"https:\/\/doglife.be\/en\/"},{"@type":"ListItem","position":2,"name":"Shop","item":"https:\/\/doglife.be\/en\/shop\/"},{"@type":"ListItem","position":3,"name":"Droog geitenkophuid 500 gr"}]},{"@type":"WebSite","@id":"https:\/\/doglife.be\/en\/#website","url":"https:\/\/doglife.be\/en\/","name":"Doglife","description":"","publisher":{"@id":"https:\/\/doglife.be\/en\/#organization"},"potentialAction":[{"@type":"SearchAction","target":{"@type":"EntryPoint","urlTemplate":"https:\/\/doglife.be\/en\/?s={search_term_string}"},"query-input":{"@type":"PropertyValueSpecification","valueRequired":true,"valueName":"search_term_string"}}],"inLanguage":"en-US"},{"@type":"Organization","@id":"https:\/\/doglife.be\/en\/#organization","name":"Doglife","url":"https:\/\/doglife.be\/en\/","logo":{"@type":"ImageObject","inLanguage":"en-US","@id":"https:\/\/doglife.be\/en\/#\/schema\/logo\/image\/","url":"https:\/\/doglife.be\/wp-content\/uploads\/2022\/07\/logo-doglife-white.webp","contentUrl":"https:\/\/doglife.be\/wp-content\/uploads\/2022\/07\/logo-doglife-white.webp","width":137,"height":136,"caption":"Doglife"},"image":{"@id":"https:\/\/doglife.be\/en\/#\/schema\/logo\/image\/"},"sameAs":["https:\/\/www.facebook.com\/DoglifeBenelux"]}]}},"_links":{"self":[{"href":"https:\/\/doglife.be\/en\/wp-json\/wp\/v2\/product\/10682","targetHints":{"allow":["GET"]}}],"collection":[{"href":"https:\/\/doglife.be\/en\/wp-json\/wp\/v2\/product"}],"about":[{"href":"https:\/\/doglife.be\/en\/wp-json\/wp\/v2\/types\/product"}],"wp:featuredmedia":[{"embeddable":true,"href":"https:\/\/doglife.be\/en\/wp-json\/wp\/v2\/media\/23340"}],"wp:attachment":[{"href":"https:\/\/doglife.be\/en\/wp-json\/wp\/v2\/media?parent=10682"}],"wp:term":[{"taxonomy":"product_brand","embeddable":true,"href":"https:\/\/doglife.be\/en\/wp-json\/wp\/v2\/product_brand?post=10682"},{"taxonomy":"product_cat","embeddable":true,"href":"https:\/\/doglife.be\/en\/wp-json\/wp\/v2\/product_cat?post=10682"},{"taxonomy":"product_tag","embeddable":true,"href":"https:\/\/doglife.be\/en\/wp-json\/wp\/v2\/product_tag?post=10682"}],"curies":[{"name":"wp","href":"https:\/\/api.w.org\/{rel}","templated":true}]}}