{"id":15578,"date":"2025-03-14T11:04:12","date_gmt":"2025-03-14T10:04:12","guid":{"rendered":"https:\/\/doglife.be\/?post_type=product&#038;p=15578"},"modified":"2026-04-16T09:22:07","modified_gmt":"2026-04-16T08:22:07","slug":"freiland-geit-12-kg","status":"publish","type":"product","link":"https:\/\/doglife.be\/en\/product\/freiland-geit-12-kg\/","title":{"rendered":"Markus-M\u00fchle Geit \u2013 koudgeperst\u00ae 12KG"},"content":{"rendered":"<p style=\"margin-top: 0.5rem\"><font color=\"#121212\" face=\"Lato, sans-serif\"><b>Voor gevoelige honden <\/b>\u2013 Bijzonder goed te verdragen door het gebruik van slechts \u00e9\u00e9n eiwitbron, de voedingswaardebehoudende productiemethode en de afwezigheid van tarwe en gluten.<\/font><\/p>\n<p style=\"margin-top: 0.5rem\"><font color=\"#121212\" face=\"Lato, sans-serif\"><br \/><\/font><\/p>\n<p style=\"margin-top: 0.5rem\"><font color=\"#121212\" face=\"Lato, sans-serif\"><b>Ingredi\u00ebnten uit de vrije uitloop<\/b> \u2013 Het vlees en de groenten van de Markus-M\u00fchle FREE-RANGE zijn gegarandeerd afkomstig van vrije uitlooplandbouw.<\/font><\/p>\n<p style=\"margin-top: 0.5rem\"><font color=\"#121212\" face=\"Lato, sans-serif\"><br \/><\/font><\/p>\n<p style=\"margin-top: 0.5rem\"><font color=\"#121212\" face=\"Lato, sans-serif\">In ons bijzonder <b>zachte productieproces<\/b> wordt het gehele productieproces continu gekoeld. Thermische denaturatie of zelfs verstijfseling van de afzonderlijke ingredi\u00ebnten is daarom vrijwel onmogelijk. Belangrijke componenten behouden hun biologische waarde. Dat betekent dat we via onze voeding een extra dosis natuurlijke voedingsstoffen en vitale stoffen binnenkrijgen, waardoor de uiterst gevoelige secundaire plantenstoffen hun volledige werking kunnen ontplooien.<\/font><\/p>\n<p style=\"margin-top: 0.5rem\"><font color=\"#121212\" face=\"Lato, sans-serif\"><br \/><\/font><\/p>\n<p style=\"margin-top: 0.5rem\"><font color=\"#121212\" face=\"Lato, sans-serif\">&#8211; Selectie van ingredi\u00ebnten van de hoogste kwaliteit<\/font><\/p>\n<p style=\"margin-top: 0.5rem\"><font color=\"#121212\" face=\"Lato, sans-serif\">&#8211; Geproduceerd met behoud van voedingsstoffen<\/font><\/p>\n<p style=\"margin-top: 0.5rem\"><font color=\"#121212\" face=\"Lato, sans-serif\">&#8211; Zonder tarwe en gluten<\/font><\/p>\n<p style=\"margin-top: 0.5rem\"><font color=\"#121212\" face=\"Lato, sans-serif\">&#8211; Zeer uitgebalanceerd voor uw hond<\/font><\/p>\n<h2 style=\"margin-top: 0.5rem;margin-bottom: 1rem;font-family: Lato, sans-serif\"><\/h2>\n<h2 style=\"margin-top: 0.5rem;margin-bottom: 1rem;font-family: Lato, sans-serif\">Geit met volkoren rijst, pastinaak en rozenbottel<\/h2>\n<h2 style=\"clear: both;line-height: 1.4;margin-right: 0px;margin-bottom: 0.75em;margin-left: 0px;padding: 1.5em 0px 0px;font-size: 1.625rem;font-family:\">\n<p style=\"margin-bottom: 0.9rem;font-family: Lato, sans-serif;font-size: 16px\"><span style=\"font-weight: bolder\">Samenstelling:<br \/><\/span>Gedroogd geitenvlees gemalen 20%; Gedroogde en gemalen volkoren rijst 18%; Erwten; wortelen; Biet; bietenpulp; Hennepolie koudgeperst; witte visolie; pastinaak 5%; zeewiermeel; lijnzaad; appels; rozenbottel 3%; zwarte bessen; Gedroogd en gemalen kruidenmengsel (bestaande uit: brandnetelbladeren, heermoeskruid, paardenbloem)<\/p>\n<p style=\"margin-bottom: 0.9rem;font-family: Lato, sans-serif;font-size: 16px\"><span style=\"font-weight: bolder\">Ingredi\u00ebnten:<\/span><br \/>Ruw eiwit 25%; Ruw vet 9%; Ruwe celstof 4,3%; ruwe as 8%; calcium 1,3%; fosfor 1%; Natrium 0,38%<\/p>\n<p style=\"margin-bottom: 0.9rem;font-family: Lato, sans-serif;font-size: 16px\"><span style=\"font-weight: bolder\">Nutritionele toevoegingsmiddelen\/kg:<\/span><br \/><span style=\"font-weight: bolder\">Vitaminen, provitaminen en soortgelijke stoffen<\/span><br \/>Vitamine A 10.000 IE; Vitamine D3 1.000 IE; Vitamine E 200mg; Vitamine B1 3,5 mg; Vitamine B2 als riboflavine 7 mg; Vitamine B6 als pyridoxinehydrochloride 4,2 mg; Vitamine B12 42 \u03bcg; Biotine 210 \u03bcg; foliumzuur 0,35 mg; niacinamide 21 mg; Vitamine C 140 mg; Calcium D-Pantothenaat 7 mg; Cholinechloride 2.000 mg<br \/><span style=\"font-weight: bolder\">sporenelementen<\/span><br \/>koper als koper (II) glycinechelaathydraat 16 mg; Mangaan als glycine-mangaanchelaathydraat 52 mg; Zink als glycine-zinkchelaathydraat 62,5 mg; Jodium als calciumjodaat, watervrij 0,3 mg; Seleen als Na-seleniet 150 \u03bcg<\/p>\n<p style=\"margin-bottom: 0.9rem;font-family: Lato, sans-serif;font-size: 16px\"><span style=\"font-weight: bolder\">Voedingsadvies (dagelijks):<\/span><\/p>\n<table width=\"459\" style=\"width: 1030px;margin-bottom: 15px;font-size: 0.9em;border-spacing: 0px;font-family: Lato, sans-serif\">\n<thead>\n<tr>\n<th style=\"padding: 15px;line-height: 1.5;vertical-align: top;font-size: 1em\">Gewicht van de hond<\/th>\n<th style=\"padding: 15px;line-height: 1.5;vertical-align: top;font-size: 1em\">Hoeveelheid voer<\/th>\n<\/tr>\n<\/thead>\n<tbody>\n<tr>\n<td style=\"padding: 15px;line-height: 1.5;vertical-align: top\">2 kg<\/td>\n<td style=\"padding: 15px;line-height: 1.5;vertical-align: top\">50g<\/td>\n<\/tr>\n<tr>\n<td style=\"padding: 15px;line-height: 1.5;vertical-align: top\">5 kg<\/td>\n<td style=\"padding: 15px;line-height: 1.5;vertical-align: top\">100g<\/td>\n<\/tr>\n<tr>\n<td style=\"padding: 15px;line-height: 1.5;vertical-align: top\">7 kg<\/td>\n<td style=\"padding: 15px;line-height: 1.5;vertical-align: top\">130g<\/td>\n<\/tr>\n<tr>\n<td style=\"padding: 15px;line-height: 1.5;vertical-align: top\">10 kg<\/td>\n<td style=\"padding: 15px;line-height: 1.5;vertical-align: top\">170g<\/td>\n<\/tr>\n<tr>\n<td style=\"padding: 15px;line-height: 1.5;vertical-align: top\">15 kg<\/td>\n<td style=\"padding: 15px;line-height: 1.5;vertical-align: top\">260g<\/td>\n<\/tr>\n<tr>\n<td style=\"padding: 15px;line-height: 1.5;vertical-align: top\">20 kg<\/td>\n<td style=\"padding: 15px;line-height: 1.5;vertical-align: top\">290g<\/td>\n<\/tr>\n<tr>\n<td style=\"padding: 15px;line-height: 1.5;vertical-align: top\">25 kg<\/td>\n<td style=\"padding: 15px;line-height: 1.5;vertical-align: top\">320g<\/td>\n<\/tr>\n<tr>\n<td style=\"padding: 15px;line-height: 1.5;vertical-align: top\">30 kg<\/td>\n<td style=\"padding: 15px;line-height: 1.5;vertical-align: top\">380g<\/td>\n<\/tr>\n<tr>\n<td style=\"padding: 15px;line-height: 1.5;vertical-align: top\">35 kg<\/td>\n<td style=\"padding: 15px;line-height: 1.5;vertical-align: top\">420g<\/td>\n<\/tr>\n<tr>\n<td style=\"padding: 15px;line-height: 1.5;vertical-align: top\">40 kg<\/td>\n<td style=\"padding: 15px;line-height: 1.5;vertical-align: top\">460g<\/td>\n<\/tr>\n<tr>\n<td style=\"padding: 15px;line-height: 1.5;vertical-align: top\">45 kg<\/td>\n<td style=\"padding: 15px;line-height: 1.5;vertical-align: top\">510g<\/td>\n<\/tr>\n<tr>\n<td style=\"padding: 15px;line-height: 1.5;vertical-align: top\">50 kg<\/td>\n<td style=\"padding: 15px;line-height: 1.5;vertical-align: top\">545g<\/td>\n<\/tr>\n<tr>\n<td style=\"padding: 15px;line-height: 1.5;vertical-align: top\">60 kg<\/td>\n<td style=\"padding: 15px;line-height: 1.5;vertical-align: top\">630g<\/td>\n<\/tr>\n<tr>\n<td style=\"padding: 15px;line-height: 1.5;vertical-align: top\">70 kg<\/td>\n<td style=\"padding: 15px;line-height: 1.5;vertical-align: top\">710g<\/td>\n<\/tr>\n<tr>\n<td style=\"padding: 15px;line-height: 1.5;vertical-align: top\">80 kg<\/td>\n<td style=\"padding: 15px;line-height: 1.5;vertical-align: top\">785g<\/td>\n<\/tr>\n<\/tbody>\n<\/table>\n<p style=\"margin-bottom: 0.9rem;font-family: Lato, sans-serif;font-size: 16px\">De aanbevolen hoeveelheid voer per dag komt overeen met ongeveer 1,2% van het lichaamsgewicht van een volwassen hond.* De daadwerkelijke voerbehoefte is afhankelijk van de activiteit en leeftijd van de hond. Deze informatie is slechts een richtlijn; Zoet water moet altijd voldoende beschikbaar zijn.<br \/>* Voor jonge honden bedraagt \u200b\u200bde hoeveelheid voer maximaal 2,5% van het lichaamsgewicht.<\/p>\n<\/h2>\n","protected":false},"excerpt":{"rendered":"<p>Markus-M\u00fchle FREILAND Gans \u2013 koudgeperst\u00ae  Ons hoogwaardige hondendroogvoer wordt geproduceerd volgens het innovatieve en voedingsvriendelijke ICEpress\u00ae-proces . De Markus-M\u00fchle FREILAND is een tarwevrij hondenvoer met gegarandeerde FREILAND-ingredi\u00ebnten en we gebruiken slechts \u00e9\u00e9n eiwitbron , waardoor het ook geschikt is voor gevoelige honden .  Selectie van ingredi\u00ebnten van de hoogste kwaliteit Bijzonder voedingsvriendelijk verwerkt Gluten- en tarwevrij Gebruik maken van een eiwitbron Evenwichtige volledige voeding voor uw hond Wat is ICEpress\u00ae? Bij dit speciale proces wordt het gehele productieproces continu gekoeld. Thermische denaturatie of verstijfseling van de afzonderlijke ingredi\u00ebnten is vrijwel volledig uitgesloten en de voedingsstoffen blijven behouden. Door de hoge biologische waarde van de afzonderlijke componenten biedt ons hondendroogvoer een bijzonder pluspunt aan natuurlijke voedingsstoffen en vitale stoffen en kunnen vooral de zeer gevoelige secundaire plantenstoffen hun werking ontwikkelen.<\/p>\n","protected":false},"featured_media":47406,"template":"","meta":[],"product_brand":[80],"product_cat":[289,252],"product_tag":[],"class_list":{"0":"post-15578","1":"product","2":"type-product","3":"status-publish","4":"has-post-thumbnail","6":"product_brand-markus-muhle13","7":"product_cat-markus-muhle-_34","8":"product_cat-promoties_230","10":"first","11":"instock","12":"taxable","13":"shipping-taxable","14":"purchasable","15":"product-type-simple"},"yoast_head":"<!-- This site is optimized with the Yoast SEO plugin v27.2 - https:\/\/yoast.com\/product\/yoast-seo-wordpress\/ -->\n<title>Markus-M\u00fchle Geit \u2013 koudgeperst\u00ae 12KG - Doglife<\/title>\n<meta name=\"robots\" content=\"index, follow, max-snippet:-1, max-image-preview:large, max-video-preview:-1\" \/>\n<link rel=\"canonical\" href=\"https:\/\/doglife.be\/en\/product\/freiland-geit-12-kg\/\" \/>\n<meta property=\"og:locale\" content=\"en_US\" \/>\n<meta property=\"og:type\" content=\"article\" \/>\n<meta property=\"og:title\" content=\"Markus-M\u00fchle Geit \u2013 koudgeperst\u00ae 12KG - Doglife\" \/>\n<meta property=\"og:description\" content=\"Markus-M\u00fchle FREILAND Gans \u2013 koudgeperst\u00ae Ons hoogwaardige hondendroogvoer wordt geproduceerd volgens het innovatieve en voedingsvriendelijke ICEpress\u00ae-proces . De Markus-M\u00fchle FREILAND is een tarwevrij hondenvoer met gegarandeerde FREILAND-ingredi\u00ebnten en we gebruiken slechts \u00e9\u00e9n eiwitbron , waardoor het ook geschikt is voor gevoelige honden . Selectie van ingredi\u00ebnten van de hoogste kwaliteit Bijzonder voedingsvriendelijk verwerkt Gluten- en tarwevrij Gebruik maken van een eiwitbron Evenwichtige volledige voeding voor uw hond Wat is ICEpress\u00ae? Bij dit speciale proces wordt het gehele productieproces continu gekoeld. Thermische denaturatie of verstijfseling van de afzonderlijke ingredi\u00ebnten is vrijwel volledig uitgesloten en de voedingsstoffen blijven behouden. Door de hoge biologische waarde van de afzonderlijke componenten biedt ons hondendroogvoer een bijzonder pluspunt aan natuurlijke voedingsstoffen en vitale stoffen en kunnen vooral de zeer gevoelige secundaire plantenstoffen hun werking ontwikkelen.\" \/>\n<meta property=\"og:url\" content=\"https:\/\/doglife.be\/en\/product\/freiland-geit-12-kg\/\" \/>\n<meta property=\"og:site_name\" content=\"Doglife\" \/>\n<meta property=\"article:publisher\" content=\"https:\/\/www.facebook.com\/DoglifeBenelux\" \/>\n<meta property=\"article:modified_time\" content=\"2026-04-16T08:22:07+00:00\" \/>\n<meta property=\"og:image\" content=\"https:\/\/doglife.be\/wp-content\/uploads\/2026\/04\/markus-mhle_geit__koudgeperst_12kg_2318.png\" \/>\n\t<meta property=\"og:image:width\" content=\"1200\" \/>\n\t<meta property=\"og:image:height\" content=\"1200\" \/>\n\t<meta property=\"og:image:type\" content=\"image\/png\" \/>\n<meta name=\"twitter:card\" content=\"summary_large_image\" \/>\n<meta name=\"twitter:label1\" content=\"Est. reading time\" \/>\n\t<meta name=\"twitter:data1\" content=\"2 minutes\" \/>\n<script type=\"application\/ld+json\" class=\"yoast-schema-graph\">{\"@context\":\"https:\/\/schema.org\",\"@graph\":[{\"@type\":\"WebPage\",\"@id\":\"https:\/\/doglife.be\/en\/product\/freiland-geit-12-kg\/\",\"url\":\"https:\/\/doglife.be\/en\/product\/freiland-geit-12-kg\/\",\"name\":\"Markus-M\u00fchle Geit \u2013 koudgeperst\u00ae 12KG - Doglife\",\"isPartOf\":{\"@id\":\"https:\/\/doglife.be\/en\/#website\"},\"primaryImageOfPage\":{\"@id\":\"https:\/\/doglife.be\/en\/product\/freiland-geit-12-kg\/#primaryimage\"},\"image\":{\"@id\":\"https:\/\/doglife.be\/en\/product\/freiland-geit-12-kg\/#primaryimage\"},\"thumbnailUrl\":\"https:\/\/doglife.be\/wp-content\/uploads\/2026\/04\/markus-mhle_geit__koudgeperst_12kg_2318.png\",\"datePublished\":\"2025-03-14T10:04:12+00:00\",\"dateModified\":\"2026-04-16T08:22:07+00:00\",\"breadcrumb\":{\"@id\":\"https:\/\/doglife.be\/en\/product\/freiland-geit-12-kg\/#breadcrumb\"},\"inLanguage\":\"en-US\",\"potentialAction\":[{\"@type\":\"ReadAction\",\"target\":[\"https:\/\/doglife.be\/en\/product\/freiland-geit-12-kg\/\"]}]},{\"@type\":\"ImageObject\",\"inLanguage\":\"en-US\",\"@id\":\"https:\/\/doglife.be\/en\/product\/freiland-geit-12-kg\/#primaryimage\",\"url\":\"https:\/\/doglife.be\/wp-content\/uploads\/2026\/04\/markus-mhle_geit__koudgeperst_12kg_2318.png\",\"contentUrl\":\"https:\/\/doglife.be\/wp-content\/uploads\/2026\/04\/markus-mhle_geit__koudgeperst_12kg_2318.png\",\"width\":1200,\"height\":1200,\"caption\":\"Markus-M\u00fchle Geit \u2013 koudgeperst\u00ae 12KG\"},{\"@type\":\"BreadcrumbList\",\"@id\":\"https:\/\/doglife.be\/en\/product\/freiland-geit-12-kg\/#breadcrumb\",\"itemListElement\":[{\"@type\":\"ListItem\",\"position\":1,\"name\":\"Home\",\"item\":\"https:\/\/doglife.be\/en\/\"},{\"@type\":\"ListItem\",\"position\":2,\"name\":\"Shop\",\"item\":\"https:\/\/doglife.be\/en\/shop\/\"},{\"@type\":\"ListItem\",\"position\":3,\"name\":\"Markus-M\u00fchle Geit \u2013 koudgeperst\u00ae 12KG\"}]},{\"@type\":\"WebSite\",\"@id\":\"https:\/\/doglife.be\/en\/#website\",\"url\":\"https:\/\/doglife.be\/en\/\",\"name\":\"Doglife\",\"description\":\"\",\"publisher\":{\"@id\":\"https:\/\/doglife.be\/en\/#organization\"},\"potentialAction\":[{\"@type\":\"SearchAction\",\"target\":{\"@type\":\"EntryPoint\",\"urlTemplate\":\"https:\/\/doglife.be\/en\/?s={search_term_string}\"},\"query-input\":{\"@type\":\"PropertyValueSpecification\",\"valueRequired\":true,\"valueName\":\"search_term_string\"}}],\"inLanguage\":\"en-US\"},{\"@type\":\"Organization\",\"@id\":\"https:\/\/doglife.be\/en\/#organization\",\"name\":\"Doglife\",\"url\":\"https:\/\/doglife.be\/en\/\",\"logo\":{\"@type\":\"ImageObject\",\"inLanguage\":\"en-US\",\"@id\":\"https:\/\/doglife.be\/en\/#\/schema\/logo\/image\/\",\"url\":\"https:\/\/doglife.be\/wp-content\/uploads\/2022\/07\/logo-doglife-white.webp\",\"contentUrl\":\"https:\/\/doglife.be\/wp-content\/uploads\/2022\/07\/logo-doglife-white.webp\",\"width\":137,\"height\":136,\"caption\":\"Doglife\"},\"image\":{\"@id\":\"https:\/\/doglife.be\/en\/#\/schema\/logo\/image\/\"},\"sameAs\":[\"https:\/\/www.facebook.com\/DoglifeBenelux\"]}]}<\/script>\n<!-- \/ Yoast SEO plugin. -->","yoast_head_json":{"title":"Markus-M\u00fchle Geit \u2013 koudgeperst\u00ae 12KG - Doglife","robots":{"index":"index","follow":"follow","max-snippet":"max-snippet:-1","max-image-preview":"max-image-preview:large","max-video-preview":"max-video-preview:-1"},"canonical":"https:\/\/doglife.be\/en\/product\/freiland-geit-12-kg\/","og_locale":"en_US","og_type":"article","og_title":"Markus-M\u00fchle Geit \u2013 koudgeperst\u00ae 12KG - Doglife","og_description":"Markus-M\u00fchle FREILAND Gans \u2013 koudgeperst\u00ae Ons hoogwaardige hondendroogvoer wordt geproduceerd volgens het innovatieve en voedingsvriendelijke ICEpress\u00ae-proces . De Markus-M\u00fchle FREILAND is een tarwevrij hondenvoer met gegarandeerde FREILAND-ingredi\u00ebnten en we gebruiken slechts \u00e9\u00e9n eiwitbron , waardoor het ook geschikt is voor gevoelige honden . Selectie van ingredi\u00ebnten van de hoogste kwaliteit Bijzonder voedingsvriendelijk verwerkt Gluten- en tarwevrij Gebruik maken van een eiwitbron Evenwichtige volledige voeding voor uw hond Wat is ICEpress\u00ae? Bij dit speciale proces wordt het gehele productieproces continu gekoeld. Thermische denaturatie of verstijfseling van de afzonderlijke ingredi\u00ebnten is vrijwel volledig uitgesloten en de voedingsstoffen blijven behouden. Door de hoge biologische waarde van de afzonderlijke componenten biedt ons hondendroogvoer een bijzonder pluspunt aan natuurlijke voedingsstoffen en vitale stoffen en kunnen vooral de zeer gevoelige secundaire plantenstoffen hun werking ontwikkelen.","og_url":"https:\/\/doglife.be\/en\/product\/freiland-geit-12-kg\/","og_site_name":"Doglife","article_publisher":"https:\/\/www.facebook.com\/DoglifeBenelux","article_modified_time":"2026-04-16T08:22:07+00:00","og_image":[{"width":1200,"height":1200,"url":"https:\/\/doglife.be\/wp-content\/uploads\/2026\/04\/markus-mhle_geit__koudgeperst_12kg_2318.png","type":"image\/png"}],"twitter_card":"summary_large_image","twitter_misc":{"Est. reading time":"2 minutes"},"schema":{"@context":"https:\/\/schema.org","@graph":[{"@type":"WebPage","@id":"https:\/\/doglife.be\/en\/product\/freiland-geit-12-kg\/","url":"https:\/\/doglife.be\/en\/product\/freiland-geit-12-kg\/","name":"Markus-M\u00fchle Geit \u2013 koudgeperst\u00ae 12KG - Doglife","isPartOf":{"@id":"https:\/\/doglife.be\/en\/#website"},"primaryImageOfPage":{"@id":"https:\/\/doglife.be\/en\/product\/freiland-geit-12-kg\/#primaryimage"},"image":{"@id":"https:\/\/doglife.be\/en\/product\/freiland-geit-12-kg\/#primaryimage"},"thumbnailUrl":"https:\/\/doglife.be\/wp-content\/uploads\/2026\/04\/markus-mhle_geit__koudgeperst_12kg_2318.png","datePublished":"2025-03-14T10:04:12+00:00","dateModified":"2026-04-16T08:22:07+00:00","breadcrumb":{"@id":"https:\/\/doglife.be\/en\/product\/freiland-geit-12-kg\/#breadcrumb"},"inLanguage":"en-US","potentialAction":[{"@type":"ReadAction","target":["https:\/\/doglife.be\/en\/product\/freiland-geit-12-kg\/"]}]},{"@type":"ImageObject","inLanguage":"en-US","@id":"https:\/\/doglife.be\/en\/product\/freiland-geit-12-kg\/#primaryimage","url":"https:\/\/doglife.be\/wp-content\/uploads\/2026\/04\/markus-mhle_geit__koudgeperst_12kg_2318.png","contentUrl":"https:\/\/doglife.be\/wp-content\/uploads\/2026\/04\/markus-mhle_geit__koudgeperst_12kg_2318.png","width":1200,"height":1200,"caption":"Markus-M\u00fchle Geit \u2013 koudgeperst\u00ae 12KG"},{"@type":"BreadcrumbList","@id":"https:\/\/doglife.be\/en\/product\/freiland-geit-12-kg\/#breadcrumb","itemListElement":[{"@type":"ListItem","position":1,"name":"Home","item":"https:\/\/doglife.be\/en\/"},{"@type":"ListItem","position":2,"name":"Shop","item":"https:\/\/doglife.be\/en\/shop\/"},{"@type":"ListItem","position":3,"name":"Markus-M\u00fchle Geit \u2013 koudgeperst\u00ae 12KG"}]},{"@type":"WebSite","@id":"https:\/\/doglife.be\/en\/#website","url":"https:\/\/doglife.be\/en\/","name":"Doglife","description":"","publisher":{"@id":"https:\/\/doglife.be\/en\/#organization"},"potentialAction":[{"@type":"SearchAction","target":{"@type":"EntryPoint","urlTemplate":"https:\/\/doglife.be\/en\/?s={search_term_string}"},"query-input":{"@type":"PropertyValueSpecification","valueRequired":true,"valueName":"search_term_string"}}],"inLanguage":"en-US"},{"@type":"Organization","@id":"https:\/\/doglife.be\/en\/#organization","name":"Doglife","url":"https:\/\/doglife.be\/en\/","logo":{"@type":"ImageObject","inLanguage":"en-US","@id":"https:\/\/doglife.be\/en\/#\/schema\/logo\/image\/","url":"https:\/\/doglife.be\/wp-content\/uploads\/2022\/07\/logo-doglife-white.webp","contentUrl":"https:\/\/doglife.be\/wp-content\/uploads\/2022\/07\/logo-doglife-white.webp","width":137,"height":136,"caption":"Doglife"},"image":{"@id":"https:\/\/doglife.be\/en\/#\/schema\/logo\/image\/"},"sameAs":["https:\/\/www.facebook.com\/DoglifeBenelux"]}]}},"_links":{"self":[{"href":"https:\/\/doglife.be\/en\/wp-json\/wp\/v2\/product\/15578","targetHints":{"allow":["GET"]}}],"collection":[{"href":"https:\/\/doglife.be\/en\/wp-json\/wp\/v2\/product"}],"about":[{"href":"https:\/\/doglife.be\/en\/wp-json\/wp\/v2\/types\/product"}],"wp:featuredmedia":[{"embeddable":true,"href":"https:\/\/doglife.be\/en\/wp-json\/wp\/v2\/media\/47406"}],"wp:attachment":[{"href":"https:\/\/doglife.be\/en\/wp-json\/wp\/v2\/media?parent=15578"}],"wp:term":[{"taxonomy":"product_brand","embeddable":true,"href":"https:\/\/doglife.be\/en\/wp-json\/wp\/v2\/product_brand?post=15578"},{"taxonomy":"product_cat","embeddable":true,"href":"https:\/\/doglife.be\/en\/wp-json\/wp\/v2\/product_cat?post=15578"},{"taxonomy":"product_tag","embeddable":true,"href":"https:\/\/doglife.be\/en\/wp-json\/wp\/v2\/product_tag?post=15578"}],"curies":[{"name":"wp","href":"https:\/\/api.w.org\/{rel}","templated":true}]}}