{"id":36279,"date":"2025-06-26T12:35:29","date_gmt":"2025-06-26T11:35:29","guid":{"rendered":"https:\/\/doglife.be\/?post_type=product&#038;p=36279"},"modified":"2026-03-04T08:56:37","modified_gmt":"2026-03-04T07:56:37","slug":"falco-sense-dog-lam-en-kippenspieren-200-g","status":"publish","type":"product","link":"https:\/\/doglife.be\/en\/product\/falco-sense-dog-lam-en-kippenspieren-200-g\/","title":{"rendered":"Falco SENSE Dog LAM En Kippenspieren 200 G"},"content":{"rendered":"<h2 class=\"h2\" style=\"margin-right: 0px;margin-bottom: 1.875rem;margin-left: 0px;font-weight: 700;line-height: 1.1875;padding: 0px;text-transform: uppercase;font-family: Anton, Helvetica, Arial, sans-serif;letter-spacing: 0.5px\"><font style=\"vertical-align: inherit\">FALCO SENSE DOG lam en KIP 200g<\/font><\/h2>\n<div class=\"text text--1 color__brand--2\" style=\"line-height: 1.5;margin-bottom: 1.875rem\">\n<p style=\"font-family: Roboto, Helvetica, Arial, sans-serif;font-size: 16px\"><span style=\"font-size: 11pt\"><span style=\"line-height: 15.6933px\"><span style=\"font-family: Calibri, sans-serif\"><span style=\"font-size: 12pt\"><span style=\"line-height: 17.12px\">Spieren bevatten veel essenti\u00eble aminozuren, ijzer en vitamine B2. Het bevat ook eiwitten, die de spiergroei bevorderen. Het ondersteunt de kauwspieren en is uitstekend voor de conditie en vacht. Het is gewoon vlees zonder ingewanden.<\/span><\/span><\/span><\/span><\/span><\/p>\n<p style=\"font-family: Roboto, Helvetica, Arial, sans-serif;font-size: 16px;margin-bottom: 11px\"><span style=\"font-size: 11pt\"><span style=\"line-height: 15.6933px\"><span style=\"font-family: Calibri, sans-serif\"><span style=\"font-size: 12pt\"><span style=\"line-height: 17.12px\">FALCO SENSE DOG blikvoer is geschikt voor alle leeftijden en alle rassen.<\/span><\/span><\/span><\/span><\/span><\/p>\n<p style=\"font-family: Roboto, Helvetica, Arial, sans-serif;font-size: 16px\"><span style=\"font-size: 11pt\"><span style=\"line-height: 15.6933px\"><span style=\"font-family: Calibri, sans-serif\"><span style=\"font-size: 12pt\"><span style=\"line-height: 17.12px\">Al onze producten zijn natuurlijk en bevatten geen kleurstoffen, smaakstoffen, conserveringsmiddelen, chemicali\u00ebn, granen, rijst of soja. De recepten zijn samengesteld door dierenarts en oprichter MVDr. Ji\u0159\u00ed Sokol.<\/span><\/span><\/span><\/span><\/span><\/p>\n<p style=\"font-family: Roboto, Helvetica, Arial, sans-serif;font-size: 16px\"><span style=\"font-size: 11pt\"><span style=\"line-height: 15.6933px\"><span style=\"font-family: Calibri, sans-serif\">FALCO blikvoer heeft een houdbaarheid van 3 jaar. Je kunt het ongeveer 7 dagen in de koelkast bewaren, of zo lang als je wilt.<\/span><\/span><\/span><\/p>\n<p style=\"font-family: Roboto, Helvetica, Arial, sans-serif;font-size: 16px\"><span style=\"font-size: 11pt\"><span style=\"line-height: 15.6933px\"><span style=\"font-family: Calibri, sans-serif\"><b>Ingredi\u00ebnten<\/b>: 50% lamsvlees, 25% kippenspiervlees, 25% varkensspiervlees<\/span><\/span><\/span><\/p>\n<p><span style=\"font-family: Roboto, Helvetica, Arial, sans-serif;font-size: 11pt\"><span style=\"line-height: 15.6933px\"><span style=\"font-family: Calibri, sans-serif\"><b>Analytische bestanddelen<\/b>:&nbsp;<\/span><\/span><\/span><font color=\"#87858d\" face=\"Calibri, sans-serif\"><span style=\"font-size: 14.6667px\">ruw eiwit 15%, ruw vet 12%, ruwe celstof 0,5%, ruwe as 3%, vocht 69,5%, hoog natuurlijk gehalte aan vitamines (A, E, D) en aminozuren (lysine, methionine, cystine)<\/span><\/font><\/p>\n<\/div>\n","protected":false},"excerpt":{"rendered":"<p>FALCO SENSE DOG lam en KIP 200g Spieren bevatten veel essenti\u00eble aminozuren, ijzer en vitamine B2. Het bevat ook eiwitten, die de spiergroei bevorderen. Het ondersteunt de kauwspieren en is uitstekend voor de conditie en vacht. Het is gewoon vlees zonder ingewanden. FALCO SENSE DOG blikvoer is geschikt voor alle leeftijden en alle rassen. Al [&hellip;]<\/p>\n","protected":false},"featured_media":36271,"template":"","meta":[],"product_brand":[],"product_cat":[657],"product_tag":[],"class_list":{"0":"post-36279","1":"product","2":"type-product","3":"status-publish","4":"has-post-thumbnail","6":"product_cat-senza-categoria","8":"first","9":"instock","10":"taxable","11":"shipping-taxable","12":"purchasable","13":"product-type-simple"},"yoast_head":"<!-- This site is optimized with the Yoast SEO plugin v27.2 - https:\/\/yoast.com\/product\/yoast-seo-wordpress\/ -->\n<title>Falco SENSE Dog LAM En Kippenspieren 200 G - Doglife<\/title>\n<meta name=\"robots\" content=\"index, follow, max-snippet:-1, max-image-preview:large, max-video-preview:-1\" \/>\n<link rel=\"canonical\" href=\"https:\/\/doglife.be\/en\/product\/falco-sense-dog-lam-en-kippenspieren-200-g\/\" \/>\n<meta property=\"og:locale\" content=\"en_US\" \/>\n<meta property=\"og:type\" content=\"article\" \/>\n<meta property=\"og:title\" content=\"Falco SENSE Dog LAM En Kippenspieren 200 G - Doglife\" \/>\n<meta property=\"og:description\" content=\"FALCO SENSE DOG lam en KIP 200g Spieren bevatten veel essenti\u00eble aminozuren, ijzer en vitamine B2. Het bevat ook eiwitten, die de spiergroei bevorderen. Het ondersteunt de kauwspieren en is uitstekend voor de conditie en vacht. Het is gewoon vlees zonder ingewanden. FALCO SENSE DOG blikvoer is geschikt voor alle leeftijden en alle rassen. Al [&hellip;]\" \/>\n<meta property=\"og:url\" content=\"https:\/\/doglife.be\/en\/product\/falco-sense-dog-lam-en-kippenspieren-200-g\/\" \/>\n<meta property=\"og:site_name\" content=\"Doglife\" \/>\n<meta property=\"article:publisher\" content=\"https:\/\/www.facebook.com\/DoglifeBenelux\" \/>\n<meta property=\"article:modified_time\" content=\"2026-03-04T07:56:37+00:00\" \/>\n<meta property=\"og:image\" content=\"https:\/\/doglife.be\/wp-content\/uploads\/2025\/06\/Falco_SENSE_Dog_LAM_En_Kippenspieren_200_G.jpg\" \/>\n\t<meta property=\"og:image:width\" content=\"1080\" \/>\n\t<meta property=\"og:image:height\" content=\"1080\" \/>\n\t<meta property=\"og:image:type\" content=\"image\/jpeg\" \/>\n<meta name=\"twitter:card\" content=\"summary_large_image\" \/>\n<meta name=\"twitter:label1\" content=\"Est. reading time\" \/>\n\t<meta name=\"twitter:data1\" content=\"1 minute\" \/>\n<script type=\"application\/ld+json\" class=\"yoast-schema-graph\">{\"@context\":\"https:\/\/schema.org\",\"@graph\":[{\"@type\":\"WebPage\",\"@id\":\"https:\/\/doglife.be\/en\/product\/falco-sense-dog-lam-en-kippenspieren-200-g\/\",\"url\":\"https:\/\/doglife.be\/en\/product\/falco-sense-dog-lam-en-kippenspieren-200-g\/\",\"name\":\"Falco SENSE Dog LAM En Kippenspieren 200 G - Doglife\",\"isPartOf\":{\"@id\":\"https:\/\/doglife.be\/en\/#website\"},\"primaryImageOfPage\":{\"@id\":\"https:\/\/doglife.be\/en\/product\/falco-sense-dog-lam-en-kippenspieren-200-g\/#primaryimage\"},\"image\":{\"@id\":\"https:\/\/doglife.be\/en\/product\/falco-sense-dog-lam-en-kippenspieren-200-g\/#primaryimage\"},\"thumbnailUrl\":\"https:\/\/doglife.be\/wp-content\/uploads\/2025\/06\/Falco_SENSE_Dog_LAM_En_Kippenspieren_200_G.jpg\",\"datePublished\":\"2025-06-26T11:35:29+00:00\",\"dateModified\":\"2026-03-04T07:56:37+00:00\",\"breadcrumb\":{\"@id\":\"https:\/\/doglife.be\/en\/product\/falco-sense-dog-lam-en-kippenspieren-200-g\/#breadcrumb\"},\"inLanguage\":\"en-US\",\"potentialAction\":[{\"@type\":\"ReadAction\",\"target\":[\"https:\/\/doglife.be\/en\/product\/falco-sense-dog-lam-en-kippenspieren-200-g\/\"]}]},{\"@type\":\"ImageObject\",\"inLanguage\":\"en-US\",\"@id\":\"https:\/\/doglife.be\/en\/product\/falco-sense-dog-lam-en-kippenspieren-200-g\/#primaryimage\",\"url\":\"https:\/\/doglife.be\/wp-content\/uploads\/2025\/06\/Falco_SENSE_Dog_LAM_En_Kippenspieren_200_G.jpg\",\"contentUrl\":\"https:\/\/doglife.be\/wp-content\/uploads\/2025\/06\/Falco_SENSE_Dog_LAM_En_Kippenspieren_200_G.jpg\",\"width\":1080,\"height\":1080,\"caption\":\"Falco SENSE Dog LAM En Kippenspieren 200 G\"},{\"@type\":\"BreadcrumbList\",\"@id\":\"https:\/\/doglife.be\/en\/product\/falco-sense-dog-lam-en-kippenspieren-200-g\/#breadcrumb\",\"itemListElement\":[{\"@type\":\"ListItem\",\"position\":1,\"name\":\"Home\",\"item\":\"https:\/\/doglife.be\/en\/\"},{\"@type\":\"ListItem\",\"position\":2,\"name\":\"Shop\",\"item\":\"https:\/\/doglife.be\/en\/shop\/\"},{\"@type\":\"ListItem\",\"position\":3,\"name\":\"Falco SENSE Dog LAM En Kippenspieren 200 G\"}]},{\"@type\":\"WebSite\",\"@id\":\"https:\/\/doglife.be\/en\/#website\",\"url\":\"https:\/\/doglife.be\/en\/\",\"name\":\"Doglife\",\"description\":\"\",\"publisher\":{\"@id\":\"https:\/\/doglife.be\/en\/#organization\"},\"potentialAction\":[{\"@type\":\"SearchAction\",\"target\":{\"@type\":\"EntryPoint\",\"urlTemplate\":\"https:\/\/doglife.be\/en\/?s={search_term_string}\"},\"query-input\":{\"@type\":\"PropertyValueSpecification\",\"valueRequired\":true,\"valueName\":\"search_term_string\"}}],\"inLanguage\":\"en-US\"},{\"@type\":\"Organization\",\"@id\":\"https:\/\/doglife.be\/en\/#organization\",\"name\":\"Doglife\",\"url\":\"https:\/\/doglife.be\/en\/\",\"logo\":{\"@type\":\"ImageObject\",\"inLanguage\":\"en-US\",\"@id\":\"https:\/\/doglife.be\/en\/#\/schema\/logo\/image\/\",\"url\":\"https:\/\/doglife.be\/wp-content\/uploads\/2022\/07\/logo-doglife-white.webp\",\"contentUrl\":\"https:\/\/doglife.be\/wp-content\/uploads\/2022\/07\/logo-doglife-white.webp\",\"width\":137,\"height\":136,\"caption\":\"Doglife\"},\"image\":{\"@id\":\"https:\/\/doglife.be\/en\/#\/schema\/logo\/image\/\"},\"sameAs\":[\"https:\/\/www.facebook.com\/DoglifeBenelux\"]}]}<\/script>\n<!-- \/ Yoast SEO plugin. -->","yoast_head_json":{"title":"Falco SENSE Dog LAM En Kippenspieren 200 G - Doglife","robots":{"index":"index","follow":"follow","max-snippet":"max-snippet:-1","max-image-preview":"max-image-preview:large","max-video-preview":"max-video-preview:-1"},"canonical":"https:\/\/doglife.be\/en\/product\/falco-sense-dog-lam-en-kippenspieren-200-g\/","og_locale":"en_US","og_type":"article","og_title":"Falco SENSE Dog LAM En Kippenspieren 200 G - Doglife","og_description":"FALCO SENSE DOG lam en KIP 200g Spieren bevatten veel essenti\u00eble aminozuren, ijzer en vitamine B2. Het bevat ook eiwitten, die de spiergroei bevorderen. Het ondersteunt de kauwspieren en is uitstekend voor de conditie en vacht. Het is gewoon vlees zonder ingewanden. FALCO SENSE DOG blikvoer is geschikt voor alle leeftijden en alle rassen. Al [&hellip;]","og_url":"https:\/\/doglife.be\/en\/product\/falco-sense-dog-lam-en-kippenspieren-200-g\/","og_site_name":"Doglife","article_publisher":"https:\/\/www.facebook.com\/DoglifeBenelux","article_modified_time":"2026-03-04T07:56:37+00:00","og_image":[{"width":1080,"height":1080,"url":"https:\/\/doglife.be\/wp-content\/uploads\/2025\/06\/Falco_SENSE_Dog_LAM_En_Kippenspieren_200_G.jpg","type":"image\/jpeg"}],"twitter_card":"summary_large_image","twitter_misc":{"Est. reading time":"1 minute"},"schema":{"@context":"https:\/\/schema.org","@graph":[{"@type":"WebPage","@id":"https:\/\/doglife.be\/en\/product\/falco-sense-dog-lam-en-kippenspieren-200-g\/","url":"https:\/\/doglife.be\/en\/product\/falco-sense-dog-lam-en-kippenspieren-200-g\/","name":"Falco SENSE Dog LAM En Kippenspieren 200 G - Doglife","isPartOf":{"@id":"https:\/\/doglife.be\/en\/#website"},"primaryImageOfPage":{"@id":"https:\/\/doglife.be\/en\/product\/falco-sense-dog-lam-en-kippenspieren-200-g\/#primaryimage"},"image":{"@id":"https:\/\/doglife.be\/en\/product\/falco-sense-dog-lam-en-kippenspieren-200-g\/#primaryimage"},"thumbnailUrl":"https:\/\/doglife.be\/wp-content\/uploads\/2025\/06\/Falco_SENSE_Dog_LAM_En_Kippenspieren_200_G.jpg","datePublished":"2025-06-26T11:35:29+00:00","dateModified":"2026-03-04T07:56:37+00:00","breadcrumb":{"@id":"https:\/\/doglife.be\/en\/product\/falco-sense-dog-lam-en-kippenspieren-200-g\/#breadcrumb"},"inLanguage":"en-US","potentialAction":[{"@type":"ReadAction","target":["https:\/\/doglife.be\/en\/product\/falco-sense-dog-lam-en-kippenspieren-200-g\/"]}]},{"@type":"ImageObject","inLanguage":"en-US","@id":"https:\/\/doglife.be\/en\/product\/falco-sense-dog-lam-en-kippenspieren-200-g\/#primaryimage","url":"https:\/\/doglife.be\/wp-content\/uploads\/2025\/06\/Falco_SENSE_Dog_LAM_En_Kippenspieren_200_G.jpg","contentUrl":"https:\/\/doglife.be\/wp-content\/uploads\/2025\/06\/Falco_SENSE_Dog_LAM_En_Kippenspieren_200_G.jpg","width":1080,"height":1080,"caption":"Falco SENSE Dog LAM En Kippenspieren 200 G"},{"@type":"BreadcrumbList","@id":"https:\/\/doglife.be\/en\/product\/falco-sense-dog-lam-en-kippenspieren-200-g\/#breadcrumb","itemListElement":[{"@type":"ListItem","position":1,"name":"Home","item":"https:\/\/doglife.be\/en\/"},{"@type":"ListItem","position":2,"name":"Shop","item":"https:\/\/doglife.be\/en\/shop\/"},{"@type":"ListItem","position":3,"name":"Falco SENSE Dog LAM En Kippenspieren 200 G"}]},{"@type":"WebSite","@id":"https:\/\/doglife.be\/en\/#website","url":"https:\/\/doglife.be\/en\/","name":"Doglife","description":"","publisher":{"@id":"https:\/\/doglife.be\/en\/#organization"},"potentialAction":[{"@type":"SearchAction","target":{"@type":"EntryPoint","urlTemplate":"https:\/\/doglife.be\/en\/?s={search_term_string}"},"query-input":{"@type":"PropertyValueSpecification","valueRequired":true,"valueName":"search_term_string"}}],"inLanguage":"en-US"},{"@type":"Organization","@id":"https:\/\/doglife.be\/en\/#organization","name":"Doglife","url":"https:\/\/doglife.be\/en\/","logo":{"@type":"ImageObject","inLanguage":"en-US","@id":"https:\/\/doglife.be\/en\/#\/schema\/logo\/image\/","url":"https:\/\/doglife.be\/wp-content\/uploads\/2022\/07\/logo-doglife-white.webp","contentUrl":"https:\/\/doglife.be\/wp-content\/uploads\/2022\/07\/logo-doglife-white.webp","width":137,"height":136,"caption":"Doglife"},"image":{"@id":"https:\/\/doglife.be\/en\/#\/schema\/logo\/image\/"},"sameAs":["https:\/\/www.facebook.com\/DoglifeBenelux"]}]}},"_links":{"self":[{"href":"https:\/\/doglife.be\/en\/wp-json\/wp\/v2\/product\/36279","targetHints":{"allow":["GET"]}}],"collection":[{"href":"https:\/\/doglife.be\/en\/wp-json\/wp\/v2\/product"}],"about":[{"href":"https:\/\/doglife.be\/en\/wp-json\/wp\/v2\/types\/product"}],"wp:featuredmedia":[{"embeddable":true,"href":"https:\/\/doglife.be\/en\/wp-json\/wp\/v2\/media\/36271"}],"wp:attachment":[{"href":"https:\/\/doglife.be\/en\/wp-json\/wp\/v2\/media?parent=36279"}],"wp:term":[{"taxonomy":"product_brand","embeddable":true,"href":"https:\/\/doglife.be\/en\/wp-json\/wp\/v2\/product_brand?post=36279"},{"taxonomy":"product_cat","embeddable":true,"href":"https:\/\/doglife.be\/en\/wp-json\/wp\/v2\/product_cat?post=36279"},{"taxonomy":"product_tag","embeddable":true,"href":"https:\/\/doglife.be\/en\/wp-json\/wp\/v2\/product_tag?post=36279"}],"curies":[{"name":"wp","href":"https:\/\/api.w.org\/{rel}","templated":true}]}}