{"id":9246,"date":"2025-03-14T09:53:37","date_gmt":"2025-03-14T08:53:37","guid":{"rendered":"https:\/\/doglife.be\/?post_type=product&#038;p=9246"},"modified":"2026-04-20T08:22:19","modified_gmt":"2026-04-20T07:22:19","slug":"lupo-sensitiv-20-8","status":"publish","type":"product","link":"https:\/\/doglife.be\/en\/product\/lupo-sensitiv-20-8\/","title":{"rendered":"LUPO Sensitiv 20\/8"},"content":{"rendered":"<h2>Compleet hondenvoer &#8211; hypoallergeen en graanvrij<\/h2>\n<ul>\n<li>Graanvrij<\/li>\n<li>Hypoallergeen<\/li>\n<li>20% eiwit en 8% vet<\/li>\n<li>Monoprote\u00efne<\/li>\n<\/ul>\n<h2>Volledige dieetvoeding voor honden om voedingsintoleranties te verminderen.<\/h2>\n<p><\/p>\n<p>Een goede voeding met hypoallergeen hondenvoer is de belangrijkste voorwaarde voor gezondheid en vitaliteit, vooral voor honden met voedselallergie\u00ebn. Veel honden reageren op individuele ingredi\u00ebnten in het voer met allergie\u00ebn, spijsverteringsproblemen en huid- en vachtproblemen. Deze worden echter niet altijd veroorzaakt door de ingredi\u00ebnten zelf, maar door denaturatie. Bovendien moeten de te voeren ingredi\u00ebnten, met name voor zeer gevoelige honden, absoluut zuiver zijn, omdat zelfs de kleinste sporen van allergene stoffen ernstige allergische reacties kunnen veroorzaken. Onze LUPO Sensitiv 20\/8 is volledig graanvrij.\u00a0\u00a0<\/p>\n<p><\/p>\n<h1>Markus-M\u00fchle LUPO Sensitive 20\/8 met 20% eiwit en 8% vet<\/h1>\n<p><\/p>\n<p><b>voor normale tot minder actieve honden<\/b><\/p>\n<p><b>voor gewichtsverlies en -behoud<\/b><\/p>\n<p><b>voor oudere honden vanaf 6 jaar<\/b><\/p>\n<p>Onze LUPO Sensitiv 20\/8 is vervaardigdDroogvoer geproduceerd met behulp van een speciaal proces om de voedingsstoffen te behouden .<\/p>\n<p><\/p>\n<h2>Samenstelling:<\/h2>\n<p>Aardappelmeel 36%, gemalen gedroogd kippenvlees 29%, rode biet, bietenpulp, mariadistelzaden, koudgeperste plantaardige oliemix (bestaande uit hennep- en koolzaadolie), gelatine, algen, visolie, turf, lijnzaad, gedroogde cichorei, gedroogde brandnetels, gedroogde paardenbloembladeren, gedroogde Yucca Schidigera<\/p>\n<p><\/p>\n<p><\/p>\n<h2>Analytische componenten:\u00a0<\/h2>\n<p>Ruw eiwit 20%, ruw vet 8%, ruwe celstof 3,5%, ruwe as 7,5%, calcium 1,2%, fosfor 0,8%, natrium 0,36%<\/p>\n<p><b>Voedingsadditieven per kg:<\/b><\/p>\n<p>vitaminen, provitaminen en soortgelijke stoffen\u00a0<\/p>\n<p>Vitamine A 10.000 IE, Vitamine D3 1.000 IE, Vitamine E 200 mg, Vitamine B1 3,5 mg, Vitamine B2 7 mg, Vitamine B6 als pyridoxinehydrochloride 4,2 mg, Vitamine B12 42 \u03bcg, Biotine 210 \u03bcg, Foliumzuur 0,35 mg, Niacinamide 21 mg, Vitamine C 140 mg, Calcium-D-pantothenaat 7 mg, cholinechloride 2.000 mg<\/p>\n<p><b>Sporenelementen:<\/b><\/p>\n<p>koper als koper(II)glycinechelaathydraat 16 mg, mangaan als glycinemangaanchelaathydraat 52 mg, zink als glycinezinkchelaathydraat 62,5 mg, jodium als calciumjodaat, watervrij 0,3 mg, selenium als natriumseleniet 150 \u03bcg<\/p>\n<p><b>Energie-inhoud: <\/b>ca. 380 kcal per 100 g<\/p>\n<p><\/p>\n<p><b>Voor honden (dagelijks):<\/b><\/p>\n<p><\/p>\n<p>Eindgewicht<span style=\"white-space:pre\">\t<\/span>Hoeveelheid voer<\/p>\n<p>2 kg<span style=\"white-space:pre\">\t<\/span>25 gram<\/p>\n<p>5 kg<span style=\"white-space:pre\">\t<\/span>60 gram<\/p>\n<p>7 kg<span style=\"white-space:pre\">\t<\/span>85 gram<\/p>\n<p>10 kg<span style=\"white-space:pre\">\t<\/span>120 gram<\/p>\n<p>15 kg<span style=\"white-space:pre\">\t<\/span>180 gram<\/p>\n<p>20 kg<span style=\"white-space:pre\">\t<\/span>240 gram<\/p>\n<p>25 kg<span style=\"white-space:pre\">\t<\/span>300 gram<\/p>\n<p>30 kg<span style=\"white-space:pre\">\t<\/span>360 gram<\/p>\n<p>35 kg<span style=\"white-space:pre\">\t<\/span>420 gram<\/p>\n<p>40 kg<span style=\"white-space:pre\">\t<\/span>480 gram<\/p>\n<p>45 kg<span style=\"white-space:pre\">\t<\/span>540 gram<\/p>\n<p>50 kg<span style=\"white-space:pre\">\t<\/span>600 gram<\/p>\n<p>60 kg<span style=\"white-space:pre\">\t<\/span>720 gram<\/p>\n<p>70 kg<span style=\"white-space:pre\">\t<\/span>840 gram<\/p>\n<p>80 kg<span style=\"white-space:pre\">\t<\/span>960 gram<\/p>\n<p><\/p>\n<p>Onze informatie is slechts een richtlijn voor een evenwichtige en op de behoeften afgestemde voeding voor uw hond. Hoewel deze informatie is berekend op basis van de nieuwste wetenschappelijke bevindingen voor hondenvoer met een lage concentratie essenti\u00eble voedingsstoffen, dient deze te worden aangepast aan de individuele behoeften van de hond. E\u00e9n gram kan onmogelijk alle individuele verschillen en omstandigheden verklaren, zoals ras, leeftijd en grootte van de hond, mate van beweging, omgevingsinvloeden, enz. Vers water moet altijd beschikbaar zijn.<\/p>\n<p><\/p>\n<p><b>Bewaar op een koele, droge plaats en doe het niet in luchtdichte containers.<\/b><\/p>\n","protected":false},"excerpt":{"rendered":"<p>Compleet hondenvoer &#8211; hypoallergeen en graanvrij    Volledige dieetvoeding voor honden om voedingsintoleranties te verminderen.<\/p>\n","protected":false},"featured_media":16787,"template":"","meta":[],"product_brand":[80],"product_cat":[289],"product_tag":[357,356,358],"class_list":{"0":"post-9246","1":"product","2":"type-product","3":"status-publish","4":"has-post-thumbnail","6":"product_brand-markus-muhle13","7":"product_cat-markus-muhle-_34","8":"product_tag-honden","9":"product_tag-koudgeperste-korrels","10":"product_tag-markus-muhle","12":"first","13":"instock","14":"taxable","15":"shipping-taxable","16":"purchasable","17":"product-type-variable"},"yoast_head":"<!-- This site is optimized with the Yoast SEO plugin v27.2 - https:\/\/yoast.com\/product\/yoast-seo-wordpress\/ -->\n<title>LUPO Sensitiv 20\/8 - Doglife<\/title>\n<meta name=\"robots\" content=\"index, follow, max-snippet:-1, max-image-preview:large, max-video-preview:-1\" \/>\n<link rel=\"canonical\" href=\"https:\/\/doglife.be\/en\/product\/lupo-sensitiv-20-8\/\" \/>\n<meta property=\"og:locale\" content=\"en_US\" \/>\n<meta property=\"og:type\" content=\"article\" \/>\n<meta property=\"og:title\" content=\"LUPO Sensitiv 20\/8 - Doglife\" \/>\n<meta property=\"og:description\" content=\"Compleet hondenvoer - hypoallergeen en graanvrij  Volledige dieetvoeding voor honden om voedingsintoleranties te verminderen.\" \/>\n<meta property=\"og:url\" content=\"https:\/\/doglife.be\/en\/product\/lupo-sensitiv-20-8\/\" \/>\n<meta property=\"og:site_name\" content=\"Doglife\" \/>\n<meta property=\"article:publisher\" content=\"https:\/\/www.facebook.com\/DoglifeBenelux\" \/>\n<meta property=\"article:modified_time\" content=\"2026-04-20T07:22:19+00:00\" \/>\n<meta property=\"og:image\" content=\"https:\/\/doglife.be\/wp-content\/uploads\/2025\/03\/lupo_sensitiv_20_8_0740.png\" \/>\n\t<meta property=\"og:image:width\" content=\"550\" \/>\n\t<meta property=\"og:image:height\" content=\"550\" \/>\n\t<meta property=\"og:image:type\" content=\"image\/png\" \/>\n<meta name=\"twitter:card\" content=\"summary_large_image\" \/>\n<meta name=\"twitter:label1\" content=\"Est. reading time\" \/>\n\t<meta name=\"twitter:data1\" content=\"2 minutes\" \/>\n<script type=\"application\/ld+json\" class=\"yoast-schema-graph\">{\"@context\":\"https:\/\/schema.org\",\"@graph\":[{\"@type\":\"WebPage\",\"@id\":\"https:\/\/doglife.be\/en\/product\/lupo-sensitiv-20-8\/\",\"url\":\"https:\/\/doglife.be\/en\/product\/lupo-sensitiv-20-8\/\",\"name\":\"LUPO Sensitiv 20\/8 - Doglife\",\"isPartOf\":{\"@id\":\"https:\/\/doglife.be\/en\/#website\"},\"primaryImageOfPage\":{\"@id\":\"https:\/\/doglife.be\/en\/product\/lupo-sensitiv-20-8\/#primaryimage\"},\"image\":{\"@id\":\"https:\/\/doglife.be\/en\/product\/lupo-sensitiv-20-8\/#primaryimage\"},\"thumbnailUrl\":\"https:\/\/doglife.be\/wp-content\/uploads\/2025\/03\/lupo_sensitiv_20_8_0740.png\",\"datePublished\":\"2025-03-14T08:53:37+00:00\",\"dateModified\":\"2026-04-20T07:22:19+00:00\",\"breadcrumb\":{\"@id\":\"https:\/\/doglife.be\/en\/product\/lupo-sensitiv-20-8\/#breadcrumb\"},\"inLanguage\":\"en-US\",\"potentialAction\":[{\"@type\":\"ReadAction\",\"target\":[\"https:\/\/doglife.be\/en\/product\/lupo-sensitiv-20-8\/\"]}]},{\"@type\":\"ImageObject\",\"inLanguage\":\"en-US\",\"@id\":\"https:\/\/doglife.be\/en\/product\/lupo-sensitiv-20-8\/#primaryimage\",\"url\":\"https:\/\/doglife.be\/wp-content\/uploads\/2025\/03\/lupo_sensitiv_20_8_0740.png\",\"contentUrl\":\"https:\/\/doglife.be\/wp-content\/uploads\/2025\/03\/lupo_sensitiv_20_8_0740.png\",\"width\":550,\"height\":550,\"caption\":\"LUPO Sensitiv 20\/8\"},{\"@type\":\"BreadcrumbList\",\"@id\":\"https:\/\/doglife.be\/en\/product\/lupo-sensitiv-20-8\/#breadcrumb\",\"itemListElement\":[{\"@type\":\"ListItem\",\"position\":1,\"name\":\"Home\",\"item\":\"https:\/\/doglife.be\/en\/\"},{\"@type\":\"ListItem\",\"position\":2,\"name\":\"Shop\",\"item\":\"https:\/\/doglife.be\/en\/shop\/\"},{\"@type\":\"ListItem\",\"position\":3,\"name\":\"LUPO Sensitiv 20\/8\"}]},{\"@type\":\"WebSite\",\"@id\":\"https:\/\/doglife.be\/en\/#website\",\"url\":\"https:\/\/doglife.be\/en\/\",\"name\":\"Doglife\",\"description\":\"\",\"publisher\":{\"@id\":\"https:\/\/doglife.be\/en\/#organization\"},\"potentialAction\":[{\"@type\":\"SearchAction\",\"target\":{\"@type\":\"EntryPoint\",\"urlTemplate\":\"https:\/\/doglife.be\/en\/?s={search_term_string}\"},\"query-input\":{\"@type\":\"PropertyValueSpecification\",\"valueRequired\":true,\"valueName\":\"search_term_string\"}}],\"inLanguage\":\"en-US\"},{\"@type\":\"Organization\",\"@id\":\"https:\/\/doglife.be\/en\/#organization\",\"name\":\"Doglife\",\"url\":\"https:\/\/doglife.be\/en\/\",\"logo\":{\"@type\":\"ImageObject\",\"inLanguage\":\"en-US\",\"@id\":\"https:\/\/doglife.be\/en\/#\/schema\/logo\/image\/\",\"url\":\"https:\/\/doglife.be\/wp-content\/uploads\/2022\/07\/logo-doglife-white.webp\",\"contentUrl\":\"https:\/\/doglife.be\/wp-content\/uploads\/2022\/07\/logo-doglife-white.webp\",\"width\":137,\"height\":136,\"caption\":\"Doglife\"},\"image\":{\"@id\":\"https:\/\/doglife.be\/en\/#\/schema\/logo\/image\/\"},\"sameAs\":[\"https:\/\/www.facebook.com\/DoglifeBenelux\"]}]}<\/script>\n<!-- \/ Yoast SEO plugin. -->","yoast_head_json":{"title":"LUPO Sensitiv 20\/8 - Doglife","robots":{"index":"index","follow":"follow","max-snippet":"max-snippet:-1","max-image-preview":"max-image-preview:large","max-video-preview":"max-video-preview:-1"},"canonical":"https:\/\/doglife.be\/en\/product\/lupo-sensitiv-20-8\/","og_locale":"en_US","og_type":"article","og_title":"LUPO Sensitiv 20\/8 - Doglife","og_description":"Compleet hondenvoer - hypoallergeen en graanvrij  Volledige dieetvoeding voor honden om voedingsintoleranties te verminderen.","og_url":"https:\/\/doglife.be\/en\/product\/lupo-sensitiv-20-8\/","og_site_name":"Doglife","article_publisher":"https:\/\/www.facebook.com\/DoglifeBenelux","article_modified_time":"2026-04-20T07:22:19+00:00","og_image":[{"width":550,"height":550,"url":"https:\/\/doglife.be\/wp-content\/uploads\/2025\/03\/lupo_sensitiv_20_8_0740.png","type":"image\/png"}],"twitter_card":"summary_large_image","twitter_misc":{"Est. reading time":"2 minutes"},"schema":{"@context":"https:\/\/schema.org","@graph":[{"@type":"WebPage","@id":"https:\/\/doglife.be\/en\/product\/lupo-sensitiv-20-8\/","url":"https:\/\/doglife.be\/en\/product\/lupo-sensitiv-20-8\/","name":"LUPO Sensitiv 20\/8 - Doglife","isPartOf":{"@id":"https:\/\/doglife.be\/en\/#website"},"primaryImageOfPage":{"@id":"https:\/\/doglife.be\/en\/product\/lupo-sensitiv-20-8\/#primaryimage"},"image":{"@id":"https:\/\/doglife.be\/en\/product\/lupo-sensitiv-20-8\/#primaryimage"},"thumbnailUrl":"https:\/\/doglife.be\/wp-content\/uploads\/2025\/03\/lupo_sensitiv_20_8_0740.png","datePublished":"2025-03-14T08:53:37+00:00","dateModified":"2026-04-20T07:22:19+00:00","breadcrumb":{"@id":"https:\/\/doglife.be\/en\/product\/lupo-sensitiv-20-8\/#breadcrumb"},"inLanguage":"en-US","potentialAction":[{"@type":"ReadAction","target":["https:\/\/doglife.be\/en\/product\/lupo-sensitiv-20-8\/"]}]},{"@type":"ImageObject","inLanguage":"en-US","@id":"https:\/\/doglife.be\/en\/product\/lupo-sensitiv-20-8\/#primaryimage","url":"https:\/\/doglife.be\/wp-content\/uploads\/2025\/03\/lupo_sensitiv_20_8_0740.png","contentUrl":"https:\/\/doglife.be\/wp-content\/uploads\/2025\/03\/lupo_sensitiv_20_8_0740.png","width":550,"height":550,"caption":"LUPO Sensitiv 20\/8"},{"@type":"BreadcrumbList","@id":"https:\/\/doglife.be\/en\/product\/lupo-sensitiv-20-8\/#breadcrumb","itemListElement":[{"@type":"ListItem","position":1,"name":"Home","item":"https:\/\/doglife.be\/en\/"},{"@type":"ListItem","position":2,"name":"Shop","item":"https:\/\/doglife.be\/en\/shop\/"},{"@type":"ListItem","position":3,"name":"LUPO Sensitiv 20\/8"}]},{"@type":"WebSite","@id":"https:\/\/doglife.be\/en\/#website","url":"https:\/\/doglife.be\/en\/","name":"Doglife","description":"","publisher":{"@id":"https:\/\/doglife.be\/en\/#organization"},"potentialAction":[{"@type":"SearchAction","target":{"@type":"EntryPoint","urlTemplate":"https:\/\/doglife.be\/en\/?s={search_term_string}"},"query-input":{"@type":"PropertyValueSpecification","valueRequired":true,"valueName":"search_term_string"}}],"inLanguage":"en-US"},{"@type":"Organization","@id":"https:\/\/doglife.be\/en\/#organization","name":"Doglife","url":"https:\/\/doglife.be\/en\/","logo":{"@type":"ImageObject","inLanguage":"en-US","@id":"https:\/\/doglife.be\/en\/#\/schema\/logo\/image\/","url":"https:\/\/doglife.be\/wp-content\/uploads\/2022\/07\/logo-doglife-white.webp","contentUrl":"https:\/\/doglife.be\/wp-content\/uploads\/2022\/07\/logo-doglife-white.webp","width":137,"height":136,"caption":"Doglife"},"image":{"@id":"https:\/\/doglife.be\/en\/#\/schema\/logo\/image\/"},"sameAs":["https:\/\/www.facebook.com\/DoglifeBenelux"]}]}},"_links":{"self":[{"href":"https:\/\/doglife.be\/en\/wp-json\/wp\/v2\/product\/9246","targetHints":{"allow":["GET"]}}],"collection":[{"href":"https:\/\/doglife.be\/en\/wp-json\/wp\/v2\/product"}],"about":[{"href":"https:\/\/doglife.be\/en\/wp-json\/wp\/v2\/types\/product"}],"wp:featuredmedia":[{"embeddable":true,"href":"https:\/\/doglife.be\/en\/wp-json\/wp\/v2\/media\/16787"}],"wp:attachment":[{"href":"https:\/\/doglife.be\/en\/wp-json\/wp\/v2\/media?parent=9246"}],"wp:term":[{"taxonomy":"product_brand","embeddable":true,"href":"https:\/\/doglife.be\/en\/wp-json\/wp\/v2\/product_brand?post=9246"},{"taxonomy":"product_cat","embeddable":true,"href":"https:\/\/doglife.be\/en\/wp-json\/wp\/v2\/product_cat?post=9246"},{"taxonomy":"product_tag","embeddable":true,"href":"https:\/\/doglife.be\/en\/wp-json\/wp\/v2\/product_tag?post=9246"}],"curies":[{"name":"wp","href":"https:\/\/api.w.org\/{rel}","templated":true}]}}