{"id":10204,"date":"2025-03-14T10:00:35","date_gmt":"2025-03-14T09:00:35","guid":{"rendered":"https:\/\/doglife.be\/?post_type=product&#038;p=10204"},"modified":"2026-01-07T11:22:20","modified_gmt":"2026-01-07T10:22:20","slug":"sense-dog-konijn-en-kippenspieren-200-g","status":"publish","type":"product","link":"https:\/\/doglife.be\/es\/producto\/sense-dog-konijn-en-kippenspieren-200-g\/","title":{"rendered":"Falco SENSE dog KONIJN en kippenspieren 200g"},"content":{"rendered":"<h2 class=\"h2\" style=\"margin-right: 0px;margin-bottom: 1.875rem;margin-left: 0px;font-weight: 700;line-height: 1.1875;padding: 0px;text-transform: uppercase;font-family: Anton, Helvetica, Arial, sans-serif;letter-spacing: 0.5px\"><font style=\"vertical-align: inherit\">FALCO SENSE DOG konijn en kip 200g<\/font><\/h2>\n<div class=\"text text--1 color__brand--2\" style=\"font-size: 16px;line-height: 1.5;margin-bottom: 1.875rem;font-family: Roboto, Helvetica, Arial, sans-serif\">\n<p><span style=\"font-size: 11pt\"><span style=\"line-height: 15.6933px\"><span style=\"font-family: Calibri, sans-serif\"><span style=\"font-size: 12pt\"><span style=\"line-height: 17.12px\">Spieren bevatten veel essenti\u00eble aminozuren, ijzer en vitamine B2. Het bevat ook eiwitten, die de spiergroei bevorderen. Het ondersteunt de kauwspieren en is uitstekend voor de conditie en vacht. Het is gewoon vlees zonder ingewanden.<\/span><\/span><\/span><\/span><\/span><\/p>\n<p><span style=\"font-size: 11pt\"><span style=\"line-height: 15.6933px\"><span style=\"font-family: Calibri, sans-serif\"><span style=\"font-size: 12pt\"><span style=\"line-height: 17.12px\">Pluimveevlees is zeer licht verteerbaar en een rijke bron aan eiwitten. Het bevat een gunstige hoeveelheid mineralen, vooral ijzer, fosfor, zink, natrium, kalium en vitamine B.<\/span><\/span><\/span><\/span><\/span><\/p>\n<p style=\"margin-bottom: 11px\"><span style=\"font-size: 11pt\"><span style=\"line-height: 15.6933px\"><span style=\"font-family: Calibri, sans-serif\"><span style=\"font-size: 12pt\"><span style=\"line-height: 17.12px\">Konijnenvlees is geschikt als bron van complete voeding vanwege de goede verteerbaarheid en het lage cholesterol- en vetgehalte. Van de vitamines zijn de B-vitamines het meest voorkomend, met name B2, B6 en B12. Vitamine B is een essenti\u00eble voedingsstof en is vooral belangrijk voor de goede werking van het bloed, het zenuwstelsel en het immuunsysteem. Het product kan botten bevatten.<\/span><\/span><\/span><\/span><\/span><\/p>\n<p><span style=\"font-size: 11pt\"><span style=\"line-height: 15.6933px\"><span style=\"font-family: Calibri, sans-serif\"><span style=\"font-weight: bolder\"><span style=\"font-size: 12pt\"><span style=\"line-height: 17.12px\">Ingeblikte botten zijn niet gevaarlijk; Dankzij de sterilisatie, die onder hoge druk en temperatuur plaatsvindt, zijn ze helemaal zacht en kunt u ze tussen uw vingers fijnmalen. Ze vormen een belangrijk onderdeel van het dieet van een huisdier, omdat ze belangrijke mineralen bevatten. Wanneer fokkers blikvoer met botten voeren, hoeven ze geen extra vitaminen met mineralen aan te schaffen.<\/span><\/span><\/span><\/span><\/span><\/span><\/p>\n<p style=\"margin-bottom: 11px\"><span style=\"font-size: 11pt\"><span style=\"line-height: 15.6933px\"><span style=\"font-family: Calibri, sans-serif\"><span style=\"font-size: 12pt\"><span style=\"line-height: 17.12px\">FALCO SENSE DOG blikvoer is geschikt voor alle leeftijden en alle rassen.<\/span><\/span><\/span><\/span><\/span><\/p>\n<p><span style=\"font-size: 11pt\"><span style=\"line-height: 15.6933px\"><span style=\"font-family: Calibri, sans-serif\"><span style=\"font-size: 12pt\"><span style=\"line-height: 17.12px\">Al onze producten zijn natuurlijk en bevatten geen kleurstoffen, smaakstoffen, conserveringsmiddelen, chemicali\u00ebn, granen, rijst of soja. De recepten zijn samengesteld door dierenarts en oprichter MVDr. Ji\u0159\u00ed Sokol.<\/span><\/span><\/span><\/span><\/span><\/p>\n<p><span style=\"font-size: 11pt\"><span style=\"line-height: 15.6933px\"><span style=\"font-family: Calibri, sans-serif\">FALCO blikvoer heeft een houdbaarheid van 3 jaar. Je kunt het ongeveer 7 dagen in de koelkast bewaren, of zo lang als je wilt.<\/span><\/span><\/span><\/p>\n<p><span style=\"font-size: 11pt\"><span style=\"line-height: 15.6933px\"><span style=\"font-family: Calibri, sans-serif\"><b>Samenstelling<\/b>: 50% konijn, 50% kip. Het product kan botten bevatten.<\/span><\/span><\/span><\/p>\n<p><span style=\"font-size: 11pt\"><span style=\"line-height: 15.6933px\"><span style=\"font-family: Calibri, sans-serif\"><b>Analytische bestanddelen<\/b>: ruw eiwit 16%, ruw vet 8%, ruwe celstof 0,5%, ruwe as 4%, vocht 71,5%, hoog natuurlijk gehalte aan vitamines (A, E, D) en aminozuren (lysine, methionine, cystine)<\/span><\/span><\/span><\/p>\n<\/div>\n","protected":false},"excerpt":{"rendered":"<p>Bevat 50% gemalen konijn en 50% spierstukjes. Ideaal voor gevoelige en kieskeurige honden.<\/p>\n","protected":false},"featured_media":24190,"template":"","meta":[],"product_brand":[71],"product_cat":[274],"product_tag":[434,404,406],"class_list":{"0":"post-10204","1":"product","2":"type-product","3":"status-publish","4":"has-post-thumbnail","6":"product_brand-sokol-falco4","7":"product_cat-100-vlees-stukjes-en-gemalen_58","8":"product_tag-falco","9":"product_tag-kip","10":"product_tag-konijn","12":"first","13":"outofstock","14":"taxable","15":"shipping-taxable","16":"purchasable","17":"product-type-simple"},"yoast_head":"<!-- This site is optimized with the Yoast SEO plugin v27.2 - https:\/\/yoast.com\/product\/yoast-seo-wordpress\/ -->\n<title>Falco SENSE dog KONIJN en kippenspieren 200g - Doglife<\/title>\n<meta name=\"robots\" content=\"index, follow, max-snippet:-1, max-image-preview:large, max-video-preview:-1\" \/>\n<link rel=\"canonical\" href=\"https:\/\/doglife.be\/es\/producto\/sense-dog-konijn-en-kippenspieren-200-g\/\" \/>\n<meta property=\"og:locale\" content=\"es_ES\" \/>\n<meta property=\"og:type\" content=\"article\" \/>\n<meta property=\"og:title\" content=\"Falco SENSE dog KONIJN en kippenspieren 200g - Doglife\" \/>\n<meta property=\"og:description\" content=\"Bevat 50% gemalen konijn en 50% spierstukjes. Ideaal voor gevoelige en kieskeurige honden.\" \/>\n<meta property=\"og:url\" content=\"https:\/\/doglife.be\/es\/producto\/sense-dog-konijn-en-kippenspieren-200-g\/\" \/>\n<meta property=\"og:site_name\" content=\"Doglife\" \/>\n<meta property=\"article:publisher\" content=\"https:\/\/www.facebook.com\/DoglifeBenelux\" \/>\n<meta property=\"article:modified_time\" content=\"2026-01-07T10:22:20+00:00\" \/>\n<meta property=\"og:image\" content=\"https:\/\/doglife.be\/wp-content\/uploads\/2025\/04\/falco_sense_dog_konijn_en_kippenspieren_200g_0524.jpg\" \/>\n\t<meta property=\"og:image:width\" content=\"1200\" \/>\n\t<meta property=\"og:image:height\" content=\"1200\" \/>\n\t<meta property=\"og:image:type\" content=\"image\/jpeg\" \/>\n<meta name=\"twitter:card\" content=\"summary_large_image\" \/>\n<meta name=\"twitter:label1\" content=\"Tiempo de lectura\" \/>\n\t<meta name=\"twitter:data1\" content=\"1 minuto\" \/>\n<script type=\"application\/ld+json\" class=\"yoast-schema-graph\">{\"@context\":\"https:\/\/schema.org\",\"@graph\":[{\"@type\":\"WebPage\",\"@id\":\"https:\/\/doglife.be\/es\/producto\/sense-dog-konijn-en-kippenspieren-200-g\/\",\"url\":\"https:\/\/doglife.be\/es\/producto\/sense-dog-konijn-en-kippenspieren-200-g\/\",\"name\":\"Falco SENSE dog KONIJN en kippenspieren 200g - Doglife\",\"isPartOf\":{\"@id\":\"https:\/\/doglife.be\/es\/#website\"},\"primaryImageOfPage\":{\"@id\":\"https:\/\/doglife.be\/es\/producto\/sense-dog-konijn-en-kippenspieren-200-g\/#primaryimage\"},\"image\":{\"@id\":\"https:\/\/doglife.be\/es\/producto\/sense-dog-konijn-en-kippenspieren-200-g\/#primaryimage\"},\"thumbnailUrl\":\"https:\/\/doglife.be\/wp-content\/uploads\/2025\/04\/falco_sense_dog_konijn_en_kippenspieren_200g_0524.jpg\",\"datePublished\":\"2025-03-14T09:00:35+00:00\",\"dateModified\":\"2026-01-07T10:22:20+00:00\",\"breadcrumb\":{\"@id\":\"https:\/\/doglife.be\/es\/producto\/sense-dog-konijn-en-kippenspieren-200-g\/#breadcrumb\"},\"inLanguage\":\"es\",\"potentialAction\":[{\"@type\":\"ReadAction\",\"target\":[\"https:\/\/doglife.be\/es\/producto\/sense-dog-konijn-en-kippenspieren-200-g\/\"]}]},{\"@type\":\"ImageObject\",\"inLanguage\":\"es\",\"@id\":\"https:\/\/doglife.be\/es\/producto\/sense-dog-konijn-en-kippenspieren-200-g\/#primaryimage\",\"url\":\"https:\/\/doglife.be\/wp-content\/uploads\/2025\/04\/falco_sense_dog_konijn_en_kippenspieren_200g_0524.jpg\",\"contentUrl\":\"https:\/\/doglife.be\/wp-content\/uploads\/2025\/04\/falco_sense_dog_konijn_en_kippenspieren_200g_0524.jpg\",\"width\":1200,\"height\":1200,\"caption\":\"Falco SENSE dog KONIJN en kippenspieren 200g\"},{\"@type\":\"BreadcrumbList\",\"@id\":\"https:\/\/doglife.be\/es\/producto\/sense-dog-konijn-en-kippenspieren-200-g\/#breadcrumb\",\"itemListElement\":[{\"@type\":\"ListItem\",\"position\":1,\"name\":\"Home\",\"item\":\"https:\/\/doglife.be\/es\/\"},{\"@type\":\"ListItem\",\"position\":2,\"name\":\"Tienda\",\"item\":\"https:\/\/doglife.be\/es\/tienda\/\"},{\"@type\":\"ListItem\",\"position\":3,\"name\":\"Falco SENSE dog KONIJN en kippenspieren 200g\"}]},{\"@type\":\"WebSite\",\"@id\":\"https:\/\/doglife.be\/es\/#website\",\"url\":\"https:\/\/doglife.be\/es\/\",\"name\":\"Doglife\",\"description\":\"\",\"publisher\":{\"@id\":\"https:\/\/doglife.be\/es\/#organization\"},\"potentialAction\":[{\"@type\":\"SearchAction\",\"target\":{\"@type\":\"EntryPoint\",\"urlTemplate\":\"https:\/\/doglife.be\/es\/?s={search_term_string}\"},\"query-input\":{\"@type\":\"PropertyValueSpecification\",\"valueRequired\":true,\"valueName\":\"search_term_string\"}}],\"inLanguage\":\"es\"},{\"@type\":\"Organization\",\"@id\":\"https:\/\/doglife.be\/es\/#organization\",\"name\":\"Doglife\",\"url\":\"https:\/\/doglife.be\/es\/\",\"logo\":{\"@type\":\"ImageObject\",\"inLanguage\":\"es\",\"@id\":\"https:\/\/doglife.be\/es\/#\/schema\/logo\/image\/\",\"url\":\"https:\/\/doglife.be\/wp-content\/uploads\/2022\/07\/logo-doglife-white.webp\",\"contentUrl\":\"https:\/\/doglife.be\/wp-content\/uploads\/2022\/07\/logo-doglife-white.webp\",\"width\":137,\"height\":136,\"caption\":\"Doglife\"},\"image\":{\"@id\":\"https:\/\/doglife.be\/es\/#\/schema\/logo\/image\/\"},\"sameAs\":[\"https:\/\/www.facebook.com\/DoglifeBenelux\"]}]}<\/script>\n<!-- \/ Yoast SEO plugin. -->","yoast_head_json":{"title":"Falco SENSE dog KONIJN en kippenspieren 200g - Doglife","robots":{"index":"index","follow":"follow","max-snippet":"max-snippet:-1","max-image-preview":"max-image-preview:large","max-video-preview":"max-video-preview:-1"},"canonical":"https:\/\/doglife.be\/es\/producto\/sense-dog-konijn-en-kippenspieren-200-g\/","og_locale":"es_ES","og_type":"article","og_title":"Falco SENSE dog KONIJN en kippenspieren 200g - Doglife","og_description":"Bevat 50% gemalen konijn en 50% spierstukjes. Ideaal voor gevoelige en kieskeurige honden.","og_url":"https:\/\/doglife.be\/es\/producto\/sense-dog-konijn-en-kippenspieren-200-g\/","og_site_name":"Doglife","article_publisher":"https:\/\/www.facebook.com\/DoglifeBenelux","article_modified_time":"2026-01-07T10:22:20+00:00","og_image":[{"width":1200,"height":1200,"url":"https:\/\/doglife.be\/wp-content\/uploads\/2025\/04\/falco_sense_dog_konijn_en_kippenspieren_200g_0524.jpg","type":"image\/jpeg"}],"twitter_card":"summary_large_image","twitter_misc":{"Tiempo de lectura":"1 minuto"},"schema":{"@context":"https:\/\/schema.org","@graph":[{"@type":"WebPage","@id":"https:\/\/doglife.be\/es\/producto\/sense-dog-konijn-en-kippenspieren-200-g\/","url":"https:\/\/doglife.be\/es\/producto\/sense-dog-konijn-en-kippenspieren-200-g\/","name":"Falco SENSE dog KONIJN en kippenspieren 200g - Doglife","isPartOf":{"@id":"https:\/\/doglife.be\/es\/#website"},"primaryImageOfPage":{"@id":"https:\/\/doglife.be\/es\/producto\/sense-dog-konijn-en-kippenspieren-200-g\/#primaryimage"},"image":{"@id":"https:\/\/doglife.be\/es\/producto\/sense-dog-konijn-en-kippenspieren-200-g\/#primaryimage"},"thumbnailUrl":"https:\/\/doglife.be\/wp-content\/uploads\/2025\/04\/falco_sense_dog_konijn_en_kippenspieren_200g_0524.jpg","datePublished":"2025-03-14T09:00:35+00:00","dateModified":"2026-01-07T10:22:20+00:00","breadcrumb":{"@id":"https:\/\/doglife.be\/es\/producto\/sense-dog-konijn-en-kippenspieren-200-g\/#breadcrumb"},"inLanguage":"es","potentialAction":[{"@type":"ReadAction","target":["https:\/\/doglife.be\/es\/producto\/sense-dog-konijn-en-kippenspieren-200-g\/"]}]},{"@type":"ImageObject","inLanguage":"es","@id":"https:\/\/doglife.be\/es\/producto\/sense-dog-konijn-en-kippenspieren-200-g\/#primaryimage","url":"https:\/\/doglife.be\/wp-content\/uploads\/2025\/04\/falco_sense_dog_konijn_en_kippenspieren_200g_0524.jpg","contentUrl":"https:\/\/doglife.be\/wp-content\/uploads\/2025\/04\/falco_sense_dog_konijn_en_kippenspieren_200g_0524.jpg","width":1200,"height":1200,"caption":"Falco SENSE dog KONIJN en kippenspieren 200g"},{"@type":"BreadcrumbList","@id":"https:\/\/doglife.be\/es\/producto\/sense-dog-konijn-en-kippenspieren-200-g\/#breadcrumb","itemListElement":[{"@type":"ListItem","position":1,"name":"Home","item":"https:\/\/doglife.be\/es\/"},{"@type":"ListItem","position":2,"name":"Tienda","item":"https:\/\/doglife.be\/es\/tienda\/"},{"@type":"ListItem","position":3,"name":"Falco SENSE dog KONIJN en kippenspieren 200g"}]},{"@type":"WebSite","@id":"https:\/\/doglife.be\/es\/#website","url":"https:\/\/doglife.be\/es\/","name":"Doglife","description":"","publisher":{"@id":"https:\/\/doglife.be\/es\/#organization"},"potentialAction":[{"@type":"SearchAction","target":{"@type":"EntryPoint","urlTemplate":"https:\/\/doglife.be\/es\/?s={search_term_string}"},"query-input":{"@type":"PropertyValueSpecification","valueRequired":true,"valueName":"search_term_string"}}],"inLanguage":"es"},{"@type":"Organization","@id":"https:\/\/doglife.be\/es\/#organization","name":"Doglife","url":"https:\/\/doglife.be\/es\/","logo":{"@type":"ImageObject","inLanguage":"es","@id":"https:\/\/doglife.be\/es\/#\/schema\/logo\/image\/","url":"https:\/\/doglife.be\/wp-content\/uploads\/2022\/07\/logo-doglife-white.webp","contentUrl":"https:\/\/doglife.be\/wp-content\/uploads\/2022\/07\/logo-doglife-white.webp","width":137,"height":136,"caption":"Doglife"},"image":{"@id":"https:\/\/doglife.be\/es\/#\/schema\/logo\/image\/"},"sameAs":["https:\/\/www.facebook.com\/DoglifeBenelux"]}]}},"_links":{"self":[{"href":"https:\/\/doglife.be\/es\/wp-json\/wp\/v2\/product\/10204","targetHints":{"allow":["GET"]}}],"collection":[{"href":"https:\/\/doglife.be\/es\/wp-json\/wp\/v2\/product"}],"about":[{"href":"https:\/\/doglife.be\/es\/wp-json\/wp\/v2\/types\/product"}],"wp:featuredmedia":[{"embeddable":true,"href":"https:\/\/doglife.be\/es\/wp-json\/wp\/v2\/media\/24190"}],"wp:attachment":[{"href":"https:\/\/doglife.be\/es\/wp-json\/wp\/v2\/media?parent=10204"}],"wp:term":[{"taxonomy":"product_brand","embeddable":true,"href":"https:\/\/doglife.be\/es\/wp-json\/wp\/v2\/product_brand?post=10204"},{"taxonomy":"product_cat","embeddable":true,"href":"https:\/\/doglife.be\/es\/wp-json\/wp\/v2\/product_cat?post=10204"},{"taxonomy":"product_tag","embeddable":true,"href":"https:\/\/doglife.be\/es\/wp-json\/wp\/v2\/product_tag?post=10204"}],"curies":[{"name":"wp","href":"https:\/\/api.w.org\/{rel}","templated":true}]}}