{"id":15471,"date":"2025-03-14T11:03:39","date_gmt":"2025-03-14T10:03:39","guid":{"rendered":"https:\/\/doglife.be\/?post_type=product&#038;p=15471"},"modified":"2026-03-23T14:38:13","modified_gmt":"2026-03-23T13:38:13","slug":"meri-deluxe-eend-spieren-400-gr","status":"publish","type":"product","link":"https:\/\/doglife.be\/es\/producto\/meri-deluxe-eend-spieren-400-gr\/","title":{"rendered":"MERI deluxe Eend &#8211; spieren 400 gr"},"content":{"rendered":"<h2 class=\"h2\" style=\"margin-right: 0px;margin-bottom: 1.875rem;margin-left: 0px;font-weight: 700;line-height: 1.1875;padding: 0px;text-transform: uppercase;font-family: Anton, Helvetica, Arial, sans-serif;letter-spacing: 0.5px\"><font style=\"vertical-align: inherit\">MERI 400g eendenspier zonder bot<\/font><\/h2>\n<div class=\"text text--1 color__brand--2\" style=\"font-size: 16px;line-height: 1.5;margin-bottom: 1.875rem;font-family: Roboto, Helvetica, Arial, sans-serif\">\n<p style=\"margin-bottom: 11px\"><span style=\"font-size: 11pt\"><span style=\"line-height: 15.6933px\"><span style=\"font-family: Calibri, sans-serif\"><span style=\"background-image: initial;background-position: initial;background-size: initial;background-repeat: initial;background-attachment: initial\"><span style=\"color: black\">Eend is, net als ander pluimveevlees, zeer gemakkelijk verteerbaar en een rijke bron van eiwitten. In tegenstelling tot kip- en kalkoenvlees is het vetter. Het bevat een gunstige hoeveelheid mineralen, vooral ijzer, fosfor, zink, natrium, kalium en vitamine B.<\/span><\/span><\/span><\/span><\/span><\/p>\n<p style=\"margin-bottom: 11px\"><span style=\"font-size: 11pt\"><span style=\"line-height: 15.6933px\"><span style=\"font-family: Calibri, sans-serif\">De blikvoeding uit de Meri-serie heeft een uitstekende voedingswaarde en bevat veel magnesium, wat de goede werking van spieren en zenuwen bevordert. Daarnaast bevat het voer natrium en calcium, wat een positief effect heeft op de versterking van de botten en gewrichten. Alles is in natuurlijke vorm.<\/span><\/span><\/span><\/p>\n<p style=\"margin-bottom: 11px\"><span style=\"font-size: 11pt\"><span style=\"line-height: 15.6933px\"><span style=\"font-family: Calibri, sans-serif\">De grote verpakking bevat 15 blikken vol voedzame vleesstukjes voor uw trouwe viervoeter.<\/span><\/span><\/span><\/p>\n<p style=\"margin-bottom: 11px\"><span style=\"font-size: 11pt\"><span style=\"line-height: 15.6933px\"><span style=\"font-family: Calibri, sans-serif\">Het blikvoer uit de Meri-serie is geschikt voor alle leeftijden en alle rassen.<\/span><\/span><\/span><\/p>\n<p style=\"margin-bottom: 11px\"><span style=\"font-size: 11pt\"><span style=\"line-height: 15.6933px\"><span style=\"font-family: Calibri, sans-serif\">Al onze producten zijn natuurlijk en bevatten geen kleurstoffen, smaakstoffen, conserveringsmiddelen, chemicali\u00ebn, granen, rijst of soja. De recepten zijn samengesteld door dierenarts en oprichter MVDr. Ji\u0159\u00ed Sokol.<\/span><\/span><\/span><\/p>\n<p style=\"margin-bottom: 11px\"><span style=\"margin-bottom: 11px\"><span style=\"font-size: 11pt\"><span style=\"line-height: 15.6933px\"><span style=\"font-family: Calibri, sans-serif\">FALCO blikvoer heeft een houdbaarheid van 3 jaar. Bovendien zijn ze voorzien van een transparant plastic deksel dat het vlees in blik vers houdt en voorkomt dat er nare geurtjes in de koelkast ontstaan. Je kunt het ongeveer 7 dagen in de koelkast bewaren, of zo lang als je wilt.<\/span><\/span><\/span><\/span><\/p>\n<p><span style=\"margin-bottom: 11px\"><span style=\"font-size: 11pt\"><span style=\"line-height: 15.6933px\"><span style=\"font-family: Calibri, sans-serif\"><b>Ingredi\u00ebnten<\/b>: Eendenspier zonder bot\u00a0<\/span><\/span><\/span><\/span><\/p>\n<p><span style=\"margin-bottom: 11px\"><span style=\"font-size: 11pt\"><span style=\"line-height: 15.6933px\"><span style=\"font-family: Calibri, sans-serif\"><b>Analytische bestanddelen:<\/b> ruw eiwit 16%, ruw vet 11%, ruwe celstof 0,5%, ruwe as 2,5%, vocht 70%, hoog natuurlijk gehalte aan vitamines (A, E, D) en aminozuren (lysine, methionine, cystine)<\/span><\/span><\/span><\/span><\/p>\n<\/div>\n","protected":false},"excerpt":{"rendered":"<p>De beste selectie stukken vlees. Het ingeblikte vlees is gevuld met 100% magere eendenspier zonder botten.<\/p>\n","protected":false},"featured_media":20837,"template":"","meta":[],"product_brand":[71],"product_cat":[316,249,905,285],"product_tag":[],"class_list":{"0":"post-15471","1":"product","2":"type-product","3":"status-publish","4":"has-post-thumbnail","6":"product_brand-sokol-falco4","7":"product_cat-100vlees-stukjes-katten_87","8":"product_cat-eliminatie-dieet_113","9":"product_cat-eliminatie-dieet-kat_241","10":"product_cat-natvoer-katten-_208","12":"first","13":"instock","14":"taxable","15":"shipping-taxable","16":"purchasable","17":"product-type-simple"},"yoast_head":"<!-- This site is optimized with the Yoast SEO plugin v27.2 - https:\/\/yoast.com\/product\/yoast-seo-wordpress\/ -->\n<title>MERI deluxe Eend - spieren 400 gr - Doglife<\/title>\n<meta name=\"robots\" content=\"index, follow, max-snippet:-1, max-image-preview:large, max-video-preview:-1\" \/>\n<link rel=\"canonical\" href=\"https:\/\/doglife.be\/es\/producto\/meri-deluxe-eend-spieren-400-gr\/\" \/>\n<meta property=\"og:locale\" content=\"es_ES\" \/>\n<meta property=\"og:type\" content=\"article\" \/>\n<meta property=\"og:title\" content=\"MERI deluxe Eend - spieren 400 gr - Doglife\" \/>\n<meta property=\"og:description\" content=\"De beste selectie stukken vlees. Het ingeblikte vlees is gevuld met 100% magere eendenspier zonder botten.\" \/>\n<meta property=\"og:url\" content=\"https:\/\/doglife.be\/es\/producto\/meri-deluxe-eend-spieren-400-gr\/\" \/>\n<meta property=\"og:site_name\" content=\"Doglife\" \/>\n<meta property=\"article:publisher\" content=\"https:\/\/www.facebook.com\/DoglifeBenelux\" \/>\n<meta property=\"article:modified_time\" content=\"2026-03-23T13:38:13+00:00\" \/>\n<meta property=\"og:image\" content=\"https:\/\/doglife.be\/wp-content\/uploads\/2025\/03\/meri_deluxe_eend_-_spieren_400_gr_3547.jpg\" \/>\n\t<meta property=\"og:image:width\" content=\"1200\" \/>\n\t<meta property=\"og:image:height\" content=\"1200\" \/>\n\t<meta property=\"og:image:type\" content=\"image\/jpeg\" \/>\n<meta name=\"twitter:card\" content=\"summary_large_image\" \/>\n<meta name=\"twitter:label1\" content=\"Tiempo de lectura\" \/>\n\t<meta name=\"twitter:data1\" content=\"1 minuto\" \/>\n<script type=\"application\/ld+json\" class=\"yoast-schema-graph\">{\"@context\":\"https:\/\/schema.org\",\"@graph\":[{\"@type\":\"WebPage\",\"@id\":\"https:\/\/doglife.be\/es\/producto\/meri-deluxe-eend-spieren-400-gr\/\",\"url\":\"https:\/\/doglife.be\/es\/producto\/meri-deluxe-eend-spieren-400-gr\/\",\"name\":\"MERI deluxe Eend - spieren 400 gr - Doglife\",\"isPartOf\":{\"@id\":\"https:\/\/doglife.be\/es\/#website\"},\"primaryImageOfPage\":{\"@id\":\"https:\/\/doglife.be\/es\/producto\/meri-deluxe-eend-spieren-400-gr\/#primaryimage\"},\"image\":{\"@id\":\"https:\/\/doglife.be\/es\/producto\/meri-deluxe-eend-spieren-400-gr\/#primaryimage\"},\"thumbnailUrl\":\"https:\/\/doglife.be\/wp-content\/uploads\/2025\/03\/meri_deluxe_eend_-_spieren_400_gr_3547.jpg\",\"datePublished\":\"2025-03-14T10:03:39+00:00\",\"dateModified\":\"2026-03-23T13:38:13+00:00\",\"breadcrumb\":{\"@id\":\"https:\/\/doglife.be\/es\/producto\/meri-deluxe-eend-spieren-400-gr\/#breadcrumb\"},\"inLanguage\":\"es\",\"potentialAction\":[{\"@type\":\"ReadAction\",\"target\":[\"https:\/\/doglife.be\/es\/producto\/meri-deluxe-eend-spieren-400-gr\/\"]}]},{\"@type\":\"ImageObject\",\"inLanguage\":\"es\",\"@id\":\"https:\/\/doglife.be\/es\/producto\/meri-deluxe-eend-spieren-400-gr\/#primaryimage\",\"url\":\"https:\/\/doglife.be\/wp-content\/uploads\/2025\/03\/meri_deluxe_eend_-_spieren_400_gr_3547.jpg\",\"contentUrl\":\"https:\/\/doglife.be\/wp-content\/uploads\/2025\/03\/meri_deluxe_eend_-_spieren_400_gr_3547.jpg\",\"width\":1200,\"height\":1200,\"caption\":\"MERI deluxe Eend - spieren 400 gr\"},{\"@type\":\"BreadcrumbList\",\"@id\":\"https:\/\/doglife.be\/es\/producto\/meri-deluxe-eend-spieren-400-gr\/#breadcrumb\",\"itemListElement\":[{\"@type\":\"ListItem\",\"position\":1,\"name\":\"Home\",\"item\":\"https:\/\/doglife.be\/es\/\"},{\"@type\":\"ListItem\",\"position\":2,\"name\":\"Tienda\",\"item\":\"https:\/\/doglife.be\/es\/tienda\/\"},{\"@type\":\"ListItem\",\"position\":3,\"name\":\"MERI deluxe Eend &#8211; spieren 400 gr\"}]},{\"@type\":\"WebSite\",\"@id\":\"https:\/\/doglife.be\/es\/#website\",\"url\":\"https:\/\/doglife.be\/es\/\",\"name\":\"Doglife\",\"description\":\"\",\"publisher\":{\"@id\":\"https:\/\/doglife.be\/es\/#organization\"},\"potentialAction\":[{\"@type\":\"SearchAction\",\"target\":{\"@type\":\"EntryPoint\",\"urlTemplate\":\"https:\/\/doglife.be\/es\/?s={search_term_string}\"},\"query-input\":{\"@type\":\"PropertyValueSpecification\",\"valueRequired\":true,\"valueName\":\"search_term_string\"}}],\"inLanguage\":\"es\"},{\"@type\":\"Organization\",\"@id\":\"https:\/\/doglife.be\/es\/#organization\",\"name\":\"Doglife\",\"url\":\"https:\/\/doglife.be\/es\/\",\"logo\":{\"@type\":\"ImageObject\",\"inLanguage\":\"es\",\"@id\":\"https:\/\/doglife.be\/es\/#\/schema\/logo\/image\/\",\"url\":\"https:\/\/doglife.be\/wp-content\/uploads\/2022\/07\/logo-doglife-white.webp\",\"contentUrl\":\"https:\/\/doglife.be\/wp-content\/uploads\/2022\/07\/logo-doglife-white.webp\",\"width\":137,\"height\":136,\"caption\":\"Doglife\"},\"image\":{\"@id\":\"https:\/\/doglife.be\/es\/#\/schema\/logo\/image\/\"},\"sameAs\":[\"https:\/\/www.facebook.com\/DoglifeBenelux\"]}]}<\/script>\n<!-- \/ Yoast SEO plugin. -->","yoast_head_json":{"title":"MERI deluxe Eend - spieren 400 gr - Doglife","robots":{"index":"index","follow":"follow","max-snippet":"max-snippet:-1","max-image-preview":"max-image-preview:large","max-video-preview":"max-video-preview:-1"},"canonical":"https:\/\/doglife.be\/es\/producto\/meri-deluxe-eend-spieren-400-gr\/","og_locale":"es_ES","og_type":"article","og_title":"MERI deluxe Eend - spieren 400 gr - Doglife","og_description":"De beste selectie stukken vlees. Het ingeblikte vlees is gevuld met 100% magere eendenspier zonder botten.","og_url":"https:\/\/doglife.be\/es\/producto\/meri-deluxe-eend-spieren-400-gr\/","og_site_name":"Doglife","article_publisher":"https:\/\/www.facebook.com\/DoglifeBenelux","article_modified_time":"2026-03-23T13:38:13+00:00","og_image":[{"width":1200,"height":1200,"url":"https:\/\/doglife.be\/wp-content\/uploads\/2025\/03\/meri_deluxe_eend_-_spieren_400_gr_3547.jpg","type":"image\/jpeg"}],"twitter_card":"summary_large_image","twitter_misc":{"Tiempo de lectura":"1 minuto"},"schema":{"@context":"https:\/\/schema.org","@graph":[{"@type":"WebPage","@id":"https:\/\/doglife.be\/es\/producto\/meri-deluxe-eend-spieren-400-gr\/","url":"https:\/\/doglife.be\/es\/producto\/meri-deluxe-eend-spieren-400-gr\/","name":"MERI deluxe Eend - spieren 400 gr - Doglife","isPartOf":{"@id":"https:\/\/doglife.be\/es\/#website"},"primaryImageOfPage":{"@id":"https:\/\/doglife.be\/es\/producto\/meri-deluxe-eend-spieren-400-gr\/#primaryimage"},"image":{"@id":"https:\/\/doglife.be\/es\/producto\/meri-deluxe-eend-spieren-400-gr\/#primaryimage"},"thumbnailUrl":"https:\/\/doglife.be\/wp-content\/uploads\/2025\/03\/meri_deluxe_eend_-_spieren_400_gr_3547.jpg","datePublished":"2025-03-14T10:03:39+00:00","dateModified":"2026-03-23T13:38:13+00:00","breadcrumb":{"@id":"https:\/\/doglife.be\/es\/producto\/meri-deluxe-eend-spieren-400-gr\/#breadcrumb"},"inLanguage":"es","potentialAction":[{"@type":"ReadAction","target":["https:\/\/doglife.be\/es\/producto\/meri-deluxe-eend-spieren-400-gr\/"]}]},{"@type":"ImageObject","inLanguage":"es","@id":"https:\/\/doglife.be\/es\/producto\/meri-deluxe-eend-spieren-400-gr\/#primaryimage","url":"https:\/\/doglife.be\/wp-content\/uploads\/2025\/03\/meri_deluxe_eend_-_spieren_400_gr_3547.jpg","contentUrl":"https:\/\/doglife.be\/wp-content\/uploads\/2025\/03\/meri_deluxe_eend_-_spieren_400_gr_3547.jpg","width":1200,"height":1200,"caption":"MERI deluxe Eend - spieren 400 gr"},{"@type":"BreadcrumbList","@id":"https:\/\/doglife.be\/es\/producto\/meri-deluxe-eend-spieren-400-gr\/#breadcrumb","itemListElement":[{"@type":"ListItem","position":1,"name":"Home","item":"https:\/\/doglife.be\/es\/"},{"@type":"ListItem","position":2,"name":"Tienda","item":"https:\/\/doglife.be\/es\/tienda\/"},{"@type":"ListItem","position":3,"name":"MERI deluxe Eend &#8211; spieren 400 gr"}]},{"@type":"WebSite","@id":"https:\/\/doglife.be\/es\/#website","url":"https:\/\/doglife.be\/es\/","name":"Doglife","description":"","publisher":{"@id":"https:\/\/doglife.be\/es\/#organization"},"potentialAction":[{"@type":"SearchAction","target":{"@type":"EntryPoint","urlTemplate":"https:\/\/doglife.be\/es\/?s={search_term_string}"},"query-input":{"@type":"PropertyValueSpecification","valueRequired":true,"valueName":"search_term_string"}}],"inLanguage":"es"},{"@type":"Organization","@id":"https:\/\/doglife.be\/es\/#organization","name":"Doglife","url":"https:\/\/doglife.be\/es\/","logo":{"@type":"ImageObject","inLanguage":"es","@id":"https:\/\/doglife.be\/es\/#\/schema\/logo\/image\/","url":"https:\/\/doglife.be\/wp-content\/uploads\/2022\/07\/logo-doglife-white.webp","contentUrl":"https:\/\/doglife.be\/wp-content\/uploads\/2022\/07\/logo-doglife-white.webp","width":137,"height":136,"caption":"Doglife"},"image":{"@id":"https:\/\/doglife.be\/es\/#\/schema\/logo\/image\/"},"sameAs":["https:\/\/www.facebook.com\/DoglifeBenelux"]}]}},"_links":{"self":[{"href":"https:\/\/doglife.be\/es\/wp-json\/wp\/v2\/product\/15471","targetHints":{"allow":["GET"]}}],"collection":[{"href":"https:\/\/doglife.be\/es\/wp-json\/wp\/v2\/product"}],"about":[{"href":"https:\/\/doglife.be\/es\/wp-json\/wp\/v2\/types\/product"}],"wp:featuredmedia":[{"embeddable":true,"href":"https:\/\/doglife.be\/es\/wp-json\/wp\/v2\/media\/20837"}],"wp:attachment":[{"href":"https:\/\/doglife.be\/es\/wp-json\/wp\/v2\/media?parent=15471"}],"wp:term":[{"taxonomy":"product_brand","embeddable":true,"href":"https:\/\/doglife.be\/es\/wp-json\/wp\/v2\/product_brand?post=15471"},{"taxonomy":"product_cat","embeddable":true,"href":"https:\/\/doglife.be\/es\/wp-json\/wp\/v2\/product_cat?post=15471"},{"taxonomy":"product_tag","embeddable":true,"href":"https:\/\/doglife.be\/es\/wp-json\/wp\/v2\/product_tag?post=15471"}],"curies":[{"name":"wp","href":"https:\/\/api.w.org\/{rel}","templated":true}]}}