{"id":15579,"date":"2025-03-14T11:04:13","date_gmt":"2025-03-14T10:04:13","guid":{"rendered":"https:\/\/doglife.be\/?post_type=product&#038;p=15579"},"modified":"2026-04-11T15:26:30","modified_gmt":"2026-04-11T14:26:30","slug":"freiland-gans-12-kg","status":"publish","type":"product","link":"https:\/\/doglife.be\/es\/producto\/freiland-gans-12-kg\/","title":{"rendered":"Markus-M\u00fchle Gans \u2013 koudgeperst\u00ae 12KG"},"content":{"rendered":"<p style=\"clear: both;line-height: 1.4;margin-right: 0px;margin-bottom: 0.75em;margin-left: 0px;padding: 1.5em 0px 0px\"><b>Voor gevoelige honden<\/b> \u2013 Bijzonder goed te verdragen door het gebruik van slechts \u00e9\u00e9n eiwitbron, de voedingswaardebehoudende productiemethode en de afwezigheid van tarwe en gluten.<\/p>\n<p style=\"clear: both;line-height: 1.4;margin-right: 0px;margin-bottom: 0.75em;margin-left: 0px;padding: 1.5em 0px 0px\"><\/p>\n<p style=\"clear: both;line-height: 1.4;margin-right: 0px;margin-bottom: 0.75em;margin-left: 0px;padding: 1.5em 0px 0px\"><b>Ingredi\u00ebnten uit de vrije uitloop<\/b> \u2013 Het vlees en de groenten van de Markus-M\u00fchle FREE-RANGE zijn gegarandeerd afkomstig van vrije uitlooplandbouw.<\/p>\n<p style=\"clear: both;line-height: 1.4;margin-right: 0px;margin-bottom: 0.75em;margin-left: 0px;padding: 1.5em 0px 0px\"><\/p>\n<p style=\"clear: both;line-height: 1.4;margin-right: 0px;margin-bottom: 0.75em;margin-left: 0px;padding: 1.5em 0px 0px\">In ons bijzonder <b>zachte productieproces<\/b> wordt het gehele productieproces continu gekoeld. Thermische denaturatie of zelfs verstijfseling van de afzonderlijke ingredi\u00ebnten is daarom vrijwel onmogelijk. Belangrijke componenten behouden hun biologische waarde. Dat betekent dat we via onze voeding een extra dosis natuurlijke voedingsstoffen en vitale stoffen binnenkrijgen, waardoor de uiterst gevoelige secundaire plantenstoffen hun volledige werking kunnen ontplooien.<\/p>\n<p style=\"clear: both;line-height: 1.4;margin-right: 0px;margin-bottom: 0.75em;margin-left: 0px;padding: 1.5em 0px 0px\"><\/p>\n<p style=\"clear: both;line-height: 1.4;margin-right: 0px;margin-bottom: 0.75em;margin-left: 0px;padding: 1.5em 0px 0px\">&#8211; Selectie van ingredi\u00ebnten van de hoogste kwaliteit<\/p>\n<p style=\"clear: both;line-height: 1.4;margin-right: 0px;margin-bottom: 0.75em;margin-left: 0px;padding: 1.5em 0px 0px\">&#8211; Geproduceerd met behoud van voedingsstoffen<\/p>\n<p style=\"clear: both;line-height: 1.4;margin-right: 0px;margin-bottom: 0.75em;margin-left: 0px;padding: 1.5em 0px 0px\">&#8211; Zonder tarwe en gluten<\/p>\n<p style=\"clear: both;line-height: 1.4;margin-right: 0px;margin-bottom: 0.75em;margin-left: 0px;padding: 1.5em 0px 0px\">&#8211; Zeer uitgebalanceerd voor uw hond<\/p>\n<p style=\"clear: both;line-height: 1.4;margin-right: 0px;margin-bottom: 0.75em;margin-left: 0px;padding: 1.5em 0px 0px\"><span style=\"background-color: var( --e-global-color-accent );color: inherit;font-family: inherit;font-size: 2rem\"><br \/><\/span><\/p>\n<p style=\"clear: both;line-height: 1.4;margin-right: 0px;margin-bottom: 0.75em;margin-left: 0px;padding: 1.5em 0px 0px\"><span style=\"background-color: var( --e-global-color-accent );color: inherit;font-family: inherit;font-size: 2rem\">Gans met aardappelen, rode biet en appels<\/span><\/p>\n<h2 style=\"clear: both;line-height: 1.4;margin-right: 0px;margin-bottom: 0.75em;margin-left: 0px;padding: 1.5em 0px 0px;font-size: 1.625rem;font-family:\">\n<section class=\"elementor-section elementor-top-section elementor-element elementor-element-391aff0 elementor-section-boxed elementor-section-height-default elementor-section-height-default\" data-id=\"391aff0\" data-element_type=\"section\" data-settings=\"{\" style=\"--flex-direction: initial;--flex-wrap: initial;--justify-content: initial;--align-items: initial;--align-content: initial;--gap: initial;--flex-basis: initial;--flex-grow: initial;--flex-shrink: initial;--order: initial;--align-self: initial;align-self: var(--align-self);flex-basis: var(--flex-basis);flex-grow: var(--flex-grow);flex-shrink: var(--flex-shrink);position: relative;--widgets-spacing: 20px 20px;--widgets-spacing-row: 20px;--widgets-spacing-column: 20px;--swiper-theme-color: #000;--swiper-navigation-size: 44px;--swiper-pagination-bullet-size: 6px;--swiper-pagination-bullet-horizontal-gap: 6px;margin-top: 0px;margin-bottom: 0px;padding: 38.0938px 0px;background-color: var( --e-global-color-accent );font-family: Lato, sans-serif;font-size: 16px;font-style: normal;font-weight: 400;letter-spacing: normal;text-align: start;text-indent: 0px;text-transform: none;white-space: normal\">\n<div class=\"elementor-container elementor-column-gap-default\" style=\"margin-left: auto;margin-right: auto;position: relative;max-width: 1140px\">\n<div class=\"elementor-column elementor-col-100 elementor-top-column elementor-element elementor-element-cb848e6\" data-id=\"cb848e6\" data-element_type=\"column\" data-settings=\"{\" style=\"--flex-direction: initial;--flex-wrap: initial;--justify-content: initial;--align-items: initial;--align-content: initial;--gap: initial;--flex-basis: initial;--flex-grow: initial;--flex-shrink: initial;--order: initial;--align-self: initial;align-self: var(--align-self);flex-basis: var(--flex-basis);flex-grow: var(--flex-grow);flex-shrink: var(--flex-shrink);min-height: 1px;position: relative;--widgets-spacing: 20px 20px;--widgets-spacing-row: 20px;--widgets-spacing-column: 20px;--swiper-theme-color: #000;--swiper-navigation-size: 44px;--swiper-pagination-bullet-size: 6px;--swiper-pagination-bullet-horizontal-gap: 6px;width: 1140px\">\n<div class=\"elementor-widget-wrap elementor-element-populated\" style=\"align-content: flex-start;flex-wrap: wrap;position: relative;width: 1090px;padding: 30px;border-radius: 0px;margin: 0px 50px 0px 0px;--e-column-margin-right: 50px;--e-column-margin-left: 0px;background-color: var( --e-global-color-accent )\">\n<div class=\"elementor-element elementor-element-c597157 elementor-widget elementor-widget-woocommerce-product-content\" data-id=\"c597157\" data-element_type=\"widget\" data-widget_type=\"woocommerce-product-content.default\" style=\"--flex-direction: initial;--flex-wrap: initial;--justify-content: initial;--align-items: initial;--align-content: initial;--gap: initial;--flex-basis: initial;--flex-grow: initial;--flex-shrink: initial;--order: initial;--align-self: initial;align-self: var(--align-self);flex-basis: var(--flex-basis);flex-grow: var(--flex-grow);flex-shrink: var(--flex-shrink);align-content: var(--align-content);align-items: var(--align-items);flex-direction: var(--flex-direction);flex-wrap: var(--flex-wrap);gap: var(--row-gap) var(--column-gap);justify-content: var(--justify-content);position: relative;--widgets-spacing: 20px 20px;--widgets-spacing-row: 20px;--widgets-spacing-column: 20px;--swiper-theme-color: #000;--swiper-navigation-size: 44px;--swiper-pagination-bullet-size: 6px;--swiper-pagination-bullet-horizontal-gap: 6px;color: var( --e-global-color-text );font-family: var( --e-global-typography-text-font-family ), Sans-serif;font-weight: var( --e-global-typography-text-font-weight );width: 1030px\">\n<div class=\"elementor-widget-container\">\n<div class=\"product\" style=\"margin-bottom: 0px;position: relative\">\n<p style=\"margin-top: 0px;margin-bottom: 0.9rem\"><strong style=\"font-weight: bolder\"><span>Samenstelling:<\/span><br \/><\/strong><span>Gemalen ganzenvlees 31%; gestoofde aardappelen 25%; gestoomde groentemix (bestaande uit wortelen, selderij, erwten, pastinaak); rode biet 6%; bietenpulp; Hennepolie koudgeperst; witte visolie; Appels 3%, kruidenmengsel gedroogd en gemalen (bestaande uit: brandnetelbladeren, heermoeskruid, paardenbloem); lijnzaad; zeewiermeel; Moor<\/span><\/p>\n<p style=\"margin-top: 0px;margin-bottom: 0.9rem\"><strong style=\"font-weight: bolder\"><span>Ingredi\u00ebnten:<\/span><\/strong><br \/><span>Ruw eiwit 24%; Ruw vet 9%; Ruwe celstof 2,5%; ruwe as 6,5%; calcium 1,3%; fosfor 1%; Natrium 0,39%<\/span><\/p>\n<p style=\"margin-top: 0px;margin-bottom: 0.9rem\"><strong style=\"font-weight: bolder\"><span>Nutritionele toevoegingsmiddelen\/kg:<\/span><\/strong><br \/><span>Vitaminen, provitaminen en soortgelijke stoffen Vitamine A 10.000 IE; Vitamine D3 1.000 IE; Vitamine E 200mg; Vitamine B1 3,5 mg; Vitamine B2 als riboflavine 7 mg; Vitamine B6 als pyridoxinehydrochloride 4,2 mg; Vitamine B12 42 \u03bcg; Biotine 210 \u03bcg; foliumzuur 0,35 mg; niacinamide\u00a0<\/span><span>21 mg; Vitamine C 140 mg; Calcium D-Pantothenaat 7 mg; Cholinechloride 2.000 mg<\/span><br \/><span>sporenelementen koper als koper (II) glycinechelaathydraat 16 mg; Mangaan als glycine-mangaanchelaathydraat 52 mg; Zink als glycine-zinkchelaathydraat 62,5 mg; Jodium als calciumjodaat, watervrij 0,3 mg; Seleen als Na-seleniet 150 \u03bcg<\/span><\/p>\n<p style=\"margin-top: 0px;margin-bottom: 0.9rem\"><strong style=\"font-weight: bolder\"><span>Voedingsadvies (dagelijks):<\/span><\/strong><\/p>\n<table width=\"459\" style=\"background-color: transparent;width: 1030px;margin-bottom: 15px;font-size: 0.9em;border-spacing: 0px;border-collapse: collapse\">\n<thead>\n<tr>\n<th style=\"padding: 15px;line-height: 1.5;vertical-align: top;font-weight: 700;font-size: 1em\"><span>Gewicht van de hond<\/span><\/th>\n<th style=\"padding: 15px;line-height: 1.5;vertical-align: top;font-weight: 700;font-size: 1em\"><span>Hoeveelheid voer<\/span><\/th>\n<\/tr>\n<\/thead>\n<tbody>\n<tr>\n<td style=\"padding: 15px;line-height: 1.5;vertical-align: top\"><span>2 kg<\/span><\/td>\n<td style=\"padding: 15px;line-height: 1.5;vertical-align: top\"><span>50g<\/span><\/td>\n<\/tr>\n<tr>\n<td style=\"padding: 15px;line-height: 1.5;vertical-align: top\"><span>5 kg<\/span><\/td>\n<td style=\"padding: 15px;line-height: 1.5;vertical-align: top\"><span>100g<\/span><\/td>\n<\/tr>\n<tr>\n<td style=\"padding: 15px;line-height: 1.5;vertical-align: top\"><span>7 kg<\/span><\/td>\n<td style=\"padding: 15px;line-height: 1.5;vertical-align: top\"><span>130g<\/span><\/td>\n<\/tr>\n<tr>\n<td style=\"padding: 15px;line-height: 1.5;vertical-align: top\"><span>10 kg<\/span><\/td>\n<td style=\"padding: 15px;line-height: 1.5;vertical-align: top\"><span>170g<\/span><\/td>\n<\/tr>\n<tr>\n<td style=\"padding: 15px;line-height: 1.5;vertical-align: top\"><span>15 kg<\/span><\/td>\n<td style=\"padding: 15px;line-height: 1.5;vertical-align: top\"><span>260g<\/span><\/td>\n<\/tr>\n<tr>\n<td style=\"padding: 15px;line-height: 1.5;vertical-align: top\"><span>20 kg<\/span><\/td>\n<td style=\"padding: 15px;line-height: 1.5;vertical-align: top\"><span>290g<\/span><\/td>\n<\/tr>\n<tr>\n<td style=\"padding: 15px;line-height: 1.5;vertical-align: top\"><span>25 kg<\/span><\/td>\n<td style=\"padding: 15px;line-height: 1.5;vertical-align: top\"><span>320g<\/span><\/td>\n<\/tr>\n<tr>\n<td style=\"padding: 15px;line-height: 1.5;vertical-align: top\"><span>30 kg<\/span><\/td>\n<td style=\"padding: 15px;line-height: 1.5;vertical-align: top\"><span>380g<\/span><\/td>\n<\/tr>\n<tr>\n<td style=\"padding: 15px;line-height: 1.5;vertical-align: top\"><span>35 kg<\/span><\/td>\n<td style=\"padding: 15px;line-height: 1.5;vertical-align: top\"><span>420g<\/span><\/td>\n<\/tr>\n<tr>\n<td style=\"padding: 15px;line-height: 1.5;vertical-align: top\"><span>40 kg<\/span><\/td>\n<td style=\"padding: 15px;line-height: 1.5;vertical-align: top\"><span>460g<\/span><\/td>\n<\/tr>\n<tr>\n<td style=\"padding: 15px;line-height: 1.5;vertical-align: top\"><span>45 kg<\/span><\/td>\n<td style=\"padding: 15px;line-height: 1.5;vertical-align: top\"><span>510g<\/span><\/td>\n<\/tr>\n<tr>\n<td style=\"padding: 15px;line-height: 1.5;vertical-align: top\"><span>50 kg<\/span><\/td>\n<td style=\"padding: 15px;line-height: 1.5;vertical-align: top\"><span>545g<\/span><\/td>\n<\/tr>\n<tr>\n<td style=\"padding: 15px;line-height: 1.5;vertical-align: top\"><span>60 kg<\/span><\/td>\n<td style=\"padding: 15px;line-height: 1.5;vertical-align: top\"><span>630g<\/span><\/td>\n<\/tr>\n<tr>\n<td style=\"padding: 15px;line-height: 1.5;vertical-align: top\"><span>70 kg<\/span><\/td>\n<td style=\"padding: 15px;line-height: 1.5;vertical-align: top\"><span>710g<\/span><\/td>\n<\/tr>\n<tr>\n<td style=\"padding: 15px;line-height: 1.5;vertical-align: top\"><span>80 kg<\/span><\/td>\n<td style=\"padding: 15px;line-height: 1.5;vertical-align: top\"><span>785g<\/span><\/td>\n<\/tr>\n<\/tbody>\n<\/table>\n<p style=\"margin-top: 0px;margin-bottom: 0.9rem\"><span>De aanbevolen hoeveelheid voer per dag komt overeen met ongeveer 1,2% van het lichaamsgewicht van een volwassen hond.* De daadwerkelijke voerbehoefte is afhankelijk van de activiteit en leeftijd van de hond. Deze informatie is slechts een richtlijn; Zoet water moet altijd voldoende beschikbaar zijn.<\/span><br \/><span>* Voor jonge honden bedraagt \u200b\u200bde hoeveelheid voer maximaal 2,5% van het lichaamsgewicht.<\/span><\/p>\n<\/div>\n<\/div>\n<\/div>\n<\/div>\n<\/div>\n<\/div>\n<\/section>\n<\/h2>\n","protected":false},"excerpt":{"rendered":"<p>Markus-M\u00fchle FREILAND Gans \u2013 koudgeperst\u00ae  Ons hoogwaardige hondendroogvoer wordt geproduceerd volgens het innovatieve en voedingsvriendelijke ICEpress\u00ae-proces . De Markus-M\u00fchle FREILAND is een tarwevrij hondenvoer met gegarandeerde FREILAND-ingredi\u00ebnten en we gebruiken slechts \u00e9\u00e9n eiwitbron , waardoor het ook geschikt is voor gevoelige honden .<\/p>\n","protected":false},"featured_media":47442,"template":"","meta":[],"product_brand":[80],"product_cat":[289,252],"product_tag":[],"class_list":{"0":"post-15579","1":"product","2":"type-product","3":"status-publish","4":"has-post-thumbnail","6":"product_brand-markus-muhle13","7":"product_cat-markus-muhle-_34","8":"product_cat-promoties_230","10":"first","11":"instock","12":"taxable","13":"shipping-taxable","14":"purchasable","15":"product-type-simple"},"yoast_head":"<!-- This site is optimized with the Yoast SEO plugin v27.2 - https:\/\/yoast.com\/product\/yoast-seo-wordpress\/ -->\n<title>Markus-M\u00fchle Gans \u2013 koudgeperst\u00ae 12KG - Doglife<\/title>\n<meta name=\"robots\" content=\"index, follow, max-snippet:-1, max-image-preview:large, max-video-preview:-1\" \/>\n<link rel=\"canonical\" href=\"https:\/\/doglife.be\/es\/producto\/freiland-gans-12-kg\/\" \/>\n<meta property=\"og:locale\" content=\"es_ES\" \/>\n<meta property=\"og:type\" content=\"article\" \/>\n<meta property=\"og:title\" content=\"Markus-M\u00fchle Gans \u2013 koudgeperst\u00ae 12KG - Doglife\" \/>\n<meta property=\"og:description\" content=\"Markus-M\u00fchle FREILAND Gans \u2013 koudgeperst\u00ae Ons hoogwaardige hondendroogvoer wordt geproduceerd volgens het innovatieve en voedingsvriendelijke ICEpress\u00ae-proces . De Markus-M\u00fchle FREILAND is een tarwevrij hondenvoer met gegarandeerde FREILAND-ingredi\u00ebnten en we gebruiken slechts \u00e9\u00e9n eiwitbron , waardoor het ook geschikt is voor gevoelige honden .\" \/>\n<meta property=\"og:url\" content=\"https:\/\/doglife.be\/es\/producto\/freiland-gans-12-kg\/\" \/>\n<meta property=\"og:site_name\" content=\"Doglife\" \/>\n<meta property=\"article:publisher\" content=\"https:\/\/www.facebook.com\/DoglifeBenelux\" \/>\n<meta property=\"article:modified_time\" content=\"2026-04-11T14:26:30+00:00\" \/>\n<meta property=\"og:image\" content=\"https:\/\/doglife.be\/wp-content\/uploads\/2025\/08\/markus-mhle_gans__koudgeperst_12kg_4448.jpg\" \/>\n\t<meta property=\"og:image:width\" content=\"1200\" \/>\n\t<meta property=\"og:image:height\" content=\"1200\" \/>\n\t<meta property=\"og:image:type\" content=\"image\/jpeg\" \/>\n<meta name=\"twitter:card\" content=\"summary_large_image\" \/>\n<meta name=\"twitter:label1\" content=\"Tiempo de lectura\" \/>\n\t<meta name=\"twitter:data1\" content=\"2 minutos\" \/>\n<script type=\"application\/ld+json\" class=\"yoast-schema-graph\">{\"@context\":\"https:\/\/schema.org\",\"@graph\":[{\"@type\":\"WebPage\",\"@id\":\"https:\/\/doglife.be\/es\/producto\/freiland-gans-12-kg\/\",\"url\":\"https:\/\/doglife.be\/es\/producto\/freiland-gans-12-kg\/\",\"name\":\"Markus-M\u00fchle Gans \u2013 koudgeperst\u00ae 12KG - Doglife\",\"isPartOf\":{\"@id\":\"https:\/\/doglife.be\/es\/#website\"},\"primaryImageOfPage\":{\"@id\":\"https:\/\/doglife.be\/es\/producto\/freiland-gans-12-kg\/#primaryimage\"},\"image\":{\"@id\":\"https:\/\/doglife.be\/es\/producto\/freiland-gans-12-kg\/#primaryimage\"},\"thumbnailUrl\":\"https:\/\/doglife.be\/wp-content\/uploads\/2026\/04\/markus-mhle_gans__koudgeperst_12kg_2626.jpg\",\"datePublished\":\"2025-03-14T10:04:13+00:00\",\"dateModified\":\"2026-04-11T14:26:30+00:00\",\"breadcrumb\":{\"@id\":\"https:\/\/doglife.be\/es\/producto\/freiland-gans-12-kg\/#breadcrumb\"},\"inLanguage\":\"es\",\"potentialAction\":[{\"@type\":\"ReadAction\",\"target\":[\"https:\/\/doglife.be\/es\/producto\/freiland-gans-12-kg\/\"]}]},{\"@type\":\"ImageObject\",\"inLanguage\":\"es\",\"@id\":\"https:\/\/doglife.be\/es\/producto\/freiland-gans-12-kg\/#primaryimage\",\"url\":\"https:\/\/doglife.be\/wp-content\/uploads\/2026\/04\/markus-mhle_gans__koudgeperst_12kg_2626.jpg\",\"contentUrl\":\"https:\/\/doglife.be\/wp-content\/uploads\/2026\/04\/markus-mhle_gans__koudgeperst_12kg_2626.jpg\",\"width\":1200,\"height\":1200,\"caption\":\"Markus-M\u00fchle Gans \u2013 koudgeperst\u00ae 12KG\"},{\"@type\":\"BreadcrumbList\",\"@id\":\"https:\/\/doglife.be\/es\/producto\/freiland-gans-12-kg\/#breadcrumb\",\"itemListElement\":[{\"@type\":\"ListItem\",\"position\":1,\"name\":\"Home\",\"item\":\"https:\/\/doglife.be\/es\/\"},{\"@type\":\"ListItem\",\"position\":2,\"name\":\"Tienda\",\"item\":\"https:\/\/doglife.be\/es\/tienda\/\"},{\"@type\":\"ListItem\",\"position\":3,\"name\":\"Markus-M\u00fchle Gans \u2013 koudgeperst\u00ae 12KG\"}]},{\"@type\":\"WebSite\",\"@id\":\"https:\/\/doglife.be\/es\/#website\",\"url\":\"https:\/\/doglife.be\/es\/\",\"name\":\"Doglife\",\"description\":\"\",\"publisher\":{\"@id\":\"https:\/\/doglife.be\/es\/#organization\"},\"potentialAction\":[{\"@type\":\"SearchAction\",\"target\":{\"@type\":\"EntryPoint\",\"urlTemplate\":\"https:\/\/doglife.be\/es\/?s={search_term_string}\"},\"query-input\":{\"@type\":\"PropertyValueSpecification\",\"valueRequired\":true,\"valueName\":\"search_term_string\"}}],\"inLanguage\":\"es\"},{\"@type\":\"Organization\",\"@id\":\"https:\/\/doglife.be\/es\/#organization\",\"name\":\"Doglife\",\"url\":\"https:\/\/doglife.be\/es\/\",\"logo\":{\"@type\":\"ImageObject\",\"inLanguage\":\"es\",\"@id\":\"https:\/\/doglife.be\/es\/#\/schema\/logo\/image\/\",\"url\":\"https:\/\/doglife.be\/wp-content\/uploads\/2022\/07\/logo-doglife-white.webp\",\"contentUrl\":\"https:\/\/doglife.be\/wp-content\/uploads\/2022\/07\/logo-doglife-white.webp\",\"width\":137,\"height\":136,\"caption\":\"Doglife\"},\"image\":{\"@id\":\"https:\/\/doglife.be\/es\/#\/schema\/logo\/image\/\"},\"sameAs\":[\"https:\/\/www.facebook.com\/DoglifeBenelux\"]}]}<\/script>\n<!-- \/ Yoast SEO plugin. -->","yoast_head_json":{"title":"Markus-M\u00fchle Gans \u2013 koudgeperst\u00ae 12KG - Doglife","robots":{"index":"index","follow":"follow","max-snippet":"max-snippet:-1","max-image-preview":"max-image-preview:large","max-video-preview":"max-video-preview:-1"},"canonical":"https:\/\/doglife.be\/es\/producto\/freiland-gans-12-kg\/","og_locale":"es_ES","og_type":"article","og_title":"Markus-M\u00fchle Gans \u2013 koudgeperst\u00ae 12KG - Doglife","og_description":"Markus-M\u00fchle FREILAND Gans \u2013 koudgeperst\u00ae Ons hoogwaardige hondendroogvoer wordt geproduceerd volgens het innovatieve en voedingsvriendelijke ICEpress\u00ae-proces . De Markus-M\u00fchle FREILAND is een tarwevrij hondenvoer met gegarandeerde FREILAND-ingredi\u00ebnten en we gebruiken slechts \u00e9\u00e9n eiwitbron , waardoor het ook geschikt is voor gevoelige honden .","og_url":"https:\/\/doglife.be\/es\/producto\/freiland-gans-12-kg\/","og_site_name":"Doglife","article_publisher":"https:\/\/www.facebook.com\/DoglifeBenelux","article_modified_time":"2026-04-11T14:26:30+00:00","og_image":[{"width":1200,"height":1200,"url":"https:\/\/doglife.be\/wp-content\/uploads\/2025\/08\/markus-mhle_gans__koudgeperst_12kg_4448.jpg","type":"image\/jpeg"}],"twitter_card":"summary_large_image","twitter_misc":{"Tiempo de lectura":"2 minutos"},"schema":{"@context":"https:\/\/schema.org","@graph":[{"@type":"WebPage","@id":"https:\/\/doglife.be\/es\/producto\/freiland-gans-12-kg\/","url":"https:\/\/doglife.be\/es\/producto\/freiland-gans-12-kg\/","name":"Markus-M\u00fchle Gans \u2013 koudgeperst\u00ae 12KG - Doglife","isPartOf":{"@id":"https:\/\/doglife.be\/es\/#website"},"primaryImageOfPage":{"@id":"https:\/\/doglife.be\/es\/producto\/freiland-gans-12-kg\/#primaryimage"},"image":{"@id":"https:\/\/doglife.be\/es\/producto\/freiland-gans-12-kg\/#primaryimage"},"thumbnailUrl":"https:\/\/doglife.be\/wp-content\/uploads\/2026\/04\/markus-mhle_gans__koudgeperst_12kg_2626.jpg","datePublished":"2025-03-14T10:04:13+00:00","dateModified":"2026-04-11T14:26:30+00:00","breadcrumb":{"@id":"https:\/\/doglife.be\/es\/producto\/freiland-gans-12-kg\/#breadcrumb"},"inLanguage":"es","potentialAction":[{"@type":"ReadAction","target":["https:\/\/doglife.be\/es\/producto\/freiland-gans-12-kg\/"]}]},{"@type":"ImageObject","inLanguage":"es","@id":"https:\/\/doglife.be\/es\/producto\/freiland-gans-12-kg\/#primaryimage","url":"https:\/\/doglife.be\/wp-content\/uploads\/2026\/04\/markus-mhle_gans__koudgeperst_12kg_2626.jpg","contentUrl":"https:\/\/doglife.be\/wp-content\/uploads\/2026\/04\/markus-mhle_gans__koudgeperst_12kg_2626.jpg","width":1200,"height":1200,"caption":"Markus-M\u00fchle Gans \u2013 koudgeperst\u00ae 12KG"},{"@type":"BreadcrumbList","@id":"https:\/\/doglife.be\/es\/producto\/freiland-gans-12-kg\/#breadcrumb","itemListElement":[{"@type":"ListItem","position":1,"name":"Home","item":"https:\/\/doglife.be\/es\/"},{"@type":"ListItem","position":2,"name":"Tienda","item":"https:\/\/doglife.be\/es\/tienda\/"},{"@type":"ListItem","position":3,"name":"Markus-M\u00fchle Gans \u2013 koudgeperst\u00ae 12KG"}]},{"@type":"WebSite","@id":"https:\/\/doglife.be\/es\/#website","url":"https:\/\/doglife.be\/es\/","name":"Doglife","description":"","publisher":{"@id":"https:\/\/doglife.be\/es\/#organization"},"potentialAction":[{"@type":"SearchAction","target":{"@type":"EntryPoint","urlTemplate":"https:\/\/doglife.be\/es\/?s={search_term_string}"},"query-input":{"@type":"PropertyValueSpecification","valueRequired":true,"valueName":"search_term_string"}}],"inLanguage":"es"},{"@type":"Organization","@id":"https:\/\/doglife.be\/es\/#organization","name":"Doglife","url":"https:\/\/doglife.be\/es\/","logo":{"@type":"ImageObject","inLanguage":"es","@id":"https:\/\/doglife.be\/es\/#\/schema\/logo\/image\/","url":"https:\/\/doglife.be\/wp-content\/uploads\/2022\/07\/logo-doglife-white.webp","contentUrl":"https:\/\/doglife.be\/wp-content\/uploads\/2022\/07\/logo-doglife-white.webp","width":137,"height":136,"caption":"Doglife"},"image":{"@id":"https:\/\/doglife.be\/es\/#\/schema\/logo\/image\/"},"sameAs":["https:\/\/www.facebook.com\/DoglifeBenelux"]}]}},"_links":{"self":[{"href":"https:\/\/doglife.be\/es\/wp-json\/wp\/v2\/product\/15579","targetHints":{"allow":["GET"]}}],"collection":[{"href":"https:\/\/doglife.be\/es\/wp-json\/wp\/v2\/product"}],"about":[{"href":"https:\/\/doglife.be\/es\/wp-json\/wp\/v2\/types\/product"}],"wp:featuredmedia":[{"embeddable":true,"href":"https:\/\/doglife.be\/es\/wp-json\/wp\/v2\/media\/47442"}],"wp:attachment":[{"href":"https:\/\/doglife.be\/es\/wp-json\/wp\/v2\/media?parent=15579"}],"wp:term":[{"taxonomy":"product_brand","embeddable":true,"href":"https:\/\/doglife.be\/es\/wp-json\/wp\/v2\/product_brand?post=15579"},{"taxonomy":"product_cat","embeddable":true,"href":"https:\/\/doglife.be\/es\/wp-json\/wp\/v2\/product_cat?post=15579"},{"taxonomy":"product_tag","embeddable":true,"href":"https:\/\/doglife.be\/es\/wp-json\/wp\/v2\/product_tag?post=15579"}],"curies":[{"name":"wp","href":"https:\/\/api.w.org\/{rel}","templated":true}]}}