{"id":47340,"date":"2026-04-11T14:14:32","date_gmt":"2026-04-11T13:14:32","guid":{"rendered":"https:\/\/doglife.be\/product\/yoggies-ecologisch-kattenbakvulling-3-kg\/"},"modified":"2026-04-14T14:38:53","modified_gmt":"2026-04-14T13:38:53","slug":"yoggies-ecologisch-kattenbakvulling-3-kg","status":"publish","type":"product","link":"https:\/\/doglife.be\/es\/producto\/yoggies-ecologisch-kattenbakvulling-3-kg\/","title":{"rendered":"Yoggies &#8211; Ecologisch kattenbakvulling 3 kg"},"content":{"rendered":"<h2>Gedetailleerde beschrijving<\/h2>\n<p>Het is beter om niet te weten hoe een kattenbak werkt, en dat is precies hoe het werkt met onze kattenbakvulling van gerecyclede cellulose. Het combineert een hoge absorptiecapaciteit met zo&#8217;n eenvoudig onderhoud dat schoonmaken slechts enkele seconden duurt. Een zachte keuze die het milieu en uw tijd spaart.<\/p>\n<p><\/p>\n<h1>Waarom u en uw huisdier er dol op zullen zijn<\/h1>\n<p>Razendsnelle absorptie zonder geur &#8211; speciale cellulosekorrels absorberen meer vocht dan gewone minerale kattenbakvulling. Ze helpen de kattenbak schoon en fris te houden, zelfs bij dagelijks gebruik door uw kat.<\/p>\n<p><\/p>\n<p><b>Minder stof in huis<\/b> &#8211; onze kattenbakvulling is minimaal stoffig. Uw huisdier kan rondscharrelen zonder dat u na elk bezoek meteen de stofzuiger hoeft te pakken.<\/p>\n<p><\/p>\n<p><b>Een licht gewicht dat u zult waarderen <\/b>&#8211; vergeet het sjouwen met zware zakken. Dankzij het lage gewicht kunt u de kattenbakvulling gemakkelijk en moeiteloos bijvullen en vervangen.<\/p>\n<p><\/p>\n<p><b>Gaat tot 3 weken mee<\/b> &#8211; de hoge effici\u00ebntie betekent dat \u00e9\u00e9n verpakking uw kat bijna een maand meegaat.<\/p>\n<p><\/p>\n<h2>Geen chemicali\u00ebn in huis of in de natuur<\/h2>\n<p>De basis bestaat alleen uit geperste naaldhoutvezels en gerecycled papier. Geen chemicali\u00ebn, alleen puur materiaal dat 100% biologisch afbreekbaar is. De kattenbakvulling is daardoor extreem zacht voor gevoelige kattenpootjes en het milieu waarin we samenleven.<\/p>\n<p><\/p>\n<h2>Belangrijkste voordelen van Yoggies kattenbakvulling:<\/h2>\n<ul>\n<li>Gerecyclede cellulosebasis<\/li>\n<li>Hoge absorptie en geurabsorptie<\/li>\n<li>Weinig stofvorming<\/li>\n<li>Lichtgewicht, dus gemakkelijk te dragen<\/li>\n<li>Gaat tot 3 weken mee voor \u00e9\u00e9n kat<\/li>\n<li>100% biologisch afbreekbaar<\/li>\n<li>Kan direct door het toilet worden gespoeld<\/li>\n<li>Schone kattenbakvulling in een paar seconden<\/li>\n<\/ul>\n<h2>Samenstelling<\/h2>\n<p>gerecyclede cellulose<\/p>\n<p>(een combinatie van naaldhoutvezels en gerecycled papier)<\/p>\n<p><\/p>\n<p>De kattenbakvulling is 100% biologisch afbreekbaar, vrij van ongewenste toevoegingen en ontworpen om milieuvriendelijk te zijn.<\/p>\n","protected":false},"excerpt":{"rendered":"<p>Yoggies kattenbakvulling is een ecologische vulling gemaakt van gerecyclede cellulose die uitstekend absorberend is, geuren absorbeert en zorgt voor hygi\u00ebne en milieuvriendelijkheid.<\/p>\n","protected":false},"featured_media":47334,"template":"","meta":[],"product_brand":[69],"product_cat":[251,320],"product_tag":[],"class_list":{"0":"post-47340","1":"product","2":"type-product","3":"status-publish","4":"has-post-thumbnail","6":"product_brand-yoggies2","7":"product_cat-katten_27","8":"product_cat-kattenbak-vulling_108","10":"first","11":"instock","12":"taxable","13":"shipping-taxable","14":"purchasable","15":"product-type-simple"},"yoast_head":"<!-- This site is optimized with the Yoast SEO plugin v27.2 - https:\/\/yoast.com\/product\/yoast-seo-wordpress\/ -->\n<title>Yoggies - Ecologisch kattenbakvulling 3 kg - Doglife<\/title>\n<meta name=\"robots\" content=\"index, follow, max-snippet:-1, max-image-preview:large, max-video-preview:-1\" \/>\n<link rel=\"canonical\" href=\"https:\/\/doglife.be\/es\/producto\/yoggies-ecologisch-kattenbakvulling-3-kg\/\" \/>\n<meta property=\"og:locale\" content=\"es_ES\" \/>\n<meta property=\"og:type\" content=\"article\" \/>\n<meta property=\"og:title\" content=\"Yoggies - Ecologisch kattenbakvulling 3 kg - Doglife\" \/>\n<meta property=\"og:description\" content=\"Yoggies kattenbakvulling is een ecologische vulling gemaakt van gerecyclede cellulose die uitstekend absorberend is, geuren absorbeert en zorgt voor hygi\u00ebne en milieuvriendelijkheid.\" \/>\n<meta property=\"og:url\" content=\"https:\/\/doglife.be\/es\/producto\/yoggies-ecologisch-kattenbakvulling-3-kg\/\" \/>\n<meta property=\"og:site_name\" content=\"Doglife\" \/>\n<meta property=\"article:publisher\" content=\"https:\/\/www.facebook.com\/DoglifeBenelux\" \/>\n<meta property=\"article:modified_time\" content=\"2026-04-14T13:38:53+00:00\" \/>\n<meta property=\"og:image\" content=\"https:\/\/doglife.be\/wp-content\/uploads\/2026\/04\/Yoggies_-_Ecologisch_kattenbakvulling_3_kg.jpg\" \/>\n\t<meta property=\"og:image:width\" content=\"1600\" \/>\n\t<meta property=\"og:image:height\" content=\"1555\" \/>\n\t<meta property=\"og:image:type\" content=\"image\/jpeg\" \/>\n<meta name=\"twitter:card\" content=\"summary_large_image\" \/>\n<meta name=\"twitter:label1\" content=\"Tiempo de lectura\" \/>\n\t<meta name=\"twitter:data1\" content=\"1 minuto\" \/>\n<script type=\"application\/ld+json\" class=\"yoast-schema-graph\">{\"@context\":\"https:\/\/schema.org\",\"@graph\":[{\"@type\":\"WebPage\",\"@id\":\"https:\/\/doglife.be\/es\/producto\/yoggies-ecologisch-kattenbakvulling-3-kg\/\",\"url\":\"https:\/\/doglife.be\/es\/producto\/yoggies-ecologisch-kattenbakvulling-3-kg\/\",\"name\":\"Yoggies - Ecologisch kattenbakvulling 3 kg - Doglife\",\"isPartOf\":{\"@id\":\"https:\/\/doglife.be\/es\/#website\"},\"primaryImageOfPage\":{\"@id\":\"https:\/\/doglife.be\/es\/producto\/yoggies-ecologisch-kattenbakvulling-3-kg\/#primaryimage\"},\"image\":{\"@id\":\"https:\/\/doglife.be\/es\/producto\/yoggies-ecologisch-kattenbakvulling-3-kg\/#primaryimage\"},\"thumbnailUrl\":\"https:\/\/doglife.be\/wp-content\/uploads\/2026\/04\/Yoggies_-_Ecologisch_kattenbakvulling_3_kg.jpg\",\"datePublished\":\"2026-04-11T13:14:32+00:00\",\"dateModified\":\"2026-04-14T13:38:53+00:00\",\"breadcrumb\":{\"@id\":\"https:\/\/doglife.be\/es\/producto\/yoggies-ecologisch-kattenbakvulling-3-kg\/#breadcrumb\"},\"inLanguage\":\"es\",\"potentialAction\":[{\"@type\":\"ReadAction\",\"target\":[\"https:\/\/doglife.be\/es\/producto\/yoggies-ecologisch-kattenbakvulling-3-kg\/\"]}]},{\"@type\":\"ImageObject\",\"inLanguage\":\"es\",\"@id\":\"https:\/\/doglife.be\/es\/producto\/yoggies-ecologisch-kattenbakvulling-3-kg\/#primaryimage\",\"url\":\"https:\/\/doglife.be\/wp-content\/uploads\/2026\/04\/Yoggies_-_Ecologisch_kattenbakvulling_3_kg.jpg\",\"contentUrl\":\"https:\/\/doglife.be\/wp-content\/uploads\/2026\/04\/Yoggies_-_Ecologisch_kattenbakvulling_3_kg.jpg\",\"width\":1600,\"height\":1555,\"caption\":\"Yoggies - Ecologisch kattenbakvulling 3 kg\"},{\"@type\":\"BreadcrumbList\",\"@id\":\"https:\/\/doglife.be\/es\/producto\/yoggies-ecologisch-kattenbakvulling-3-kg\/#breadcrumb\",\"itemListElement\":[{\"@type\":\"ListItem\",\"position\":1,\"name\":\"Home\",\"item\":\"https:\/\/doglife.be\/es\/\"},{\"@type\":\"ListItem\",\"position\":2,\"name\":\"Tienda\",\"item\":\"https:\/\/doglife.be\/es\/tienda\/\"},{\"@type\":\"ListItem\",\"position\":3,\"name\":\"Yoggies &#8211; Ecologisch kattenbakvulling 3 kg\"}]},{\"@type\":\"WebSite\",\"@id\":\"https:\/\/doglife.be\/es\/#website\",\"url\":\"https:\/\/doglife.be\/es\/\",\"name\":\"Doglife\",\"description\":\"\",\"publisher\":{\"@id\":\"https:\/\/doglife.be\/es\/#organization\"},\"potentialAction\":[{\"@type\":\"SearchAction\",\"target\":{\"@type\":\"EntryPoint\",\"urlTemplate\":\"https:\/\/doglife.be\/es\/?s={search_term_string}\"},\"query-input\":{\"@type\":\"PropertyValueSpecification\",\"valueRequired\":true,\"valueName\":\"search_term_string\"}}],\"inLanguage\":\"es\"},{\"@type\":\"Organization\",\"@id\":\"https:\/\/doglife.be\/es\/#organization\",\"name\":\"Doglife\",\"url\":\"https:\/\/doglife.be\/es\/\",\"logo\":{\"@type\":\"ImageObject\",\"inLanguage\":\"es\",\"@id\":\"https:\/\/doglife.be\/es\/#\/schema\/logo\/image\/\",\"url\":\"https:\/\/doglife.be\/wp-content\/uploads\/2022\/07\/logo-doglife-white.webp\",\"contentUrl\":\"https:\/\/doglife.be\/wp-content\/uploads\/2022\/07\/logo-doglife-white.webp\",\"width\":137,\"height\":136,\"caption\":\"Doglife\"},\"image\":{\"@id\":\"https:\/\/doglife.be\/es\/#\/schema\/logo\/image\/\"},\"sameAs\":[\"https:\/\/www.facebook.com\/DoglifeBenelux\"]}]}<\/script>\n<!-- \/ Yoast SEO plugin. -->","yoast_head_json":{"title":"Yoggies - Ecologisch kattenbakvulling 3 kg - Doglife","robots":{"index":"index","follow":"follow","max-snippet":"max-snippet:-1","max-image-preview":"max-image-preview:large","max-video-preview":"max-video-preview:-1"},"canonical":"https:\/\/doglife.be\/es\/producto\/yoggies-ecologisch-kattenbakvulling-3-kg\/","og_locale":"es_ES","og_type":"article","og_title":"Yoggies - Ecologisch kattenbakvulling 3 kg - Doglife","og_description":"Yoggies kattenbakvulling is een ecologische vulling gemaakt van gerecyclede cellulose die uitstekend absorberend is, geuren absorbeert en zorgt voor hygi\u00ebne en milieuvriendelijkheid.","og_url":"https:\/\/doglife.be\/es\/producto\/yoggies-ecologisch-kattenbakvulling-3-kg\/","og_site_name":"Doglife","article_publisher":"https:\/\/www.facebook.com\/DoglifeBenelux","article_modified_time":"2026-04-14T13:38:53+00:00","og_image":[{"width":1600,"height":1555,"url":"https:\/\/doglife.be\/wp-content\/uploads\/2026\/04\/Yoggies_-_Ecologisch_kattenbakvulling_3_kg.jpg","type":"image\/jpeg"}],"twitter_card":"summary_large_image","twitter_misc":{"Tiempo de lectura":"1 minuto"},"schema":{"@context":"https:\/\/schema.org","@graph":[{"@type":"WebPage","@id":"https:\/\/doglife.be\/es\/producto\/yoggies-ecologisch-kattenbakvulling-3-kg\/","url":"https:\/\/doglife.be\/es\/producto\/yoggies-ecologisch-kattenbakvulling-3-kg\/","name":"Yoggies - Ecologisch kattenbakvulling 3 kg - Doglife","isPartOf":{"@id":"https:\/\/doglife.be\/es\/#website"},"primaryImageOfPage":{"@id":"https:\/\/doglife.be\/es\/producto\/yoggies-ecologisch-kattenbakvulling-3-kg\/#primaryimage"},"image":{"@id":"https:\/\/doglife.be\/es\/producto\/yoggies-ecologisch-kattenbakvulling-3-kg\/#primaryimage"},"thumbnailUrl":"https:\/\/doglife.be\/wp-content\/uploads\/2026\/04\/Yoggies_-_Ecologisch_kattenbakvulling_3_kg.jpg","datePublished":"2026-04-11T13:14:32+00:00","dateModified":"2026-04-14T13:38:53+00:00","breadcrumb":{"@id":"https:\/\/doglife.be\/es\/producto\/yoggies-ecologisch-kattenbakvulling-3-kg\/#breadcrumb"},"inLanguage":"es","potentialAction":[{"@type":"ReadAction","target":["https:\/\/doglife.be\/es\/producto\/yoggies-ecologisch-kattenbakvulling-3-kg\/"]}]},{"@type":"ImageObject","inLanguage":"es","@id":"https:\/\/doglife.be\/es\/producto\/yoggies-ecologisch-kattenbakvulling-3-kg\/#primaryimage","url":"https:\/\/doglife.be\/wp-content\/uploads\/2026\/04\/Yoggies_-_Ecologisch_kattenbakvulling_3_kg.jpg","contentUrl":"https:\/\/doglife.be\/wp-content\/uploads\/2026\/04\/Yoggies_-_Ecologisch_kattenbakvulling_3_kg.jpg","width":1600,"height":1555,"caption":"Yoggies - Ecologisch kattenbakvulling 3 kg"},{"@type":"BreadcrumbList","@id":"https:\/\/doglife.be\/es\/producto\/yoggies-ecologisch-kattenbakvulling-3-kg\/#breadcrumb","itemListElement":[{"@type":"ListItem","position":1,"name":"Home","item":"https:\/\/doglife.be\/es\/"},{"@type":"ListItem","position":2,"name":"Tienda","item":"https:\/\/doglife.be\/es\/tienda\/"},{"@type":"ListItem","position":3,"name":"Yoggies &#8211; Ecologisch kattenbakvulling 3 kg"}]},{"@type":"WebSite","@id":"https:\/\/doglife.be\/es\/#website","url":"https:\/\/doglife.be\/es\/","name":"Doglife","description":"","publisher":{"@id":"https:\/\/doglife.be\/es\/#organization"},"potentialAction":[{"@type":"SearchAction","target":{"@type":"EntryPoint","urlTemplate":"https:\/\/doglife.be\/es\/?s={search_term_string}"},"query-input":{"@type":"PropertyValueSpecification","valueRequired":true,"valueName":"search_term_string"}}],"inLanguage":"es"},{"@type":"Organization","@id":"https:\/\/doglife.be\/es\/#organization","name":"Doglife","url":"https:\/\/doglife.be\/es\/","logo":{"@type":"ImageObject","inLanguage":"es","@id":"https:\/\/doglife.be\/es\/#\/schema\/logo\/image\/","url":"https:\/\/doglife.be\/wp-content\/uploads\/2022\/07\/logo-doglife-white.webp","contentUrl":"https:\/\/doglife.be\/wp-content\/uploads\/2022\/07\/logo-doglife-white.webp","width":137,"height":136,"caption":"Doglife"},"image":{"@id":"https:\/\/doglife.be\/es\/#\/schema\/logo\/image\/"},"sameAs":["https:\/\/www.facebook.com\/DoglifeBenelux"]}]}},"_links":{"self":[{"href":"https:\/\/doglife.be\/es\/wp-json\/wp\/v2\/product\/47340","targetHints":{"allow":["GET"]}}],"collection":[{"href":"https:\/\/doglife.be\/es\/wp-json\/wp\/v2\/product"}],"about":[{"href":"https:\/\/doglife.be\/es\/wp-json\/wp\/v2\/types\/product"}],"wp:featuredmedia":[{"embeddable":true,"href":"https:\/\/doglife.be\/es\/wp-json\/wp\/v2\/media\/47334"}],"wp:attachment":[{"href":"https:\/\/doglife.be\/es\/wp-json\/wp\/v2\/media?parent=47340"}],"wp:term":[{"taxonomy":"product_brand","embeddable":true,"href":"https:\/\/doglife.be\/es\/wp-json\/wp\/v2\/product_brand?post=47340"},{"taxonomy":"product_cat","embeddable":true,"href":"https:\/\/doglife.be\/es\/wp-json\/wp\/v2\/product_cat?post=47340"},{"taxonomy":"product_tag","embeddable":true,"href":"https:\/\/doglife.be\/es\/wp-json\/wp\/v2\/product_tag?post=47340"}],"curies":[{"name":"wp","href":"https:\/\/api.w.org\/{rel}","templated":true}]}}