{"id":47552,"date":"2026-04-11T16:34:08","date_gmt":"2026-04-11T15:34:08","guid":{"rendered":"https:\/\/doglife.be\/product\/185g-yoggies-ragout-voor-katten-rund-monoprotein-castrate\/"},"modified":"2026-04-11T17:01:13","modified_gmt":"2026-04-11T16:01:13","slug":"185g-yoggies-ragout-voor-katten-rund-monoprotein-castrate","status":"publish","type":"product","link":"https:\/\/doglife.be\/es\/producto\/185g-yoggies-ragout-voor-katten-rund-monoprotein-castrate\/","title":{"rendered":"185g Yoggies RAGOUT voor katten Rund MONOPROTEIN (castrate)"},"content":{"rendered":"<h2>Gedetailleerde beschrijving<\/h2>\n<div>Castratie betekent niet het einde van culinaire ervaringen, maar eerder het begin van een nieuw hoofdstuk waarin lichtheid in elke beweging een belangrijke rol speelt. Om ervoor te zorgen dat uw huisdier geen greintje van zijn behendigheid verliest, heeft hij voeding nodig die vult maar hem niet verzwaart.<\/div>\n<div><\/div>\n<div>Yoggies RAG\u00da met rundermonoprote\u00efne bewijst dat zelfs een functioneel dieet een waar feestmaal kan zijn. Het recept, gebaseerd op \u00e9\u00e9n soort vlees en een samenstelling die 100% vrij is van chemicali\u00ebn, biedt precies wat een (gecastreerde) jager nodig heeft voor een voldaan gevoel.<\/div>\n<div><\/div>\n<h1>De kracht van rundvlees voor een rustige spijsvertering.<\/h1>\n<div><\/div>\n<div>E\u00e9n soort vlees in een bakje betekent minder zorgen voor de spijsvertering. Rundermonoprote\u00efne is een uitstekende keuze voor alle katten die kwaliteit waarderen en een zo zacht mogelijke aanpak zonder onnodige toevoegingen vereisen.<\/div>\n<div><\/div>\n<div><b>Verzadiging zonder dat dit ten koste gaat van de lichtheid<\/b> &#8211; Dankzij de toegevoegde vezels en het lagere energiegehalte zal uw kat voldaan zijn zonder te veel te eten. De perfecte manier om het fysieke profiel van uw jager te behouden en hem toch een vol gevoel te geven na het eten.<\/div>\n<div><\/div>\n<div><b>Ondersteuning van de urinewegen<\/b> &#8211; Een uitgebalanceerde verhouding mineralen helpt de urinewegen van uw kat in balans te houden, zodat uw kat elke dag in alle comfort kan genieten.<\/div>\n<div><\/div>\n<div><b>Een glanzende vacht en scherp zicht <\/b>&#8211; Koudgeperste teunisbloemolie geeft de vacht een prachtige glans, terwijl taurine zorgt voor een goede hartfunctie en een scherp zicht.<\/div>\n<div><\/div>\n<div><b>Energiebron &#8211; L-carnitine<\/b> werkt als een kleine motor die helpt bij de vetverbranding en de omzetting ervan in energie voor alledaagse avonturen.<\/div>\n<div><\/div>\n<h1>Een smaak die zelfs de meest kieskeurige eters zal bekoren.<\/h1>\n<div><\/div>\n<div>Vergeet saaie voeding. In deze RAGU\u00da vindt u sappige stukjes rundvlees en ingewanden in een saus die zo verleidelijk ruikt dat zelfs de meest fijnproevers naar de kom zullen lokken. Geen granen, soja of suiker. Puur rundvlees heeft geen maskering of smaakstoffen nodig.<\/div>\n<div><\/div>\n<h1>Van ochtendlijke rek- en strekoefeningen tot het zoeken naar speelgoed.<\/h1>\n<div><\/div>\n<div>Het leven van een kat zit vol belangrijke taken en met een goed afgestemd dieet gaan ze allemaal beter. Met Yoggies RAG\u00da geeft u uw dier bij elke hap vitaliteit, zodat het genoeg energie heeft om de schappen te verkennen en een welverdiende rust te krijgen.<\/div>\n<div><\/div>\n<h1>De belangrijkste voordelen van Yoggies ragout::<\/h1>\n<ul>\n<li>Rundvleesmonoprote\u00efne als enige eiwitbron.<\/li>\n<li>Complete voeding voor gecastreerde dieren.<\/li>\n<li>Verlaagd energiegehalte en vezelgehalte voor een verzadigd gevoel en een slank figuur.<\/li>\n<li>Ondersteunt de gezondheid van de urinewegen.<\/li>\n<li>Teunisbloemolie voor een representatieve vacht en een gezonde huid.<\/li>\n<li>Taurine voor een goede hartfunctie en scherp zicht.<\/li>\n<li>L-carnitine ter ondersteuning van de vetstofwisseling.<\/li>\n<li>100% natuurlijke samenstelling zonder granen, soja, suiker en chemicali\u00ebn.<\/li>\n<\/ul>\n<h1>Samenstelling:<\/h1>\n<p>rundvlees 66% [spier, kopvlees, gemengde ingewanden (hart, longen, lever)]<\/p>\n<p>runderbouillon 32%<\/p>\n<p>cellulose<\/p>\n<p>mineralen<\/p>\n<p>koudgeperste teunisbloemolie<\/p>\n<p><b>Analytische bestanddelen:<\/b> ruw eiwit 9,5%, ruw vet 4,3%, ruwe vezels 1%, ruwe as 2%, vocht 82%, calcium 0,23%, fosfor 0,17%.<\/p>\n<p><\/p>\n<p>(Analytische bestanddelen, uiterlijk en consistentie kunnen enigszins vari\u00ebren afhankelijk van het seizoen en de leverancier van de gebruikte grondstoffen.)<\/p>\n<p><\/p>\n<p><b>Voedingsadditieven, vitaminen, provitaminen en chemisch gedefinieerde stoffen met een vergelijkbaar effect\/kg:<\/b> vitamine A 3000 IE, vitamine D 3260 IE, vitamine E 30 mg, taurine 1500 mg, L-carnitine 200 mg.<\/p>\n<p><\/p>\n<p><b>Metaboliseerbare energie (ME): 787 kcal\/kg<\/b><\/p>\n","protected":false},"excerpt":{"rendered":"<p>Runderragout met monoprote\u00efne voor gecastreerde dieren. Het pure recept zonder granen en chemicali\u00ebn is goed voor de gevoelige spijsvertering, helpt bij het behouden van een slank figuur en ondersteunt de gezondheid van de urinewegen bij elke portie.<\/p>\n","protected":false},"featured_media":47546,"template":"","meta":[],"product_brand":[69],"product_cat":[316,318],"product_tag":[],"class_list":{"0":"post-47552","1":"product","2":"type-product","3":"status-publish","4":"has-post-thumbnail","6":"product_brand-yoggies2","7":"product_cat-100vlees-stukjes-katten_87","8":"product_cat-met-groenten-katten_90","10":"first","11":"outofstock","12":"taxable","13":"shipping-taxable","14":"purchasable","15":"product-type-simple"},"yoast_head":"<!-- This site is optimized with the Yoast SEO plugin v27.2 - https:\/\/yoast.com\/product\/yoast-seo-wordpress\/ -->\n<title>185g Yoggies RAGOUT voor katten Rund MONOPROTEIN (castrate) - Doglife<\/title>\n<meta name=\"robots\" content=\"index, follow, max-snippet:-1, max-image-preview:large, max-video-preview:-1\" \/>\n<link rel=\"canonical\" href=\"https:\/\/doglife.be\/es\/producto\/185g-yoggies-ragout-voor-katten-rund-monoprotein-castrate\/\" \/>\n<meta property=\"og:locale\" content=\"es_ES\" \/>\n<meta property=\"og:type\" content=\"article\" \/>\n<meta property=\"og:title\" content=\"185g Yoggies RAGOUT voor katten Rund MONOPROTEIN (castrate) - Doglife\" \/>\n<meta property=\"og:description\" content=\"Runderragout met monoprote\u00efne voor gecastreerde dieren. Het pure recept zonder granen en chemicali\u00ebn is goed voor de gevoelige spijsvertering, helpt bij het behouden van een slank figuur en ondersteunt de gezondheid van de urinewegen bij elke portie.\" \/>\n<meta property=\"og:url\" content=\"https:\/\/doglife.be\/es\/producto\/185g-yoggies-ragout-voor-katten-rund-monoprotein-castrate\/\" \/>\n<meta property=\"og:site_name\" content=\"Doglife\" \/>\n<meta property=\"article:publisher\" content=\"https:\/\/www.facebook.com\/DoglifeBenelux\" \/>\n<meta property=\"article:modified_time\" content=\"2026-04-11T16:01:13+00:00\" \/>\n<meta name=\"twitter:card\" content=\"summary_large_image\" \/>\n<meta name=\"twitter:label1\" content=\"Tiempo de lectura\" \/>\n\t<meta name=\"twitter:data1\" content=\"3 minutos\" \/>\n<script type=\"application\/ld+json\" class=\"yoast-schema-graph\">{\"@context\":\"https:\/\/schema.org\",\"@graph\":[{\"@type\":\"WebPage\",\"@id\":\"https:\/\/doglife.be\/es\/producto\/185g-yoggies-ragout-voor-katten-rund-monoprotein-castrate\/\",\"url\":\"https:\/\/doglife.be\/es\/producto\/185g-yoggies-ragout-voor-katten-rund-monoprotein-castrate\/\",\"name\":\"185g Yoggies RAGOUT voor katten Rund MONOPROTEIN (castrate) - Doglife\",\"isPartOf\":{\"@id\":\"https:\/\/doglife.be\/es\/#website\"},\"primaryImageOfPage\":{\"@id\":\"https:\/\/doglife.be\/es\/producto\/185g-yoggies-ragout-voor-katten-rund-monoprotein-castrate\/#primaryimage\"},\"image\":{\"@id\":\"https:\/\/doglife.be\/es\/producto\/185g-yoggies-ragout-voor-katten-rund-monoprotein-castrate\/#primaryimage\"},\"thumbnailUrl\":\"https:\/\/doglife.be\/wp-content\/uploads\/2026\/04\/185g_Yoggies_RAGOUT_voor_katten_Rund_MONOPROTEIN_castrate.jpg\",\"datePublished\":\"2026-04-11T15:34:08+00:00\",\"dateModified\":\"2026-04-11T16:01:13+00:00\",\"breadcrumb\":{\"@id\":\"https:\/\/doglife.be\/es\/producto\/185g-yoggies-ragout-voor-katten-rund-monoprotein-castrate\/#breadcrumb\"},\"inLanguage\":\"es\",\"potentialAction\":[{\"@type\":\"ReadAction\",\"target\":[\"https:\/\/doglife.be\/es\/producto\/185g-yoggies-ragout-voor-katten-rund-monoprotein-castrate\/\"]}]},{\"@type\":\"ImageObject\",\"inLanguage\":\"es\",\"@id\":\"https:\/\/doglife.be\/es\/producto\/185g-yoggies-ragout-voor-katten-rund-monoprotein-castrate\/#primaryimage\",\"url\":\"https:\/\/doglife.be\/wp-content\/uploads\/2026\/04\/185g_Yoggies_RAGOUT_voor_katten_Rund_MONOPROTEIN_castrate.jpg\",\"contentUrl\":\"https:\/\/doglife.be\/wp-content\/uploads\/2026\/04\/185g_Yoggies_RAGOUT_voor_katten_Rund_MONOPROTEIN_castrate.jpg\",\"width\":978,\"height\":960,\"caption\":\"185g Yoggies RAGOUT voor katten Rund MONOPROTEIN (castrate)\"},{\"@type\":\"BreadcrumbList\",\"@id\":\"https:\/\/doglife.be\/es\/producto\/185g-yoggies-ragout-voor-katten-rund-monoprotein-castrate\/#breadcrumb\",\"itemListElement\":[{\"@type\":\"ListItem\",\"position\":1,\"name\":\"Home\",\"item\":\"https:\/\/doglife.be\/es\/\"},{\"@type\":\"ListItem\",\"position\":2,\"name\":\"Tienda\",\"item\":\"https:\/\/doglife.be\/es\/tienda\/\"},{\"@type\":\"ListItem\",\"position\":3,\"name\":\"185g Yoggies RAGOUT voor katten Rund MONOPROTEIN (castrate)\"}]},{\"@type\":\"WebSite\",\"@id\":\"https:\/\/doglife.be\/es\/#website\",\"url\":\"https:\/\/doglife.be\/es\/\",\"name\":\"Doglife\",\"description\":\"\",\"publisher\":{\"@id\":\"https:\/\/doglife.be\/es\/#organization\"},\"potentialAction\":[{\"@type\":\"SearchAction\",\"target\":{\"@type\":\"EntryPoint\",\"urlTemplate\":\"https:\/\/doglife.be\/es\/?s={search_term_string}\"},\"query-input\":{\"@type\":\"PropertyValueSpecification\",\"valueRequired\":true,\"valueName\":\"search_term_string\"}}],\"inLanguage\":\"es\"},{\"@type\":\"Organization\",\"@id\":\"https:\/\/doglife.be\/es\/#organization\",\"name\":\"Doglife\",\"url\":\"https:\/\/doglife.be\/es\/\",\"logo\":{\"@type\":\"ImageObject\",\"inLanguage\":\"es\",\"@id\":\"https:\/\/doglife.be\/es\/#\/schema\/logo\/image\/\",\"url\":\"https:\/\/doglife.be\/wp-content\/uploads\/2022\/07\/logo-doglife-white.webp\",\"contentUrl\":\"https:\/\/doglife.be\/wp-content\/uploads\/2022\/07\/logo-doglife-white.webp\",\"width\":137,\"height\":136,\"caption\":\"Doglife\"},\"image\":{\"@id\":\"https:\/\/doglife.be\/es\/#\/schema\/logo\/image\/\"},\"sameAs\":[\"https:\/\/www.facebook.com\/DoglifeBenelux\"]}]}<\/script>\n<!-- \/ Yoast SEO plugin. -->","yoast_head_json":{"title":"185g Yoggies RAGOUT voor katten Rund MONOPROTEIN (castrate) - Doglife","robots":{"index":"index","follow":"follow","max-snippet":"max-snippet:-1","max-image-preview":"max-image-preview:large","max-video-preview":"max-video-preview:-1"},"canonical":"https:\/\/doglife.be\/es\/producto\/185g-yoggies-ragout-voor-katten-rund-monoprotein-castrate\/","og_locale":"es_ES","og_type":"article","og_title":"185g Yoggies RAGOUT voor katten Rund MONOPROTEIN (castrate) - Doglife","og_description":"Runderragout met monoprote\u00efne voor gecastreerde dieren. Het pure recept zonder granen en chemicali\u00ebn is goed voor de gevoelige spijsvertering, helpt bij het behouden van een slank figuur en ondersteunt de gezondheid van de urinewegen bij elke portie.","og_url":"https:\/\/doglife.be\/es\/producto\/185g-yoggies-ragout-voor-katten-rund-monoprotein-castrate\/","og_site_name":"Doglife","article_publisher":"https:\/\/www.facebook.com\/DoglifeBenelux","article_modified_time":"2026-04-11T16:01:13+00:00","twitter_card":"summary_large_image","twitter_misc":{"Tiempo de lectura":"3 minutos"},"schema":{"@context":"https:\/\/schema.org","@graph":[{"@type":"WebPage","@id":"https:\/\/doglife.be\/es\/producto\/185g-yoggies-ragout-voor-katten-rund-monoprotein-castrate\/","url":"https:\/\/doglife.be\/es\/producto\/185g-yoggies-ragout-voor-katten-rund-monoprotein-castrate\/","name":"185g Yoggies RAGOUT voor katten Rund MONOPROTEIN (castrate) - Doglife","isPartOf":{"@id":"https:\/\/doglife.be\/es\/#website"},"primaryImageOfPage":{"@id":"https:\/\/doglife.be\/es\/producto\/185g-yoggies-ragout-voor-katten-rund-monoprotein-castrate\/#primaryimage"},"image":{"@id":"https:\/\/doglife.be\/es\/producto\/185g-yoggies-ragout-voor-katten-rund-monoprotein-castrate\/#primaryimage"},"thumbnailUrl":"https:\/\/doglife.be\/wp-content\/uploads\/2026\/04\/185g_Yoggies_RAGOUT_voor_katten_Rund_MONOPROTEIN_castrate.jpg","datePublished":"2026-04-11T15:34:08+00:00","dateModified":"2026-04-11T16:01:13+00:00","breadcrumb":{"@id":"https:\/\/doglife.be\/es\/producto\/185g-yoggies-ragout-voor-katten-rund-monoprotein-castrate\/#breadcrumb"},"inLanguage":"es","potentialAction":[{"@type":"ReadAction","target":["https:\/\/doglife.be\/es\/producto\/185g-yoggies-ragout-voor-katten-rund-monoprotein-castrate\/"]}]},{"@type":"ImageObject","inLanguage":"es","@id":"https:\/\/doglife.be\/es\/producto\/185g-yoggies-ragout-voor-katten-rund-monoprotein-castrate\/#primaryimage","url":"https:\/\/doglife.be\/wp-content\/uploads\/2026\/04\/185g_Yoggies_RAGOUT_voor_katten_Rund_MONOPROTEIN_castrate.jpg","contentUrl":"https:\/\/doglife.be\/wp-content\/uploads\/2026\/04\/185g_Yoggies_RAGOUT_voor_katten_Rund_MONOPROTEIN_castrate.jpg","width":978,"height":960,"caption":"185g Yoggies RAGOUT voor katten Rund MONOPROTEIN (castrate)"},{"@type":"BreadcrumbList","@id":"https:\/\/doglife.be\/es\/producto\/185g-yoggies-ragout-voor-katten-rund-monoprotein-castrate\/#breadcrumb","itemListElement":[{"@type":"ListItem","position":1,"name":"Home","item":"https:\/\/doglife.be\/es\/"},{"@type":"ListItem","position":2,"name":"Tienda","item":"https:\/\/doglife.be\/es\/tienda\/"},{"@type":"ListItem","position":3,"name":"185g Yoggies RAGOUT voor katten Rund MONOPROTEIN (castrate)"}]},{"@type":"WebSite","@id":"https:\/\/doglife.be\/es\/#website","url":"https:\/\/doglife.be\/es\/","name":"Doglife","description":"","publisher":{"@id":"https:\/\/doglife.be\/es\/#organization"},"potentialAction":[{"@type":"SearchAction","target":{"@type":"EntryPoint","urlTemplate":"https:\/\/doglife.be\/es\/?s={search_term_string}"},"query-input":{"@type":"PropertyValueSpecification","valueRequired":true,"valueName":"search_term_string"}}],"inLanguage":"es"},{"@type":"Organization","@id":"https:\/\/doglife.be\/es\/#organization","name":"Doglife","url":"https:\/\/doglife.be\/es\/","logo":{"@type":"ImageObject","inLanguage":"es","@id":"https:\/\/doglife.be\/es\/#\/schema\/logo\/image\/","url":"https:\/\/doglife.be\/wp-content\/uploads\/2022\/07\/logo-doglife-white.webp","contentUrl":"https:\/\/doglife.be\/wp-content\/uploads\/2022\/07\/logo-doglife-white.webp","width":137,"height":136,"caption":"Doglife"},"image":{"@id":"https:\/\/doglife.be\/es\/#\/schema\/logo\/image\/"},"sameAs":["https:\/\/www.facebook.com\/DoglifeBenelux"]}]}},"_links":{"self":[{"href":"https:\/\/doglife.be\/es\/wp-json\/wp\/v2\/product\/47552","targetHints":{"allow":["GET"]}}],"collection":[{"href":"https:\/\/doglife.be\/es\/wp-json\/wp\/v2\/product"}],"about":[{"href":"https:\/\/doglife.be\/es\/wp-json\/wp\/v2\/types\/product"}],"wp:featuredmedia":[{"embeddable":true,"href":"https:\/\/doglife.be\/es\/wp-json\/wp\/v2\/media\/47546"}],"wp:attachment":[{"href":"https:\/\/doglife.be\/es\/wp-json\/wp\/v2\/media?parent=47552"}],"wp:term":[{"taxonomy":"product_brand","embeddable":true,"href":"https:\/\/doglife.be\/es\/wp-json\/wp\/v2\/product_brand?post=47552"},{"taxonomy":"product_cat","embeddable":true,"href":"https:\/\/doglife.be\/es\/wp-json\/wp\/v2\/product_cat?post=47552"},{"taxonomy":"product_tag","embeddable":true,"href":"https:\/\/doglife.be\/es\/wp-json\/wp\/v2\/product_tag?post=47552"}],"curies":[{"name":"wp","href":"https:\/\/api.w.org\/{rel}","templated":true}]}}