{"id":8811,"date":"2025-03-14T09:49:56","date_gmt":"2025-03-14T08:49:56","guid":{"rendered":"https:\/\/doglife.be\/?post_type=product&#038;p=8811"},"modified":"2026-01-07T12:04:17","modified_gmt":"2026-01-07T11:04:17","slug":"liza-400g-rund","status":"publish","type":"product","link":"https:\/\/doglife.be\/es\/producto\/liza-400g-rund\/","title":{"rendered":"LIZA 400g rund"},"content":{"rendered":"<div class=\"elementor-element elementor-element-586fa40 elementor-show-heading-yes elementor-widget elementor-widget-woocommerce-product-additional-information\" data-id=\"586fa40\" data-element_type=\"widget\" data-widget_type=\"woocommerce-product-additional-information.default\" style=\"--flex-direction: initial;--flex-wrap: initial;--justify-content: initial;--align-items: initial;--align-content: initial;--gap: initial;--flex-basis: initial;--flex-grow: initial;--flex-shrink: initial;--order: initial;--align-self: initial;align-self: var(--align-self);flex-basis: var(--flex-basis);flex-grow: var(--flex-grow);flex-shrink: var(--flex-shrink);align-content: var(--align-content);align-items: var(--align-items);flex-direction: var(--flex-direction);flex-wrap: var(--flex-wrap);gap: var(--row-gap) var(--column-gap);justify-content: var(--justify-content);position: relative;--widgets-spacing: 20px 20px;--widgets-spacing-row: 20px;--widgets-spacing-column: 20px;--swiper-theme-color: #000;--swiper-navigation-size: 44px;--swiper-pagination-bullet-size: 6px;--swiper-pagination-bullet-horizontal-gap: 6px;width: 1030px;margin-bottom: var(--kit-widget-spacing,20px);margin-block-end: 20px;font-family: Lato, sans-serif;font-size: 16px\">\n<div class=\"elementor-widget-container\" style=\"padding: 0px\">\n<h2 class=\"h2\" style=\"margin-right: 0px;margin-bottom: 1.875rem;margin-left: 0px;font-weight: 700;line-height: 1.1875;padding: 0px;text-transform: uppercase;font-family: Anton, Helvetica, Arial, sans-serif;letter-spacing: 0.5px\"><font style=\"vertical-align: inherit\">L\u00cdZA rundvlees 800g<\/font><\/h2>\n<div class=\"text text--1 color__brand--2\" style=\"line-height: 1.5;margin-bottom: 1.875rem;font-family: Roboto, Helvetica, Arial, sans-serif\">\n<p><span style=\"font-size: 11pt\"><span style=\"line-height: 15.6933px\"><span style=\"font-family: Calibri, sans-serif\"><span style=\"font-size: 12pt\"><span style=\"line-height: 17.12px\">Ingeblikt voedsel uit de L\u00cdZA-lijn heeft een uitstekende voedingswaarde en bevat veel magnesium, wat de goede werking van spieren en zenuwen bevordert. Ook bevat het natrium en calcium, wat een positief effect heeft op de versterking van de botten en gewrichten. Alles is in zijn natuurlijke vorm.<\/span><\/span><\/span><\/span><\/span><\/p>\n<p><span style=\"font-size: 11pt\"><span style=\"line-height: 15.6933px\"><span style=\"font-family: Calibri, sans-serif\"><span style=\"font-size: 12pt\"><span style=\"line-height: 17.12px\">Het bevat rundvlees, dat rijk is aan essenti\u00eble aminozuren, ijzer en vitamine B2. Het bevat ook eiwitten, die de spiergroei bevorderen. Het ondersteunt de kauwspieren en is uitstekend voor de conditie en vacht.<\/span><\/span><\/span><\/span><\/span><\/p>\n<p><span style=\"font-size: 11pt\"><span style=\"line-height: 15.6933px\"><span style=\"font-family: Calibri, sans-serif\"><span style=\"font-weight: bolder\"><span style=\"font-size: 12pt\"><span style=\"line-height: 17.12px\">Ingeblikte botten zijn niet gevaarlijk; Dankzij de sterilisatie, die onder hoge druk en temperatuur plaatsvindt, zijn ze helemaal zacht en kunt u ze tussen uw vingers fijnmalen.<\/span><\/span><\/span><\/span><\/span><\/span><\/p>\n<p><span style=\"font-size: 11pt\"><span style=\"line-height: 15.6933px\"><span style=\"font-family: Calibri, sans-serif\"><span style=\"font-weight: bolder\"><span style=\"font-size: 12pt\"><span style=\"line-height: 17.12px\">Botten vormen een belangrijk onderdeel van het dieet van een huisdier. Ze bevatten belangrijke mineralen. Wanneer fokkers blikvoer met botten voeren, hoeven ze geen extra vitaminen met mineralen aan te schaffen.<\/span><\/span><\/span><\/span><\/span><\/span><\/p>\n<p><span style=\"font-size: 11pt\"><span style=\"line-height: 15.6933px\"><span style=\"font-family: Calibri, sans-serif\"><span style=\"font-size: 12pt\"><span style=\"line-height: 17.12px\">L\u00cdZA blikvoer is geschikt voor alle leeftijden en alle rassen.<\/span><\/span><\/span><\/span><\/span><\/p>\n<p><span style=\"font-size: 11pt\"><span style=\"line-height: 15.6933px\"><span style=\"font-family: Calibri, sans-serif\"><span style=\"font-size: 12pt\"><span style=\"line-height: 17.12px\">Al onze producten zijn natuurlijk en bevatten geen kleurstoffen, smaakstoffen, conserveringsmiddelen, chemicali\u00ebn, granen, rijst of soja. De recepten zijn samengesteld door dierenarts en oprichter MVDr. Ji\u0159\u00ed Sokol.<\/span><\/span><\/span><\/span><\/span><\/p>\n<p><span style=\"font-size: 11pt\"><span style=\"line-height: 15.6933px\"><span style=\"font-family: Calibri, sans-serif\">FALCO blikvoer heeft een houdbaarheid van 3 jaar. Je kunt het ongeveer 7 dagen in de koelkast bewaren, of zo lang als je wilt.<\/span><\/span><\/span><\/p>\n<p><span style=\"font-size: 11pt\"><span style=\"line-height: 15.6933px\"><span style=\"font-family: Calibri, sans-serif\"><b>Ingredi\u00ebnten:<\/b> Vlees en dierlijke bijproducten (runderorgaanvlees, varkensorgaanvlees, rundvlees).<\/span><\/span><\/span><\/p>\n<p><span style=\"font-size: 11pt\"><span style=\"line-height: 15.6933px\"><span style=\"font-family: Calibri, sans-serif\"><b>Analytische bestanddelen:<\/b> ruw eiwit 16%, ruw vet 11%, ruwe celstof 0,5%, ruwe as 2,5%, vocht 70%, hoog natuurlijk gehalte aan vitamines (A, E, D) en aminozuren (lysine, methionine, cystine)<\/span><\/span><\/span><\/p>\n<\/div>\n<\/div>\n<\/div>\n","protected":false},"excerpt":{"rendered":"<p>Het bevat rundvlees, dat rijk is aan essenti\u00eble aminozuren, ijzer en vitamine B2. Het bevat ook eiwitten, die de spiergroei bevorderen. Het ondersteunt de kauwspieren en is uitstekend voor de conditie en vacht.<\/p>\n","protected":false},"featured_media":9000,"template":"","meta":[],"product_brand":[71],"product_cat":[315],"product_tag":[434,401],"class_list":{"0":"post-8811","1":"product","2":"type-product","3":"status-publish","4":"has-post-thumbnail","6":"product_brand-sokol-falco4","7":"product_cat-100vlees-gemalen-katten_88","8":"product_tag-falco","9":"product_tag-rund","11":"first","12":"instock","13":"taxable","14":"shipping-taxable","15":"purchasable","16":"product-type-simple"},"yoast_head":"<!-- This site is optimized with the Yoast SEO plugin v27.2 - https:\/\/yoast.com\/product\/yoast-seo-wordpress\/ -->\n<title>LIZA 400g rund - Doglife<\/title>\n<meta name=\"robots\" content=\"index, follow, max-snippet:-1, max-image-preview:large, max-video-preview:-1\" \/>\n<link rel=\"canonical\" href=\"https:\/\/doglife.be\/es\/producto\/liza-400g-rund\/\" \/>\n<meta property=\"og:locale\" content=\"es_ES\" \/>\n<meta property=\"og:type\" content=\"article\" \/>\n<meta property=\"og:title\" content=\"LIZA 400g rund - Doglife\" \/>\n<meta property=\"og:description\" content=\"Het bevat rundvlees, dat rijk is aan essenti\u00eble aminozuren, ijzer en vitamine B2. Het bevat ook eiwitten, die de spiergroei bevorderen. Het ondersteunt de kauwspieren en is uitstekend voor de conditie en vacht.\" \/>\n<meta property=\"og:url\" content=\"https:\/\/doglife.be\/es\/producto\/liza-400g-rund\/\" \/>\n<meta property=\"og:site_name\" content=\"Doglife\" \/>\n<meta property=\"article:publisher\" content=\"https:\/\/www.facebook.com\/DoglifeBenelux\" \/>\n<meta property=\"article:modified_time\" content=\"2026-01-07T11:04:17+00:00\" \/>\n<meta property=\"og:image\" content=\"https:\/\/doglife.be\/wp-content\/uploads\/2025\/03\/400g-LIZA-rund.png\" \/>\n\t<meta property=\"og:image:width\" content=\"1080\" \/>\n\t<meta property=\"og:image:height\" content=\"1080\" \/>\n\t<meta property=\"og:image:type\" content=\"image\/png\" \/>\n<meta name=\"twitter:card\" content=\"summary_large_image\" \/>\n<meta name=\"twitter:label1\" content=\"Tiempo de lectura\" \/>\n\t<meta name=\"twitter:data1\" content=\"1 minuto\" \/>\n<script type=\"application\/ld+json\" class=\"yoast-schema-graph\">{\"@context\":\"https:\/\/schema.org\",\"@graph\":[{\"@type\":\"WebPage\",\"@id\":\"https:\/\/doglife.be\/es\/producto\/liza-400g-rund\/\",\"url\":\"https:\/\/doglife.be\/es\/producto\/liza-400g-rund\/\",\"name\":\"LIZA 400g rund - Doglife\",\"isPartOf\":{\"@id\":\"https:\/\/doglife.be\/es\/#website\"},\"primaryImageOfPage\":{\"@id\":\"https:\/\/doglife.be\/es\/producto\/liza-400g-rund\/#primaryimage\"},\"image\":{\"@id\":\"https:\/\/doglife.be\/es\/producto\/liza-400g-rund\/#primaryimage\"},\"thumbnailUrl\":\"https:\/\/doglife.be\/wp-content\/uploads\/2025\/03\/400g-LIZA-rund.png\",\"datePublished\":\"2025-03-14T08:49:56+00:00\",\"dateModified\":\"2026-01-07T11:04:17+00:00\",\"breadcrumb\":{\"@id\":\"https:\/\/doglife.be\/es\/producto\/liza-400g-rund\/#breadcrumb\"},\"inLanguage\":\"es\",\"potentialAction\":[{\"@type\":\"ReadAction\",\"target\":[\"https:\/\/doglife.be\/es\/producto\/liza-400g-rund\/\"]}]},{\"@type\":\"ImageObject\",\"inLanguage\":\"es\",\"@id\":\"https:\/\/doglife.be\/es\/producto\/liza-400g-rund\/#primaryimage\",\"url\":\"https:\/\/doglife.be\/wp-content\/uploads\/2025\/03\/400g-LIZA-rund.png\",\"contentUrl\":\"https:\/\/doglife.be\/wp-content\/uploads\/2025\/03\/400g-LIZA-rund.png\",\"width\":1080,\"height\":1080},{\"@type\":\"BreadcrumbList\",\"@id\":\"https:\/\/doglife.be\/es\/producto\/liza-400g-rund\/#breadcrumb\",\"itemListElement\":[{\"@type\":\"ListItem\",\"position\":1,\"name\":\"Home\",\"item\":\"https:\/\/doglife.be\/es\/\"},{\"@type\":\"ListItem\",\"position\":2,\"name\":\"Tienda\",\"item\":\"https:\/\/doglife.be\/es\/tienda\/\"},{\"@type\":\"ListItem\",\"position\":3,\"name\":\"LIZA 400g rund\"}]},{\"@type\":\"WebSite\",\"@id\":\"https:\/\/doglife.be\/es\/#website\",\"url\":\"https:\/\/doglife.be\/es\/\",\"name\":\"Doglife\",\"description\":\"\",\"publisher\":{\"@id\":\"https:\/\/doglife.be\/es\/#organization\"},\"potentialAction\":[{\"@type\":\"SearchAction\",\"target\":{\"@type\":\"EntryPoint\",\"urlTemplate\":\"https:\/\/doglife.be\/es\/?s={search_term_string}\"},\"query-input\":{\"@type\":\"PropertyValueSpecification\",\"valueRequired\":true,\"valueName\":\"search_term_string\"}}],\"inLanguage\":\"es\"},{\"@type\":\"Organization\",\"@id\":\"https:\/\/doglife.be\/es\/#organization\",\"name\":\"Doglife\",\"url\":\"https:\/\/doglife.be\/es\/\",\"logo\":{\"@type\":\"ImageObject\",\"inLanguage\":\"es\",\"@id\":\"https:\/\/doglife.be\/es\/#\/schema\/logo\/image\/\",\"url\":\"https:\/\/doglife.be\/wp-content\/uploads\/2022\/07\/logo-doglife-white.webp\",\"contentUrl\":\"https:\/\/doglife.be\/wp-content\/uploads\/2022\/07\/logo-doglife-white.webp\",\"width\":137,\"height\":136,\"caption\":\"Doglife\"},\"image\":{\"@id\":\"https:\/\/doglife.be\/es\/#\/schema\/logo\/image\/\"},\"sameAs\":[\"https:\/\/www.facebook.com\/DoglifeBenelux\"]}]}<\/script>\n<!-- \/ Yoast SEO plugin. -->","yoast_head_json":{"title":"LIZA 400g rund - Doglife","robots":{"index":"index","follow":"follow","max-snippet":"max-snippet:-1","max-image-preview":"max-image-preview:large","max-video-preview":"max-video-preview:-1"},"canonical":"https:\/\/doglife.be\/es\/producto\/liza-400g-rund\/","og_locale":"es_ES","og_type":"article","og_title":"LIZA 400g rund - Doglife","og_description":"Het bevat rundvlees, dat rijk is aan essenti\u00eble aminozuren, ijzer en vitamine B2. Het bevat ook eiwitten, die de spiergroei bevorderen. Het ondersteunt de kauwspieren en is uitstekend voor de conditie en vacht.","og_url":"https:\/\/doglife.be\/es\/producto\/liza-400g-rund\/","og_site_name":"Doglife","article_publisher":"https:\/\/www.facebook.com\/DoglifeBenelux","article_modified_time":"2026-01-07T11:04:17+00:00","og_image":[{"width":1080,"height":1080,"url":"https:\/\/doglife.be\/wp-content\/uploads\/2025\/03\/400g-LIZA-rund.png","type":"image\/png"}],"twitter_card":"summary_large_image","twitter_misc":{"Tiempo de lectura":"1 minuto"},"schema":{"@context":"https:\/\/schema.org","@graph":[{"@type":"WebPage","@id":"https:\/\/doglife.be\/es\/producto\/liza-400g-rund\/","url":"https:\/\/doglife.be\/es\/producto\/liza-400g-rund\/","name":"LIZA 400g rund - Doglife","isPartOf":{"@id":"https:\/\/doglife.be\/es\/#website"},"primaryImageOfPage":{"@id":"https:\/\/doglife.be\/es\/producto\/liza-400g-rund\/#primaryimage"},"image":{"@id":"https:\/\/doglife.be\/es\/producto\/liza-400g-rund\/#primaryimage"},"thumbnailUrl":"https:\/\/doglife.be\/wp-content\/uploads\/2025\/03\/400g-LIZA-rund.png","datePublished":"2025-03-14T08:49:56+00:00","dateModified":"2026-01-07T11:04:17+00:00","breadcrumb":{"@id":"https:\/\/doglife.be\/es\/producto\/liza-400g-rund\/#breadcrumb"},"inLanguage":"es","potentialAction":[{"@type":"ReadAction","target":["https:\/\/doglife.be\/es\/producto\/liza-400g-rund\/"]}]},{"@type":"ImageObject","inLanguage":"es","@id":"https:\/\/doglife.be\/es\/producto\/liza-400g-rund\/#primaryimage","url":"https:\/\/doglife.be\/wp-content\/uploads\/2025\/03\/400g-LIZA-rund.png","contentUrl":"https:\/\/doglife.be\/wp-content\/uploads\/2025\/03\/400g-LIZA-rund.png","width":1080,"height":1080},{"@type":"BreadcrumbList","@id":"https:\/\/doglife.be\/es\/producto\/liza-400g-rund\/#breadcrumb","itemListElement":[{"@type":"ListItem","position":1,"name":"Home","item":"https:\/\/doglife.be\/es\/"},{"@type":"ListItem","position":2,"name":"Tienda","item":"https:\/\/doglife.be\/es\/tienda\/"},{"@type":"ListItem","position":3,"name":"LIZA 400g rund"}]},{"@type":"WebSite","@id":"https:\/\/doglife.be\/es\/#website","url":"https:\/\/doglife.be\/es\/","name":"Doglife","description":"","publisher":{"@id":"https:\/\/doglife.be\/es\/#organization"},"potentialAction":[{"@type":"SearchAction","target":{"@type":"EntryPoint","urlTemplate":"https:\/\/doglife.be\/es\/?s={search_term_string}"},"query-input":{"@type":"PropertyValueSpecification","valueRequired":true,"valueName":"search_term_string"}}],"inLanguage":"es"},{"@type":"Organization","@id":"https:\/\/doglife.be\/es\/#organization","name":"Doglife","url":"https:\/\/doglife.be\/es\/","logo":{"@type":"ImageObject","inLanguage":"es","@id":"https:\/\/doglife.be\/es\/#\/schema\/logo\/image\/","url":"https:\/\/doglife.be\/wp-content\/uploads\/2022\/07\/logo-doglife-white.webp","contentUrl":"https:\/\/doglife.be\/wp-content\/uploads\/2022\/07\/logo-doglife-white.webp","width":137,"height":136,"caption":"Doglife"},"image":{"@id":"https:\/\/doglife.be\/es\/#\/schema\/logo\/image\/"},"sameAs":["https:\/\/www.facebook.com\/DoglifeBenelux"]}]}},"_links":{"self":[{"href":"https:\/\/doglife.be\/es\/wp-json\/wp\/v2\/product\/8811","targetHints":{"allow":["GET"]}}],"collection":[{"href":"https:\/\/doglife.be\/es\/wp-json\/wp\/v2\/product"}],"about":[{"href":"https:\/\/doglife.be\/es\/wp-json\/wp\/v2\/types\/product"}],"wp:featuredmedia":[{"embeddable":true,"href":"https:\/\/doglife.be\/es\/wp-json\/wp\/v2\/media\/9000"}],"wp:attachment":[{"href":"https:\/\/doglife.be\/es\/wp-json\/wp\/v2\/media?parent=8811"}],"wp:term":[{"taxonomy":"product_brand","embeddable":true,"href":"https:\/\/doglife.be\/es\/wp-json\/wp\/v2\/product_brand?post=8811"},{"taxonomy":"product_cat","embeddable":true,"href":"https:\/\/doglife.be\/es\/wp-json\/wp\/v2\/product_cat?post=8811"},{"taxonomy":"product_tag","embeddable":true,"href":"https:\/\/doglife.be\/es\/wp-json\/wp\/v2\/product_tag?post=8811"}],"curies":[{"name":"wp","href":"https:\/\/api.w.org\/{rel}","templated":true}]}}