{"id":9244,"date":"2025-03-14T09:53:36","date_gmt":"2025-03-14T08:53:36","guid":{"rendered":"https:\/\/doglife.be\/?post_type=product&#038;p=9244"},"modified":"2026-03-30T09:37:40","modified_gmt":"2026-03-30T08:37:40","slug":"krill","status":"publish","type":"product","link":"https:\/\/doglife.be\/es\/producto\/krill\/","title":{"rendered":"Yoggies Krill voor honden 200g"},"content":{"rendered":"<h2>Een volledig spectrum aan voedingsstoffen in \u00e9\u00e9n ingredi\u00ebnt<\/h2>\n<div>Bent u op zoek naar een universeel supplement dat de gezondheid van uw hond of kat in elke levensfase kan ondersteunen? Kies voor Yoggies\u00ae Krill voor honden en katten en haal de <b>zeldzame natuurlijke rijkdom van de Antarctische zee\u00ebn rechtstreeks in de voerbak van uw hond of kat<\/b> .\u00a0<\/div>\n<div><\/div>\n<div>Krill is verkrijgbaar in de vorm van een fijngemalen poeder dat eigenaren vaak voor hun huisdieren kopen vanwege het <b>hoge gehalte aan omega-3-vetzuren <\/b>. Ze zijn voor honden en katten net zo belangrijk als voor ons. Dat betekent dat hun lichaam deze stoffen niet zelf kan aanmaken en ze dus uit voedsel moet halen. Daarnaast bevat krill een volledig spectrum aan aminozuren en vitamines, waaronder A, D3, E, K1 en vitamine B.<\/div>\n<div><\/div>\n<h2>Glanzende vacht, gezonde huid en sterke gewrichten<\/h2>\n<div>Omega-3-vetzuren zijn essentieel voor de gezondheid van honden en katten. Ze helpen de huid te regenereren, zorgen voor een gezonde en glanzende vacht en versterken zelfs de gewrichten. Dit alles komt deels doordat ze ontstekingen in het lichaam verminderen. Yoggies\u00ae Krill voor honden en katten is daarom <b>bijzonder geschikt voor zeer actieve gezelschapsdieren en voor viervoetige senioren<\/b>\u00a0die hun vitaliteit zo lang mogelijk willen behouden om optimaal van hun gewrichten te kunnen genieten.\u00a0\u00a0<\/div>\n<div><\/div>\n<div>Het kan ook helpen om zowel fysieke als mentale veroudering bij honden en katten te voorkomen. Niet alleen omega-3-vetzuren, maar ook de <b>choline in krill is zeer gunstig voor de hersenfunctie<\/b> . Het heeft ook een positief effect op de werking van de lever, die een cruciale rol speelt bij de stofwisseling van voedingsstoffen, de hormoonregulatie en de ontgifting van het lichaam.<\/div>\n<div><\/div>\n<div><\/div>\n<h2>Een ideale aanvulling op rauwe en gewone voeding<\/h2>\n<div>Het maakt niet uit of u uw trouwe viervoeter <font color=\"#6ba54a\"><a href=\"https:\/\/doglife.abako.be\/product-categorie\/honden_24\/korrels-honden_30\/yoggies-_50\/\" target=\"_blank\">koudgeperste korrels<\/a><\/font> , <font color=\"#6ba54a\"><a>gekookt voer<\/a><\/font><a> <\/a>, blikvoer of BARF geeft, u kunt Yoggies\u00ae Krill voor honden en katten in ieder geval als voedingssupplement gebruiken. Dankzij de gemakkelijke verteerbaarheid zullen de positieve effecten ook merkbaar zijn bij honden en katten met een gevoelige maag en bij puppy&#8217;s vanaf 6 maanden. Datzelfde geldt voor viervoetige familieleden, die al zoveel hebben meegemaakt dat je ze niet eens op vier poten kunt tellen.<\/div>\n<div><\/div>\n<div>We mogen niet vergeten dat krill, dankzij de fosfolipiden en aminozuren die het bevat, bijdraagt \u200b\u200baan een gezonde structuur van cellen, spieren en botten. Net als andere Yoggies\u00ae-lekkernijen <b>bevat het geen conserveringsmiddelen, smaakstoffen of andere chemicali\u00ebn waar honden en katten <\/b>niet goed tegen kunnen. U kunt dus vertrouwen op een zuivere samenstelling en dus een bevredigende ervaring voor uw lieveling.<\/div>\n<div><\/div>\n<div>\n<h2>Samenstelling<\/h2>\n<div><b>Ingredi\u00ebnten:\u00a0<\/b><\/div>\n<div>&#8211; 100% zeekrill<\/div>\n<div><\/div>\n<div><b>Analytische bestanddelen:<\/b>\u00a0 ruw eiwit 58%, ruw vet 25% (40% fosfolipiden, 20% omega 3 (10% EPA, 5,5% DHA), 2% omega 6), ruw vocht 6%, ruwe as 11%<\/div>\n<div><\/div>\n<div><b>Voedingscomponenten:<\/b>\u00a0 fosfolipiden ca. 35 g\/100 g, triglyceriden ca. 55 g\/100 g, vit. A 1.170 \u03bcg\/100 g, vit. D3 0,4 \u03bcg\/100 g, vit. E 9 mg\/100 g, vit. K1 1 \u03bcg\/100 g, vit. C 0,4 mg\/100 g, vit. B1 0,02 mg\/100 g, vit. B2 0,03 mg\/100 g, vit. B3 3 mg\/100 g, vit. B5 0,4 mg\/100 g, vit. B6 0,1 mg\/100 g, vit. B8 71 \u03bcg\/100 g, vit. B9 35 \u03bcg\/100 g, vit. B12 5\u03bcg\/100g, aminozuren per 100g (asparaginezuur 6 g, glutamaat 7 g, glycine 3 g, arginine 3 g, leucine 4 g, lysine 4 g, taurine 0,3 g etc.)<\/div>\n<div><\/div>\n<h2>Dosering<\/h2>\n<div><b>Gewicht van de hond\u00a0 \u00a0 \u00a0 \u00a0 \u00a0 \u00a0 \u00a0 \u00a0 \u00a0 \u00a0 \u00a0\u00a0<\/b><b style=\"font-size: 1rem\">Aanbevolen maximale dagelijkse dosis<\/b><\/div>\n<div><\/div>\n<div>Tot 10 kg\u00a0 \u00a0 \u00a0 \u00a0 \u00a0 \u00a0 \u00a0 \u00a0 \u00a0 \u00a0 \u00a0 \u00a0 \u00a0 \u00a0 \u00a0 \u00a0 \u00a0 \u00a0 \u00a0 \u00a0 \u00a0 \u00a0<span style=\"font-size: 1rem\">2 theelepels<\/span><\/div>\n<div><\/div>\n<div>10\u201320kg\u00a0 \u00a0 \u00a0 \u00a0 \u00a0 \u00a0 \u00a0 \u00a0 \u00a0 \u00a0 \u00a0 \u00a0 \u00a0 \u00a0 \u00a0 \u00a0 \u00a0 \u00a0 \u00a0 \u00a0 \u00a0 \u00a0\u00a0<span style=\"font-size: 1rem\">3 theelepels<\/span><\/div>\n<div><\/div>\n<div>20-30kg\u00a0 \u00a0 \u00a0 \u00a0 \u00a0 \u00a0 \u00a0 \u00a0 \u00a0 \u00a0 \u00a0 \u00a0 \u00a0 \u00a0 \u00a0 \u00a0 \u00a0 \u00a0 \u00a0 \u00a0 \u00a0 \u00a0<span style=\"font-size: 1rem\">4 theelepels<\/span><\/div>\n<div><\/div>\n<div>30-50kg\u00a0 \u00a0 \u00a0 \u00a0 \u00a0 \u00a0 \u00a0 \u00a0 \u00a0 \u00a0 \u00a0 \u00a0 \u00a0 \u00a0 \u00a0 \u00a0 \u00a0 \u00a0 \u00a0 \u00a0 \u00a0 \u00a0<span style=\"font-size: 1rem\">5 theelepels<\/span><\/div>\n<div><\/div>\n<div>Tot 80 kg\u00a0 \u00a0 \u00a0 \u00a0 \u00a0 \u00a0 \u00a0 \u00a0 \u00a0 \u00a0 \u00a0 \u00a0 \u00a0 \u00a0 \u00a0 \u00a0 \u00a0 \u00a0 \u00a0 \u00a0 \u00a0\u00a0<span style=\"font-size: 1rem\">6 theelepels<\/span><\/div>\n<div><\/div>\n<div>Een volle theelepel komt overeen met ongeveer 3 gram poeder.<\/div>\n<div><\/div>\n<h2>Aanbeveling<\/h2>\n<div>Wij adviseren om Yoggies\u00ae Krill voor honden en katten als voedingssupplement aan uw honden en katten te geven, bijvoorbeeld samen met blikvoer, rauw BARF-voer , yoghurt of Yoggies\u00ae-olie . Het is van nature aromatisch en kan daardoor de smaak en geur van voedsel veranderen.<\/div>\n<div><\/div>\n<div><\/div>\n<div>Houd u bij het toedienen aan de aanbevolen dosering. Te veel van een voedingsbestanddeel kan net zo schadelijk zijn als een tekort. Voor een goede ontwikkeling van het bewegingsapparaat, vooral bij jonge dieren, is het belangrijk om de aanbevolen doseringen voedingsstoffen zoals eiwitten, vetten, fosfor, calcium en vitaminen niet te overschrijden. Wanneer u deze principes respecteert, bevordert u de gezonde en natuurlijke groei van uw viervoeter.<\/div>\n<div><\/div>\n<div>Als u uw hond of kat regelmatig koudgeperste korrels geeft, adviseren wij u dit voedingssupplement buiten de hoofdrantsoenen om te geven. Het kan zijn dat uw partner de volgende keer de brokjes zelf weigert, omdat u de oorspronkelijke smaak en geur zou veranderen met een voedingssupplement.<\/div>\n<\/div>\n","protected":false},"excerpt":{"rendered":"<p>Kan \u00e9\u00e9n enkel voedingssupplement de gezondheid van het hart, de lever, de nieren en de gewrichten ondersteunen? Yoggies\u00ae Krill voor honden en katten bewijst dat het werkt. Hoewel het maar \u00e9\u00e9n ingredi\u00ebnt bevat, namelijk zeekrill, voorziet het uw hond en kat van een flinke dosis omega 3-vetzuren en veel andere belangrijke voedingsstoffen.<\/p>\n","protected":false},"featured_media":9531,"template":"","meta":[],"product_brand":[69],"product_cat":[299,305],"product_tag":[357,353,363,355],"class_list":{"0":"post-9244","1":"product","2":"type-product","3":"status-publish","4":"has-post-thumbnail","6":"product_brand-yoggies2","7":"product_cat-poeder-honden_32","8":"product_cat-poeders-katten_99","9":"product_tag-honden","10":"product_tag-katten","11":"product_tag-supplement","12":"product_tag-yoggies","14":"first","15":"outofstock","16":"taxable","17":"shipping-taxable","18":"purchasable","19":"product-type-simple"},"yoast_head":"<!-- This site is optimized with the Yoast SEO plugin v27.2 - https:\/\/yoast.com\/product\/yoast-seo-wordpress\/ -->\n<title>Yoggies Krill voor honden 200g - Doglife<\/title>\n<meta name=\"robots\" content=\"index, follow, max-snippet:-1, max-image-preview:large, max-video-preview:-1\" \/>\n<link rel=\"canonical\" href=\"https:\/\/doglife.be\/es\/producto\/krill\/\" \/>\n<meta property=\"og:locale\" content=\"es_ES\" \/>\n<meta property=\"og:type\" content=\"article\" \/>\n<meta property=\"og:title\" content=\"Yoggies Krill voor honden 200g - Doglife\" \/>\n<meta property=\"og:description\" content=\"Kan \u00e9\u00e9n enkel voedingssupplement de gezondheid van het hart, de lever, de nieren en de gewrichten ondersteunen? Yoggies\u00ae Krill voor honden en katten bewijst dat het werkt. Hoewel het maar \u00e9\u00e9n ingredi\u00ebnt bevat, namelijk zeekrill, voorziet het uw hond en kat van een flinke dosis omega 3-vetzuren en veel andere belangrijke voedingsstoffen.\" \/>\n<meta property=\"og:url\" content=\"https:\/\/doglife.be\/es\/producto\/krill\/\" \/>\n<meta property=\"og:site_name\" content=\"Doglife\" \/>\n<meta property=\"article:publisher\" content=\"https:\/\/www.facebook.com\/DoglifeBenelux\" \/>\n<meta property=\"article:modified_time\" content=\"2026-03-30T08:37:40+00:00\" \/>\n<meta property=\"og:image\" content=\"https:\/\/doglife.be\/wp-content\/uploads\/2025\/03\/krill-1.png\" \/>\n\t<meta property=\"og:image:width\" content=\"550\" \/>\n\t<meta property=\"og:image:height\" content=\"550\" \/>\n\t<meta property=\"og:image:type\" content=\"image\/png\" \/>\n<meta name=\"twitter:card\" content=\"summary_large_image\" \/>\n<meta name=\"twitter:label1\" content=\"Tiempo de lectura\" \/>\n\t<meta name=\"twitter:data1\" content=\"3 minutos\" \/>\n<script type=\"application\/ld+json\" class=\"yoast-schema-graph\">{\"@context\":\"https:\/\/schema.org\",\"@graph\":[{\"@type\":\"WebPage\",\"@id\":\"https:\/\/doglife.be\/es\/producto\/krill\/\",\"url\":\"https:\/\/doglife.be\/es\/producto\/krill\/\",\"name\":\"Yoggies Krill voor honden 200g - Doglife\",\"isPartOf\":{\"@id\":\"https:\/\/doglife.be\/es\/#website\"},\"primaryImageOfPage\":{\"@id\":\"https:\/\/doglife.be\/es\/producto\/krill\/#primaryimage\"},\"image\":{\"@id\":\"https:\/\/doglife.be\/es\/producto\/krill\/#primaryimage\"},\"thumbnailUrl\":\"https:\/\/doglife.be\/wp-content\/uploads\/2025\/03\/krill-1.png\",\"datePublished\":\"2025-03-14T08:53:36+00:00\",\"dateModified\":\"2026-03-30T08:37:40+00:00\",\"breadcrumb\":{\"@id\":\"https:\/\/doglife.be\/es\/producto\/krill\/#breadcrumb\"},\"inLanguage\":\"es\",\"potentialAction\":[{\"@type\":\"ReadAction\",\"target\":[\"https:\/\/doglife.be\/es\/producto\/krill\/\"]}]},{\"@type\":\"ImageObject\",\"inLanguage\":\"es\",\"@id\":\"https:\/\/doglife.be\/es\/producto\/krill\/#primaryimage\",\"url\":\"https:\/\/doglife.be\/wp-content\/uploads\/2025\/03\/krill-1.png\",\"contentUrl\":\"https:\/\/doglife.be\/wp-content\/uploads\/2025\/03\/krill-1.png\",\"width\":550,\"height\":550},{\"@type\":\"BreadcrumbList\",\"@id\":\"https:\/\/doglife.be\/es\/producto\/krill\/#breadcrumb\",\"itemListElement\":[{\"@type\":\"ListItem\",\"position\":1,\"name\":\"Home\",\"item\":\"https:\/\/doglife.be\/es\/\"},{\"@type\":\"ListItem\",\"position\":2,\"name\":\"Tienda\",\"item\":\"https:\/\/doglife.be\/es\/tienda\/\"},{\"@type\":\"ListItem\",\"position\":3,\"name\":\"Yoggies Krill voor honden 200g\"}]},{\"@type\":\"WebSite\",\"@id\":\"https:\/\/doglife.be\/es\/#website\",\"url\":\"https:\/\/doglife.be\/es\/\",\"name\":\"Doglife\",\"description\":\"\",\"publisher\":{\"@id\":\"https:\/\/doglife.be\/es\/#organization\"},\"potentialAction\":[{\"@type\":\"SearchAction\",\"target\":{\"@type\":\"EntryPoint\",\"urlTemplate\":\"https:\/\/doglife.be\/es\/?s={search_term_string}\"},\"query-input\":{\"@type\":\"PropertyValueSpecification\",\"valueRequired\":true,\"valueName\":\"search_term_string\"}}],\"inLanguage\":\"es\"},{\"@type\":\"Organization\",\"@id\":\"https:\/\/doglife.be\/es\/#organization\",\"name\":\"Doglife\",\"url\":\"https:\/\/doglife.be\/es\/\",\"logo\":{\"@type\":\"ImageObject\",\"inLanguage\":\"es\",\"@id\":\"https:\/\/doglife.be\/es\/#\/schema\/logo\/image\/\",\"url\":\"https:\/\/doglife.be\/wp-content\/uploads\/2022\/07\/logo-doglife-white.webp\",\"contentUrl\":\"https:\/\/doglife.be\/wp-content\/uploads\/2022\/07\/logo-doglife-white.webp\",\"width\":137,\"height\":136,\"caption\":\"Doglife\"},\"image\":{\"@id\":\"https:\/\/doglife.be\/es\/#\/schema\/logo\/image\/\"},\"sameAs\":[\"https:\/\/www.facebook.com\/DoglifeBenelux\"]}]}<\/script>\n<!-- \/ Yoast SEO plugin. -->","yoast_head_json":{"title":"Yoggies Krill voor honden 200g - Doglife","robots":{"index":"index","follow":"follow","max-snippet":"max-snippet:-1","max-image-preview":"max-image-preview:large","max-video-preview":"max-video-preview:-1"},"canonical":"https:\/\/doglife.be\/es\/producto\/krill\/","og_locale":"es_ES","og_type":"article","og_title":"Yoggies Krill voor honden 200g - Doglife","og_description":"Kan \u00e9\u00e9n enkel voedingssupplement de gezondheid van het hart, de lever, de nieren en de gewrichten ondersteunen? Yoggies\u00ae Krill voor honden en katten bewijst dat het werkt. Hoewel het maar \u00e9\u00e9n ingredi\u00ebnt bevat, namelijk zeekrill, voorziet het uw hond en kat van een flinke dosis omega 3-vetzuren en veel andere belangrijke voedingsstoffen.","og_url":"https:\/\/doglife.be\/es\/producto\/krill\/","og_site_name":"Doglife","article_publisher":"https:\/\/www.facebook.com\/DoglifeBenelux","article_modified_time":"2026-03-30T08:37:40+00:00","og_image":[{"width":550,"height":550,"url":"https:\/\/doglife.be\/wp-content\/uploads\/2025\/03\/krill-1.png","type":"image\/png"}],"twitter_card":"summary_large_image","twitter_misc":{"Tiempo de lectura":"3 minutos"},"schema":{"@context":"https:\/\/schema.org","@graph":[{"@type":"WebPage","@id":"https:\/\/doglife.be\/es\/producto\/krill\/","url":"https:\/\/doglife.be\/es\/producto\/krill\/","name":"Yoggies Krill voor honden 200g - Doglife","isPartOf":{"@id":"https:\/\/doglife.be\/es\/#website"},"primaryImageOfPage":{"@id":"https:\/\/doglife.be\/es\/producto\/krill\/#primaryimage"},"image":{"@id":"https:\/\/doglife.be\/es\/producto\/krill\/#primaryimage"},"thumbnailUrl":"https:\/\/doglife.be\/wp-content\/uploads\/2025\/03\/krill-1.png","datePublished":"2025-03-14T08:53:36+00:00","dateModified":"2026-03-30T08:37:40+00:00","breadcrumb":{"@id":"https:\/\/doglife.be\/es\/producto\/krill\/#breadcrumb"},"inLanguage":"es","potentialAction":[{"@type":"ReadAction","target":["https:\/\/doglife.be\/es\/producto\/krill\/"]}]},{"@type":"ImageObject","inLanguage":"es","@id":"https:\/\/doglife.be\/es\/producto\/krill\/#primaryimage","url":"https:\/\/doglife.be\/wp-content\/uploads\/2025\/03\/krill-1.png","contentUrl":"https:\/\/doglife.be\/wp-content\/uploads\/2025\/03\/krill-1.png","width":550,"height":550},{"@type":"BreadcrumbList","@id":"https:\/\/doglife.be\/es\/producto\/krill\/#breadcrumb","itemListElement":[{"@type":"ListItem","position":1,"name":"Home","item":"https:\/\/doglife.be\/es\/"},{"@type":"ListItem","position":2,"name":"Tienda","item":"https:\/\/doglife.be\/es\/tienda\/"},{"@type":"ListItem","position":3,"name":"Yoggies Krill voor honden 200g"}]},{"@type":"WebSite","@id":"https:\/\/doglife.be\/es\/#website","url":"https:\/\/doglife.be\/es\/","name":"Doglife","description":"","publisher":{"@id":"https:\/\/doglife.be\/es\/#organization"},"potentialAction":[{"@type":"SearchAction","target":{"@type":"EntryPoint","urlTemplate":"https:\/\/doglife.be\/es\/?s={search_term_string}"},"query-input":{"@type":"PropertyValueSpecification","valueRequired":true,"valueName":"search_term_string"}}],"inLanguage":"es"},{"@type":"Organization","@id":"https:\/\/doglife.be\/es\/#organization","name":"Doglife","url":"https:\/\/doglife.be\/es\/","logo":{"@type":"ImageObject","inLanguage":"es","@id":"https:\/\/doglife.be\/es\/#\/schema\/logo\/image\/","url":"https:\/\/doglife.be\/wp-content\/uploads\/2022\/07\/logo-doglife-white.webp","contentUrl":"https:\/\/doglife.be\/wp-content\/uploads\/2022\/07\/logo-doglife-white.webp","width":137,"height":136,"caption":"Doglife"},"image":{"@id":"https:\/\/doglife.be\/es\/#\/schema\/logo\/image\/"},"sameAs":["https:\/\/www.facebook.com\/DoglifeBenelux"]}]}},"_links":{"self":[{"href":"https:\/\/doglife.be\/es\/wp-json\/wp\/v2\/product\/9244","targetHints":{"allow":["GET"]}}],"collection":[{"href":"https:\/\/doglife.be\/es\/wp-json\/wp\/v2\/product"}],"about":[{"href":"https:\/\/doglife.be\/es\/wp-json\/wp\/v2\/types\/product"}],"wp:featuredmedia":[{"embeddable":true,"href":"https:\/\/doglife.be\/es\/wp-json\/wp\/v2\/media\/9531"}],"wp:attachment":[{"href":"https:\/\/doglife.be\/es\/wp-json\/wp\/v2\/media?parent=9244"}],"wp:term":[{"taxonomy":"product_brand","embeddable":true,"href":"https:\/\/doglife.be\/es\/wp-json\/wp\/v2\/product_brand?post=9244"},{"taxonomy":"product_cat","embeddable":true,"href":"https:\/\/doglife.be\/es\/wp-json\/wp\/v2\/product_cat?post=9244"},{"taxonomy":"product_tag","embeddable":true,"href":"https:\/\/doglife.be\/es\/wp-json\/wp\/v2\/product_tag?post=9244"}],"curies":[{"name":"wp","href":"https:\/\/api.w.org\/{rel}","templated":true}]}}