{"id":10999,"date":"2025-03-14T10:09:41","date_gmt":"2025-03-14T09:09:41","guid":{"rendered":"https:\/\/doglife.be\/?post_type=product&#038;p=10999"},"modified":"2026-03-18T11:16:27","modified_gmt":"2026-03-18T10:16:27","slug":"max-deluxe-hele-kip-1200-g","status":"publish","type":"product","link":"https:\/\/doglife.be\/fr\/produit\/max-deluxe-hele-kip-1200-g\/","title":{"rendered":"MAX deluxe Hele kip 1200g"},"content":{"rendered":"<h2 class=\"h2\" style=\"margin-right: 0px;margin-bottom: 1.875rem;margin-left: 0px;font-weight: 700;line-height: 1.1875;padding: 0px;text-transform: uppercase;font-family: Anton, Helvetica, Arial, sans-serif;letter-spacing: 0.5px\"><font style=\"vertical-align: inherit\">MAX hele kip 1200g<\/font><\/h2>\n<div class=\"text text--1 color__brand--2\" style=\"font-size: 16px;line-height: 1.5;margin-bottom: 1.875rem;font-family: Roboto, Helvetica, Arial, sans-serif\">\n<p><span style=\"font-size: 11pt\"><span style=\"line-height: 15.6933px\"><span style=\"font-family: Calibri, sans-serif\"><span style=\"font-size: 12pt\"><span style=\"line-height: 17.12px\">De blikvoeding uit de MAX-serie heeft een uitstekende voedingswaarde en bevat veel magnesium, wat de goede werking van spieren en zenuwen bevordert. Daarnaast bevat het voer natrium en calcium, wat een positief effect heeft op de versterking van de botten en gewrichten. Alles is in natuurlijke vorm.<\/span><\/span><\/span><\/span><\/span><\/p>\n<p><span style=\"font-size: 11pt\"><span style=\"line-height: 15.6933px\"><span style=\"font-family: Calibri, sans-serif\"><span style=\"font-size: 12pt\"><span style=\"line-height: 17.12px\">Pluimveevlees is zeer licht verteerbaar en een rijke bron aan eiwitten. Het bevat een gunstige hoeveelheid mineralen, vooral ijzer, fosfor, zink, natrium, kalium en vitamine B.<\/span><\/span><\/span><\/span><\/span><\/p>\n<p><span style=\"font-size: 11pt\"><span style=\"line-height: 15.6933px\"><span style=\"font-family: Calibri, sans-serif\"><span style=\"font-weight: bolder\"><span style=\"font-size: 12pt\"><span style=\"line-height: 17.12px\">Ingeblikte botten zijn niet gevaarlijk; Dankzij de sterilisatie, die onder hoge druk en temperatuur plaatsvindt, zijn ze helemaal zacht en kunt u ze tussen uw vingers fijnmalen.<\/span><\/span><\/span><\/span><\/span><\/span><\/p>\n<p><span style=\"font-size: 11pt\"><span style=\"line-height: 15.6933px\"><span style=\"font-family: Calibri, sans-serif\"><span style=\"font-weight: bolder\"><span style=\"font-size: 12pt\"><span style=\"line-height: 17.12px\">Botten vormen een belangrijk onderdeel van het dieet van een huisdier. Ze bevatten belangrijke mineralen. Wanneer fokkers blikvoer met botten voeren, hoeven ze geen extra vitaminen met mineralen aan te schaffen.<\/span><\/span><\/span><\/span><\/span><\/span><\/p>\n<p><span style=\"font-size: 11pt\"><span style=\"line-height: 15.6933px\"><span style=\"font-family: Calibri, sans-serif\"><span style=\"font-size: 12pt\"><span style=\"line-height: 17.12px\">Het blikvoer uit de MAX-serie is geschikt voor alle leeftijden en alle rassen.<\/span><\/span><\/span><\/span><\/span><\/p>\n<p><span style=\"font-size: 11pt\"><span style=\"line-height: 15.6933px\"><span style=\"font-family: Calibri, sans-serif\"><span style=\"font-size: 12pt\"><span style=\"line-height: 17.12px\">Al onze producten zijn natuurlijk en bevatten geen kleurstoffen, smaakstoffen, conserveringsmiddelen, chemicali\u00ebn, granen, rijst of soja. De recepten zijn samengesteld door dierenarts en oprichter MVDr. Ji\u0159\u00ed Sokol.<\/span><\/span><\/span><\/span><\/span><\/p>\n<p><span style=\"font-size: 11pt\"><span style=\"line-height: 15.6933px\"><span style=\"font-family: Calibri, sans-serif\">FALCO blikvoer heeft een houdbaarheid van 3 jaar. Bovendien zijn ze voorzien van een transparant plastic deksel dat het vlees in blik vers houdt en voorkomt dat er nare geurtjes in de koelkast ontstaan. Je kunt het ongeveer 7 dagen in de koelkast bewaren, of zo lang als je wilt.<\/span><\/span><\/span><\/p>\n<p><span style=\"font-size: 11pt\"><span style=\"line-height: 15.6933px\"><span style=\"font-family: Calibri, sans-serif\"><b>Ingredi\u00ebnten<\/b>: kip\u00a0<\/span><\/span><\/span><\/p>\n<p><span style=\"font-size: 11pt\"><span style=\"line-height: 15.6933px\"><span style=\"font-family: Calibri, sans-serif\"><b>Analytische bestanddelen<\/b>: ruw eiwit 16%, ruw vet 11%, ruwe celstof 0,5%, ruwe as 2,5%, vocht 70%, hoog natuurlijk gehalte aan vitamines (A, E, D) en aminozuren (lysine, methionine, cystine)<\/span><\/span><\/span><\/p>\n<\/div>\n","protected":false},"excerpt":{"rendered":"<p>De beste selectie vleessoorten. Het blikvlees bestaat voor 100% uit hele stukken gehakte kip, inclusief botten.<\/p>\n","protected":false},"featured_media":24130,"template":"","meta":[],"product_brand":[71],"product_cat":[273,339],"product_tag":[432,434,446,357,404],"class_list":{"0":"post-10999","1":"product","2":"type-product","3":"status-publish","4":"has-post-thumbnail","6":"product_brand-sokol-falco4","7":"product_cat-100-vlees-stukjes_23","8":"product_cat-blikjes-honden_17","9":"product_tag-eend","10":"product_tag-falco","11":"product_tag-harten","12":"product_tag-honden","13":"product_tag-kip","15":"first","16":"outofstock","17":"taxable","18":"shipping-taxable","19":"purchasable","20":"product-type-simple"},"yoast_head":"<!-- This site is optimized with the Yoast SEO plugin v27.2 - https:\/\/yoast.com\/product\/yoast-seo-wordpress\/ -->\n<title>MAX deluxe Hele kip 1200g - Doglife<\/title>\n<meta name=\"robots\" content=\"index, follow, max-snippet:-1, max-image-preview:large, max-video-preview:-1\" \/>\n<link rel=\"canonical\" href=\"https:\/\/doglife.be\/fr\/produit\/max-deluxe-hele-kip-1200-g\/\" \/>\n<meta property=\"og:locale\" content=\"fr_FR\" \/>\n<meta property=\"og:type\" content=\"article\" \/>\n<meta property=\"og:title\" content=\"MAX deluxe Hele kip 1200g - Doglife\" \/>\n<meta property=\"og:description\" content=\"De beste selectie vleessoorten. Het blikvlees bestaat voor 100% uit hele stukken gehakte kip, inclusief botten.\" \/>\n<meta property=\"og:url\" content=\"https:\/\/doglife.be\/fr\/produit\/max-deluxe-hele-kip-1200-g\/\" \/>\n<meta property=\"og:site_name\" content=\"Doglife\" \/>\n<meta property=\"article:publisher\" content=\"https:\/\/www.facebook.com\/DoglifeBenelux\" \/>\n<meta property=\"article:modified_time\" content=\"2026-03-18T10:16:27+00:00\" \/>\n<meta property=\"og:image\" content=\"https:\/\/doglife.be\/wp-content\/uploads\/2025\/04\/max_deluxe_hele_kip_1200g_5447.jpg\" \/>\n\t<meta property=\"og:image:width\" content=\"1200\" \/>\n\t<meta property=\"og:image:height\" content=\"1200\" \/>\n\t<meta property=\"og:image:type\" content=\"image\/jpeg\" \/>\n<meta name=\"twitter:card\" content=\"summary_large_image\" \/>\n<meta name=\"twitter:label1\" content=\"Dur\u00e9e de lecture estim\u00e9e\" \/>\n\t<meta name=\"twitter:data1\" content=\"1 minute\" \/>\n<script type=\"application\/ld+json\" class=\"yoast-schema-graph\">{\"@context\":\"https:\/\/schema.org\",\"@graph\":[{\"@type\":\"WebPage\",\"@id\":\"https:\/\/doglife.be\/fr\/produit\/max-deluxe-hele-kip-1200-g\/\",\"url\":\"https:\/\/doglife.be\/fr\/produit\/max-deluxe-hele-kip-1200-g\/\",\"name\":\"MAX deluxe Hele kip 1200g - Doglife\",\"isPartOf\":{\"@id\":\"https:\/\/doglife.be\/fr\/#website\"},\"primaryImageOfPage\":{\"@id\":\"https:\/\/doglife.be\/fr\/produit\/max-deluxe-hele-kip-1200-g\/#primaryimage\"},\"image\":{\"@id\":\"https:\/\/doglife.be\/fr\/produit\/max-deluxe-hele-kip-1200-g\/#primaryimage\"},\"thumbnailUrl\":\"https:\/\/doglife.be\/wp-content\/uploads\/2025\/04\/max_deluxe_hele_kip_1200g_5447.jpg\",\"datePublished\":\"2025-03-14T09:09:41+00:00\",\"dateModified\":\"2026-03-18T10:16:27+00:00\",\"breadcrumb\":{\"@id\":\"https:\/\/doglife.be\/fr\/produit\/max-deluxe-hele-kip-1200-g\/#breadcrumb\"},\"inLanguage\":\"fr-FR\",\"potentialAction\":[{\"@type\":\"ReadAction\",\"target\":[\"https:\/\/doglife.be\/fr\/produit\/max-deluxe-hele-kip-1200-g\/\"]}]},{\"@type\":\"ImageObject\",\"inLanguage\":\"fr-FR\",\"@id\":\"https:\/\/doglife.be\/fr\/produit\/max-deluxe-hele-kip-1200-g\/#primaryimage\",\"url\":\"https:\/\/doglife.be\/wp-content\/uploads\/2025\/04\/max_deluxe_hele_kip_1200g_5447.jpg\",\"contentUrl\":\"https:\/\/doglife.be\/wp-content\/uploads\/2025\/04\/max_deluxe_hele_kip_1200g_5447.jpg\",\"width\":1200,\"height\":1200,\"caption\":\"MAX deluxe Hele kip 1200g\"},{\"@type\":\"BreadcrumbList\",\"@id\":\"https:\/\/doglife.be\/fr\/produit\/max-deluxe-hele-kip-1200-g\/#breadcrumb\",\"itemListElement\":[{\"@type\":\"ListItem\",\"position\":1,\"name\":\"Home\",\"item\":\"https:\/\/doglife.be\/fr\/\"},{\"@type\":\"ListItem\",\"position\":2,\"name\":\"Boutique\",\"item\":\"https:\/\/doglife.be\/fr\/boutique\/\"},{\"@type\":\"ListItem\",\"position\":3,\"name\":\"MAX deluxe Hele kip 1200g\"}]},{\"@type\":\"WebSite\",\"@id\":\"https:\/\/doglife.be\/fr\/#website\",\"url\":\"https:\/\/doglife.be\/fr\/\",\"name\":\"Doglife\",\"description\":\"\",\"publisher\":{\"@id\":\"https:\/\/doglife.be\/fr\/#organization\"},\"potentialAction\":[{\"@type\":\"SearchAction\",\"target\":{\"@type\":\"EntryPoint\",\"urlTemplate\":\"https:\/\/doglife.be\/fr\/?s={search_term_string}\"},\"query-input\":{\"@type\":\"PropertyValueSpecification\",\"valueRequired\":true,\"valueName\":\"search_term_string\"}}],\"inLanguage\":\"fr-FR\"},{\"@type\":\"Organization\",\"@id\":\"https:\/\/doglife.be\/fr\/#organization\",\"name\":\"Doglife\",\"url\":\"https:\/\/doglife.be\/fr\/\",\"logo\":{\"@type\":\"ImageObject\",\"inLanguage\":\"fr-FR\",\"@id\":\"https:\/\/doglife.be\/fr\/#\/schema\/logo\/image\/\",\"url\":\"https:\/\/doglife.be\/wp-content\/uploads\/2022\/07\/logo-doglife-white.webp\",\"contentUrl\":\"https:\/\/doglife.be\/wp-content\/uploads\/2022\/07\/logo-doglife-white.webp\",\"width\":137,\"height\":136,\"caption\":\"Doglife\"},\"image\":{\"@id\":\"https:\/\/doglife.be\/fr\/#\/schema\/logo\/image\/\"},\"sameAs\":[\"https:\/\/www.facebook.com\/DoglifeBenelux\"]}]}<\/script>\n<!-- \/ Yoast SEO plugin. -->","yoast_head_json":{"title":"MAX deluxe Hele kip 1200g - Doglife","robots":{"index":"index","follow":"follow","max-snippet":"max-snippet:-1","max-image-preview":"max-image-preview:large","max-video-preview":"max-video-preview:-1"},"canonical":"https:\/\/doglife.be\/fr\/produit\/max-deluxe-hele-kip-1200-g\/","og_locale":"fr_FR","og_type":"article","og_title":"MAX deluxe Hele kip 1200g - Doglife","og_description":"De beste selectie vleessoorten. Het blikvlees bestaat voor 100% uit hele stukken gehakte kip, inclusief botten.","og_url":"https:\/\/doglife.be\/fr\/produit\/max-deluxe-hele-kip-1200-g\/","og_site_name":"Doglife","article_publisher":"https:\/\/www.facebook.com\/DoglifeBenelux","article_modified_time":"2026-03-18T10:16:27+00:00","og_image":[{"width":1200,"height":1200,"url":"https:\/\/doglife.be\/wp-content\/uploads\/2025\/04\/max_deluxe_hele_kip_1200g_5447.jpg","type":"image\/jpeg"}],"twitter_card":"summary_large_image","twitter_misc":{"Dur\u00e9e de lecture estim\u00e9e":"1 minute"},"schema":{"@context":"https:\/\/schema.org","@graph":[{"@type":"WebPage","@id":"https:\/\/doglife.be\/fr\/produit\/max-deluxe-hele-kip-1200-g\/","url":"https:\/\/doglife.be\/fr\/produit\/max-deluxe-hele-kip-1200-g\/","name":"MAX deluxe Hele kip 1200g - Doglife","isPartOf":{"@id":"https:\/\/doglife.be\/fr\/#website"},"primaryImageOfPage":{"@id":"https:\/\/doglife.be\/fr\/produit\/max-deluxe-hele-kip-1200-g\/#primaryimage"},"image":{"@id":"https:\/\/doglife.be\/fr\/produit\/max-deluxe-hele-kip-1200-g\/#primaryimage"},"thumbnailUrl":"https:\/\/doglife.be\/wp-content\/uploads\/2025\/04\/max_deluxe_hele_kip_1200g_5447.jpg","datePublished":"2025-03-14T09:09:41+00:00","dateModified":"2026-03-18T10:16:27+00:00","breadcrumb":{"@id":"https:\/\/doglife.be\/fr\/produit\/max-deluxe-hele-kip-1200-g\/#breadcrumb"},"inLanguage":"fr-FR","potentialAction":[{"@type":"ReadAction","target":["https:\/\/doglife.be\/fr\/produit\/max-deluxe-hele-kip-1200-g\/"]}]},{"@type":"ImageObject","inLanguage":"fr-FR","@id":"https:\/\/doglife.be\/fr\/produit\/max-deluxe-hele-kip-1200-g\/#primaryimage","url":"https:\/\/doglife.be\/wp-content\/uploads\/2025\/04\/max_deluxe_hele_kip_1200g_5447.jpg","contentUrl":"https:\/\/doglife.be\/wp-content\/uploads\/2025\/04\/max_deluxe_hele_kip_1200g_5447.jpg","width":1200,"height":1200,"caption":"MAX deluxe Hele kip 1200g"},{"@type":"BreadcrumbList","@id":"https:\/\/doglife.be\/fr\/produit\/max-deluxe-hele-kip-1200-g\/#breadcrumb","itemListElement":[{"@type":"ListItem","position":1,"name":"Home","item":"https:\/\/doglife.be\/fr\/"},{"@type":"ListItem","position":2,"name":"Boutique","item":"https:\/\/doglife.be\/fr\/boutique\/"},{"@type":"ListItem","position":3,"name":"MAX deluxe Hele kip 1200g"}]},{"@type":"WebSite","@id":"https:\/\/doglife.be\/fr\/#website","url":"https:\/\/doglife.be\/fr\/","name":"Doglife","description":"","publisher":{"@id":"https:\/\/doglife.be\/fr\/#organization"},"potentialAction":[{"@type":"SearchAction","target":{"@type":"EntryPoint","urlTemplate":"https:\/\/doglife.be\/fr\/?s={search_term_string}"},"query-input":{"@type":"PropertyValueSpecification","valueRequired":true,"valueName":"search_term_string"}}],"inLanguage":"fr-FR"},{"@type":"Organization","@id":"https:\/\/doglife.be\/fr\/#organization","name":"Doglife","url":"https:\/\/doglife.be\/fr\/","logo":{"@type":"ImageObject","inLanguage":"fr-FR","@id":"https:\/\/doglife.be\/fr\/#\/schema\/logo\/image\/","url":"https:\/\/doglife.be\/wp-content\/uploads\/2022\/07\/logo-doglife-white.webp","contentUrl":"https:\/\/doglife.be\/wp-content\/uploads\/2022\/07\/logo-doglife-white.webp","width":137,"height":136,"caption":"Doglife"},"image":{"@id":"https:\/\/doglife.be\/fr\/#\/schema\/logo\/image\/"},"sameAs":["https:\/\/www.facebook.com\/DoglifeBenelux"]}]}},"_links":{"self":[{"href":"https:\/\/doglife.be\/fr\/wp-json\/wp\/v2\/product\/10999","targetHints":{"allow":["GET"]}}],"collection":[{"href":"https:\/\/doglife.be\/fr\/wp-json\/wp\/v2\/product"}],"about":[{"href":"https:\/\/doglife.be\/fr\/wp-json\/wp\/v2\/types\/product"}],"wp:featuredmedia":[{"embeddable":true,"href":"https:\/\/doglife.be\/fr\/wp-json\/wp\/v2\/media\/24130"}],"wp:attachment":[{"href":"https:\/\/doglife.be\/fr\/wp-json\/wp\/v2\/media?parent=10999"}],"wp:term":[{"taxonomy":"product_brand","embeddable":true,"href":"https:\/\/doglife.be\/fr\/wp-json\/wp\/v2\/product_brand?post=10999"},{"taxonomy":"product_cat","embeddable":true,"href":"https:\/\/doglife.be\/fr\/wp-json\/wp\/v2\/product_cat?post=10999"},{"taxonomy":"product_tag","embeddable":true,"href":"https:\/\/doglife.be\/fr\/wp-json\/wp\/v2\/product_tag?post=10999"}],"curies":[{"name":"wp","href":"https:\/\/api.w.org\/{rel}","templated":true}]}}