{"id":15577,"date":"2025-03-14T11:04:11","date_gmt":"2025-03-14T10:04:11","guid":{"rendered":"https:\/\/doglife.be\/?post_type=product&#038;p=15577"},"modified":"2026-01-20T09:46:22","modified_gmt":"2026-01-20T08:46:22","slug":"freiland-wild-12-kg","status":"publish","type":"product","link":"https:\/\/doglife.be\/fr\/produit\/freiland-wild-12-kg\/","title":{"rendered":"Markus-M\u00fchle Wild \u2013 koudgeperst\u00ae 12kg"},"content":{"rendered":"<p style=\"margin-right: 0px;margin-bottom: 0.75em;margin-left: 0px;clear: both;line-height: 1.4;padding: 1.5em 0px 0px\"><span style=\"font-weight: bolder\">Voor gevoelige honden<\/span>\u00a0\u2013 Bijzonder goed te verdragen door het gebruik van slechts \u00e9\u00e9n eiwitbron, de voedingswaardebehoudende productiemethode en de afwezigheid van tarwe en gluten.<\/p>\n<p style=\"margin-right: 0px;margin-bottom: 0.75em;margin-left: 0px;clear: both;line-height: 1.4;padding: 1.5em 0px 0px\"><\/p>\n<p style=\"margin-right: 0px;margin-bottom: 0.75em;margin-left: 0px;clear: both;line-height: 1.4;padding: 1.5em 0px 0px\"><span style=\"font-weight: bolder\">Ingredi\u00ebnten uit de vrije uitloop<\/span>\u00a0\u2013 Het vlees en de groenten van de Markus-M\u00fchle FREE-RANGE zijn gegarandeerd afkomstig van vrije uitlooplandbouw.<\/p>\n<p style=\"margin-right: 0px;margin-bottom: 0.75em;margin-left: 0px;clear: both;line-height: 1.4;padding: 1.5em 0px 0px\"><\/p>\n<p style=\"margin-right: 0px;margin-bottom: 0.75em;margin-left: 0px;clear: both;line-height: 1.4;padding: 1.5em 0px 0px\">In ons bijzonder\u00a0<span style=\"font-weight: bolder\">zachte productieproces<\/span>\u00a0wordt het gehele productieproces continu gekoeld. Thermische denaturatie of zelfs verstijfseling van de afzonderlijke ingredi\u00ebnten is daarom vrijwel onmogelijk. Belangrijke componenten behouden hun biologische waarde. Dat betekent dat we via onze voeding een extra dosis natuurlijke voedingsstoffen en vitale stoffen binnenkrijgen, waardoor de uiterst gevoelige secundaire plantenstoffen hun volledige werking kunnen ontplooien.<\/p>\n<p style=\"margin-right: 0px;margin-bottom: 0.75em;margin-left: 0px;clear: both;line-height: 1.4;padding: 1.5em 0px 0px\"><\/p>\n<p style=\"margin-right: 0px;margin-bottom: 0.75em;margin-left: 0px;clear: both;line-height: 1.4;padding: 1.5em 0px 0px\">&#8211; Selectie van ingredi\u00ebnten van de hoogste kwaliteit<\/p>\n<p style=\"margin-right: 0px;margin-bottom: 0.75em;margin-left: 0px;clear: both;line-height: 1.4;padding: 1.5em 0px 0px\">&#8211; Geproduceerd met behoud van voedingsstoffen<\/p>\n<p style=\"margin-right: 0px;margin-bottom: 0.75em;margin-left: 0px;clear: both;line-height: 1.4;padding: 1.5em 0px 0px\">&#8211; Zonder tarwe en gluten<\/p>\n<p style=\"margin-right: 0px;margin-bottom: 0.75em;margin-left: 0px;clear: both;line-height: 1.4;padding: 1.5em 0px 0px\">&#8211; Zeer uitgebalanceerd voor uw hond<\/p>\n<h2 style=\"margin-top: 0.5rem;margin-bottom: 1rem;font-family: Lato, sans-serif\"><\/h2>\n<h2 style=\"margin-top: 0.5rem;margin-bottom: 1rem;font-family: Lato, sans-serif\">Damhert met pompoen en zwarte bessen<\/h2>\n<h2 style=\"clear: both;line-height: 1.4;margin-right: 0px;margin-bottom: 0.75em;margin-left: 0px;padding: 1.5em 0px 0px;font-size: 1.625rem;font-family:\">\n<p style=\"margin-bottom: 0.9rem;font-family: Lato, sans-serif;font-size: 16px\"><span style=\"font-weight: bolder\">Samenstelling:<br \/><\/span>gemalen gedroogd wildvlees (van damherten) 24%; gestoofde aardappelen; pompoen 10%; Biet; Erwten; wortelen; bietenpulp; Hennepolie koudgeperst; witte visolie; Zwarte bessen 3%; appels; Gedroogd en gemalen kruidenmengsel (bestaande uit: brandnetelbladeren, heermoeskruid, paardenbloem); zeewiermeel; Moor<\/p>\n<p style=\"margin-bottom: 0.9rem;font-family: Lato, sans-serif;font-size: 16px\"><span style=\"font-weight: bolder\">Ingredi\u00ebnten:<\/span><br \/>Ruw eiwit 24%; Ruw vet 10%; Ruwe celstof 3,8%; ruwe as 6,9%; calcium 1,35%; fosfor 1,15%; Natrium 0,39%<\/p>\n<p style=\"margin-bottom: 0.9rem;font-family: Lato, sans-serif;font-size: 16px\"><span style=\"font-weight: bolder\">Nutritionele toevoegingsmiddelen\/kg:<\/span><br \/><span style=\"font-weight: bolder\">Vitaminen, provitaminen en soortgelijke stoffen<\/span><br \/>Vitamine A 10.000 IE; Vitamine D3 1.000 IE; Vitamine E 200mg; Vitamine B1 3,5 mg; Vitamine B2 als riboflavine 7 mg; Vitamine B6 als pyridoxinehydrochloride 4,2 mg; Vitamine B12 42 \u03bcg; Biotine 210 \u03bcg; foliumzuur 0,35 mg; niacinamide 21 mg; Vitamine C 140 mg; Calcium D-panto-thenaat 7 mg; Cholinechloride 2.000 mg<br \/><span style=\"font-weight: bolder\">sporenelementen<\/span><br \/>koper als koper (II) glycinechelaathydraat 16 mg; Mangaan als glycine-mangaanchelaathydraat 52 mg; Zink als glycine-zinkchelaathydraat 62,5 mg; Jodium als calciumjodaat, watervrij 0,3 mg; Seleen als Na-seleniet 150 \u03bcg<\/p>\n<p style=\"margin-bottom: 0.9rem;font-family: Lato, sans-serif;font-size: 16px\"><span style=\"font-weight: bolder\">Voedingsadvies (dagelijks):<\/span><\/p>\n<table width=\"459\" style=\"width: 1030px;margin-bottom: 15px;font-size: 0.9em;border-spacing: 0px;font-family: Lato, sans-serif\">\n<thead>\n<tr>\n<th style=\"padding: 15px;line-height: 1.5;vertical-align: top;font-size: 1em\">Gewicht van de hond<\/th>\n<th style=\"padding: 15px;line-height: 1.5;vertical-align: top;font-size: 1em\">Hoeveelheid voer<\/th>\n<\/tr>\n<\/thead>\n<tbody>\n<tr>\n<td style=\"padding: 15px;line-height: 1.5;vertical-align: top\">2 kg<\/td>\n<td style=\"padding: 15px;line-height: 1.5;vertical-align: top\">50g<\/td>\n<\/tr>\n<tr>\n<td style=\"padding: 15px;line-height: 1.5;vertical-align: top\">5 kg<\/td>\n<td style=\"padding: 15px;line-height: 1.5;vertical-align: top\">100g<\/td>\n<\/tr>\n<tr>\n<td style=\"padding: 15px;line-height: 1.5;vertical-align: top\">7 kg<\/td>\n<td style=\"padding: 15px;line-height: 1.5;vertical-align: top\">130g<\/td>\n<\/tr>\n<tr>\n<td style=\"padding: 15px;line-height: 1.5;vertical-align: top\">10 kg<\/td>\n<td style=\"padding: 15px;line-height: 1.5;vertical-align: top\">170g<\/td>\n<\/tr>\n<tr>\n<td style=\"padding: 15px;line-height: 1.5;vertical-align: top\">15 kg<\/td>\n<td style=\"padding: 15px;line-height: 1.5;vertical-align: top\">260g<\/td>\n<\/tr>\n<tr>\n<td style=\"padding: 15px;line-height: 1.5;vertical-align: top\">20 kg<\/td>\n<td style=\"padding: 15px;line-height: 1.5;vertical-align: top\">290g<\/td>\n<\/tr>\n<tr>\n<td style=\"padding: 15px;line-height: 1.5;vertical-align: top\">25 kg<\/td>\n<td style=\"padding: 15px;line-height: 1.5;vertical-align: top\">320g<\/td>\n<\/tr>\n<tr>\n<td style=\"padding: 15px;line-height: 1.5;vertical-align: top\">30 kg<\/td>\n<td style=\"padding: 15px;line-height: 1.5;vertical-align: top\">380g<\/td>\n<\/tr>\n<tr>\n<td style=\"padding: 15px;line-height: 1.5;vertical-align: top\">35 kg<\/td>\n<td style=\"padding: 15px;line-height: 1.5;vertical-align: top\">420g<\/td>\n<\/tr>\n<tr>\n<td style=\"padding: 15px;line-height: 1.5;vertical-align: top\">40 kg<\/td>\n<td style=\"padding: 15px;line-height: 1.5;vertical-align: top\">460g<\/td>\n<\/tr>\n<tr>\n<td style=\"padding: 15px;line-height: 1.5;vertical-align: top\">45 kg<\/td>\n<td style=\"padding: 15px;line-height: 1.5;vertical-align: top\">510g<\/td>\n<\/tr>\n<tr>\n<td style=\"padding: 15px;line-height: 1.5;vertical-align: top\">50 kg<\/td>\n<td style=\"padding: 15px;line-height: 1.5;vertical-align: top\">545g<\/td>\n<\/tr>\n<tr>\n<td style=\"padding: 15px;line-height: 1.5;vertical-align: top\">60 kg<\/td>\n<td style=\"padding: 15px;line-height: 1.5;vertical-align: top\">630g<\/td>\n<\/tr>\n<tr>\n<td style=\"padding: 15px;line-height: 1.5;vertical-align: top\">70 kg<\/td>\n<td style=\"padding: 15px;line-height: 1.5;vertical-align: top\">710g<\/td>\n<\/tr>\n<tr>\n<td style=\"padding: 15px;line-height: 1.5;vertical-align: top\">80 kg<\/td>\n<td style=\"padding: 15px;line-height: 1.5;vertical-align: top\">785g<\/td>\n<\/tr>\n<\/tbody>\n<\/table>\n<p style=\"margin-bottom: 0.9rem;font-family: Lato, sans-serif;font-size: 16px\">De aanbevolen hoeveelheid voer per dag komt overeen met ongeveer 1,2% van het lichaamsgewicht van een volwassen hond.* De daadwerkelijke voerbehoefte is afhankelijk van de activiteit en leeftijd van de hond. Deze informatie is slechts een richtlijn; Zoet water moet altijd voldoende beschikbaar zijn.<br \/>* Voor jonge honden bedraagt \u200b\u200bde hoeveelheid voer maximaal 2,5% van het lichaamsgewicht.<\/p>\n<\/h2>\n","protected":false},"excerpt":{"rendered":"<p>Markus-M\u00fchle FREILAND Geit \u2013 koudgeperst\u00ae  Ons hoogwaardige hondendroogvoer wordt geproduceerd volgens het innovatieve en voedingsvriendelijke ICEpress\u00ae-proces . De Markus-M\u00fchle FREILAND is een tarwevrij hondenvoer met gegarandeerde FREILAND-ingredi\u00ebnten en we gebruiken slechts \u00e9\u00e9n eiwitbron , waardoor het ook geschikt is voor gevoelige honden .<\/p>\n","protected":false},"featured_media":38645,"template":"","meta":[],"product_brand":[80],"product_cat":[289,252],"product_tag":[],"class_list":{"0":"post-15577","1":"product","2":"type-product","3":"status-publish","4":"has-post-thumbnail","6":"product_brand-markus-muhle13","7":"product_cat-markus-muhle-_34","8":"product_cat-promoties_230","10":"first","11":"outofstock","12":"sale","13":"taxable","14":"shipping-taxable","15":"purchasable","16":"product-type-simple"},"yoast_head":"<!-- This site is optimized with the Yoast SEO plugin v27.2 - https:\/\/yoast.com\/product\/yoast-seo-wordpress\/ -->\n<title>Markus-M\u00fchle Wild \u2013 koudgeperst\u00ae 12kg - Doglife<\/title>\n<meta name=\"robots\" content=\"index, follow, max-snippet:-1, max-image-preview:large, max-video-preview:-1\" \/>\n<link rel=\"canonical\" href=\"https:\/\/doglife.be\/fr\/produit\/freiland-wild-12-kg\/\" \/>\n<meta property=\"og:locale\" content=\"fr_FR\" \/>\n<meta property=\"og:type\" content=\"article\" \/>\n<meta property=\"og:title\" content=\"Markus-M\u00fchle Wild \u2013 koudgeperst\u00ae 12kg - Doglife\" \/>\n<meta property=\"og:description\" content=\"Markus-M\u00fchle FREILAND Geit \u2013 koudgeperst\u00ae Ons hoogwaardige hondendroogvoer wordt geproduceerd volgens het innovatieve en voedingsvriendelijke ICEpress\u00ae-proces . De Markus-M\u00fchle FREILAND is een tarwevrij hondenvoer met gegarandeerde FREILAND-ingredi\u00ebnten en we gebruiken slechts \u00e9\u00e9n eiwitbron , waardoor het ook geschikt is voor gevoelige honden .\" \/>\n<meta property=\"og:url\" content=\"https:\/\/doglife.be\/fr\/produit\/freiland-wild-12-kg\/\" \/>\n<meta property=\"og:site_name\" content=\"Doglife\" \/>\n<meta property=\"article:publisher\" content=\"https:\/\/www.facebook.com\/DoglifeBenelux\" \/>\n<meta property=\"article:modified_time\" content=\"2026-01-20T08:46:22+00:00\" \/>\n<meta property=\"og:image\" content=\"https:\/\/doglife.be\/wp-content\/uploads\/2025\/08\/markus-mhle_wild__koudgeperst_12kg_4505.jpg\" \/>\n\t<meta property=\"og:image:width\" content=\"1200\" \/>\n\t<meta property=\"og:image:height\" content=\"1200\" \/>\n\t<meta property=\"og:image:type\" content=\"image\/jpeg\" \/>\n<meta name=\"twitter:card\" content=\"summary_large_image\" \/>\n<meta name=\"twitter:label1\" content=\"Dur\u00e9e de lecture estim\u00e9e\" \/>\n\t<meta name=\"twitter:data1\" content=\"2 minutes\" \/>\n<script type=\"application\/ld+json\" class=\"yoast-schema-graph\">{\"@context\":\"https:\/\/schema.org\",\"@graph\":[{\"@type\":\"WebPage\",\"@id\":\"https:\/\/doglife.be\/fr\/produit\/freiland-wild-12-kg\/\",\"url\":\"https:\/\/doglife.be\/fr\/produit\/freiland-wild-12-kg\/\",\"name\":\"Markus-M\u00fchle Wild \u2013 koudgeperst\u00ae 12kg - Doglife\",\"isPartOf\":{\"@id\":\"https:\/\/doglife.be\/fr\/#website\"},\"primaryImageOfPage\":{\"@id\":\"https:\/\/doglife.be\/fr\/produit\/freiland-wild-12-kg\/#primaryimage\"},\"image\":{\"@id\":\"https:\/\/doglife.be\/fr\/produit\/freiland-wild-12-kg\/#primaryimage\"},\"thumbnailUrl\":\"https:\/\/doglife.be\/wp-content\/uploads\/2025\/08\/markus-mhle_wild__koudgeperst_12kg_4505.jpg\",\"datePublished\":\"2025-03-14T10:04:11+00:00\",\"dateModified\":\"2026-01-20T08:46:22+00:00\",\"breadcrumb\":{\"@id\":\"https:\/\/doglife.be\/fr\/produit\/freiland-wild-12-kg\/#breadcrumb\"},\"inLanguage\":\"fr-FR\",\"potentialAction\":[{\"@type\":\"ReadAction\",\"target\":[\"https:\/\/doglife.be\/fr\/produit\/freiland-wild-12-kg\/\"]}]},{\"@type\":\"ImageObject\",\"inLanguage\":\"fr-FR\",\"@id\":\"https:\/\/doglife.be\/fr\/produit\/freiland-wild-12-kg\/#primaryimage\",\"url\":\"https:\/\/doglife.be\/wp-content\/uploads\/2025\/08\/markus-mhle_wild__koudgeperst_12kg_4505.jpg\",\"contentUrl\":\"https:\/\/doglife.be\/wp-content\/uploads\/2025\/08\/markus-mhle_wild__koudgeperst_12kg_4505.jpg\",\"width\":1200,\"height\":1200,\"caption\":\"Markus-M\u00fchle Wild \u2013 koudgeperst\u00ae 12kg\"},{\"@type\":\"BreadcrumbList\",\"@id\":\"https:\/\/doglife.be\/fr\/produit\/freiland-wild-12-kg\/#breadcrumb\",\"itemListElement\":[{\"@type\":\"ListItem\",\"position\":1,\"name\":\"Home\",\"item\":\"https:\/\/doglife.be\/fr\/\"},{\"@type\":\"ListItem\",\"position\":2,\"name\":\"Boutique\",\"item\":\"https:\/\/doglife.be\/fr\/boutique\/\"},{\"@type\":\"ListItem\",\"position\":3,\"name\":\"Markus-M\u00fchle Wild \u2013 koudgeperst\u00ae 12kg\"}]},{\"@type\":\"WebSite\",\"@id\":\"https:\/\/doglife.be\/fr\/#website\",\"url\":\"https:\/\/doglife.be\/fr\/\",\"name\":\"Doglife\",\"description\":\"\",\"publisher\":{\"@id\":\"https:\/\/doglife.be\/fr\/#organization\"},\"potentialAction\":[{\"@type\":\"SearchAction\",\"target\":{\"@type\":\"EntryPoint\",\"urlTemplate\":\"https:\/\/doglife.be\/fr\/?s={search_term_string}\"},\"query-input\":{\"@type\":\"PropertyValueSpecification\",\"valueRequired\":true,\"valueName\":\"search_term_string\"}}],\"inLanguage\":\"fr-FR\"},{\"@type\":\"Organization\",\"@id\":\"https:\/\/doglife.be\/fr\/#organization\",\"name\":\"Doglife\",\"url\":\"https:\/\/doglife.be\/fr\/\",\"logo\":{\"@type\":\"ImageObject\",\"inLanguage\":\"fr-FR\",\"@id\":\"https:\/\/doglife.be\/fr\/#\/schema\/logo\/image\/\",\"url\":\"https:\/\/doglife.be\/wp-content\/uploads\/2022\/07\/logo-doglife-white.webp\",\"contentUrl\":\"https:\/\/doglife.be\/wp-content\/uploads\/2022\/07\/logo-doglife-white.webp\",\"width\":137,\"height\":136,\"caption\":\"Doglife\"},\"image\":{\"@id\":\"https:\/\/doglife.be\/fr\/#\/schema\/logo\/image\/\"},\"sameAs\":[\"https:\/\/www.facebook.com\/DoglifeBenelux\"]}]}<\/script>\n<!-- \/ Yoast SEO plugin. -->","yoast_head_json":{"title":"Markus-M\u00fchle Wild \u2013 koudgeperst\u00ae 12kg - Doglife","robots":{"index":"index","follow":"follow","max-snippet":"max-snippet:-1","max-image-preview":"max-image-preview:large","max-video-preview":"max-video-preview:-1"},"canonical":"https:\/\/doglife.be\/fr\/produit\/freiland-wild-12-kg\/","og_locale":"fr_FR","og_type":"article","og_title":"Markus-M\u00fchle Wild \u2013 koudgeperst\u00ae 12kg - Doglife","og_description":"Markus-M\u00fchle FREILAND Geit \u2013 koudgeperst\u00ae Ons hoogwaardige hondendroogvoer wordt geproduceerd volgens het innovatieve en voedingsvriendelijke ICEpress\u00ae-proces . De Markus-M\u00fchle FREILAND is een tarwevrij hondenvoer met gegarandeerde FREILAND-ingredi\u00ebnten en we gebruiken slechts \u00e9\u00e9n eiwitbron , waardoor het ook geschikt is voor gevoelige honden .","og_url":"https:\/\/doglife.be\/fr\/produit\/freiland-wild-12-kg\/","og_site_name":"Doglife","article_publisher":"https:\/\/www.facebook.com\/DoglifeBenelux","article_modified_time":"2026-01-20T08:46:22+00:00","og_image":[{"width":1200,"height":1200,"url":"https:\/\/doglife.be\/wp-content\/uploads\/2025\/08\/markus-mhle_wild__koudgeperst_12kg_4505.jpg","type":"image\/jpeg"}],"twitter_card":"summary_large_image","twitter_misc":{"Dur\u00e9e de lecture estim\u00e9e":"2 minutes"},"schema":{"@context":"https:\/\/schema.org","@graph":[{"@type":"WebPage","@id":"https:\/\/doglife.be\/fr\/produit\/freiland-wild-12-kg\/","url":"https:\/\/doglife.be\/fr\/produit\/freiland-wild-12-kg\/","name":"Markus-M\u00fchle Wild \u2013 koudgeperst\u00ae 12kg - Doglife","isPartOf":{"@id":"https:\/\/doglife.be\/fr\/#website"},"primaryImageOfPage":{"@id":"https:\/\/doglife.be\/fr\/produit\/freiland-wild-12-kg\/#primaryimage"},"image":{"@id":"https:\/\/doglife.be\/fr\/produit\/freiland-wild-12-kg\/#primaryimage"},"thumbnailUrl":"https:\/\/doglife.be\/wp-content\/uploads\/2025\/08\/markus-mhle_wild__koudgeperst_12kg_4505.jpg","datePublished":"2025-03-14T10:04:11+00:00","dateModified":"2026-01-20T08:46:22+00:00","breadcrumb":{"@id":"https:\/\/doglife.be\/fr\/produit\/freiland-wild-12-kg\/#breadcrumb"},"inLanguage":"fr-FR","potentialAction":[{"@type":"ReadAction","target":["https:\/\/doglife.be\/fr\/produit\/freiland-wild-12-kg\/"]}]},{"@type":"ImageObject","inLanguage":"fr-FR","@id":"https:\/\/doglife.be\/fr\/produit\/freiland-wild-12-kg\/#primaryimage","url":"https:\/\/doglife.be\/wp-content\/uploads\/2025\/08\/markus-mhle_wild__koudgeperst_12kg_4505.jpg","contentUrl":"https:\/\/doglife.be\/wp-content\/uploads\/2025\/08\/markus-mhle_wild__koudgeperst_12kg_4505.jpg","width":1200,"height":1200,"caption":"Markus-M\u00fchle Wild \u2013 koudgeperst\u00ae 12kg"},{"@type":"BreadcrumbList","@id":"https:\/\/doglife.be\/fr\/produit\/freiland-wild-12-kg\/#breadcrumb","itemListElement":[{"@type":"ListItem","position":1,"name":"Home","item":"https:\/\/doglife.be\/fr\/"},{"@type":"ListItem","position":2,"name":"Boutique","item":"https:\/\/doglife.be\/fr\/boutique\/"},{"@type":"ListItem","position":3,"name":"Markus-M\u00fchle Wild \u2013 koudgeperst\u00ae 12kg"}]},{"@type":"WebSite","@id":"https:\/\/doglife.be\/fr\/#website","url":"https:\/\/doglife.be\/fr\/","name":"Doglife","description":"","publisher":{"@id":"https:\/\/doglife.be\/fr\/#organization"},"potentialAction":[{"@type":"SearchAction","target":{"@type":"EntryPoint","urlTemplate":"https:\/\/doglife.be\/fr\/?s={search_term_string}"},"query-input":{"@type":"PropertyValueSpecification","valueRequired":true,"valueName":"search_term_string"}}],"inLanguage":"fr-FR"},{"@type":"Organization","@id":"https:\/\/doglife.be\/fr\/#organization","name":"Doglife","url":"https:\/\/doglife.be\/fr\/","logo":{"@type":"ImageObject","inLanguage":"fr-FR","@id":"https:\/\/doglife.be\/fr\/#\/schema\/logo\/image\/","url":"https:\/\/doglife.be\/wp-content\/uploads\/2022\/07\/logo-doglife-white.webp","contentUrl":"https:\/\/doglife.be\/wp-content\/uploads\/2022\/07\/logo-doglife-white.webp","width":137,"height":136,"caption":"Doglife"},"image":{"@id":"https:\/\/doglife.be\/fr\/#\/schema\/logo\/image\/"},"sameAs":["https:\/\/www.facebook.com\/DoglifeBenelux"]}]}},"_links":{"self":[{"href":"https:\/\/doglife.be\/fr\/wp-json\/wp\/v2\/product\/15577","targetHints":{"allow":["GET"]}}],"collection":[{"href":"https:\/\/doglife.be\/fr\/wp-json\/wp\/v2\/product"}],"about":[{"href":"https:\/\/doglife.be\/fr\/wp-json\/wp\/v2\/types\/product"}],"wp:featuredmedia":[{"embeddable":true,"href":"https:\/\/doglife.be\/fr\/wp-json\/wp\/v2\/media\/38645"}],"wp:attachment":[{"href":"https:\/\/doglife.be\/fr\/wp-json\/wp\/v2\/media?parent=15577"}],"wp:term":[{"taxonomy":"product_brand","embeddable":true,"href":"https:\/\/doglife.be\/fr\/wp-json\/wp\/v2\/product_brand?post=15577"},{"taxonomy":"product_cat","embeddable":true,"href":"https:\/\/doglife.be\/fr\/wp-json\/wp\/v2\/product_cat?post=15577"},{"taxonomy":"product_tag","embeddable":true,"href":"https:\/\/doglife.be\/fr\/wp-json\/wp\/v2\/product_tag?post=15577"}],"curies":[{"name":"wp","href":"https:\/\/api.w.org\/{rel}","templated":true}]}}