{"id":36558,"date":"2025-07-23T15:26:21","date_gmt":"2025-07-23T14:26:21","guid":{"rendered":"https:\/\/doglife.be\/product\/urpro-gel-50ml\/"},"modified":"2026-03-29T09:42:27","modified_gmt":"2026-03-29T08:42:27","slug":"urpro-gel-50ml","status":"publish","type":"product","link":"https:\/\/doglife.be\/fr\/produit\/urpro-gel-50ml\/","title":{"rendered":"URPRO Gel 50ml"},"content":{"rendered":"<h1>Urpro Gel Urinegezondheid bij honden en katten<\/h1>\n<p>Urineweginfecties verspreiden zich meestal via de plasbuis naar de blaas en in sommige gevallen naar de nieren.<\/p>\n<p><\/p>\n<p><b>Risicofactoren<\/b><\/p>\n<p>\u00a0&#8211; vrouwelijk geslacht en gevorderde leeftijd<\/p>\n<p>\u00a0&#8211; anatomische en\/of functionele afwijking van de onderste urinewegen<\/p>\n<p>\u00a0&#8211; onvermogen om de blaas te legen<\/p>\n<p>\u00a0&#8211; urine-incontinentie<\/p>\n<p>\u00a0&#8211; urolithiasis<\/p>\n<p>\u00a0&#8211; gelijktijdige ziekten en comorbiditeiten<\/p>\n<p>\u00a0&#8211; recent gebruik van antibiotica<\/p>\n<p>\u00a0&#8211; immunosuppressie<\/p>\n<p><\/p>\n<p><b>Escherichia coli <\/b>is een van de meest voorkomende bacteri\u00ebn die wordt ge\u00efsoleerd in urinemonsters van honden en katten met urineweginfecties. Deze bacterie veroorzaakt infecties doordat hij zich opstijgt in de urinewegen en zich daarbij hecht aan uro-epitheliale cellen.<\/p>\n<p><\/p>\n<p><b>Urineweginfecties<\/b><\/p>\n<p>Klinische tekenen van een infectie van de onderste urinewegen<\/p>\n<p>\u00a0&#8211; dysurie\/strangurie<\/p>\n<p>\u00a0&#8211; pollakisurie<\/p>\n<p>\u00a0&#8211; hematurie<\/p>\n<p>\u00a0&#8211; urine met een sterke geur<\/p>\n<p>\u00a0&#8211; in sommige gevallen kan de infectie asymptomatisch zijn<\/p>\n<p><\/p>\n<p><b>Urpro Gel bevat geen kippeneiwitten en kleurstoffen<\/b><\/p>\n<p><\/p>\n<p><b>Kenmerken van bestanddelen:<\/b><\/p>\n<p><b>Cranberry <\/b>&#8211; bevat hippuurzuur en proanthocyanidinen, die voorkomen dat E. coli zich aan urotheliale receptoren hecht. Proanthocyanidinen staan \u200b\u200book bekend om hun antioxiderende en ontstekingsremmende eigenschappen.<\/p>\n<p><span style=\"font-size: 1rem\"><b>Heermoes<\/b> &#8211; Heermoes of Equisetum arvense bevat een hoge concentratie flavono\u00efden die de plant een diuretische werking geven, waardoor kleine urinesteentjes worden verwijderd.<\/span><\/p>\n<p><b>D-Mannose<\/b> &#8211; Voorkomt de hechting van E. coli aan urotheliale receptoren<\/p>\n<p><b>Sulfaat en chondro\u00eftine, glucosamine en natriumhyaluronaat helpen bij:<\/b><\/p>\n<p>\u00a0 &#8211; het herstel van de glycosaminoglycaanlaag (GAG&rsquo;s). De urotheliale Gags-laag vormt een barri\u00e8re die voorkomt dat urinegifstoffen en ziekteverwekkers in de blaaswand binnendringen.<\/p>\n<p>\u00a0 &#8211; Vermindert weefselschade en bevordert de genezing van beschadigd weefsel.<\/p>\n<p><\/p>\n<h2>Samenstelling<\/h2>\n<p>Glucosamine van zeeschaaldieren, mout, D-mannose, glycerine, gehydrolyseerde varkensprote\u00efnen, cranberryfruit, paardenstaartpoeder, ge\u00efnactiveerde gist, chondro\u00eftinesulfaat, fructose, natriumhyaluronaat, cristobaliet, magnesiumhydroxide, maltodextrine.<\/p>\n<p><b>Additieven (per ml):<\/b><\/p>\n<p>Conserveermiddelen; 7,2 mg kaliumsorbaat (1k202).<\/p>\n<p><b>Met aroma&rsquo;s.<\/b><\/p>\n<p><b>Analytische bestanddelen:<\/b><\/p>\n<p>Ruw eiwit 8,3%<\/p>\n<p>Ruw vet 1,1%<\/p>\n<p>Ruwe vezels 1,1%<\/p>\n<p>Ruwe as 2,0%<\/p>\n<p>Vocht 50%<\/p>\n<p><\/p>\n<p><b>Energiewaarde:\u00a0<\/b><\/p>\n<p>171 kcal\/100 g (7 MJ\/kg).<\/p>\n<p>2 kcal (9 kJ)\/ml.<\/p>\n<p><\/p>\n<p><b>Samenstelling per ml:<\/b><\/p>\n<p>\u00a0Glucosamine 100,0 mg<\/p>\n<p>\u00a0D-mannose 75,0 mg<\/p>\n<p>\u00a0Cranberry 50,0 mg<\/p>\n<p>\u00a0Paardenstaartpoeder 35,0 mg<\/p>\n<p>\u00a0Chondro\u00eftinesulfaat 12,5 mg<\/p>\n<p>\u00a0Hyaluronzuur 8,00 mg<\/p>\n<p>\u00a0<\/p>\n<p><\/p>\n<p><b>Hoe te gebruiken:<\/b><\/p>\n<p>Gebruiksaanwijzing:<\/p>\n<p>\u00a01. Schud de fles en open het deksel.<\/p>\n<p>\u00a02. Steek de spuit in het gat in de geperforeerde dop.<\/p>\n<p>\u00a03. Keer de ampul om en neem de aangegeven hoeveelheid op.<\/p>\n<p>\u00a04. Plaats de ampul in de beginpositie en verwijder de spuit.<\/p>\n<p>\u00a05. Sluit de ampul na toediening. Spoel de spuit af met water.\u00a0<\/p>\n<p><\/p>\n<h2>Dosering:<\/h2>\n<p>Schudden voor gebruik<\/p>\n<p>Honden en katten: 1 ml\/5 kg lichaamsgewicht per dag<\/p>\n<p>Oraal gebruik<\/p>\n","protected":false},"excerpt":{"rendered":"<p>Voedingssupplement in gelvorm voor honden en katten, op basis van voedingsstoffen die de goede werking van de urinewegen ondersteunen, met name de onderste urinewegen.<\/p>\n","protected":false},"featured_media":36551,"template":"","meta":[],"product_brand":[],"product_cat":[657],"product_tag":[],"class_list":{"0":"post-36558","1":"product","2":"type-product","3":"status-publish","4":"has-post-thumbnail","6":"product_cat-senza-categoria","8":"first","9":"instock","10":"taxable","11":"shipping-taxable","12":"purchasable","13":"product-type-simple"},"yoast_head":"<!-- This site is optimized with the Yoast SEO plugin v27.2 - https:\/\/yoast.com\/product\/yoast-seo-wordpress\/ -->\n<title>URPRO Gel 50ml - Doglife<\/title>\n<meta name=\"robots\" content=\"index, follow, max-snippet:-1, max-image-preview:large, max-video-preview:-1\" \/>\n<link rel=\"canonical\" href=\"https:\/\/doglife.be\/fr\/produit\/urpro-gel-50ml\/\" \/>\n<meta property=\"og:locale\" content=\"fr_FR\" \/>\n<meta property=\"og:type\" content=\"article\" \/>\n<meta property=\"og:title\" content=\"URPRO Gel 50ml - Doglife\" \/>\n<meta property=\"og:description\" content=\"Voedingssupplement in gelvorm voor honden en katten, op basis van voedingsstoffen die de goede werking van de urinewegen ondersteunen, met name de onderste urinewegen.\" \/>\n<meta property=\"og:url\" content=\"https:\/\/doglife.be\/fr\/produit\/urpro-gel-50ml\/\" \/>\n<meta property=\"og:site_name\" content=\"Doglife\" \/>\n<meta property=\"article:publisher\" content=\"https:\/\/www.facebook.com\/DoglifeBenelux\" \/>\n<meta property=\"article:modified_time\" content=\"2026-03-29T08:42:27+00:00\" \/>\n<meta name=\"twitter:card\" content=\"summary_large_image\" \/>\n<meta name=\"twitter:label1\" content=\"Dur\u00e9e de lecture estim\u00e9e\" \/>\n\t<meta name=\"twitter:data1\" content=\"2 minutes\" \/>\n<script type=\"application\/ld+json\" class=\"yoast-schema-graph\">{\"@context\":\"https:\/\/schema.org\",\"@graph\":[{\"@type\":\"WebPage\",\"@id\":\"https:\/\/doglife.be\/fr\/produit\/urpro-gel-50ml\/\",\"url\":\"https:\/\/doglife.be\/fr\/produit\/urpro-gel-50ml\/\",\"name\":\"URPRO Gel 50ml - Doglife\",\"isPartOf\":{\"@id\":\"https:\/\/doglife.be\/fr\/#website\"},\"primaryImageOfPage\":{\"@id\":\"https:\/\/doglife.be\/fr\/produit\/urpro-gel-50ml\/#primaryimage\"},\"image\":{\"@id\":\"https:\/\/doglife.be\/fr\/produit\/urpro-gel-50ml\/#primaryimage\"},\"thumbnailUrl\":\"https:\/\/doglife.be\/wp-content\/uploads\/2025\/07\/URPRO_Gel_50ml.jpg\",\"datePublished\":\"2025-07-23T14:26:21+00:00\",\"dateModified\":\"2026-03-29T08:42:27+00:00\",\"breadcrumb\":{\"@id\":\"https:\/\/doglife.be\/fr\/produit\/urpro-gel-50ml\/#breadcrumb\"},\"inLanguage\":\"fr-FR\",\"potentialAction\":[{\"@type\":\"ReadAction\",\"target\":[\"https:\/\/doglife.be\/fr\/produit\/urpro-gel-50ml\/\"]}]},{\"@type\":\"ImageObject\",\"inLanguage\":\"fr-FR\",\"@id\":\"https:\/\/doglife.be\/fr\/produit\/urpro-gel-50ml\/#primaryimage\",\"url\":\"https:\/\/doglife.be\/wp-content\/uploads\/2025\/07\/URPRO_Gel_50ml.jpg\",\"contentUrl\":\"https:\/\/doglife.be\/wp-content\/uploads\/2025\/07\/URPRO_Gel_50ml.jpg\",\"width\":950,\"height\":870,\"caption\":\"URPRO Gel 50ml\"},{\"@type\":\"BreadcrumbList\",\"@id\":\"https:\/\/doglife.be\/fr\/produit\/urpro-gel-50ml\/#breadcrumb\",\"itemListElement\":[{\"@type\":\"ListItem\",\"position\":1,\"name\":\"Home\",\"item\":\"https:\/\/doglife.be\/fr\/\"},{\"@type\":\"ListItem\",\"position\":2,\"name\":\"Boutique\",\"item\":\"https:\/\/doglife.be\/fr\/boutique\/\"},{\"@type\":\"ListItem\",\"position\":3,\"name\":\"URPRO Gel 50ml\"}]},{\"@type\":\"WebSite\",\"@id\":\"https:\/\/doglife.be\/fr\/#website\",\"url\":\"https:\/\/doglife.be\/fr\/\",\"name\":\"Doglife\",\"description\":\"\",\"publisher\":{\"@id\":\"https:\/\/doglife.be\/fr\/#organization\"},\"potentialAction\":[{\"@type\":\"SearchAction\",\"target\":{\"@type\":\"EntryPoint\",\"urlTemplate\":\"https:\/\/doglife.be\/fr\/?s={search_term_string}\"},\"query-input\":{\"@type\":\"PropertyValueSpecification\",\"valueRequired\":true,\"valueName\":\"search_term_string\"}}],\"inLanguage\":\"fr-FR\"},{\"@type\":\"Organization\",\"@id\":\"https:\/\/doglife.be\/fr\/#organization\",\"name\":\"Doglife\",\"url\":\"https:\/\/doglife.be\/fr\/\",\"logo\":{\"@type\":\"ImageObject\",\"inLanguage\":\"fr-FR\",\"@id\":\"https:\/\/doglife.be\/fr\/#\/schema\/logo\/image\/\",\"url\":\"https:\/\/doglife.be\/wp-content\/uploads\/2022\/07\/logo-doglife-white.webp\",\"contentUrl\":\"https:\/\/doglife.be\/wp-content\/uploads\/2022\/07\/logo-doglife-white.webp\",\"width\":137,\"height\":136,\"caption\":\"Doglife\"},\"image\":{\"@id\":\"https:\/\/doglife.be\/fr\/#\/schema\/logo\/image\/\"},\"sameAs\":[\"https:\/\/www.facebook.com\/DoglifeBenelux\"]}]}<\/script>\n<!-- \/ Yoast SEO plugin. -->","yoast_head_json":{"title":"URPRO Gel 50ml - Doglife","robots":{"index":"index","follow":"follow","max-snippet":"max-snippet:-1","max-image-preview":"max-image-preview:large","max-video-preview":"max-video-preview:-1"},"canonical":"https:\/\/doglife.be\/fr\/produit\/urpro-gel-50ml\/","og_locale":"fr_FR","og_type":"article","og_title":"URPRO Gel 50ml - Doglife","og_description":"Voedingssupplement in gelvorm voor honden en katten, op basis van voedingsstoffen die de goede werking van de urinewegen ondersteunen, met name de onderste urinewegen.","og_url":"https:\/\/doglife.be\/fr\/produit\/urpro-gel-50ml\/","og_site_name":"Doglife","article_publisher":"https:\/\/www.facebook.com\/DoglifeBenelux","article_modified_time":"2026-03-29T08:42:27+00:00","twitter_card":"summary_large_image","twitter_misc":{"Dur\u00e9e de lecture estim\u00e9e":"2 minutes"},"schema":{"@context":"https:\/\/schema.org","@graph":[{"@type":"WebPage","@id":"https:\/\/doglife.be\/fr\/produit\/urpro-gel-50ml\/","url":"https:\/\/doglife.be\/fr\/produit\/urpro-gel-50ml\/","name":"URPRO Gel 50ml - Doglife","isPartOf":{"@id":"https:\/\/doglife.be\/fr\/#website"},"primaryImageOfPage":{"@id":"https:\/\/doglife.be\/fr\/produit\/urpro-gel-50ml\/#primaryimage"},"image":{"@id":"https:\/\/doglife.be\/fr\/produit\/urpro-gel-50ml\/#primaryimage"},"thumbnailUrl":"https:\/\/doglife.be\/wp-content\/uploads\/2025\/07\/URPRO_Gel_50ml.jpg","datePublished":"2025-07-23T14:26:21+00:00","dateModified":"2026-03-29T08:42:27+00:00","breadcrumb":{"@id":"https:\/\/doglife.be\/fr\/produit\/urpro-gel-50ml\/#breadcrumb"},"inLanguage":"fr-FR","potentialAction":[{"@type":"ReadAction","target":["https:\/\/doglife.be\/fr\/produit\/urpro-gel-50ml\/"]}]},{"@type":"ImageObject","inLanguage":"fr-FR","@id":"https:\/\/doglife.be\/fr\/produit\/urpro-gel-50ml\/#primaryimage","url":"https:\/\/doglife.be\/wp-content\/uploads\/2025\/07\/URPRO_Gel_50ml.jpg","contentUrl":"https:\/\/doglife.be\/wp-content\/uploads\/2025\/07\/URPRO_Gel_50ml.jpg","width":950,"height":870,"caption":"URPRO Gel 50ml"},{"@type":"BreadcrumbList","@id":"https:\/\/doglife.be\/fr\/produit\/urpro-gel-50ml\/#breadcrumb","itemListElement":[{"@type":"ListItem","position":1,"name":"Home","item":"https:\/\/doglife.be\/fr\/"},{"@type":"ListItem","position":2,"name":"Boutique","item":"https:\/\/doglife.be\/fr\/boutique\/"},{"@type":"ListItem","position":3,"name":"URPRO Gel 50ml"}]},{"@type":"WebSite","@id":"https:\/\/doglife.be\/fr\/#website","url":"https:\/\/doglife.be\/fr\/","name":"Doglife","description":"","publisher":{"@id":"https:\/\/doglife.be\/fr\/#organization"},"potentialAction":[{"@type":"SearchAction","target":{"@type":"EntryPoint","urlTemplate":"https:\/\/doglife.be\/fr\/?s={search_term_string}"},"query-input":{"@type":"PropertyValueSpecification","valueRequired":true,"valueName":"search_term_string"}}],"inLanguage":"fr-FR"},{"@type":"Organization","@id":"https:\/\/doglife.be\/fr\/#organization","name":"Doglife","url":"https:\/\/doglife.be\/fr\/","logo":{"@type":"ImageObject","inLanguage":"fr-FR","@id":"https:\/\/doglife.be\/fr\/#\/schema\/logo\/image\/","url":"https:\/\/doglife.be\/wp-content\/uploads\/2022\/07\/logo-doglife-white.webp","contentUrl":"https:\/\/doglife.be\/wp-content\/uploads\/2022\/07\/logo-doglife-white.webp","width":137,"height":136,"caption":"Doglife"},"image":{"@id":"https:\/\/doglife.be\/fr\/#\/schema\/logo\/image\/"},"sameAs":["https:\/\/www.facebook.com\/DoglifeBenelux"]}]}},"_links":{"self":[{"href":"https:\/\/doglife.be\/fr\/wp-json\/wp\/v2\/product\/36558","targetHints":{"allow":["GET"]}}],"collection":[{"href":"https:\/\/doglife.be\/fr\/wp-json\/wp\/v2\/product"}],"about":[{"href":"https:\/\/doglife.be\/fr\/wp-json\/wp\/v2\/types\/product"}],"wp:featuredmedia":[{"embeddable":true,"href":"https:\/\/doglife.be\/fr\/wp-json\/wp\/v2\/media\/36551"}],"wp:attachment":[{"href":"https:\/\/doglife.be\/fr\/wp-json\/wp\/v2\/media?parent=36558"}],"wp:term":[{"taxonomy":"product_brand","embeddable":true,"href":"https:\/\/doglife.be\/fr\/wp-json\/wp\/v2\/product_brand?post=36558"},{"taxonomy":"product_cat","embeddable":true,"href":"https:\/\/doglife.be\/fr\/wp-json\/wp\/v2\/product_cat?post=36558"},{"taxonomy":"product_tag","embeddable":true,"href":"https:\/\/doglife.be\/fr\/wp-json\/wp\/v2\/product_tag?post=36558"}],"curies":[{"name":"wp","href":"https:\/\/api.w.org\/{rel}","templated":true}]}}