{"id":44868,"date":"2026-01-07T11:31:22","date_gmt":"2026-01-07T10:31:22","guid":{"rendered":"https:\/\/doglife.be\/product\/falco-sense-dog-zalm-en-kippenspieren-200g\/"},"modified":"2026-02-20T13:34:13","modified_gmt":"2026-02-20T12:34:13","slug":"falco-sense-dog-zalm-en-kippenspieren-200g","status":"publish","type":"product","link":"https:\/\/doglife.be\/fr\/produit\/falco-sense-dog-zalm-en-kippenspieren-200g\/","title":{"rendered":"Falco SENSE dog ZALM en kippenspieren 200g"},"content":{"rendered":"<h2 class=\"h2\" style=\"margin-right: 0px;margin-bottom: 1.875rem;margin-left: 0px;font-weight: 700;line-height: 1.1875;padding: 0px;text-transform: uppercase;font-family: Anton, Helvetica, Arial, sans-serif;letter-spacing: 0.5px\"><font style=\"vertical-align: inherit\">FALCO SENSE DOG ZALM en kip 200g<\/font><\/h2>\n<div class=\"text text--1 color__brand--2\" style=\"line-height: 1.5;margin-bottom: 1.875rem\">\n<p style=\"font-family: Roboto, Helvetica, Arial, sans-serif;font-size: 16px\"><span style=\"font-size: 11pt\"><span style=\"line-height: 15.6933px\"><span style=\"font-family: Calibri, sans-serif\"><span style=\"font-size: 12pt\"><span style=\"line-height: 17.12px\">Spieren bevatten veel essenti\u00eble aminozuren, ijzer en vitamine B2. Het bevat ook eiwitten, die de spiergroei bevorderen. Het ondersteunt de kauwspieren en is uitstekend voor de conditie en vacht. Het is gewoon vlees zonder ingewanden.<\/span><\/span><\/span><\/span><\/span><\/p>\n<p style=\"margin-bottom: 11px\"><font color=\"#87858d\" face=\"Calibri, sans-serif\"><span style=\"font-size: 16px\">Gevogeltevlees is zeer licht verteerbaar en een rijke bron van eiwitten. Het bevat een gunstige hoeveelheid mineralen, met name ijzer, fosfor, zink, natrium, kalium en B-vitaminen. Het product kan botten bevatten.<\/span><\/font><\/p>\n<p style=\"margin-bottom: 11px\"><font color=\"#87858d\" face=\"Calibri, sans-serif\"><span style=\"font-size: 16px\"><br \/><\/span><\/font><\/p>\n<p style=\"margin-bottom: 11px\"><font color=\"#87858d\" face=\"Calibri, sans-serif\"><span style=\"font-size: 16px\">Botten in blik zijn niet gevaarlijk, dankzij sterilisatie onder hoge druk en temperatuur zijn ze volledig zacht en kunnen ze tussen de vingers worden fijngemaakt. Ze vormen een belangrijk onderdeel van het dieet van het huisdier, omdat ze belangrijke mineralen bevatten. Wanneer fokkers blikvoer met botten voeren, hoeven ze geen extra vitaminen met mineralen aan te schaffen.<\/span><\/font><\/p>\n<p style=\"margin-bottom: 11px\"><font color=\"#87858d\" face=\"Calibri, sans-serif\"><span style=\"font-size: 16px\"><br \/><\/span><\/font><\/p>\n<p style=\"margin-bottom: 11px\"><font color=\"#87858d\" face=\"Calibri, sans-serif\"><span style=\"font-size: 16px\">Zalm is een van de beste natuurlijke bronnen van omega-3-vetzuren. Het bevat hoogwaardige eiwitten die een aantal belangrijke functies in het lichaam vervullen, zoals het bevorderen van wondgenezing, het beschermen van de botgezondheid, het hebben van een gunstig effect op de vacht en het behoud van spiermassa tijdens gewichtsverlies en veroudering. Regelmatige consumptie van zalm kan het risico op hart- en vaatziekten verminderen.<\/span><\/font><\/p>\n<p style=\"margin-bottom: 11px\"><font color=\"#87858d\" face=\"Calibri, sans-serif\"><span style=\"font-size: 16px\"><br \/><\/span><\/font><\/p>\n<p style=\"font-family: Roboto, Helvetica, Arial, sans-serif;font-size: 16px;margin-bottom: 11px\"><span style=\"font-size: 11pt\"><span style=\"line-height: 15.6933px\"><span style=\"font-family: Calibri, sans-serif\"><span style=\"font-size: 12pt\"><span style=\"line-height: 17.12px\">FALCO SENSE DOG blikvoer is geschikt voor alle leeftijden en alle rassen.<\/span><\/span><\/span><\/span><\/span><\/p>\n<p style=\"font-family: Roboto, Helvetica, Arial, sans-serif;font-size: 16px\"><span style=\"font-size: 11pt\"><span style=\"line-height: 15.6933px\"><span style=\"font-family: Calibri, sans-serif\"><span style=\"font-size: 12pt\"><span style=\"line-height: 17.12px\">Al onze producten zijn natuurlijk en bevatten geen kleurstoffen, smaakstoffen, conserveringsmiddelen, chemicali\u00ebn, granen, rijst of soja. De recepten zijn samengesteld door dierenarts en oprichter MVDr. Ji\u0159\u00ed Sokol.<\/span><\/span><\/span><\/span><\/span><\/p>\n<p style=\"font-family: Roboto, Helvetica, Arial, sans-serif;font-size: 16px\"><span style=\"font-size: 11pt\"><span style=\"line-height: 15.6933px\"><span style=\"font-family: Calibri, sans-serif\">FALCO blikvoer heeft een houdbaarheid van 3 jaar. Je kunt het ongeveer 7 dagen in de koelkast bewaren, of zo lang als je wilt.<\/span><\/span><\/span><\/p>\n<p><span style=\"font-family: Roboto, Helvetica, Arial, sans-serif;font-size: 11pt\"><span style=\"line-height: 15.6933px\"><span style=\"font-family: Calibri, sans-serif\"><b>Ingredi\u00ebnten<\/b>:&nbsp;<\/span><\/span><\/span><font color=\"#87858d\" face=\"Calibri, sans-serif\"><span style=\"font-size: 14.6667px\">50% zalm, 50% kip. Dit product kan graten bevatten.<\/span><\/font><\/p>\n<p><span style=\"font-family: Roboto, Helvetica, Arial, sans-serif;font-size: 11pt\"><span style=\"line-height: 15.6933px\"><span style=\"font-family: Calibri, sans-serif\"><b>Analytische bestanddelen<\/b>:&nbsp;<\/span><\/span><\/span><font color=\"#87858d\" face=\"Calibri, sans-serif\"><span style=\"font-size: 14.6667px\">Ruw eiwit 15%, ruw vet 12%, ruwe vezels 0,5%, ruwe as 2,5%, vocht 70%, hoog natuurlijk gehalte aan vitaminen (A, E, D) en aminozuren (lysine, methionine, cystine)<\/span><\/font><\/p>\n<\/div>\n","protected":false},"excerpt":{"rendered":"<p>Bevat 50% gemalen eend en 50% spierstukjes. Ideaal voor gevoelige en kieskeurige honden.<\/p>\n","protected":false},"featured_media":44863,"template":"","meta":[],"product_brand":[71],"product_cat":[905],"product_tag":[],"class_list":{"0":"post-44868","1":"product","2":"type-product","3":"status-publish","4":"has-post-thumbnail","6":"product_brand-sokol-falco4","7":"product_cat-eliminatie-dieet-kat_241","9":"first","10":"instock","11":"taxable","12":"shipping-taxable","13":"purchasable","14":"product-type-simple"},"yoast_head":"<!-- This site is optimized with the Yoast SEO plugin v27.2 - https:\/\/yoast.com\/product\/yoast-seo-wordpress\/ -->\n<title>Falco SENSE dog ZALM en kippenspieren 200g - Doglife<\/title>\n<meta name=\"robots\" content=\"index, follow, max-snippet:-1, max-image-preview:large, max-video-preview:-1\" \/>\n<link rel=\"canonical\" href=\"https:\/\/doglife.be\/fr\/produit\/falco-sense-dog-zalm-en-kippenspieren-200g\/\" \/>\n<meta property=\"og:locale\" content=\"fr_FR\" \/>\n<meta property=\"og:type\" content=\"article\" \/>\n<meta property=\"og:title\" content=\"Falco SENSE dog ZALM en kippenspieren 200g - Doglife\" \/>\n<meta property=\"og:description\" content=\"Bevat 50% gemalen eend en 50% spierstukjes. Ideaal voor gevoelige en kieskeurige honden.\" \/>\n<meta property=\"og:url\" content=\"https:\/\/doglife.be\/fr\/produit\/falco-sense-dog-zalm-en-kippenspieren-200g\/\" \/>\n<meta property=\"og:site_name\" content=\"Doglife\" \/>\n<meta property=\"article:publisher\" content=\"https:\/\/www.facebook.com\/DoglifeBenelux\" \/>\n<meta property=\"article:modified_time\" content=\"2026-02-20T12:34:13+00:00\" \/>\n<meta property=\"og:image\" content=\"https:\/\/doglife.be\/wp-content\/uploads\/2026\/01\/Falco_SENSE_dog_ZALM_en_kippenspieren_200g.jpg\" \/>\n\t<meta property=\"og:image:width\" content=\"1200\" \/>\n\t<meta property=\"og:image:height\" content=\"1200\" \/>\n\t<meta property=\"og:image:type\" content=\"image\/jpeg\" \/>\n<meta name=\"twitter:card\" content=\"summary_large_image\" \/>\n<meta name=\"twitter:label1\" content=\"Dur\u00e9e de lecture estim\u00e9e\" \/>\n\t<meta name=\"twitter:data1\" content=\"1 minute\" \/>\n<script type=\"application\/ld+json\" class=\"yoast-schema-graph\">{\"@context\":\"https:\/\/schema.org\",\"@graph\":[{\"@type\":\"WebPage\",\"@id\":\"https:\/\/doglife.be\/fr\/produit\/falco-sense-dog-zalm-en-kippenspieren-200g\/\",\"url\":\"https:\/\/doglife.be\/fr\/produit\/falco-sense-dog-zalm-en-kippenspieren-200g\/\",\"name\":\"Falco SENSE dog ZALM en kippenspieren 200g - Doglife\",\"isPartOf\":{\"@id\":\"https:\/\/doglife.be\/fr\/#website\"},\"primaryImageOfPage\":{\"@id\":\"https:\/\/doglife.be\/fr\/produit\/falco-sense-dog-zalm-en-kippenspieren-200g\/#primaryimage\"},\"image\":{\"@id\":\"https:\/\/doglife.be\/fr\/produit\/falco-sense-dog-zalm-en-kippenspieren-200g\/#primaryimage\"},\"thumbnailUrl\":\"https:\/\/doglife.be\/wp-content\/uploads\/2026\/01\/Falco_SENSE_dog_ZALM_en_kippenspieren_200g.jpg\",\"datePublished\":\"2026-01-07T10:31:22+00:00\",\"dateModified\":\"2026-02-20T12:34:13+00:00\",\"breadcrumb\":{\"@id\":\"https:\/\/doglife.be\/fr\/produit\/falco-sense-dog-zalm-en-kippenspieren-200g\/#breadcrumb\"},\"inLanguage\":\"fr-FR\",\"potentialAction\":[{\"@type\":\"ReadAction\",\"target\":[\"https:\/\/doglife.be\/fr\/produit\/falco-sense-dog-zalm-en-kippenspieren-200g\/\"]}]},{\"@type\":\"ImageObject\",\"inLanguage\":\"fr-FR\",\"@id\":\"https:\/\/doglife.be\/fr\/produit\/falco-sense-dog-zalm-en-kippenspieren-200g\/#primaryimage\",\"url\":\"https:\/\/doglife.be\/wp-content\/uploads\/2026\/01\/Falco_SENSE_dog_ZALM_en_kippenspieren_200g.jpg\",\"contentUrl\":\"https:\/\/doglife.be\/wp-content\/uploads\/2026\/01\/Falco_SENSE_dog_ZALM_en_kippenspieren_200g.jpg\",\"width\":1200,\"height\":1200},{\"@type\":\"BreadcrumbList\",\"@id\":\"https:\/\/doglife.be\/fr\/produit\/falco-sense-dog-zalm-en-kippenspieren-200g\/#breadcrumb\",\"itemListElement\":[{\"@type\":\"ListItem\",\"position\":1,\"name\":\"Home\",\"item\":\"https:\/\/doglife.be\/fr\/\"},{\"@type\":\"ListItem\",\"position\":2,\"name\":\"Boutique\",\"item\":\"https:\/\/doglife.be\/fr\/boutique\/\"},{\"@type\":\"ListItem\",\"position\":3,\"name\":\"Falco SENSE dog ZALM en kippenspieren 200g\"}]},{\"@type\":\"WebSite\",\"@id\":\"https:\/\/doglife.be\/fr\/#website\",\"url\":\"https:\/\/doglife.be\/fr\/\",\"name\":\"Doglife\",\"description\":\"\",\"publisher\":{\"@id\":\"https:\/\/doglife.be\/fr\/#organization\"},\"potentialAction\":[{\"@type\":\"SearchAction\",\"target\":{\"@type\":\"EntryPoint\",\"urlTemplate\":\"https:\/\/doglife.be\/fr\/?s={search_term_string}\"},\"query-input\":{\"@type\":\"PropertyValueSpecification\",\"valueRequired\":true,\"valueName\":\"search_term_string\"}}],\"inLanguage\":\"fr-FR\"},{\"@type\":\"Organization\",\"@id\":\"https:\/\/doglife.be\/fr\/#organization\",\"name\":\"Doglife\",\"url\":\"https:\/\/doglife.be\/fr\/\",\"logo\":{\"@type\":\"ImageObject\",\"inLanguage\":\"fr-FR\",\"@id\":\"https:\/\/doglife.be\/fr\/#\/schema\/logo\/image\/\",\"url\":\"https:\/\/doglife.be\/wp-content\/uploads\/2022\/07\/logo-doglife-white.webp\",\"contentUrl\":\"https:\/\/doglife.be\/wp-content\/uploads\/2022\/07\/logo-doglife-white.webp\",\"width\":137,\"height\":136,\"caption\":\"Doglife\"},\"image\":{\"@id\":\"https:\/\/doglife.be\/fr\/#\/schema\/logo\/image\/\"},\"sameAs\":[\"https:\/\/www.facebook.com\/DoglifeBenelux\"]}]}<\/script>\n<!-- \/ Yoast SEO plugin. -->","yoast_head_json":{"title":"Falco SENSE dog ZALM en kippenspieren 200g - Doglife","robots":{"index":"index","follow":"follow","max-snippet":"max-snippet:-1","max-image-preview":"max-image-preview:large","max-video-preview":"max-video-preview:-1"},"canonical":"https:\/\/doglife.be\/fr\/produit\/falco-sense-dog-zalm-en-kippenspieren-200g\/","og_locale":"fr_FR","og_type":"article","og_title":"Falco SENSE dog ZALM en kippenspieren 200g - Doglife","og_description":"Bevat 50% gemalen eend en 50% spierstukjes. Ideaal voor gevoelige en kieskeurige honden.","og_url":"https:\/\/doglife.be\/fr\/produit\/falco-sense-dog-zalm-en-kippenspieren-200g\/","og_site_name":"Doglife","article_publisher":"https:\/\/www.facebook.com\/DoglifeBenelux","article_modified_time":"2026-02-20T12:34:13+00:00","og_image":[{"width":1200,"height":1200,"url":"https:\/\/doglife.be\/wp-content\/uploads\/2026\/01\/Falco_SENSE_dog_ZALM_en_kippenspieren_200g.jpg","type":"image\/jpeg"}],"twitter_card":"summary_large_image","twitter_misc":{"Dur\u00e9e de lecture estim\u00e9e":"1 minute"},"schema":{"@context":"https:\/\/schema.org","@graph":[{"@type":"WebPage","@id":"https:\/\/doglife.be\/fr\/produit\/falco-sense-dog-zalm-en-kippenspieren-200g\/","url":"https:\/\/doglife.be\/fr\/produit\/falco-sense-dog-zalm-en-kippenspieren-200g\/","name":"Falco SENSE dog ZALM en kippenspieren 200g - Doglife","isPartOf":{"@id":"https:\/\/doglife.be\/fr\/#website"},"primaryImageOfPage":{"@id":"https:\/\/doglife.be\/fr\/produit\/falco-sense-dog-zalm-en-kippenspieren-200g\/#primaryimage"},"image":{"@id":"https:\/\/doglife.be\/fr\/produit\/falco-sense-dog-zalm-en-kippenspieren-200g\/#primaryimage"},"thumbnailUrl":"https:\/\/doglife.be\/wp-content\/uploads\/2026\/01\/Falco_SENSE_dog_ZALM_en_kippenspieren_200g.jpg","datePublished":"2026-01-07T10:31:22+00:00","dateModified":"2026-02-20T12:34:13+00:00","breadcrumb":{"@id":"https:\/\/doglife.be\/fr\/produit\/falco-sense-dog-zalm-en-kippenspieren-200g\/#breadcrumb"},"inLanguage":"fr-FR","potentialAction":[{"@type":"ReadAction","target":["https:\/\/doglife.be\/fr\/produit\/falco-sense-dog-zalm-en-kippenspieren-200g\/"]}]},{"@type":"ImageObject","inLanguage":"fr-FR","@id":"https:\/\/doglife.be\/fr\/produit\/falco-sense-dog-zalm-en-kippenspieren-200g\/#primaryimage","url":"https:\/\/doglife.be\/wp-content\/uploads\/2026\/01\/Falco_SENSE_dog_ZALM_en_kippenspieren_200g.jpg","contentUrl":"https:\/\/doglife.be\/wp-content\/uploads\/2026\/01\/Falco_SENSE_dog_ZALM_en_kippenspieren_200g.jpg","width":1200,"height":1200},{"@type":"BreadcrumbList","@id":"https:\/\/doglife.be\/fr\/produit\/falco-sense-dog-zalm-en-kippenspieren-200g\/#breadcrumb","itemListElement":[{"@type":"ListItem","position":1,"name":"Home","item":"https:\/\/doglife.be\/fr\/"},{"@type":"ListItem","position":2,"name":"Boutique","item":"https:\/\/doglife.be\/fr\/boutique\/"},{"@type":"ListItem","position":3,"name":"Falco SENSE dog ZALM en kippenspieren 200g"}]},{"@type":"WebSite","@id":"https:\/\/doglife.be\/fr\/#website","url":"https:\/\/doglife.be\/fr\/","name":"Doglife","description":"","publisher":{"@id":"https:\/\/doglife.be\/fr\/#organization"},"potentialAction":[{"@type":"SearchAction","target":{"@type":"EntryPoint","urlTemplate":"https:\/\/doglife.be\/fr\/?s={search_term_string}"},"query-input":{"@type":"PropertyValueSpecification","valueRequired":true,"valueName":"search_term_string"}}],"inLanguage":"fr-FR"},{"@type":"Organization","@id":"https:\/\/doglife.be\/fr\/#organization","name":"Doglife","url":"https:\/\/doglife.be\/fr\/","logo":{"@type":"ImageObject","inLanguage":"fr-FR","@id":"https:\/\/doglife.be\/fr\/#\/schema\/logo\/image\/","url":"https:\/\/doglife.be\/wp-content\/uploads\/2022\/07\/logo-doglife-white.webp","contentUrl":"https:\/\/doglife.be\/wp-content\/uploads\/2022\/07\/logo-doglife-white.webp","width":137,"height":136,"caption":"Doglife"},"image":{"@id":"https:\/\/doglife.be\/fr\/#\/schema\/logo\/image\/"},"sameAs":["https:\/\/www.facebook.com\/DoglifeBenelux"]}]}},"_links":{"self":[{"href":"https:\/\/doglife.be\/fr\/wp-json\/wp\/v2\/product\/44868","targetHints":{"allow":["GET"]}}],"collection":[{"href":"https:\/\/doglife.be\/fr\/wp-json\/wp\/v2\/product"}],"about":[{"href":"https:\/\/doglife.be\/fr\/wp-json\/wp\/v2\/types\/product"}],"wp:featuredmedia":[{"embeddable":true,"href":"https:\/\/doglife.be\/fr\/wp-json\/wp\/v2\/media\/44863"}],"wp:attachment":[{"href":"https:\/\/doglife.be\/fr\/wp-json\/wp\/v2\/media?parent=44868"}],"wp:term":[{"taxonomy":"product_brand","embeddable":true,"href":"https:\/\/doglife.be\/fr\/wp-json\/wp\/v2\/product_brand?post=44868"},{"taxonomy":"product_cat","embeddable":true,"href":"https:\/\/doglife.be\/fr\/wp-json\/wp\/v2\/product_cat?post=44868"},{"taxonomy":"product_tag","embeddable":true,"href":"https:\/\/doglife.be\/fr\/wp-json\/wp\/v2\/product_tag?post=44868"}],"curies":[{"name":"wp","href":"https:\/\/api.w.org\/{rel}","templated":true}]}}