{"id":47488,"date":"2026-04-11T16:02:15","date_gmt":"2026-04-11T15:02:15","guid":{"rendered":"https:\/\/doglife.be\/product\/185g-yoggies-ragout-voor-katten-kalkoen-zalm\/"},"modified":"2026-04-11T16:32:31","modified_gmt":"2026-04-11T15:32:31","slug":"185g-yoggies-ragout-voor-katten-kalkoen-zalm","status":"publish","type":"product","link":"https:\/\/doglife.be\/fr\/produit\/185g-yoggies-ragout-voor-katten-kalkoen-zalm\/","title":{"rendered":"185g Yoggies RAGOUT voor katten Kalkoen &amp; Zalm"},"content":{"rendered":"<h2>Gedetailleerde beschrijving<\/h2>\n<div>Een kattenleven draait om vrijheid en een licht dieet vol energie van eerlijke ingredi\u00ebnten van de boerderij stelt haar in staat haar eigen tempo te bepalen. Juicy Yoggies RAG\u00da met kalkoen en zalm is 100% chemicali\u00ebnvrij en maakt van elke maaltijd een culinaire ervaring. Het belast de spijsvertering niet, maar geeft haar de energie om het appartement te verkennen en zich te concentreren op het observeren van de wereld vanuit het raam.<\/div>\n<div><\/div>\n<h1>Een kom vol puur vlees van de boerderij.<\/h1>\n<div><\/div>\n<div>In onze RAG\u00da vindt u alleen stukjes kalkoenvlees, zalm en ingewanden in een delicate saus. De samenstelling is puur natuurlijk en zonder vulstoffen, zodat uw kat bij elke hap alleen datgene binnenkrijgt wat natuurlijk ruikt en haar echte energie geeft.<\/div>\n<div><\/div>\n<h1>Waarom rent uw kat meteen naar de kom?<\/h1>\n<div><\/div>\n<div>De smaakcombinatie van kalkoen en zalm &#8211; Licht vlees en vis vormen een combinatie waarvan de geur de kat gegarandeerd aantrekt. Voordat u de kom kunt openen, zal ze luidkeels om haar portie vragen.<\/div>\n<div><\/div>\n<div>Drinkregime zonder dwang &#8211; De milde saus verhoogt op natuurlijke wijze de vochtinname, zodat uw kat gehydrateerd blijft zonder dat u hem constant bij de waterbak hoeft te houden.<\/div>\n<div><\/div>\n<div>Energie voor een actief leven &#8211; De eenvoudige samenstelling geeft vitaliteit voor bliksemsnelle sprints en stille territoriumbewaking, zodat uw kat de baas in huis kan blijven.<\/div>\n<div><\/div>\n<div>Goed functionerende spijsvertering en een gezonde vacht &#8211; De pure samenstelling is geschikt voor uw kat en belast haar op geen enkele manier. Dit zie je ook terug in haar vacht &#8211; die zal zo zacht zijn dat je haar constant wilt aaien.<\/div>\n<div><\/div>\n<h1>De belangrijkste voordelen van Yoggie RAG\u00da:<\/h1>\n<ul>\n<li>Complete voeding voor volwassen katten.<\/li>\n<li>Een uitgebalanceerde combinatie van kalkoen en zalm.<\/li>\n<li>Ondersteuning voor natuurlijke hydratatie.<\/li>\n<li>Pure energie voor dagelijkse activiteit.<\/li>\n<li>Lichte samenstelling voor een tevreden spijsvertering.<\/li>\n<li>100% natuurlijke samenstelling zonder granen, soja en chemicali\u00ebn.<\/li>\n<\/ul>\n<p><\/p>\n<h1>Samenstelling<\/h1>\n<p>kalkoen (spier, hart, lever, maag) 50%<\/p>\n<p>bouillon 29%<\/p>\n<p>zalm 20%<\/p>\n<p>mineralen<\/p>\n<p>zalmolie 0,2%<\/p>\n<p><b>Analytische bestanddelen:<\/b> ruw eiwit 10,5%, ruw vet 5%, ruwe vezels 0,2%, ruwe as 2,3%, vocht 78,5%.<\/p>\n<p><\/p>\n<p>(Analytische bestanddelen, uiterlijk en consistentie kunnen enigszins vari\u00ebren afhankelijk van het seizoen en de leverancier van de gebruikte grondstoffen.)<\/p>\n<p><\/p>\n<p><b>Metaboliseerbare energie (ME): 982 kcal\/kg<\/b><\/p>\n","protected":false},"excerpt":{"rendered":"<p>Sappige ragout met kalkoen en zalm, graanvrij en zonder chemicali\u00ebn. De pure samenstelling van ingredi\u00ebnten van eigen bodem is goed voor de spijsvertering, geeft energie voor de hele dag en verzorgt op natuurlijke wijze de glanzende vacht van uw kat.<\/p>\n","protected":false},"featured_media":47473,"template":"","meta":[],"product_brand":[],"product_cat":[905],"product_tag":[],"class_list":{"0":"post-47488","1":"product","2":"type-product","3":"status-publish","4":"has-post-thumbnail","6":"product_cat-eliminatie-dieet-kat_241","8":"first","9":"outofstock","10":"taxable","11":"shipping-taxable","12":"purchasable","13":"product-type-simple"},"yoast_head":"<!-- This site is optimized with the Yoast SEO plugin v27.2 - https:\/\/yoast.com\/product\/yoast-seo-wordpress\/ -->\n<title>185g Yoggies RAGOUT voor katten Kalkoen &amp; Zalm - Doglife<\/title>\n<meta name=\"robots\" content=\"index, follow, max-snippet:-1, max-image-preview:large, max-video-preview:-1\" \/>\n<link rel=\"canonical\" href=\"https:\/\/doglife.be\/fr\/produit\/185g-yoggies-ragout-voor-katten-kalkoen-zalm\/\" \/>\n<meta property=\"og:locale\" content=\"fr_FR\" \/>\n<meta property=\"og:type\" content=\"article\" \/>\n<meta property=\"og:title\" content=\"185g Yoggies RAGOUT voor katten Kalkoen &amp; Zalm - Doglife\" \/>\n<meta property=\"og:description\" content=\"Sappige ragout met kalkoen en zalm, graanvrij en zonder chemicali\u00ebn. De pure samenstelling van ingredi\u00ebnten van eigen bodem is goed voor de spijsvertering, geeft energie voor de hele dag en verzorgt op natuurlijke wijze de glanzende vacht van uw kat.\" \/>\n<meta property=\"og:url\" content=\"https:\/\/doglife.be\/fr\/produit\/185g-yoggies-ragout-voor-katten-kalkoen-zalm\/\" \/>\n<meta property=\"og:site_name\" content=\"Doglife\" \/>\n<meta property=\"article:publisher\" content=\"https:\/\/www.facebook.com\/DoglifeBenelux\" \/>\n<meta property=\"article:modified_time\" content=\"2026-04-11T15:32:31+00:00\" \/>\n<meta name=\"twitter:card\" content=\"summary_large_image\" \/>\n<meta name=\"twitter:label1\" content=\"Dur\u00e9e de lecture estim\u00e9e\" \/>\n\t<meta name=\"twitter:data1\" content=\"2 minutes\" \/>\n<script type=\"application\/ld+json\" class=\"yoast-schema-graph\">{\"@context\":\"https:\/\/schema.org\",\"@graph\":[{\"@type\":\"WebPage\",\"@id\":\"https:\/\/doglife.be\/fr\/produit\/185g-yoggies-ragout-voor-katten-kalkoen-zalm\/\",\"url\":\"https:\/\/doglife.be\/fr\/produit\/185g-yoggies-ragout-voor-katten-kalkoen-zalm\/\",\"name\":\"185g Yoggies RAGOUT voor katten Kalkoen &amp; Zalm - Doglife\",\"isPartOf\":{\"@id\":\"https:\/\/doglife.be\/fr\/#website\"},\"primaryImageOfPage\":{\"@id\":\"https:\/\/doglife.be\/fr\/produit\/185g-yoggies-ragout-voor-katten-kalkoen-zalm\/#primaryimage\"},\"image\":{\"@id\":\"https:\/\/doglife.be\/fr\/produit\/185g-yoggies-ragout-voor-katten-kalkoen-zalm\/#primaryimage\"},\"thumbnailUrl\":\"https:\/\/doglife.be\/wp-content\/uploads\/2026\/04\/185g_Yoggies_RAGOUT_voor_katten_Kalkoen__Zalm.jpg\",\"datePublished\":\"2026-04-11T15:02:15+00:00\",\"dateModified\":\"2026-04-11T15:32:31+00:00\",\"breadcrumb\":{\"@id\":\"https:\/\/doglife.be\/fr\/produit\/185g-yoggies-ragout-voor-katten-kalkoen-zalm\/#breadcrumb\"},\"inLanguage\":\"fr-FR\",\"potentialAction\":[{\"@type\":\"ReadAction\",\"target\":[\"https:\/\/doglife.be\/fr\/produit\/185g-yoggies-ragout-voor-katten-kalkoen-zalm\/\"]}]},{\"@type\":\"ImageObject\",\"inLanguage\":\"fr-FR\",\"@id\":\"https:\/\/doglife.be\/fr\/produit\/185g-yoggies-ragout-voor-katten-kalkoen-zalm\/#primaryimage\",\"url\":\"https:\/\/doglife.be\/wp-content\/uploads\/2026\/04\/185g_Yoggies_RAGOUT_voor_katten_Kalkoen__Zalm.jpg\",\"contentUrl\":\"https:\/\/doglife.be\/wp-content\/uploads\/2026\/04\/185g_Yoggies_RAGOUT_voor_katten_Kalkoen__Zalm.jpg\",\"width\":965,\"height\":966,\"caption\":\"185g Yoggies RAGOUT voor katten Kalkoen & Zalm\"},{\"@type\":\"BreadcrumbList\",\"@id\":\"https:\/\/doglife.be\/fr\/produit\/185g-yoggies-ragout-voor-katten-kalkoen-zalm\/#breadcrumb\",\"itemListElement\":[{\"@type\":\"ListItem\",\"position\":1,\"name\":\"Home\",\"item\":\"https:\/\/doglife.be\/fr\/\"},{\"@type\":\"ListItem\",\"position\":2,\"name\":\"Boutique\",\"item\":\"https:\/\/doglife.be\/fr\/boutique\/\"},{\"@type\":\"ListItem\",\"position\":3,\"name\":\"185g Yoggies RAGOUT voor katten Kalkoen &amp; Zalm\"}]},{\"@type\":\"WebSite\",\"@id\":\"https:\/\/doglife.be\/fr\/#website\",\"url\":\"https:\/\/doglife.be\/fr\/\",\"name\":\"Doglife\",\"description\":\"\",\"publisher\":{\"@id\":\"https:\/\/doglife.be\/fr\/#organization\"},\"potentialAction\":[{\"@type\":\"SearchAction\",\"target\":{\"@type\":\"EntryPoint\",\"urlTemplate\":\"https:\/\/doglife.be\/fr\/?s={search_term_string}\"},\"query-input\":{\"@type\":\"PropertyValueSpecification\",\"valueRequired\":true,\"valueName\":\"search_term_string\"}}],\"inLanguage\":\"fr-FR\"},{\"@type\":\"Organization\",\"@id\":\"https:\/\/doglife.be\/fr\/#organization\",\"name\":\"Doglife\",\"url\":\"https:\/\/doglife.be\/fr\/\",\"logo\":{\"@type\":\"ImageObject\",\"inLanguage\":\"fr-FR\",\"@id\":\"https:\/\/doglife.be\/fr\/#\/schema\/logo\/image\/\",\"url\":\"https:\/\/doglife.be\/wp-content\/uploads\/2022\/07\/logo-doglife-white.webp\",\"contentUrl\":\"https:\/\/doglife.be\/wp-content\/uploads\/2022\/07\/logo-doglife-white.webp\",\"width\":137,\"height\":136,\"caption\":\"Doglife\"},\"image\":{\"@id\":\"https:\/\/doglife.be\/fr\/#\/schema\/logo\/image\/\"},\"sameAs\":[\"https:\/\/www.facebook.com\/DoglifeBenelux\"]}]}<\/script>\n<!-- \/ Yoast SEO plugin. -->","yoast_head_json":{"title":"185g Yoggies RAGOUT voor katten Kalkoen &amp; Zalm - Doglife","robots":{"index":"index","follow":"follow","max-snippet":"max-snippet:-1","max-image-preview":"max-image-preview:large","max-video-preview":"max-video-preview:-1"},"canonical":"https:\/\/doglife.be\/fr\/produit\/185g-yoggies-ragout-voor-katten-kalkoen-zalm\/","og_locale":"fr_FR","og_type":"article","og_title":"185g Yoggies RAGOUT voor katten Kalkoen &amp; Zalm - Doglife","og_description":"Sappige ragout met kalkoen en zalm, graanvrij en zonder chemicali\u00ebn. De pure samenstelling van ingredi\u00ebnten van eigen bodem is goed voor de spijsvertering, geeft energie voor de hele dag en verzorgt op natuurlijke wijze de glanzende vacht van uw kat.","og_url":"https:\/\/doglife.be\/fr\/produit\/185g-yoggies-ragout-voor-katten-kalkoen-zalm\/","og_site_name":"Doglife","article_publisher":"https:\/\/www.facebook.com\/DoglifeBenelux","article_modified_time":"2026-04-11T15:32:31+00:00","twitter_card":"summary_large_image","twitter_misc":{"Dur\u00e9e de lecture estim\u00e9e":"2 minutes"},"schema":{"@context":"https:\/\/schema.org","@graph":[{"@type":"WebPage","@id":"https:\/\/doglife.be\/fr\/produit\/185g-yoggies-ragout-voor-katten-kalkoen-zalm\/","url":"https:\/\/doglife.be\/fr\/produit\/185g-yoggies-ragout-voor-katten-kalkoen-zalm\/","name":"185g Yoggies RAGOUT voor katten Kalkoen &amp; Zalm - Doglife","isPartOf":{"@id":"https:\/\/doglife.be\/fr\/#website"},"primaryImageOfPage":{"@id":"https:\/\/doglife.be\/fr\/produit\/185g-yoggies-ragout-voor-katten-kalkoen-zalm\/#primaryimage"},"image":{"@id":"https:\/\/doglife.be\/fr\/produit\/185g-yoggies-ragout-voor-katten-kalkoen-zalm\/#primaryimage"},"thumbnailUrl":"https:\/\/doglife.be\/wp-content\/uploads\/2026\/04\/185g_Yoggies_RAGOUT_voor_katten_Kalkoen__Zalm.jpg","datePublished":"2026-04-11T15:02:15+00:00","dateModified":"2026-04-11T15:32:31+00:00","breadcrumb":{"@id":"https:\/\/doglife.be\/fr\/produit\/185g-yoggies-ragout-voor-katten-kalkoen-zalm\/#breadcrumb"},"inLanguage":"fr-FR","potentialAction":[{"@type":"ReadAction","target":["https:\/\/doglife.be\/fr\/produit\/185g-yoggies-ragout-voor-katten-kalkoen-zalm\/"]}]},{"@type":"ImageObject","inLanguage":"fr-FR","@id":"https:\/\/doglife.be\/fr\/produit\/185g-yoggies-ragout-voor-katten-kalkoen-zalm\/#primaryimage","url":"https:\/\/doglife.be\/wp-content\/uploads\/2026\/04\/185g_Yoggies_RAGOUT_voor_katten_Kalkoen__Zalm.jpg","contentUrl":"https:\/\/doglife.be\/wp-content\/uploads\/2026\/04\/185g_Yoggies_RAGOUT_voor_katten_Kalkoen__Zalm.jpg","width":965,"height":966,"caption":"185g Yoggies RAGOUT voor katten Kalkoen & Zalm"},{"@type":"BreadcrumbList","@id":"https:\/\/doglife.be\/fr\/produit\/185g-yoggies-ragout-voor-katten-kalkoen-zalm\/#breadcrumb","itemListElement":[{"@type":"ListItem","position":1,"name":"Home","item":"https:\/\/doglife.be\/fr\/"},{"@type":"ListItem","position":2,"name":"Boutique","item":"https:\/\/doglife.be\/fr\/boutique\/"},{"@type":"ListItem","position":3,"name":"185g Yoggies RAGOUT voor katten Kalkoen &amp; Zalm"}]},{"@type":"WebSite","@id":"https:\/\/doglife.be\/fr\/#website","url":"https:\/\/doglife.be\/fr\/","name":"Doglife","description":"","publisher":{"@id":"https:\/\/doglife.be\/fr\/#organization"},"potentialAction":[{"@type":"SearchAction","target":{"@type":"EntryPoint","urlTemplate":"https:\/\/doglife.be\/fr\/?s={search_term_string}"},"query-input":{"@type":"PropertyValueSpecification","valueRequired":true,"valueName":"search_term_string"}}],"inLanguage":"fr-FR"},{"@type":"Organization","@id":"https:\/\/doglife.be\/fr\/#organization","name":"Doglife","url":"https:\/\/doglife.be\/fr\/","logo":{"@type":"ImageObject","inLanguage":"fr-FR","@id":"https:\/\/doglife.be\/fr\/#\/schema\/logo\/image\/","url":"https:\/\/doglife.be\/wp-content\/uploads\/2022\/07\/logo-doglife-white.webp","contentUrl":"https:\/\/doglife.be\/wp-content\/uploads\/2022\/07\/logo-doglife-white.webp","width":137,"height":136,"caption":"Doglife"},"image":{"@id":"https:\/\/doglife.be\/fr\/#\/schema\/logo\/image\/"},"sameAs":["https:\/\/www.facebook.com\/DoglifeBenelux"]}]}},"_links":{"self":[{"href":"https:\/\/doglife.be\/fr\/wp-json\/wp\/v2\/product\/47488","targetHints":{"allow":["GET"]}}],"collection":[{"href":"https:\/\/doglife.be\/fr\/wp-json\/wp\/v2\/product"}],"about":[{"href":"https:\/\/doglife.be\/fr\/wp-json\/wp\/v2\/types\/product"}],"wp:featuredmedia":[{"embeddable":true,"href":"https:\/\/doglife.be\/fr\/wp-json\/wp\/v2\/media\/47473"}],"wp:attachment":[{"href":"https:\/\/doglife.be\/fr\/wp-json\/wp\/v2\/media?parent=47488"}],"wp:term":[{"taxonomy":"product_brand","embeddable":true,"href":"https:\/\/doglife.be\/fr\/wp-json\/wp\/v2\/product_brand?post=47488"},{"taxonomy":"product_cat","embeddable":true,"href":"https:\/\/doglife.be\/fr\/wp-json\/wp\/v2\/product_cat?post=47488"},{"taxonomy":"product_tag","embeddable":true,"href":"https:\/\/doglife.be\/fr\/wp-json\/wp\/v2\/product_tag?post=47488"}],"curies":[{"name":"wp","href":"https:\/\/api.w.org\/{rel}","templated":true}]}}