{"id":47718,"date":"2026-04-21T14:35:15","date_gmt":"2026-04-21T13:35:15","guid":{"rendered":"https:\/\/doglife.be\/product\/fitmin-purity-adult-beef-grain-free-12-kg\/"},"modified":"2026-04-21T15:00:32","modified_gmt":"2026-04-21T14:00:32","slug":"fitmin-purity-adult-beef-grain-free-12-kg","status":"publish","type":"product","link":"https:\/\/doglife.be\/fr\/produit\/fitmin-purity-adult-beef-grain-free-12-kg\/","title":{"rendered":"Fitmin Purity Adult Beef Grain Free 12 kg"},"content":{"rendered":"<div>Verwen uw hond met super premium, graanvrij voer met vers rundvlees van een gecertificeerde fokkerij. Rundvlees is een van de meest voedzame vleessoorten en ondersteunt de spiergroei. De brokjes zijn speciaal ontwikkeld voor honden met een zoete smaak en bevatten bovendien spinazie, shiitake-champignons, pompoen, erwten, aardappelen, kruiden en bijvoorbeeld lijnzaad met omega-3-vetzuren voor een gezonde vacht, huid en een sterk immuunsysteem.<\/div>\n<div><\/div>\n<h2>Het voer is geschikt voor:<\/h2>\n<div><\/div>\n<ul>\n<li>volwassen honden van middelgrote, grote en reuzenrassen<\/li>\n<li>honden met een normale hoeveelheid beweging<\/li>\n<li>honden die graanvrij voer nodig hebben<\/li>\n<li>honden met een allergie voor gevogelte<\/li>\n<li>honden met een gevoelige spijsvertering<\/li>\n<\/ul>\n<div><\/div>\n<h3>Voordelen<\/h3>\n<div><\/div>\n<div><b>RUNDVLEES<\/b> is een van de meest biologisch voedzame vleessoorten en heeft een hoog gehalte aan essenti\u00eble aminozuren, ijzer en vitamine B2. Rundvlees ondersteunt de spiergroei en heeft een positief effect op het immuunsysteem.<\/div>\n<div><\/div>\n<div><b>LUZERNE<\/b> heeft een positief effect op de spijsvertering en de nierreiniging. Het heeft een positief effect op de celstofwisseling van het lichaam en helpt het lichaam te beschermen en te regenereren.<\/div>\n<div><\/div>\n<div><b>SPINAZIE<\/b> bevat veel foliumzuur en sporenelementen; vitamine C, A en lute\u00efne &#8211; antioxidanten die de werking van schadelijke vrije radicalen tegengaan en bijdragen aan een goede cardiovasculaire gezondheid.<\/div>\n<div><\/div>\n<div><b>POMPOEN<\/b> is rijk aan antioxidanten en vitamine A, C en E. Het bevat ook vitamine K en diverse mineralen zoals magnesium, kalium, ijzer, fosfor, zink, calcium en koper. Pompoen heeft een uitstekend effect op de spijsvertering en beschermt effectief tegen diarree, constipatie en andere spijsverteringsproblemen.<\/div>\n<div><\/div>\n<div><b>APPELS<\/b> zijn een rijke bron van sporenelementen en vitaminen, zoals vitamine C en b\u00e8tacaroteen, antioxidanten die het lichaam beschermen tegen de negatieve effecten van vrije radicalen. Pectine, met name in appelschillen, heeft een positief effect op de spijsvertering.<\/div>\n<div><\/div>\n<div><b>ERWTEN<\/b> bevatten vezels, die een positieve werking hebben op de spijsvertering. Ze zijn ook een bron van eiwitten en dragen bij aan de preventie van nierstenen. Erwten hebben een veel lagere glycemische index dan veelgebruikte granen. Ingredi\u00ebnten met een hoge glycemische index worden sneller verteerd en opgenomen, wat resulteert in een snelle stijging en daling van de bloedsuikerspiegel. Ingredi\u00ebnten met een lage glycemische index zorgen daarentegen voor een stabielere glucosereactie in het bloed. Ingredi\u00ebnten met een lage glycemische index helpen ook het risico op obesitas en diabetes te verminderen.<\/div>\n<div><\/div>\n<div><b>CRANBERRIES<\/b>: Ze zijn belangrijk vanwege hun antibacteri\u00eble eigenschappen en zijn effectief tegen urineweginfecties en darminfecties.<\/div>\n<div><\/div>\n<div><b>PAARDENBLOEMBLAD<\/b>: Stimuleert de activiteit van de spijsverteringsorganen en de afscheiding van spijsverteringssappen. Het is gunstig bij urineweginfecties en nierstenen, verhoogt de productie en uitscheiding van gal bij maagklachten. Het verbetert de eetlust, be\u00efnvloedt de productie van maagzuur en heeft een positief effect op de werking van de lever en de nieren.<\/div>\n<div><\/div>\n<div><b>LIJNZAAD<\/b>: Een uitstekende bron van omega-3-vetzuren voor een gezonde huid en vacht. Het stimuleert het immuunsysteem en bevordert de spijsvertering.<\/div>\n<div><\/div>\n<div><b>MILKENHEAD<\/b> heeft antioxiderende eigenschappen, ondersteunt de groei van levercellen, heeft een positief effect op de leverfunctie en beschermt de lever tegen gifstoffen.<\/div>\n<div><\/div>\n<div>_________<\/div>\n<div><\/div>\n<div>\n<div><b>Samenstelling<\/b>:<\/div>\n<div><\/div>\n<div>Vlees (vers rundvlees 50%, gedroogd rundvlees 20,4%, varkenslever 3%), scharreleieren, erwten 15,5%, gevogeltevet, bietenpulp, lijnzaad, spinazie 2%, biergist, koudgeperste Noorse zalmolie (behandeld met tocoferolen), appels 1%, kruidencomplex 1% (brandnetel- en citroenmelisseblaadjes, valeriaanblaadjes 0,23%, kamillebloemen en lindebloesem), alfalfa 1%, mineralen, pompoen 0,5%, shiitake paddenstoel 0,4%, cichoreiwortel, cranberry 0,1%, mariadistelzaad, glucosamine, yucca, chondro\u00eftinesulfaat.<\/div>\n<div><\/div>\n<div><b>Analytische bestanddelen<\/b><\/div>\n<div><\/div>\n<div>Ruw eiwit 25%, ruwe oli\u00ebn en vetten 16,5%, ruwe vezels 4,1%, ruwe as 7,5%, calcium 1,2%, fosfor 0,88%.<\/div>\n<div><\/div>\n<div><b>Toevoegingen\/1 kg<\/b><\/div>\n<div><\/div>\n<div><b>Inhoud van toevoegingen in 1 kg:<\/b><\/div>\n<div>sporenelementen: ijzer 154 mg (aangevuld met ijzerchelaat, aminozuren n-hydraat en ijzersulfaat), koper 19 mg (aangevuld met koperchelaat, aminozuren n-hydraat en kopersulfaatpentahydraat), mangaan 38 mg (aangevuld met mangaanchelaat, aminozuren n-hydraat en mangaanoxide), zink 175 mg (aangevuld met zinkchelaat, aminozuren n-hydraat en zinkoxide), selenium 0,3 mg (aangevuld met ge\u00efnactiveerde gist Saccharomyces cerevisiae CNCM I-3060 verrijkt met selenium), jodium 3,6 mg (aangevuld met watervrij calciumjodaat); vitaminen, provitaminen en chemisch nauwkeurig gedefinieerde stoffen met een vergelijkbaar effect: vit. A 17200 IE, vit. D3 1300 IE, vit. Vitamine E (RRR-alfa-tocoferol) 300 mg, niacinamide 70 mg, vitamine B1 7 mg, vitamine B2 11 mg, vitamine B6 9 mg, vitamine B12 150 \u00b5g, vitamine C 300 mg, calciumpantothenaat 25 mg, foliumzuur 0,9 mg, biotine 0,5 mg, cholinechloride 950 mg; L-carnitine 140 mg; sensorische additieven: rozemarijnextract 100 mg; natuurlijke conserveermiddelen; antioxidanten.<\/div>\n<\/div>\n","protected":false},"excerpt":{"rendered":"<p>Aliment complet super premium sans gluten pour chiens adultes de races moyennes, grandes et tr\u00e8s grandes. Les granul\u00e9s contiennent du b\u0153uf frais issu d&rsquo;\u00e9levages certifi\u00e9s, ainsi que des herbes aromatiques, des champignons shiitake, des \u00e9pinards, du potiron, des pommes de terre et des petits pois. La forte proportion de viande fra\u00eeche apporte les nutriments essentiels et la formule sans c\u00e9r\u00e9ales pr\u00e9vient l&rsquo;apparition d&rsquo;allergies.<\/p>\n","protected":false},"featured_media":47699,"template":"","meta":[],"product_brand":[],"product_cat":[905],"product_tag":[],"class_list":{"0":"post-47718","1":"product","2":"type-product","3":"status-publish","4":"has-post-thumbnail","6":"product_cat-eliminatie-dieet-kat_241","8":"first","9":"instock","10":"taxable","11":"shipping-taxable","12":"purchasable","13":"product-type-simple"},"yoast_head":"<!-- This site is optimized with the Yoast SEO plugin v27.2 - https:\/\/yoast.com\/product\/yoast-seo-wordpress\/ -->\n<title>Fitmin Purity Adult Beef Grain Free 12 kg - Doglife<\/title>\n<meta name=\"robots\" content=\"index, follow, max-snippet:-1, max-image-preview:large, max-video-preview:-1\" \/>\n<link rel=\"canonical\" href=\"https:\/\/doglife.be\/fr\/produit\/fitmin-purity-adult-beef-grain-free-12-kg\/\" \/>\n<meta property=\"og:locale\" content=\"fr_FR\" \/>\n<meta property=\"og:type\" content=\"article\" \/>\n<meta property=\"og:title\" content=\"Fitmin Purity Adult Beef Grain Free 12 kg - Doglife\" \/>\n<meta property=\"og:description\" content=\"Aliment complet super premium sans gluten pour chiens adultes de races moyennes, grandes et tr\u00e8s grandes. Les granul\u00e9s contiennent du b\u0153uf frais issu d&#039;\u00e9levages certifi\u00e9s, ainsi que des herbes aromatiques, des champignons shiitake, des \u00e9pinards, du potiron, des pommes de terre et des petits pois. La forte proportion de viande fra\u00eeche apporte les nutriments essentiels et la formule sans c\u00e9r\u00e9ales pr\u00e9vient l&#039;apparition d&#039;allergies.\" \/>\n<meta property=\"og:url\" content=\"https:\/\/doglife.be\/fr\/produit\/fitmin-purity-adult-beef-grain-free-12-kg\/\" \/>\n<meta property=\"og:site_name\" content=\"Doglife\" \/>\n<meta property=\"article:publisher\" content=\"https:\/\/www.facebook.com\/DoglifeBenelux\" \/>\n<meta property=\"article:modified_time\" content=\"2026-04-21T14:00:32+00:00\" \/>\n<meta name=\"twitter:card\" content=\"summary_large_image\" \/>\n<meta name=\"twitter:label1\" content=\"Dur\u00e9e de lecture estim\u00e9e\" \/>\n\t<meta name=\"twitter:data1\" content=\"3 minutes\" \/>\n<script type=\"application\/ld+json\" class=\"yoast-schema-graph\">{\"@context\":\"https:\/\/schema.org\",\"@graph\":[{\"@type\":\"WebPage\",\"@id\":\"https:\/\/doglife.be\/fr\/produit\/fitmin-purity-adult-beef-grain-free-12-kg\/\",\"url\":\"https:\/\/doglife.be\/fr\/produit\/fitmin-purity-adult-beef-grain-free-12-kg\/\",\"name\":\"Fitmin Purity Adult Beef Grain Free 12 kg - Doglife\",\"isPartOf\":{\"@id\":\"https:\/\/doglife.be\/fr\/#website\"},\"primaryImageOfPage\":{\"@id\":\"https:\/\/doglife.be\/fr\/produit\/fitmin-purity-adult-beef-grain-free-12-kg\/#primaryimage\"},\"image\":{\"@id\":\"https:\/\/doglife.be\/fr\/produit\/fitmin-purity-adult-beef-grain-free-12-kg\/#primaryimage\"},\"thumbnailUrl\":\"https:\/\/doglife.be\/wp-content\/uploads\/2026\/04\/Fitmin_Purity_Adult_Beef_Grain_Free_12_kg.jpg\",\"datePublished\":\"2026-04-21T13:35:15+00:00\",\"dateModified\":\"2026-04-21T14:00:32+00:00\",\"breadcrumb\":{\"@id\":\"https:\/\/doglife.be\/fr\/produit\/fitmin-purity-adult-beef-grain-free-12-kg\/#breadcrumb\"},\"inLanguage\":\"fr-FR\",\"potentialAction\":[{\"@type\":\"ReadAction\",\"target\":[\"https:\/\/doglife.be\/fr\/produit\/fitmin-purity-adult-beef-grain-free-12-kg\/\"]}]},{\"@type\":\"ImageObject\",\"inLanguage\":\"fr-FR\",\"@id\":\"https:\/\/doglife.be\/fr\/produit\/fitmin-purity-adult-beef-grain-free-12-kg\/#primaryimage\",\"url\":\"https:\/\/doglife.be\/wp-content\/uploads\/2026\/04\/Fitmin_Purity_Adult_Beef_Grain_Free_12_kg.jpg\",\"contentUrl\":\"https:\/\/doglife.be\/wp-content\/uploads\/2026\/04\/Fitmin_Purity_Adult_Beef_Grain_Free_12_kg.jpg\",\"width\":1600,\"height\":1587,\"caption\":\"Fitmin Purity Adult Beef Grain Free 12 kg\"},{\"@type\":\"BreadcrumbList\",\"@id\":\"https:\/\/doglife.be\/fr\/produit\/fitmin-purity-adult-beef-grain-free-12-kg\/#breadcrumb\",\"itemListElement\":[{\"@type\":\"ListItem\",\"position\":1,\"name\":\"Home\",\"item\":\"https:\/\/doglife.be\/fr\/\"},{\"@type\":\"ListItem\",\"position\":2,\"name\":\"Boutique\",\"item\":\"https:\/\/doglife.be\/fr\/boutique\/\"},{\"@type\":\"ListItem\",\"position\":3,\"name\":\"Fitmin Purity Adult Beef Grain Free 12 kg\"}]},{\"@type\":\"WebSite\",\"@id\":\"https:\/\/doglife.be\/fr\/#website\",\"url\":\"https:\/\/doglife.be\/fr\/\",\"name\":\"Doglife\",\"description\":\"\",\"publisher\":{\"@id\":\"https:\/\/doglife.be\/fr\/#organization\"},\"potentialAction\":[{\"@type\":\"SearchAction\",\"target\":{\"@type\":\"EntryPoint\",\"urlTemplate\":\"https:\/\/doglife.be\/fr\/?s={search_term_string}\"},\"query-input\":{\"@type\":\"PropertyValueSpecification\",\"valueRequired\":true,\"valueName\":\"search_term_string\"}}],\"inLanguage\":\"fr-FR\"},{\"@type\":\"Organization\",\"@id\":\"https:\/\/doglife.be\/fr\/#organization\",\"name\":\"Doglife\",\"url\":\"https:\/\/doglife.be\/fr\/\",\"logo\":{\"@type\":\"ImageObject\",\"inLanguage\":\"fr-FR\",\"@id\":\"https:\/\/doglife.be\/fr\/#\/schema\/logo\/image\/\",\"url\":\"https:\/\/doglife.be\/wp-content\/uploads\/2022\/07\/logo-doglife-white.webp\",\"contentUrl\":\"https:\/\/doglife.be\/wp-content\/uploads\/2022\/07\/logo-doglife-white.webp\",\"width\":137,\"height\":136,\"caption\":\"Doglife\"},\"image\":{\"@id\":\"https:\/\/doglife.be\/fr\/#\/schema\/logo\/image\/\"},\"sameAs\":[\"https:\/\/www.facebook.com\/DoglifeBenelux\"]}]}<\/script>\n<!-- \/ Yoast SEO plugin. -->","yoast_head_json":{"title":"Fitmin Purity Adult Beef Grain Free 12 kg - Doglife","robots":{"index":"index","follow":"follow","max-snippet":"max-snippet:-1","max-image-preview":"max-image-preview:large","max-video-preview":"max-video-preview:-1"},"canonical":"https:\/\/doglife.be\/fr\/produit\/fitmin-purity-adult-beef-grain-free-12-kg\/","og_locale":"fr_FR","og_type":"article","og_title":"Fitmin Purity Adult Beef Grain Free 12 kg - Doglife","og_description":"Aliment complet super premium sans gluten pour chiens adultes de races moyennes, grandes et tr\u00e8s grandes. Les granul\u00e9s contiennent du b\u0153uf frais issu d'\u00e9levages certifi\u00e9s, ainsi que des herbes aromatiques, des champignons shiitake, des \u00e9pinards, du potiron, des pommes de terre et des petits pois. La forte proportion de viande fra\u00eeche apporte les nutriments essentiels et la formule sans c\u00e9r\u00e9ales pr\u00e9vient l'apparition d'allergies.","og_url":"https:\/\/doglife.be\/fr\/produit\/fitmin-purity-adult-beef-grain-free-12-kg\/","og_site_name":"Doglife","article_publisher":"https:\/\/www.facebook.com\/DoglifeBenelux","article_modified_time":"2026-04-21T14:00:32+00:00","twitter_card":"summary_large_image","twitter_misc":{"Dur\u00e9e de lecture estim\u00e9e":"3 minutes"},"schema":{"@context":"https:\/\/schema.org","@graph":[{"@type":"WebPage","@id":"https:\/\/doglife.be\/fr\/produit\/fitmin-purity-adult-beef-grain-free-12-kg\/","url":"https:\/\/doglife.be\/fr\/produit\/fitmin-purity-adult-beef-grain-free-12-kg\/","name":"Fitmin Purity Adult Beef Grain Free 12 kg - Doglife","isPartOf":{"@id":"https:\/\/doglife.be\/fr\/#website"},"primaryImageOfPage":{"@id":"https:\/\/doglife.be\/fr\/produit\/fitmin-purity-adult-beef-grain-free-12-kg\/#primaryimage"},"image":{"@id":"https:\/\/doglife.be\/fr\/produit\/fitmin-purity-adult-beef-grain-free-12-kg\/#primaryimage"},"thumbnailUrl":"https:\/\/doglife.be\/wp-content\/uploads\/2026\/04\/Fitmin_Purity_Adult_Beef_Grain_Free_12_kg.jpg","datePublished":"2026-04-21T13:35:15+00:00","dateModified":"2026-04-21T14:00:32+00:00","breadcrumb":{"@id":"https:\/\/doglife.be\/fr\/produit\/fitmin-purity-adult-beef-grain-free-12-kg\/#breadcrumb"},"inLanguage":"fr-FR","potentialAction":[{"@type":"ReadAction","target":["https:\/\/doglife.be\/fr\/produit\/fitmin-purity-adult-beef-grain-free-12-kg\/"]}]},{"@type":"ImageObject","inLanguage":"fr-FR","@id":"https:\/\/doglife.be\/fr\/produit\/fitmin-purity-adult-beef-grain-free-12-kg\/#primaryimage","url":"https:\/\/doglife.be\/wp-content\/uploads\/2026\/04\/Fitmin_Purity_Adult_Beef_Grain_Free_12_kg.jpg","contentUrl":"https:\/\/doglife.be\/wp-content\/uploads\/2026\/04\/Fitmin_Purity_Adult_Beef_Grain_Free_12_kg.jpg","width":1600,"height":1587,"caption":"Fitmin Purity Adult Beef Grain Free 12 kg"},{"@type":"BreadcrumbList","@id":"https:\/\/doglife.be\/fr\/produit\/fitmin-purity-adult-beef-grain-free-12-kg\/#breadcrumb","itemListElement":[{"@type":"ListItem","position":1,"name":"Home","item":"https:\/\/doglife.be\/fr\/"},{"@type":"ListItem","position":2,"name":"Boutique","item":"https:\/\/doglife.be\/fr\/boutique\/"},{"@type":"ListItem","position":3,"name":"Fitmin Purity Adult Beef Grain Free 12 kg"}]},{"@type":"WebSite","@id":"https:\/\/doglife.be\/fr\/#website","url":"https:\/\/doglife.be\/fr\/","name":"Doglife","description":"","publisher":{"@id":"https:\/\/doglife.be\/fr\/#organization"},"potentialAction":[{"@type":"SearchAction","target":{"@type":"EntryPoint","urlTemplate":"https:\/\/doglife.be\/fr\/?s={search_term_string}"},"query-input":{"@type":"PropertyValueSpecification","valueRequired":true,"valueName":"search_term_string"}}],"inLanguage":"fr-FR"},{"@type":"Organization","@id":"https:\/\/doglife.be\/fr\/#organization","name":"Doglife","url":"https:\/\/doglife.be\/fr\/","logo":{"@type":"ImageObject","inLanguage":"fr-FR","@id":"https:\/\/doglife.be\/fr\/#\/schema\/logo\/image\/","url":"https:\/\/doglife.be\/wp-content\/uploads\/2022\/07\/logo-doglife-white.webp","contentUrl":"https:\/\/doglife.be\/wp-content\/uploads\/2022\/07\/logo-doglife-white.webp","width":137,"height":136,"caption":"Doglife"},"image":{"@id":"https:\/\/doglife.be\/fr\/#\/schema\/logo\/image\/"},"sameAs":["https:\/\/www.facebook.com\/DoglifeBenelux"]}]}},"_links":{"self":[{"href":"https:\/\/doglife.be\/fr\/wp-json\/wp\/v2\/product\/47718","targetHints":{"allow":["GET"]}}],"collection":[{"href":"https:\/\/doglife.be\/fr\/wp-json\/wp\/v2\/product"}],"about":[{"href":"https:\/\/doglife.be\/fr\/wp-json\/wp\/v2\/types\/product"}],"wp:featuredmedia":[{"embeddable":true,"href":"https:\/\/doglife.be\/fr\/wp-json\/wp\/v2\/media\/47699"}],"wp:attachment":[{"href":"https:\/\/doglife.be\/fr\/wp-json\/wp\/v2\/media?parent=47718"}],"wp:term":[{"taxonomy":"product_brand","embeddable":true,"href":"https:\/\/doglife.be\/fr\/wp-json\/wp\/v2\/product_brand?post=47718"},{"taxonomy":"product_cat","embeddable":true,"href":"https:\/\/doglife.be\/fr\/wp-json\/wp\/v2\/product_cat?post=47718"},{"taxonomy":"product_tag","embeddable":true,"href":"https:\/\/doglife.be\/fr\/wp-json\/wp\/v2\/product_tag?post=47718"}],"curies":[{"name":"wp","href":"https:\/\/api.w.org\/{rel}","templated":true}]}}