{"id":8074,"date":"2025-03-14T09:45:10","date_gmt":"2025-03-14T08:45:10","guid":{"rendered":"https:\/\/doglife.be\/?post_type=product&#038;p=8074"},"modified":"2025-12-19T13:46:00","modified_gmt":"2025-12-19T12:46:00","slug":"yoggies-algen-calcium-lithotamnium-calcareum","status":"publish","type":"product","link":"https:\/\/doglife.be\/fr\/produit\/yoggies-algen-calcium-lithotamnium-calcareum\/","title":{"rendered":"Yoggies Calcium uit algen \u00ab\u00a0Lithotamnium Calcareum\u00a0\u00bb voor honden 750g"},"content":{"rendered":"<h2>Zeewiercalcium voor sterke botten<\/h2>\n<p>Gezonde botten en sterke tanden vormen de absolute basis voor de vitaliteit van elke hond en kat. Waar anders zouden onze partners de kracht vandaan halen om te touwtrekken, lekkernijen te eten en andere vormen van gezamenlijk genot te ervaren? Het is geen geheim dat een <b>sterk skelet, niet alleen bij mensen maar ook bij dieren, vooral te danken is aan voldoende calcium.<\/b><\/p>\n<p><\/p>\n<p>Maar hoe kun je het in je dieet opnemen? U kunt vertrouwen op Yoggies\u00ae Calcium van de alg Lithothamnium Calcareum, vooral als u uw partner rauw voer geeft. Dit is een <b>natuurlijk supplement met slechts \u00e9\u00e9n ingredi\u00ebnt: verkalkt zeewier.<\/b> Ze zijn van nature rijk aan calcium en magnesium, waardoor ze niet alleen de gezondheid van de botten, maar ook van de spieren en het zenuwstelsel ondersteunen.<\/p>\n<p><\/p>\n<p><\/p>\n<h2>Calcium en fosfor in perfecte verhouding<\/h2>\n<p>Bij het aanvullen van calcium geldt absoluut niet dat hoe meer calcium u uw partner geeft, hoe beter het effect zal zijn. Het tegenovergestelde is waar: <b>te veel calcium kan net zo schadelijk zijn als te weinig <\/b>. Het belangrijkste is vooral de juiste dosering, ook in combinatie met andere voedingsstoffen.<\/p>\n<p><\/p>\n<p>Wat bedoelen we daarmee? In dit geval is het bijvoorbeeld van <b>cruciaal belang om een \u200b\u200bevenwichtige calcium-fosforverhouding te bereiken <\/b>. Het ideale bereik is 1,4\u20132:1 (calcium:fosfor). Dit kan een probleem zijn, vooral bij BARF, aangezien het meeste rauw vlees een hoog fosforgehalte en een laag calciumgehalte bevat. Als u echter Yoggies\u00ae Calcium van de alg Lithothamnium Calcareum aan de voeding van uw hond of kat toevoegt, kunt u deze verhouding eenvoudig in evenwicht brengen.<\/p>\n<p><\/p>\n<h2>Helper voor een bevredigende spijsvertering<\/h2>\n<p>Het maakt niet uit of je een hyperactieve vriend thuis hebt die in is voor alles, of een luie bankhanger die graag knuffelt. <b>Als zijn buikje niet blij is, zal hij minder snel geneigd zijn om te apporteren <\/b>, de duizenden geuren in het hondenpark te verkennen of over zijn buik geaaid te worden tijdens het kijken van een film.<\/p>\n<p><\/p>\n<p>Ook hier biedt zeewierpoeder uitkomst, omdat het ook kan worden gebruikt om de<b> zuurtegraad van de maag te reguleren<\/b> . Een uitgebalanceerde pH-waarde van de maagsappen is essentieel voor de juiste opname van alle belangrijke voedingsstoffen die u uw trouwe viervoeter regelmatig geeft via brokken en andere voedingscomponenten. Dit kan niet alleen gevolgen hebben voor de spijsvertering, maar ook voor de fysieke conditie en de conditie van de vacht van uw hond of kat.<\/p>\n<p><\/p>\n<h2>Voor actieve puppy&rsquo;s en oudere honden en katten<\/h2>\n<p>Heeft u een puppy, een oudere hond of een drachtige teef thuis? Met het Yoggies\u00ae Calcium uit Lithothamnium Calcareum algenvoedingssupplement <b>verwent u uw hond in elke levensfase<\/b>. Het ondersteunt een gezonde ontwikkeling bij puppy&rsquo;s vanaf drie maanden oud, evenals de regeneratie na inspanning bij actieve honden.\u00a0<\/p>\n<p><\/p>\n<p>En je hoeft je niet alleen tot honden te beperken! <b>De natuurlijke samenstelling zonder chemische toevoegingen zal zeker in de smaak vallen bij katten<\/b> . Net als hun hondenrivalen heeft ook zij in elke levensfase behoefte aan een goede gezondheidszorg.<\/p>\n<p><\/p>\n<h2>\u00a0Samenstelling<\/h2>\n<p><b>Ingredi\u00ebnten:<\/b><\/p>\n<p>&#8211;\u00a0 Lithotamnium Calcareum (geslacht zeewier) 100%<\/p>\n<p><\/p>\n<p><b>Voedingscomponenten:<\/b> Calcium (Ca) 33%, Magnesium (Mg) 2,5%, IJzer (Fe) 0,15%, Mangaan (Mn) 40,5 mg\/kg, Jodium (I) 3,8 mg\/kg<\/p>\n<p><\/p>\n<h2>Dosering<\/h2>\n<p><b>Dierlijk gewicht\u00a0 \u00a0 \u00a0 \u00a0 \u00a0 \u00a0 \u00a0 \u00a0 \u00a0 a<\/b><span style=\"font-size: 1rem\"><b>anbevolen maximale dagelijkse dosis<\/b><\/span><\/p>\n<p><\/p>\n<p>Tot 10 kg\u00a0 \u00a0 \u00a0 \u00a0 \u00a0 \u00a0 \u00a0 \u00a0 \u00a0 \u00a0 \u00a0 \u00a0 \u00a0 \u00a0 \u00a0<span style=\"font-size: 1rem\">1 theelepel<\/span><\/p>\n<p><\/p>\n<p>10\u201320 kg\u00a0 \u00a0 \u00a0 \u00a0 \u00a0 \u00a0 \u00a0 \u00a0 \u00a0 \u00a0 \u00a0 \u00a0 \u00a0 \u00a0 \u00a0<span style=\"font-size: 1rem\">2 theelepels<\/span><\/p>\n<p><\/p>\n<p>20-40 kg\u00a0 \u00a0 \u00a0 \u00a0 \u00a0 \u00a0 \u00a0 \u00a0 \u00a0 \u00a0 \u00a0 \u00a0 \u00a0 \u00a0 \u00a0<span style=\"font-size: 1rem\">3 theelepels<\/span><\/p>\n<p><\/p>\n<p>40-60kg\u00a0 \u00a0 \u00a0 \u00a0 \u00a0 \u00a0 \u00a0 \u00a0 \u00a0 \u00a0 \u00a0 \u00a0 \u00a0 \u00a0 \u00a0\u00a0<span style=\"font-size: 1rem\">4 theelepels<\/span><\/p>\n<p><\/p>\n<p>Vanaf 60 kg\u00a0 \u00a0 \u00a0 \u00a0 \u00a0 \u00a0 \u00a0 \u00a0 \u00a0 \u00a0 \u00a0 \u00a0\u00a0<span style=\"font-size: 1rem\">5 theelepels<\/span><\/p>\n<p><\/p>\n<p>Een volle theelepel bevat ongeveer 3 gram van het supplement.<\/p>\n<p><\/p>\n<p>Zorg bij het doseren voor een gebalanceerde verhouding van fosfor (P) en calcium (Ca) in het voer. Onnodig hoge doseringen van alle voedingsbestanddelen kunnen net zo schadelijk zijn als een tekort eraan.<\/p>\n<p><\/p>\n<p>\u00a0<\/p>\n<p><\/p>\n<p>Aanbeveling<\/p>\n<p>\u00a0<\/p>\n<p><\/p>\n<p><\/p>\n<p>Wij adviseren om Yoggies\u00ae Calcium uit de alg Lithothamnium Calcareum als voedingssupplement aan uw viervoeters te geven, bijvoorbeeld samen met blikvoer, rauw BARF voer of Yoggies\u00ae olie . Het poeder is heel fijn, waardoor honden en katten het gemakkelijk via hun snuit kunnen inademen. Daarom raden wij aan om het bij het serveren goed te mengen met eten of olie.<\/p>\n<p><\/p>\n<p>Zorg bij het doseren altijd voor een evenwichtige verhouding van fosfor (P) en calcium (Ca) in het voer. Te veel of te weinig van afzonderlijke voedingsbestanddelen kunnen schadelijk zijn. Voor een goede ontwikkeling van het bewegingsapparaat, vooral bij jonge honden, is het belangrijk om de aanbevolen doseringen voedingsstoffen zoals eiwitten, vetten, fosfor, calcium en vitaminen niet te overschrijden. Wanneer u deze principes respecteert, bevordert u de gezonde en natuurlijke groei van uw viervoeter.<\/p>\n","protected":false},"excerpt":{"rendered":"<p>Natuurlijk voedingssupplement uit verkalkt zeewier Lithotamnium calcareum om Ca (calcium) en P (fosfor) in de voeding van de hond optimaal in evenwicht te houden (ideale verhouding 1,4-2:1). Bijzonder geschikt voor honden die onder stress staan en rauw voer krijgen.<\/p>\n","protected":false},"featured_media":8277,"template":"","meta":[],"product_brand":[69],"product_cat":[299,305,281],"product_tag":[357,353,363,355],"class_list":{"0":"post-8074","1":"product","2":"type-product","3":"status-publish","4":"has-post-thumbnail","6":"product_brand-yoggies2","7":"product_cat-poeder-honden_32","8":"product_cat-poeders-katten_99","9":"product_cat-supplementen-honden_46","10":"product_tag-honden","11":"product_tag-katten","12":"product_tag-supplement","13":"product_tag-yoggies","15":"first","16":"instock","17":"taxable","18":"shipping-taxable","19":"purchasable","20":"product-type-simple"},"yoast_head":"<!-- This site is optimized with the Yoast SEO plugin v27.2 - https:\/\/yoast.com\/product\/yoast-seo-wordpress\/ -->\n<title>Yoggies Calcium uit algen &quot;Lithotamnium Calcareum&quot; voor honden 750g - Doglife<\/title>\n<meta name=\"robots\" content=\"index, follow, max-snippet:-1, max-image-preview:large, max-video-preview:-1\" \/>\n<link rel=\"canonical\" href=\"https:\/\/doglife.be\/fr\/produit\/yoggies-algen-calcium-lithotamnium-calcareum\/\" \/>\n<meta property=\"og:locale\" content=\"fr_FR\" \/>\n<meta property=\"og:type\" content=\"article\" \/>\n<meta property=\"og:title\" content=\"Yoggies Calcium uit algen &quot;Lithotamnium Calcareum&quot; voor honden 750g - Doglife\" \/>\n<meta property=\"og:description\" content=\"Natuurlijk voedingssupplement uit verkalkt zeewier Lithotamnium calcareum om Ca (calcium) en P (fosfor) in de voeding van de hond optimaal in evenwicht te houden (ideale verhouding 1,4-2:1). Bijzonder geschikt voor honden die onder stress staan en rauw voer krijgen.\" \/>\n<meta property=\"og:url\" content=\"https:\/\/doglife.be\/fr\/produit\/yoggies-algen-calcium-lithotamnium-calcareum\/\" \/>\n<meta property=\"og:site_name\" content=\"Doglife\" \/>\n<meta property=\"article:publisher\" content=\"https:\/\/www.facebook.com\/DoglifeBenelux\" \/>\n<meta property=\"article:modified_time\" content=\"2025-12-19T12:46:00+00:00\" \/>\n<meta property=\"og:image\" content=\"https:\/\/doglife.be\/wp-content\/uploads\/2025\/03\/calcium.png\" \/>\n\t<meta property=\"og:image:width\" content=\"550\" \/>\n\t<meta property=\"og:image:height\" content=\"550\" \/>\n\t<meta property=\"og:image:type\" content=\"image\/png\" \/>\n<meta name=\"twitter:card\" content=\"summary_large_image\" \/>\n<meta name=\"twitter:label1\" content=\"Dur\u00e9e de lecture estim\u00e9e\" \/>\n\t<meta name=\"twitter:data1\" content=\"1 minute\" \/>\n<script type=\"application\/ld+json\" class=\"yoast-schema-graph\">{\"@context\":\"https:\/\/schema.org\",\"@graph\":[{\"@type\":\"WebPage\",\"@id\":\"https:\/\/doglife.be\/fr\/produit\/yoggies-algen-calcium-lithotamnium-calcareum\/\",\"url\":\"https:\/\/doglife.be\/fr\/produit\/yoggies-algen-calcium-lithotamnium-calcareum\/\",\"name\":\"Yoggies Calcium uit algen \\\"Lithotamnium Calcareum\\\" voor honden 750g - Doglife\",\"isPartOf\":{\"@id\":\"https:\/\/doglife.be\/fr\/#website\"},\"primaryImageOfPage\":{\"@id\":\"https:\/\/doglife.be\/fr\/produit\/yoggies-algen-calcium-lithotamnium-calcareum\/#primaryimage\"},\"image\":{\"@id\":\"https:\/\/doglife.be\/fr\/produit\/yoggies-algen-calcium-lithotamnium-calcareum\/#primaryimage\"},\"thumbnailUrl\":\"https:\/\/doglife.be\/wp-content\/uploads\/2025\/03\/calcium.png\",\"datePublished\":\"2025-03-14T08:45:10+00:00\",\"dateModified\":\"2025-12-19T12:46:00+00:00\",\"breadcrumb\":{\"@id\":\"https:\/\/doglife.be\/fr\/produit\/yoggies-algen-calcium-lithotamnium-calcareum\/#breadcrumb\"},\"inLanguage\":\"fr-FR\",\"potentialAction\":[{\"@type\":\"ReadAction\",\"target\":[\"https:\/\/doglife.be\/fr\/produit\/yoggies-algen-calcium-lithotamnium-calcareum\/\"]}]},{\"@type\":\"ImageObject\",\"inLanguage\":\"fr-FR\",\"@id\":\"https:\/\/doglife.be\/fr\/produit\/yoggies-algen-calcium-lithotamnium-calcareum\/#primaryimage\",\"url\":\"https:\/\/doglife.be\/wp-content\/uploads\/2025\/03\/calcium.png\",\"contentUrl\":\"https:\/\/doglife.be\/wp-content\/uploads\/2025\/03\/calcium.png\",\"width\":550,\"height\":550},{\"@type\":\"BreadcrumbList\",\"@id\":\"https:\/\/doglife.be\/fr\/produit\/yoggies-algen-calcium-lithotamnium-calcareum\/#breadcrumb\",\"itemListElement\":[{\"@type\":\"ListItem\",\"position\":1,\"name\":\"Home\",\"item\":\"https:\/\/doglife.be\/fr\/\"},{\"@type\":\"ListItem\",\"position\":2,\"name\":\"Boutique\",\"item\":\"https:\/\/doglife.be\/fr\/boutique\/\"},{\"@type\":\"ListItem\",\"position\":3,\"name\":\"Yoggies Calcium uit algen &#8220;Lithotamnium Calcareum&#8221; voor honden 750g\"}]},{\"@type\":\"WebSite\",\"@id\":\"https:\/\/doglife.be\/fr\/#website\",\"url\":\"https:\/\/doglife.be\/fr\/\",\"name\":\"Doglife\",\"description\":\"\",\"publisher\":{\"@id\":\"https:\/\/doglife.be\/fr\/#organization\"},\"potentialAction\":[{\"@type\":\"SearchAction\",\"target\":{\"@type\":\"EntryPoint\",\"urlTemplate\":\"https:\/\/doglife.be\/fr\/?s={search_term_string}\"},\"query-input\":{\"@type\":\"PropertyValueSpecification\",\"valueRequired\":true,\"valueName\":\"search_term_string\"}}],\"inLanguage\":\"fr-FR\"},{\"@type\":\"Organization\",\"@id\":\"https:\/\/doglife.be\/fr\/#organization\",\"name\":\"Doglife\",\"url\":\"https:\/\/doglife.be\/fr\/\",\"logo\":{\"@type\":\"ImageObject\",\"inLanguage\":\"fr-FR\",\"@id\":\"https:\/\/doglife.be\/fr\/#\/schema\/logo\/image\/\",\"url\":\"https:\/\/doglife.be\/wp-content\/uploads\/2022\/07\/logo-doglife-white.webp\",\"contentUrl\":\"https:\/\/doglife.be\/wp-content\/uploads\/2022\/07\/logo-doglife-white.webp\",\"width\":137,\"height\":136,\"caption\":\"Doglife\"},\"image\":{\"@id\":\"https:\/\/doglife.be\/fr\/#\/schema\/logo\/image\/\"},\"sameAs\":[\"https:\/\/www.facebook.com\/DoglifeBenelux\"]}]}<\/script>\n<!-- \/ Yoast SEO plugin. -->","yoast_head_json":{"title":"Yoggies Calcium uit algen \"Lithotamnium Calcareum\" voor honden 750g - Doglife","robots":{"index":"index","follow":"follow","max-snippet":"max-snippet:-1","max-image-preview":"max-image-preview:large","max-video-preview":"max-video-preview:-1"},"canonical":"https:\/\/doglife.be\/fr\/produit\/yoggies-algen-calcium-lithotamnium-calcareum\/","og_locale":"fr_FR","og_type":"article","og_title":"Yoggies Calcium uit algen \"Lithotamnium Calcareum\" voor honden 750g - Doglife","og_description":"Natuurlijk voedingssupplement uit verkalkt zeewier Lithotamnium calcareum om Ca (calcium) en P (fosfor) in de voeding van de hond optimaal in evenwicht te houden (ideale verhouding 1,4-2:1). Bijzonder geschikt voor honden die onder stress staan en rauw voer krijgen.","og_url":"https:\/\/doglife.be\/fr\/produit\/yoggies-algen-calcium-lithotamnium-calcareum\/","og_site_name":"Doglife","article_publisher":"https:\/\/www.facebook.com\/DoglifeBenelux","article_modified_time":"2025-12-19T12:46:00+00:00","og_image":[{"width":550,"height":550,"url":"https:\/\/doglife.be\/wp-content\/uploads\/2025\/03\/calcium.png","type":"image\/png"}],"twitter_card":"summary_large_image","twitter_misc":{"Dur\u00e9e de lecture estim\u00e9e":"1 minute"},"schema":{"@context":"https:\/\/schema.org","@graph":[{"@type":"WebPage","@id":"https:\/\/doglife.be\/fr\/produit\/yoggies-algen-calcium-lithotamnium-calcareum\/","url":"https:\/\/doglife.be\/fr\/produit\/yoggies-algen-calcium-lithotamnium-calcareum\/","name":"Yoggies Calcium uit algen \"Lithotamnium Calcareum\" voor honden 750g - Doglife","isPartOf":{"@id":"https:\/\/doglife.be\/fr\/#website"},"primaryImageOfPage":{"@id":"https:\/\/doglife.be\/fr\/produit\/yoggies-algen-calcium-lithotamnium-calcareum\/#primaryimage"},"image":{"@id":"https:\/\/doglife.be\/fr\/produit\/yoggies-algen-calcium-lithotamnium-calcareum\/#primaryimage"},"thumbnailUrl":"https:\/\/doglife.be\/wp-content\/uploads\/2025\/03\/calcium.png","datePublished":"2025-03-14T08:45:10+00:00","dateModified":"2025-12-19T12:46:00+00:00","breadcrumb":{"@id":"https:\/\/doglife.be\/fr\/produit\/yoggies-algen-calcium-lithotamnium-calcareum\/#breadcrumb"},"inLanguage":"fr-FR","potentialAction":[{"@type":"ReadAction","target":["https:\/\/doglife.be\/fr\/produit\/yoggies-algen-calcium-lithotamnium-calcareum\/"]}]},{"@type":"ImageObject","inLanguage":"fr-FR","@id":"https:\/\/doglife.be\/fr\/produit\/yoggies-algen-calcium-lithotamnium-calcareum\/#primaryimage","url":"https:\/\/doglife.be\/wp-content\/uploads\/2025\/03\/calcium.png","contentUrl":"https:\/\/doglife.be\/wp-content\/uploads\/2025\/03\/calcium.png","width":550,"height":550},{"@type":"BreadcrumbList","@id":"https:\/\/doglife.be\/fr\/produit\/yoggies-algen-calcium-lithotamnium-calcareum\/#breadcrumb","itemListElement":[{"@type":"ListItem","position":1,"name":"Home","item":"https:\/\/doglife.be\/fr\/"},{"@type":"ListItem","position":2,"name":"Boutique","item":"https:\/\/doglife.be\/fr\/boutique\/"},{"@type":"ListItem","position":3,"name":"Yoggies Calcium uit algen &#8220;Lithotamnium Calcareum&#8221; voor honden 750g"}]},{"@type":"WebSite","@id":"https:\/\/doglife.be\/fr\/#website","url":"https:\/\/doglife.be\/fr\/","name":"Doglife","description":"","publisher":{"@id":"https:\/\/doglife.be\/fr\/#organization"},"potentialAction":[{"@type":"SearchAction","target":{"@type":"EntryPoint","urlTemplate":"https:\/\/doglife.be\/fr\/?s={search_term_string}"},"query-input":{"@type":"PropertyValueSpecification","valueRequired":true,"valueName":"search_term_string"}}],"inLanguage":"fr-FR"},{"@type":"Organization","@id":"https:\/\/doglife.be\/fr\/#organization","name":"Doglife","url":"https:\/\/doglife.be\/fr\/","logo":{"@type":"ImageObject","inLanguage":"fr-FR","@id":"https:\/\/doglife.be\/fr\/#\/schema\/logo\/image\/","url":"https:\/\/doglife.be\/wp-content\/uploads\/2022\/07\/logo-doglife-white.webp","contentUrl":"https:\/\/doglife.be\/wp-content\/uploads\/2022\/07\/logo-doglife-white.webp","width":137,"height":136,"caption":"Doglife"},"image":{"@id":"https:\/\/doglife.be\/fr\/#\/schema\/logo\/image\/"},"sameAs":["https:\/\/www.facebook.com\/DoglifeBenelux"]}]}},"_links":{"self":[{"href":"https:\/\/doglife.be\/fr\/wp-json\/wp\/v2\/product\/8074","targetHints":{"allow":["GET"]}}],"collection":[{"href":"https:\/\/doglife.be\/fr\/wp-json\/wp\/v2\/product"}],"about":[{"href":"https:\/\/doglife.be\/fr\/wp-json\/wp\/v2\/types\/product"}],"wp:featuredmedia":[{"embeddable":true,"href":"https:\/\/doglife.be\/fr\/wp-json\/wp\/v2\/media\/8277"}],"wp:attachment":[{"href":"https:\/\/doglife.be\/fr\/wp-json\/wp\/v2\/media?parent=8074"}],"wp:term":[{"taxonomy":"product_brand","embeddable":true,"href":"https:\/\/doglife.be\/fr\/wp-json\/wp\/v2\/product_brand?post=8074"},{"taxonomy":"product_cat","embeddable":true,"href":"https:\/\/doglife.be\/fr\/wp-json\/wp\/v2\/product_cat?post=8074"},{"taxonomy":"product_tag","embeddable":true,"href":"https:\/\/doglife.be\/fr\/wp-json\/wp\/v2\/product_tag?post=8074"}],"curies":[{"name":"wp","href":"https:\/\/api.w.org\/{rel}","templated":true}]}}