{"id":8523,"date":"2025-03-14T09:47:30","date_gmt":"2025-03-14T08:47:30","guid":{"rendered":"https:\/\/doglife.be\/?post_type=product&#038;p=8523"},"modified":"2026-02-20T13:33:27","modified_gmt":"2026-02-20T12:33:27","slug":"max-deluxe-hele-vis-800g","status":"publish","type":"product","link":"https:\/\/doglife.be\/fr\/produit\/max-deluxe-hele-vis-800g\/","title":{"rendered":"MAX deluxe hele vis 800g"},"content":{"rendered":"<h2 class=\"h2\" style=\"margin-right: 0px;margin-bottom: 1.875rem;margin-left: 0px;font-weight: 700;line-height: 1.1875;padding: 0px;text-transform: uppercase;font-family: Anton, Helvetica, Arial, sans-serif;letter-spacing: 0.5px\"><font style=\"vertical-align: inherit\">MAX hele vis 800g<\/font><\/h2>\n<div class=\"text text--1 color__brand--2\" style=\"font-size: 16px;line-height: 1.5;margin-bottom: 1.875rem;font-family: Roboto, Helvetica, Arial, sans-serif\">\n<p><span style=\"font-size: 11pt\"><span style=\"line-height: 15.6933px\"><span style=\"font-family: Calibri, sans-serif\"><span style=\"font-size: 12pt\"><span style=\"line-height: 17.12px\">De blikvoeding uit de MAX-serie heeft een uitstekende voedingswaarde en bevat veel magnesium, wat de goede werking van spieren en zenuwen bevordert. Daarnaast bevat het voer natrium en calcium, wat een positief effect heeft op de versterking van de botten en gewrichten. Alles is in natuurlijke vorm.<\/span><\/span><\/span><\/span><\/span><\/p>\n<p><span style=\"font-size: 11pt\"><span style=\"line-height: 15.6933px\"><span style=\"font-family: Calibri, sans-serif\"><span style=\"font-size: 12pt\"><span style=\"line-height: 17.12px\">Vis is een van de beste natuurlijke bronnen van omega-3-vetzuren. Het bevat hoogwaardige eiwitten die een aantal belangrijke functies vervullen in het lichaam, zoals het helpen bij wondgenezing, het beschermen van gezonde botten, het hebben van een gunstig effect op de vacht en het behouden van spiermassa tijdens gewichtsverlies en veroudering.<\/span><\/span><\/span><\/span><\/span><\/p>\n<p><span style=\"font-size: 11pt\"><span style=\"line-height: 15.6933px\"><span style=\"font-family: Calibri, sans-serif\"><span style=\"font-weight: bolder\"><span style=\"font-size: 12pt\"><span style=\"line-height: 17.12px\">Ingeblikte botten zijn niet gevaarlijk; Dankzij de sterilisatie, die onder hoge druk en temperatuur plaatsvindt, zijn ze helemaal zacht en kunt u ze tussen uw vingers fijnmalen.<\/span><\/span><\/span><\/span><\/span><\/span><\/p>\n<p><span style=\"font-size: 11pt\"><span style=\"line-height: 15.6933px\"><span style=\"font-family: Calibri, sans-serif\"><span style=\"font-weight: bolder\"><span style=\"font-size: 12pt\"><span style=\"line-height: 17.12px\">Botten vormen een belangrijk onderdeel van het dieet van een huisdier. Ze bevatten belangrijke mineralen. Wanneer fokkers blikvoer met botten voeren, hoeven ze geen extra vitaminen met mineralen aan te schaffen.<\/span><\/span><\/span><\/span><\/span><\/span><\/p>\n<p><span style=\"font-size: 11pt\"><span style=\"line-height: 15.6933px\"><span style=\"font-family: Calibri, sans-serif\"><span style=\"font-size: 12pt\"><span style=\"line-height: 17.12px\">Het blikvoer uit de MAX-serie is geschikt voor alle leeftijden en alle rassen.<\/span><\/span><\/span><\/span><\/span><\/p>\n<p><span style=\"font-size: 11pt\"><span style=\"line-height: 15.6933px\"><span style=\"font-family: Calibri, sans-serif\"><span style=\"font-size: 12pt\"><span style=\"line-height: 17.12px\">Al onze producten zijn natuurlijk en bevatten geen kleurstoffen, smaakstoffen, conserveringsmiddelen, chemicali\u00ebn, granen, rijst of soja. De recepten zijn samengesteld door dierenarts en oprichter MVDr. Ji\u0159\u00ed Sokol.<\/span><\/span><\/span><\/span><\/span><\/p>\n<p><span style=\"font-size: 11pt\"><span style=\"line-height: 15.6933px\"><span style=\"font-family: Calibri, sans-serif\">FALCO blikvoer heeft een houdbaarheid van 3 jaar. Bovendien zijn ze voorzien van een transparant plastic deksel dat het vlees in blik vers houdt en voorkomt dat er nare geurtjes in de koelkast ontstaan. Je kunt het ongeveer 7 dagen in de koelkast bewaren, of zo lang als je wilt.<\/span><\/span><\/span><\/p>\n<p><span style=\"font-size: 11pt\"><span style=\"line-height: 15.6933px\"><span style=\"font-family: Calibri, sans-serif\"><b>Ingredi\u00ebnten<\/b>: Vis<\/span><\/span><\/span><\/p>\n<p><span style=\"font-size: 11pt\"><span style=\"line-height: 15.6933px\"><span style=\"font-family: Calibri, sans-serif\"><b>Analytische bestanddelen<\/b>: ruw eiwit 16%, ruw vet 11%, ruwe celstof 0,5%, ruwe as 2,5%, vocht 70%, hoog natuurlijk gehalte aan vitamines (A, E, D) en aminozuren (lysine, methionine, cystine)<\/span><\/span><\/span><\/p>\n<\/div>\n","protected":false},"excerpt":{"rendered":"<p>De beste selectie vleessoorten. Het blikvlees bestaat voor 100% uit vis, inclusief graten.<\/p>\n","protected":false},"featured_media":8790,"template":"","meta":[],"product_brand":[71],"product_cat":[273],"product_tag":[434,357,451],"class_list":{"0":"post-8523","1":"product","2":"type-product","3":"status-publish","4":"has-post-thumbnail","6":"product_brand-sokol-falco4","7":"product_cat-100-vlees-stukjes_23","8":"product_tag-falco","9":"product_tag-honden","10":"product_tag-vis","12":"first","13":"outofstock","14":"taxable","15":"shipping-taxable","16":"purchasable","17":"product-type-simple"},"yoast_head":"<!-- This site is optimized with the Yoast SEO plugin v27.2 - https:\/\/yoast.com\/product\/yoast-seo-wordpress\/ -->\n<title>MAX deluxe hele vis 800g - Doglife<\/title>\n<meta name=\"robots\" content=\"index, follow, max-snippet:-1, max-image-preview:large, max-video-preview:-1\" \/>\n<link rel=\"canonical\" href=\"https:\/\/doglife.be\/fr\/produit\/max-deluxe-hele-vis-800g\/\" \/>\n<meta property=\"og:locale\" content=\"fr_FR\" \/>\n<meta property=\"og:type\" content=\"article\" \/>\n<meta property=\"og:title\" content=\"MAX deluxe hele vis 800g - Doglife\" \/>\n<meta property=\"og:description\" content=\"De beste selectie vleessoorten. Het blikvlees bestaat voor 100% uit vis, inclusief graten.\" \/>\n<meta property=\"og:url\" content=\"https:\/\/doglife.be\/fr\/produit\/max-deluxe-hele-vis-800g\/\" \/>\n<meta property=\"og:site_name\" content=\"Doglife\" \/>\n<meta property=\"article:publisher\" content=\"https:\/\/www.facebook.com\/DoglifeBenelux\" \/>\n<meta property=\"article:modified_time\" content=\"2026-02-20T12:33:27+00:00\" \/>\n<meta property=\"og:image\" content=\"https:\/\/doglife.be\/wp-content\/uploads\/2025\/03\/MAX-800G-HELE-VIS.jpg\" \/>\n\t<meta property=\"og:image:width\" content=\"2136\" \/>\n\t<meta property=\"og:image:height\" content=\"2136\" \/>\n\t<meta property=\"og:image:type\" content=\"image\/jpeg\" \/>\n<meta name=\"twitter:card\" content=\"summary_large_image\" \/>\n<meta name=\"twitter:label1\" content=\"Dur\u00e9e de lecture estim\u00e9e\" \/>\n\t<meta name=\"twitter:data1\" content=\"1 minute\" \/>\n<script type=\"application\/ld+json\" class=\"yoast-schema-graph\">{\"@context\":\"https:\/\/schema.org\",\"@graph\":[{\"@type\":\"WebPage\",\"@id\":\"https:\/\/doglife.be\/fr\/produit\/max-deluxe-hele-vis-800g\/\",\"url\":\"https:\/\/doglife.be\/fr\/produit\/max-deluxe-hele-vis-800g\/\",\"name\":\"MAX deluxe hele vis 800g - Doglife\",\"isPartOf\":{\"@id\":\"https:\/\/doglife.be\/fr\/#website\"},\"primaryImageOfPage\":{\"@id\":\"https:\/\/doglife.be\/fr\/produit\/max-deluxe-hele-vis-800g\/#primaryimage\"},\"image\":{\"@id\":\"https:\/\/doglife.be\/fr\/produit\/max-deluxe-hele-vis-800g\/#primaryimage\"},\"thumbnailUrl\":\"https:\/\/doglife.be\/wp-content\/uploads\/2025\/03\/MAX-800G-HELE-VIS.jpg\",\"datePublished\":\"2025-03-14T08:47:30+00:00\",\"dateModified\":\"2026-02-20T12:33:27+00:00\",\"breadcrumb\":{\"@id\":\"https:\/\/doglife.be\/fr\/produit\/max-deluxe-hele-vis-800g\/#breadcrumb\"},\"inLanguage\":\"fr-FR\",\"potentialAction\":[{\"@type\":\"ReadAction\",\"target\":[\"https:\/\/doglife.be\/fr\/produit\/max-deluxe-hele-vis-800g\/\"]}]},{\"@type\":\"ImageObject\",\"inLanguage\":\"fr-FR\",\"@id\":\"https:\/\/doglife.be\/fr\/produit\/max-deluxe-hele-vis-800g\/#primaryimage\",\"url\":\"https:\/\/doglife.be\/wp-content\/uploads\/2025\/03\/MAX-800G-HELE-VIS.jpg\",\"contentUrl\":\"https:\/\/doglife.be\/wp-content\/uploads\/2025\/03\/MAX-800G-HELE-VIS.jpg\",\"width\":2136,\"height\":2136},{\"@type\":\"BreadcrumbList\",\"@id\":\"https:\/\/doglife.be\/fr\/produit\/max-deluxe-hele-vis-800g\/#breadcrumb\",\"itemListElement\":[{\"@type\":\"ListItem\",\"position\":1,\"name\":\"Home\",\"item\":\"https:\/\/doglife.be\/fr\/\"},{\"@type\":\"ListItem\",\"position\":2,\"name\":\"Boutique\",\"item\":\"https:\/\/doglife.be\/fr\/boutique\/\"},{\"@type\":\"ListItem\",\"position\":3,\"name\":\"MAX deluxe hele vis 800g\"}]},{\"@type\":\"WebSite\",\"@id\":\"https:\/\/doglife.be\/fr\/#website\",\"url\":\"https:\/\/doglife.be\/fr\/\",\"name\":\"Doglife\",\"description\":\"\",\"publisher\":{\"@id\":\"https:\/\/doglife.be\/fr\/#organization\"},\"potentialAction\":[{\"@type\":\"SearchAction\",\"target\":{\"@type\":\"EntryPoint\",\"urlTemplate\":\"https:\/\/doglife.be\/fr\/?s={search_term_string}\"},\"query-input\":{\"@type\":\"PropertyValueSpecification\",\"valueRequired\":true,\"valueName\":\"search_term_string\"}}],\"inLanguage\":\"fr-FR\"},{\"@type\":\"Organization\",\"@id\":\"https:\/\/doglife.be\/fr\/#organization\",\"name\":\"Doglife\",\"url\":\"https:\/\/doglife.be\/fr\/\",\"logo\":{\"@type\":\"ImageObject\",\"inLanguage\":\"fr-FR\",\"@id\":\"https:\/\/doglife.be\/fr\/#\/schema\/logo\/image\/\",\"url\":\"https:\/\/doglife.be\/wp-content\/uploads\/2022\/07\/logo-doglife-white.webp\",\"contentUrl\":\"https:\/\/doglife.be\/wp-content\/uploads\/2022\/07\/logo-doglife-white.webp\",\"width\":137,\"height\":136,\"caption\":\"Doglife\"},\"image\":{\"@id\":\"https:\/\/doglife.be\/fr\/#\/schema\/logo\/image\/\"},\"sameAs\":[\"https:\/\/www.facebook.com\/DoglifeBenelux\"]}]}<\/script>\n<!-- \/ Yoast SEO plugin. -->","yoast_head_json":{"title":"MAX deluxe hele vis 800g - Doglife","robots":{"index":"index","follow":"follow","max-snippet":"max-snippet:-1","max-image-preview":"max-image-preview:large","max-video-preview":"max-video-preview:-1"},"canonical":"https:\/\/doglife.be\/fr\/produit\/max-deluxe-hele-vis-800g\/","og_locale":"fr_FR","og_type":"article","og_title":"MAX deluxe hele vis 800g - Doglife","og_description":"De beste selectie vleessoorten. Het blikvlees bestaat voor 100% uit vis, inclusief graten.","og_url":"https:\/\/doglife.be\/fr\/produit\/max-deluxe-hele-vis-800g\/","og_site_name":"Doglife","article_publisher":"https:\/\/www.facebook.com\/DoglifeBenelux","article_modified_time":"2026-02-20T12:33:27+00:00","og_image":[{"width":2136,"height":2136,"url":"https:\/\/doglife.be\/wp-content\/uploads\/2025\/03\/MAX-800G-HELE-VIS.jpg","type":"image\/jpeg"}],"twitter_card":"summary_large_image","twitter_misc":{"Dur\u00e9e de lecture estim\u00e9e":"1 minute"},"schema":{"@context":"https:\/\/schema.org","@graph":[{"@type":"WebPage","@id":"https:\/\/doglife.be\/fr\/produit\/max-deluxe-hele-vis-800g\/","url":"https:\/\/doglife.be\/fr\/produit\/max-deluxe-hele-vis-800g\/","name":"MAX deluxe hele vis 800g - Doglife","isPartOf":{"@id":"https:\/\/doglife.be\/fr\/#website"},"primaryImageOfPage":{"@id":"https:\/\/doglife.be\/fr\/produit\/max-deluxe-hele-vis-800g\/#primaryimage"},"image":{"@id":"https:\/\/doglife.be\/fr\/produit\/max-deluxe-hele-vis-800g\/#primaryimage"},"thumbnailUrl":"https:\/\/doglife.be\/wp-content\/uploads\/2025\/03\/MAX-800G-HELE-VIS.jpg","datePublished":"2025-03-14T08:47:30+00:00","dateModified":"2026-02-20T12:33:27+00:00","breadcrumb":{"@id":"https:\/\/doglife.be\/fr\/produit\/max-deluxe-hele-vis-800g\/#breadcrumb"},"inLanguage":"fr-FR","potentialAction":[{"@type":"ReadAction","target":["https:\/\/doglife.be\/fr\/produit\/max-deluxe-hele-vis-800g\/"]}]},{"@type":"ImageObject","inLanguage":"fr-FR","@id":"https:\/\/doglife.be\/fr\/produit\/max-deluxe-hele-vis-800g\/#primaryimage","url":"https:\/\/doglife.be\/wp-content\/uploads\/2025\/03\/MAX-800G-HELE-VIS.jpg","contentUrl":"https:\/\/doglife.be\/wp-content\/uploads\/2025\/03\/MAX-800G-HELE-VIS.jpg","width":2136,"height":2136},{"@type":"BreadcrumbList","@id":"https:\/\/doglife.be\/fr\/produit\/max-deluxe-hele-vis-800g\/#breadcrumb","itemListElement":[{"@type":"ListItem","position":1,"name":"Home","item":"https:\/\/doglife.be\/fr\/"},{"@type":"ListItem","position":2,"name":"Boutique","item":"https:\/\/doglife.be\/fr\/boutique\/"},{"@type":"ListItem","position":3,"name":"MAX deluxe hele vis 800g"}]},{"@type":"WebSite","@id":"https:\/\/doglife.be\/fr\/#website","url":"https:\/\/doglife.be\/fr\/","name":"Doglife","description":"","publisher":{"@id":"https:\/\/doglife.be\/fr\/#organization"},"potentialAction":[{"@type":"SearchAction","target":{"@type":"EntryPoint","urlTemplate":"https:\/\/doglife.be\/fr\/?s={search_term_string}"},"query-input":{"@type":"PropertyValueSpecification","valueRequired":true,"valueName":"search_term_string"}}],"inLanguage":"fr-FR"},{"@type":"Organization","@id":"https:\/\/doglife.be\/fr\/#organization","name":"Doglife","url":"https:\/\/doglife.be\/fr\/","logo":{"@type":"ImageObject","inLanguage":"fr-FR","@id":"https:\/\/doglife.be\/fr\/#\/schema\/logo\/image\/","url":"https:\/\/doglife.be\/wp-content\/uploads\/2022\/07\/logo-doglife-white.webp","contentUrl":"https:\/\/doglife.be\/wp-content\/uploads\/2022\/07\/logo-doglife-white.webp","width":137,"height":136,"caption":"Doglife"},"image":{"@id":"https:\/\/doglife.be\/fr\/#\/schema\/logo\/image\/"},"sameAs":["https:\/\/www.facebook.com\/DoglifeBenelux"]}]}},"_links":{"self":[{"href":"https:\/\/doglife.be\/fr\/wp-json\/wp\/v2\/product\/8523","targetHints":{"allow":["GET"]}}],"collection":[{"href":"https:\/\/doglife.be\/fr\/wp-json\/wp\/v2\/product"}],"about":[{"href":"https:\/\/doglife.be\/fr\/wp-json\/wp\/v2\/types\/product"}],"wp:featuredmedia":[{"embeddable":true,"href":"https:\/\/doglife.be\/fr\/wp-json\/wp\/v2\/media\/8790"}],"wp:attachment":[{"href":"https:\/\/doglife.be\/fr\/wp-json\/wp\/v2\/media?parent=8523"}],"wp:term":[{"taxonomy":"product_brand","embeddable":true,"href":"https:\/\/doglife.be\/fr\/wp-json\/wp\/v2\/product_brand?post=8523"},{"taxonomy":"product_cat","embeddable":true,"href":"https:\/\/doglife.be\/fr\/wp-json\/wp\/v2\/product_cat?post=8523"},{"taxonomy":"product_tag","embeddable":true,"href":"https:\/\/doglife.be\/fr\/wp-json\/wp\/v2\/product_tag?post=8523"}],"curies":[{"name":"wp","href":"https:\/\/api.w.org\/{rel}","templated":true}]}}