{"id":24761,"date":"2025-04-28T10:42:23","date_gmt":"2025-04-28T09:42:23","guid":{"rendered":"https:\/\/doglife.be\/product\/markus-muhle-naturnah-hondenvoer-2x15kg\/"},"modified":"2026-04-02T11:13:42","modified_gmt":"2026-04-02T10:13:42","slug":"markus-muhle-naturnah-hondenvoer-2x15kg","status":"publish","type":"product","link":"https:\/\/doglife.be\/it\/prodotto\/markus-muhle-naturnah-hondenvoer-2x15kg\/","title":{"rendered":"Markus-M\u00fchle NaturNah hondenvoer 2x15kg"},"content":{"rendered":"<h2 style=\"font-family: Poppins, sans-serif\">Productinformatie &#8220;Markus-M\u00fchle NaturNah 2x 15kg&#8221;<\/h2>\n<p><\/p>\n<p><span style=\"font-weight: bolder\">Complete voeding voor honden<\/span><\/p>\n<p><\/p>\n<p><\/p>\n<p>Onze klassieker! Ons Markus-M\u00fchle NaturNah hondenvoer was het eerste voer dat Markus-M\u00fchle samen met dierenartsen ontwikkelde.<\/p>\n<p><\/p>\n<p>Een hoogwaardige complete voeding die geschikt is voor alle honden!<\/p>\n<p><\/p>\n<p>Dankzij de natuurlijke samenstelling en het\u00a0\u00a0<span style=\"font-weight: bolder\">proces waarbij de voedingsstoffen behouden blijven<\/span>\u00a0, is het speciaal afgestemd op de behoeften van uw hond.<\/p>\n<p><\/p>\n<p>De geoptimaliseerde energiewaarde van 367 kcal\/100 g, de zeer goede verteerbaarheid en de vermaling van alle vaste ingredi\u00ebnten zorgen voor een hoge biologische beschikbaarheid.<\/p>\n<p><\/p>\n<p><\/p>\n<h2 style=\"font-family: Poppins, sans-serif\">Samenstelling:<\/h2>\n<p>Gedroogd gemalen kippenvlees 28%, gemalen volkoren ma\u00efs, gemalen volkoren rijst, gemalen wilde pens 5%, gemalen wilde botten 5%, rode biet, gedroogde bietenpulp, visolie, koudgeperste koolzaadolie, turf, fruitmix (bestaande uit: appel, peer, zwarte bes, acerola, banaan, papaja), kruidenmix (bestaande uit: brandnetelbladeren, paardenstaartkruid, viooltje, marjolein, paardenbloem), lijnzaad, zeewier, gedroogde en gemalen Yucca Schidigera, eipoeder 0,5%<\/p>\n<p><\/p>\n<p><span style=\"font-weight: bolder\">Analytische bestanddelen:<\/span><\/p>\n<p>Ruw eiwit 25%, ruw vet 10,5%, ruwe celstof 3,3%, ruwe as 7%, calcium 1,3%, fosfor 1%<\/p>\n<p><span style=\"font-weight: bolder\">Voedingssupplementen per kg:<\/span><\/p>\n<p><span style=\"font-weight: bolder\">vitaminen, provitaminen en soortgelijke stoffen\u00a0<\/span><\/p>\n<p>Vitamine A 10.000 iE, vitamine D3 1.000 i. E., vitamine E 200 mg, vitamine B1 3,5 mg, vitamine B2 7 mg, vitamine B6 als pyridoxinehydrochloride 4,2 mg, vitamine B12 42 \u00b5g, biotine 210 \u00b5g, foliumzuur 0,35 mg, niacinamide 21 mg, vitamine C 140 mg, calcium-D-pantothenaat 7 mg, cholinechloride 1.050 mg<\/p>\n<p><\/p>\n<p><\/p>\n<p><\/p>\n<p><span style=\"font-weight: bolder\">Sporenelementen:<\/span><\/p>\n<p>Mangaan als mangaan(II)oxide 48 mg, Koper als koper(II)oxide 10 mg, Zink als zinkoxide 62,5 mg, Jodium als calciumjodaat, watervrij<\/p>\n<p><span style=\"font-weight: bolder\">Energie-inhoud:<\/span>\u00a0ca. 367 kcal per 100 g<\/p>\n<p><\/p>\n<h3 style=\"margin: 2rem 0px;font-family: brother-1816-printed, sans-serif;font-weight: 700;line-height: 2.063rem;font-size: 22px;text-transform: uppercase\"><font style=\"vertical-align: inherit\">Dosering<\/font><\/h3>\n<p style=\"font-family: brother-1816-printed, sans-serif\"><font style=\"vertical-align: inherit\"><span style=\"font-weight: bolder\">Voor honden (dagelijks):<\/span><\/font><\/p>\n<div class=\" tablesaw-bar tablesaw-mode-stack\" style=\"font-family: brother-1816-printed, sans-serif\"><\/div>\n<table cellspacing=\"0\" cellpadding=\"0\" class=\"tablesaw tablesaw-stack\" data-tablesaw-mode=\"stack\" id=\"tablesaw-8576\" style=\"caption-side: bottom;width: 680px;max-width: 100%;border-radius: 5px;border: 0px;padding: 0px;clear: both;font-family: brother-1816-printed, sans-serif\">\n<thead style=\"border-style: solid;border-width: 0px\">\n<tr style=\"border-style: solid;border-width: 0px;clear: both\">\n<th style=\"text-align: left;border-color: inherit;border-style: solid;border-width: 0px;margin: 0px;padding: 2px 5px;border-top-left-radius: 5px\"><font style=\"vertical-align: inherit\">Gewicht van de hond<\/font><\/th>\n<th style=\"text-align: left;border-color: inherit;border-style: solid;border-width: 0px;margin: 0px;padding: 2px 5px;border-top-right-radius: 5px\"><font style=\"vertical-align: inherit\">Hoeveelheid voer<\/font><\/th>\n<\/tr>\n<\/thead>\n<tbody style=\"border-style: solid;border-width: 0px\">\n<tr style=\"border-style: solid;border-width: 0px;clear: both\">\n<td style=\"border-color: inherit;border-style: solid;border-width: 0px;margin: 0px;padding: 5px 10px\"><span class=\"tablesaw-cell-content\">2 kg<\/span><\/td>\n<td style=\"border-color: inherit;border-style: solid;border-width: 0px;margin: 0px;padding: 5px 10px\"><span class=\"tablesaw-cell-content\">25 gram<\/span><\/td>\n<\/tr>\n<tr style=\"border-style: solid;border-width: 0px;clear: both\">\n<td style=\"border-color: inherit;border-style: solid;border-width: 0px;margin: 0px;padding: 5px 10px\"><span class=\"tablesaw-cell-content\">5 kg<\/span><\/td>\n<td style=\"border-color: inherit;border-style: solid;border-width: 0px;margin: 0px;padding: 5px 10px\"><span class=\"tablesaw-cell-content\">60 gram<\/span><\/td>\n<\/tr>\n<tr style=\"border-style: solid;border-width: 0px;clear: both\">\n<td style=\"border-color: inherit;border-style: solid;border-width: 0px;margin: 0px;padding: 5px 10px\"><span class=\"tablesaw-cell-content\">7 kg<\/span><\/td>\n<td style=\"border-color: inherit;border-style: solid;border-width: 0px;margin: 0px;padding: 5px 10px\"><span class=\"tablesaw-cell-content\">85 gram<\/span><\/td>\n<\/tr>\n<tr style=\"border-style: solid;border-width: 0px;clear: both\">\n<td style=\"border-color: inherit;border-style: solid;border-width: 0px;margin: 0px;padding: 5px 10px\"><span class=\"tablesaw-cell-content\">10 kg<\/span><\/td>\n<td style=\"border-color: inherit;border-style: solid;border-width: 0px;margin: 0px;padding: 5px 10px\"><span class=\"tablesaw-cell-content\">120 gram<\/span><\/td>\n<\/tr>\n<tr style=\"border-style: solid;border-width: 0px;clear: both\">\n<td style=\"border-color: inherit;border-style: solid;border-width: 0px;margin: 0px;padding: 5px 10px\"><span class=\"tablesaw-cell-content\">15 kg<\/span><\/td>\n<td style=\"border-color: inherit;border-style: solid;border-width: 0px;margin: 0px;padding: 5px 10px\"><span class=\"tablesaw-cell-content\">180 gram<\/span><\/td>\n<\/tr>\n<tr style=\"border-style: solid;border-width: 0px;clear: both\">\n<td style=\"border-color: inherit;border-style: solid;border-width: 0px;margin: 0px;padding: 5px 10px\"><span class=\"tablesaw-cell-content\">20 kg<\/span><\/td>\n<td style=\"border-color: inherit;border-style: solid;border-width: 0px;margin: 0px;padding: 5px 10px\"><span class=\"tablesaw-cell-content\">240 gram<\/span><\/td>\n<\/tr>\n<tr style=\"border-style: solid;border-width: 0px;clear: both\">\n<td style=\"border-color: inherit;border-style: solid;border-width: 0px;margin: 0px;padding: 5px 10px\"><span class=\"tablesaw-cell-content\">25 kg<\/span><\/td>\n<td style=\"border-color: inherit;border-style: solid;border-width: 0px;margin: 0px;padding: 5px 10px\"><span class=\"tablesaw-cell-content\">300 gram<\/span><\/td>\n<\/tr>\n<tr style=\"border-style: solid;border-width: 0px;clear: both\">\n<td style=\"border-color: inherit;border-style: solid;border-width: 0px;margin: 0px;padding: 5px 10px\"><span class=\"tablesaw-cell-content\">30 kg<\/span><\/td>\n<td style=\"border-color: inherit;border-style: solid;border-width: 0px;margin: 0px;padding: 5px 10px\"><span class=\"tablesaw-cell-content\">360 gram<\/span><\/td>\n<\/tr>\n<tr style=\"border-style: solid;border-width: 0px;clear: both\">\n<td style=\"border-color: inherit;border-style: solid;border-width: 0px;margin: 0px;padding: 5px 10px\"><span class=\"tablesaw-cell-content\">35 kg<\/span><\/td>\n<td style=\"border-color: inherit;border-style: solid;border-width: 0px;margin: 0px;padding: 5px 10px\"><span class=\"tablesaw-cell-content\">420 gram<\/span><\/td>\n<\/tr>\n<tr style=\"border-style: solid;border-width: 0px;clear: both\">\n<td style=\"border-color: inherit;border-style: solid;border-width: 0px;margin: 0px;padding: 5px 10px\"><span class=\"tablesaw-cell-content\">40 kg<\/span><\/td>\n<td style=\"border-color: inherit;border-style: solid;border-width: 0px;margin: 0px;padding: 5px 10px\"><span class=\"tablesaw-cell-content\">480 gram<\/span><\/td>\n<\/tr>\n<tr style=\"border-style: solid;border-width: 0px;clear: both\">\n<td style=\"border-color: inherit;border-style: solid;border-width: 0px;margin: 0px;padding: 5px 10px\"><span class=\"tablesaw-cell-content\">45 kg<\/span><\/td>\n<td style=\"border-color: inherit;border-style: solid;border-width: 0px;margin: 0px;padding: 5px 10px\"><span class=\"tablesaw-cell-content\">540 gram<\/span><\/td>\n<\/tr>\n<tr style=\"border-style: solid;border-width: 0px;clear: both\">\n<td style=\"border-color: inherit;border-style: solid;border-width: 0px;margin: 0px;padding: 5px 10px\"><span class=\"tablesaw-cell-content\">50 kg<\/span><\/td>\n<td style=\"border-color: inherit;border-style: solid;border-width: 0px;margin: 0px;padding: 5px 10px\"><span class=\"tablesaw-cell-content\">600 gram<\/span><\/td>\n<\/tr>\n<tr style=\"border-style: solid;border-width: 0px;clear: both\">\n<td style=\"border-color: inherit;border-style: solid;border-width: 0px;margin: 0px;padding: 5px 10px\"><span class=\"tablesaw-cell-content\">60 kg<\/span><\/td>\n<td style=\"border-color: inherit;border-style: solid;border-width: 0px;margin: 0px;padding: 5px 10px\"><span class=\"tablesaw-cell-content\">720 gram<\/span><\/td>\n<\/tr>\n<tr style=\"border-style: solid;border-width: 0px;clear: both\">\n<td style=\"border-color: inherit;border-style: solid;border-width: 0px;margin: 0px;padding: 5px 10px\"><span class=\"tablesaw-cell-content\">70 kg<\/span><\/td>\n<td style=\"border-color: inherit;border-style: solid;border-width: 0px;margin: 0px;padding: 5px 10px\"><span class=\"tablesaw-cell-content\">840 gram<\/span><\/td>\n<\/tr>\n<tr style=\"border-style: solid;border-width: 0px;clear: both\">\n<td style=\"border-color: inherit;border-style: solid;border-width: 0px;margin: 0px;padding: 5px 10px;border-bottom-left-radius: 5px\"><span class=\"tablesaw-cell-content\">80 kg<\/span><\/td>\n<td style=\"border-color: inherit;border-style: solid;border-width: 0px;margin: 0px;padding: 5px 10px;border-bottom-right-radius: 5px\"><span class=\"tablesaw-cell-content\">960 gram<\/span><\/td>\n<\/tr>\n<\/tbody>\n<\/table>\n<p><br style=\"font-family: brother-1816-printed, sans-serif\"><\/p>\n<p style=\"font-family: brother-1816-printed, sans-serif\"><font style=\"vertical-align: inherit\">Onze informatie is slechts een richtlijn voor een evenwichtige en op de behoeften afgestemde voeding voor uw hond. Hoewel deze instructies zijn opgesteld volgens de laatste wetenschappelijke inzichten voor hondenvoer dat is geproduceerd met een zorgvuldig gebruik van vitale stoffen, dienen ze toch absoluut te worden aangepast aan de individuele behoeften van de hond. Met \u00e9\u00e9n enkele grammeting kunt u onmogelijk rekening houden met alle individuele verschillen en omstandigheden, zoals ras, leeftijd en grootte van de hond, trainingsprestaties, omgevingsinvloeden, etc. Vers water moet altijd beschikbaar zijn.<\/font><br \/><span style=\"font-weight: bolder\">Tip : Gebruik onze praktische\u00a0<\/span><font style=\"vertical-align: inherit\"><\/font><u><font style=\"vertical-align: inherit\">maatbeker<\/font><\/u><font style=\"vertical-align: inherit\"><font style=\"vertical-align: inherit\">\u00a0voor een optimale voerdosering\u00a0<\/font><font style=\"vertical-align: inherit\">. U kunt dit bij ons of bij uw lokale dealer verkrijgen.<\/font><\/font><\/p>\n<p style=\"font-family: brother-1816-printed, sans-serif\"><\/p>\n<p style=\"font-family: brother-1816-printed, sans-serif\">\n<div style=\"font-family: brother-1816-printed, sans-serif\"><font style=\"vertical-align: inherit\">Bewaar op een koele, droge plaats en doe het niet in luchtdichte containers.<\/font><\/div>\n","protected":false},"excerpt":{"rendered":"<p>Onze klassieker! Ons Markus-M\u00fchle NaturNah hondenvoer was het eerste voer dat Markus-M\u00fchle samen met dierenartsen ontwikkelde.<\/p>\n","protected":false},"featured_media":24872,"template":"","meta":[],"product_brand":[80],"product_cat":[289,252],"product_tag":[],"class_list":{"0":"post-24761","1":"product","2":"type-product","3":"status-publish","4":"has-post-thumbnail","6":"product_brand-markus-muhle13","7":"product_cat-markus-muhle-_34","8":"product_cat-promoties_230","10":"first","11":"outofstock","12":"sale","13":"taxable","14":"shipping-taxable","15":"purchasable","16":"product-type-simple"},"yoast_head":"<!-- This site is optimized with the Yoast SEO plugin v27.2 - https:\/\/yoast.com\/product\/yoast-seo-wordpress\/ -->\n<title>Markus-M\u00fchle NaturNah hondenvoer 2x15kg - Doglife<\/title>\n<meta name=\"robots\" content=\"index, follow, max-snippet:-1, max-image-preview:large, max-video-preview:-1\" \/>\n<link rel=\"canonical\" href=\"https:\/\/doglife.be\/it\/prodotto\/markus-muhle-naturnah-hondenvoer-2x15kg\/\" \/>\n<meta property=\"og:locale\" content=\"it_IT\" \/>\n<meta property=\"og:type\" content=\"article\" \/>\n<meta property=\"og:title\" content=\"Markus-M\u00fchle NaturNah hondenvoer 2x15kg - Doglife\" \/>\n<meta property=\"og:description\" content=\"Onze klassieker! Ons Markus-M\u00fchle NaturNah hondenvoer was het eerste voer dat Markus-M\u00fchle samen met dierenartsen ontwikkelde.\" \/>\n<meta property=\"og:url\" content=\"https:\/\/doglife.be\/it\/prodotto\/markus-muhle-naturnah-hondenvoer-2x15kg\/\" \/>\n<meta property=\"og:site_name\" content=\"Doglife\" \/>\n<meta property=\"article:publisher\" content=\"https:\/\/www.facebook.com\/DoglifeBenelux\" \/>\n<meta property=\"article:modified_time\" content=\"2026-04-02T10:13:42+00:00\" \/>\n<meta property=\"og:image\" content=\"https:\/\/doglife.be\/wp-content\/uploads\/2025\/04\/markus-mhle_naturnah_hondenvoer_2x15kg_3808.png\" \/>\n\t<meta property=\"og:image:width\" content=\"1024\" \/>\n\t<meta property=\"og:image:height\" content=\"1024\" \/>\n\t<meta property=\"og:image:type\" content=\"image\/png\" \/>\n<meta name=\"twitter:card\" content=\"summary_large_image\" \/>\n<meta name=\"twitter:label1\" content=\"Tempo di lettura stimato\" \/>\n\t<meta name=\"twitter:data1\" content=\"2 minuti\" \/>\n<script type=\"application\/ld+json\" class=\"yoast-schema-graph\">{\"@context\":\"https:\/\/schema.org\",\"@graph\":[{\"@type\":\"WebPage\",\"@id\":\"https:\/\/doglife.be\/it\/prodotto\/markus-muhle-naturnah-hondenvoer-2x15kg\/\",\"url\":\"https:\/\/doglife.be\/it\/prodotto\/markus-muhle-naturnah-hondenvoer-2x15kg\/\",\"name\":\"Markus-M\u00fchle NaturNah hondenvoer 2x15kg - Doglife\",\"isPartOf\":{\"@id\":\"https:\/\/doglife.be\/it\/#website\"},\"primaryImageOfPage\":{\"@id\":\"https:\/\/doglife.be\/it\/prodotto\/markus-muhle-naturnah-hondenvoer-2x15kg\/#primaryimage\"},\"image\":{\"@id\":\"https:\/\/doglife.be\/it\/prodotto\/markus-muhle-naturnah-hondenvoer-2x15kg\/#primaryimage\"},\"thumbnailUrl\":\"https:\/\/doglife.be\/wp-content\/uploads\/2025\/04\/markus-mhle_naturnah_hondenvoer_2x15kg_3808.png\",\"datePublished\":\"2025-04-28T09:42:23+00:00\",\"dateModified\":\"2026-04-02T10:13:42+00:00\",\"breadcrumb\":{\"@id\":\"https:\/\/doglife.be\/it\/prodotto\/markus-muhle-naturnah-hondenvoer-2x15kg\/#breadcrumb\"},\"inLanguage\":\"it-IT\",\"potentialAction\":[{\"@type\":\"ReadAction\",\"target\":[\"https:\/\/doglife.be\/it\/prodotto\/markus-muhle-naturnah-hondenvoer-2x15kg\/\"]}]},{\"@type\":\"ImageObject\",\"inLanguage\":\"it-IT\",\"@id\":\"https:\/\/doglife.be\/it\/prodotto\/markus-muhle-naturnah-hondenvoer-2x15kg\/#primaryimage\",\"url\":\"https:\/\/doglife.be\/wp-content\/uploads\/2025\/04\/markus-mhle_naturnah_hondenvoer_2x15kg_3808.png\",\"contentUrl\":\"https:\/\/doglife.be\/wp-content\/uploads\/2025\/04\/markus-mhle_naturnah_hondenvoer_2x15kg_3808.png\",\"width\":1024,\"height\":1024,\"caption\":\"Markus-M\u00fchle NaturNah hondenvoer 2x15kg\"},{\"@type\":\"BreadcrumbList\",\"@id\":\"https:\/\/doglife.be\/it\/prodotto\/markus-muhle-naturnah-hondenvoer-2x15kg\/#breadcrumb\",\"itemListElement\":[{\"@type\":\"ListItem\",\"position\":1,\"name\":\"Home\",\"item\":\"https:\/\/doglife.be\/it\/\"},{\"@type\":\"ListItem\",\"position\":2,\"name\":\"Negozio\",\"item\":\"https:\/\/doglife.be\/it\/negozio\/\"},{\"@type\":\"ListItem\",\"position\":3,\"name\":\"Markus-M\u00fchle NaturNah hondenvoer 2x15kg\"}]},{\"@type\":\"WebSite\",\"@id\":\"https:\/\/doglife.be\/it\/#website\",\"url\":\"https:\/\/doglife.be\/it\/\",\"name\":\"Doglife\",\"description\":\"\",\"publisher\":{\"@id\":\"https:\/\/doglife.be\/it\/#organization\"},\"potentialAction\":[{\"@type\":\"SearchAction\",\"target\":{\"@type\":\"EntryPoint\",\"urlTemplate\":\"https:\/\/doglife.be\/it\/?s={search_term_string}\"},\"query-input\":{\"@type\":\"PropertyValueSpecification\",\"valueRequired\":true,\"valueName\":\"search_term_string\"}}],\"inLanguage\":\"it-IT\"},{\"@type\":\"Organization\",\"@id\":\"https:\/\/doglife.be\/it\/#organization\",\"name\":\"Doglife\",\"url\":\"https:\/\/doglife.be\/it\/\",\"logo\":{\"@type\":\"ImageObject\",\"inLanguage\":\"it-IT\",\"@id\":\"https:\/\/doglife.be\/it\/#\/schema\/logo\/image\/\",\"url\":\"https:\/\/doglife.be\/wp-content\/uploads\/2022\/07\/logo-doglife-white.webp\",\"contentUrl\":\"https:\/\/doglife.be\/wp-content\/uploads\/2022\/07\/logo-doglife-white.webp\",\"width\":137,\"height\":136,\"caption\":\"Doglife\"},\"image\":{\"@id\":\"https:\/\/doglife.be\/it\/#\/schema\/logo\/image\/\"},\"sameAs\":[\"https:\/\/www.facebook.com\/DoglifeBenelux\"]}]}<\/script>\n<!-- \/ Yoast SEO plugin. -->","yoast_head_json":{"title":"Markus-M\u00fchle NaturNah hondenvoer 2x15kg - Doglife","robots":{"index":"index","follow":"follow","max-snippet":"max-snippet:-1","max-image-preview":"max-image-preview:large","max-video-preview":"max-video-preview:-1"},"canonical":"https:\/\/doglife.be\/it\/prodotto\/markus-muhle-naturnah-hondenvoer-2x15kg\/","og_locale":"it_IT","og_type":"article","og_title":"Markus-M\u00fchle NaturNah hondenvoer 2x15kg - Doglife","og_description":"Onze klassieker! Ons Markus-M\u00fchle NaturNah hondenvoer was het eerste voer dat Markus-M\u00fchle samen met dierenartsen ontwikkelde.","og_url":"https:\/\/doglife.be\/it\/prodotto\/markus-muhle-naturnah-hondenvoer-2x15kg\/","og_site_name":"Doglife","article_publisher":"https:\/\/www.facebook.com\/DoglifeBenelux","article_modified_time":"2026-04-02T10:13:42+00:00","og_image":[{"width":1024,"height":1024,"url":"https:\/\/doglife.be\/wp-content\/uploads\/2025\/04\/markus-mhle_naturnah_hondenvoer_2x15kg_3808.png","type":"image\/png"}],"twitter_card":"summary_large_image","twitter_misc":{"Tempo di lettura stimato":"2 minuti"},"schema":{"@context":"https:\/\/schema.org","@graph":[{"@type":"WebPage","@id":"https:\/\/doglife.be\/it\/prodotto\/markus-muhle-naturnah-hondenvoer-2x15kg\/","url":"https:\/\/doglife.be\/it\/prodotto\/markus-muhle-naturnah-hondenvoer-2x15kg\/","name":"Markus-M\u00fchle NaturNah hondenvoer 2x15kg - Doglife","isPartOf":{"@id":"https:\/\/doglife.be\/it\/#website"},"primaryImageOfPage":{"@id":"https:\/\/doglife.be\/it\/prodotto\/markus-muhle-naturnah-hondenvoer-2x15kg\/#primaryimage"},"image":{"@id":"https:\/\/doglife.be\/it\/prodotto\/markus-muhle-naturnah-hondenvoer-2x15kg\/#primaryimage"},"thumbnailUrl":"https:\/\/doglife.be\/wp-content\/uploads\/2025\/04\/markus-mhle_naturnah_hondenvoer_2x15kg_3808.png","datePublished":"2025-04-28T09:42:23+00:00","dateModified":"2026-04-02T10:13:42+00:00","breadcrumb":{"@id":"https:\/\/doglife.be\/it\/prodotto\/markus-muhle-naturnah-hondenvoer-2x15kg\/#breadcrumb"},"inLanguage":"it-IT","potentialAction":[{"@type":"ReadAction","target":["https:\/\/doglife.be\/it\/prodotto\/markus-muhle-naturnah-hondenvoer-2x15kg\/"]}]},{"@type":"ImageObject","inLanguage":"it-IT","@id":"https:\/\/doglife.be\/it\/prodotto\/markus-muhle-naturnah-hondenvoer-2x15kg\/#primaryimage","url":"https:\/\/doglife.be\/wp-content\/uploads\/2025\/04\/markus-mhle_naturnah_hondenvoer_2x15kg_3808.png","contentUrl":"https:\/\/doglife.be\/wp-content\/uploads\/2025\/04\/markus-mhle_naturnah_hondenvoer_2x15kg_3808.png","width":1024,"height":1024,"caption":"Markus-M\u00fchle NaturNah hondenvoer 2x15kg"},{"@type":"BreadcrumbList","@id":"https:\/\/doglife.be\/it\/prodotto\/markus-muhle-naturnah-hondenvoer-2x15kg\/#breadcrumb","itemListElement":[{"@type":"ListItem","position":1,"name":"Home","item":"https:\/\/doglife.be\/it\/"},{"@type":"ListItem","position":2,"name":"Negozio","item":"https:\/\/doglife.be\/it\/negozio\/"},{"@type":"ListItem","position":3,"name":"Markus-M\u00fchle NaturNah hondenvoer 2x15kg"}]},{"@type":"WebSite","@id":"https:\/\/doglife.be\/it\/#website","url":"https:\/\/doglife.be\/it\/","name":"Doglife","description":"","publisher":{"@id":"https:\/\/doglife.be\/it\/#organization"},"potentialAction":[{"@type":"SearchAction","target":{"@type":"EntryPoint","urlTemplate":"https:\/\/doglife.be\/it\/?s={search_term_string}"},"query-input":{"@type":"PropertyValueSpecification","valueRequired":true,"valueName":"search_term_string"}}],"inLanguage":"it-IT"},{"@type":"Organization","@id":"https:\/\/doglife.be\/it\/#organization","name":"Doglife","url":"https:\/\/doglife.be\/it\/","logo":{"@type":"ImageObject","inLanguage":"it-IT","@id":"https:\/\/doglife.be\/it\/#\/schema\/logo\/image\/","url":"https:\/\/doglife.be\/wp-content\/uploads\/2022\/07\/logo-doglife-white.webp","contentUrl":"https:\/\/doglife.be\/wp-content\/uploads\/2022\/07\/logo-doglife-white.webp","width":137,"height":136,"caption":"Doglife"},"image":{"@id":"https:\/\/doglife.be\/it\/#\/schema\/logo\/image\/"},"sameAs":["https:\/\/www.facebook.com\/DoglifeBenelux"]}]}},"_links":{"self":[{"href":"https:\/\/doglife.be\/it\/wp-json\/wp\/v2\/product\/24761","targetHints":{"allow":["GET"]}}],"collection":[{"href":"https:\/\/doglife.be\/it\/wp-json\/wp\/v2\/product"}],"about":[{"href":"https:\/\/doglife.be\/it\/wp-json\/wp\/v2\/types\/product"}],"wp:featuredmedia":[{"embeddable":true,"href":"https:\/\/doglife.be\/it\/wp-json\/wp\/v2\/media\/24872"}],"wp:attachment":[{"href":"https:\/\/doglife.be\/it\/wp-json\/wp\/v2\/media?parent=24761"}],"wp:term":[{"taxonomy":"product_brand","embeddable":true,"href":"https:\/\/doglife.be\/it\/wp-json\/wp\/v2\/product_brand?post=24761"},{"taxonomy":"product_cat","embeddable":true,"href":"https:\/\/doglife.be\/it\/wp-json\/wp\/v2\/product_cat?post=24761"},{"taxonomy":"product_tag","embeddable":true,"href":"https:\/\/doglife.be\/it\/wp-json\/wp\/v2\/product_tag?post=24761"}],"curies":[{"name":"wp","href":"https:\/\/api.w.org\/{rel}","templated":true}]}}