{"id":47526,"date":"2026-04-11T16:31:26","date_gmt":"2026-04-11T15:31:26","guid":{"rendered":"https:\/\/doglife.be\/product\/185g-yoggies-ragout-voor-katten-kip-monoprotein-castrate\/"},"modified":"2026-04-11T17:01:48","modified_gmt":"2026-04-11T16:01:48","slug":"185g-yoggies-ragout-voor-katten-kip-monoprotein-castrate","status":"publish","type":"product","link":"https:\/\/doglife.be\/it\/prodotto\/185g-yoggies-ragout-voor-katten-kip-monoprotein-castrate\/","title":{"rendered":"185g Yoggies RAGOUT voor katten Kip MONOPROTEIN (castrate)"},"content":{"rendered":"<h2>Gedetailleerde beschrijving<\/h2>\n<div>Het leven na castratie vereist een verandering in het dieet, maar zeker geen concessies aan de smaak. Uw kat heeft nu een dieet nodig dat een optimaal gewicht behoudt en een probleemloze spijsvertering ondersteunt, zonder dat de voerbak zijn charme verliest.<\/div>\n<div><\/div>\n<div>Yoggies RAG\u00da met kippenmonoprote\u00efne is gebaseerd op een eenvoudig en functioneel principe: \u00e9\u00e9n soort eersteklas eiwit en een nauwkeurig uitgebalanceerd recept, 100% vrij van chemicali\u00ebn. Het is een lichte, maar compromisloze manier om het dagelijkse welzijn van uw kat te bevorderen.<\/div>\n<div><\/div>\n<h1>Pure kwaliteit voor een goede spijsvertering.<\/h1>\n<div><\/div>\n<div>E\u00e9n soort vlees betekent zekerheid in elke portie. Kippenmonoprote\u00efne is ook geschikt voor katten met een gevoelige spijsvertering of specifieke dieetwensen.<\/div>\n<div><\/div>\n<div><b>Gewicht onder controle<\/b> &#8211; De verlaagde energiewaarde en vezels helpen een optimaal gewicht te behouden, zelfs bij een onverzadigbare eetlust.<\/div>\n<div><\/div>\n<div><b>Verzorging van de urinewegen <\/b>&#8211; Een uitgebalanceerde verhouding mineralen draagt \u200b\u200bbij aan het natuurlijke evenwicht van de urinewegen. Het ideale recept voor een leven zonder kattenbakproblemen.<\/div>\n<div><\/div>\n<div><b>Glanzende vacht en scherp zicht<\/b> \u2013 Koudgeperste teunisbloemolie zorgt voor een gezonde huid en een dikke vacht, terwijl taurine bijdraagt \u200b\u200baan een scherp zicht en een goede hartfunctie.<\/div>\n<div><\/div>\n<div><b>Ondersteuning van de stofwisseling<\/b> \u2013 L-carnitine helpt bij de vetverbranding en het effici\u00ebnter gebruiken van vetten als energiebron.<\/div>\n<div><\/div>\n<h1>Een smaak waar zelfs de grootste zoetekauw niet van terugdeinst.<\/h1>\n<div><\/div>\n<div>De basis van onze RAGU\u00da bestaat uit sappige stukjes kip, hart en lever in een delicate saus. Een combinatie die geen enkele kattenneus onberoerd laat en waarvan geen druppel in de bak achterblijft. We hebben gekozen voor 100% puur vlees zonder granen, soja, toegevoegde suiker, onnodige chemicali\u00ebn en kunstmatige smaakstoffen. Eerlijk vlees heeft geen vermomming nodig.<\/div>\n<div><\/div>\n<h1>Lichtvoetigheid bij elke sprong.<\/h1>\n<div><\/div>\n<div>Als alles naar wens verloopt, kan uw kat het tempo van de hele dag bepalen. Van een snelle inspectie van de bovenste plank tot een ongestoorde heerschappij op de bank. Met Yoggies RAG\u00da trakteer je je dier op een licht en uitgebalanceerd dieet voor een goede spijsvertering.<\/div>\n<div><\/div>\n<h1>De belangrijkste voordelen van Yoggies RAG\u00da:<\/h1>\n<ul>\n<li>Kipmonoprote\u00efne als enige eiwitbron.<\/li>\n<li>Complete voeding voor gecastreerde dieren.<\/li>\n<li>Verlaagd energiegehalte en vezelgehalte voor een verzadigd gevoel en een slank figuur.<\/li>\n<li>Ondersteunt de gezondheid van de urinewegen.<\/li>\n<li>Koudgeperste teunisbloemolie voor een gezonde huid en een glanzende vacht.<\/li>\n<li>Taurine voor een goede hartfunctie en scherp zicht.<\/li>\n<li>L-carnitine ter ondersteuning van de vetstofwisseling.<\/li>\n<li>100% natuurlijke samenstelling zonder granen, soja, suiker en chemicali\u00ebn.<\/li>\n<\/ul>\n<h1>Samenstelling:<\/h1>\n<p>Kip 66% [spier, ingewanden (hart, lever), vlezige nekken]<\/p>\n<p>Kippenbouillon 32%<\/p>\n<p>Cellulose<\/p>\n<p>Mineralen<\/p>\n<p>Koudgeperste teunisbloemolie<\/p>\n<p>Twee jaar oud<\/p>\n<p><b>Analytische bestanddelen: <\/b>ruw eiwit 10%, ruw vet 3,3%, ruwe vezels 1%, ruwe as 2,2%, vocht 82%, calcium 0,32%, fosfor 0,23%.<\/p>\n<p><\/p>\n<p>(Analytische bestanddelen, uiterlijk en consistentie kunnen enigszins vari\u00ebren afhankelijk van het seizoen en de leverancier van de gebruikte grondstoffen.)<\/p>\n<p><\/p>\n<p><b>Voedingssupplementen<\/b>: vitaminen en overige\/kg: vitamine A 3.000 IE, vitamine D3 260 IE, vitamine E 30 mg, taurine 1.500 mg, L-carnitine 200 mg.<\/p>\n","protected":false},"excerpt":{"rendered":"<p>Yoggies RAG\u00da met kippenmonoprote\u00efne voor gecastreerde dieren. De pure samenstelling zonder granen en chemicali\u00ebn is geschikt voor een gevoelige spijsvertering, helpt bij het behouden van een slank figuur en ondersteunt de urinewegen.<\/p>\n","protected":false},"featured_media":47520,"template":"","meta":[],"product_brand":[69],"product_cat":[316,318],"product_tag":[],"class_list":{"0":"post-47526","1":"product","2":"type-product","3":"status-publish","4":"has-post-thumbnail","6":"product_brand-yoggies2","7":"product_cat-100vlees-stukjes-katten_87","8":"product_cat-met-groenten-katten_90","10":"first","11":"outofstock","12":"taxable","13":"shipping-taxable","14":"purchasable","15":"product-type-simple"},"yoast_head":"<!-- This site is optimized with the Yoast SEO plugin v27.2 - https:\/\/yoast.com\/product\/yoast-seo-wordpress\/ -->\n<title>185g Yoggies RAGOUT voor katten Kip MONOPROTEIN (castrate) - Doglife<\/title>\n<meta name=\"robots\" content=\"index, follow, max-snippet:-1, max-image-preview:large, max-video-preview:-1\" \/>\n<link rel=\"canonical\" href=\"https:\/\/doglife.be\/it\/prodotto\/185g-yoggies-ragout-voor-katten-kip-monoprotein-castrate\/\" \/>\n<meta property=\"og:locale\" content=\"it_IT\" \/>\n<meta property=\"og:type\" content=\"article\" \/>\n<meta property=\"og:title\" content=\"185g Yoggies RAGOUT voor katten Kip MONOPROTEIN (castrate) - Doglife\" \/>\n<meta property=\"og:description\" content=\"Yoggies RAG\u00da met kippenmonoprote\u00efne voor gecastreerde dieren. De pure samenstelling zonder granen en chemicali\u00ebn is geschikt voor een gevoelige spijsvertering, helpt bij het behouden van een slank figuur en ondersteunt de urinewegen.\" \/>\n<meta property=\"og:url\" content=\"https:\/\/doglife.be\/it\/prodotto\/185g-yoggies-ragout-voor-katten-kip-monoprotein-castrate\/\" \/>\n<meta property=\"og:site_name\" content=\"Doglife\" \/>\n<meta property=\"article:publisher\" content=\"https:\/\/www.facebook.com\/DoglifeBenelux\" \/>\n<meta property=\"article:modified_time\" content=\"2026-04-11T16:01:48+00:00\" \/>\n<meta name=\"twitter:card\" content=\"summary_large_image\" \/>\n<meta name=\"twitter:label1\" content=\"Tempo di lettura stimato\" \/>\n\t<meta name=\"twitter:data1\" content=\"2 minuti\" \/>\n<script type=\"application\/ld+json\" class=\"yoast-schema-graph\">{\"@context\":\"https:\/\/schema.org\",\"@graph\":[{\"@type\":\"WebPage\",\"@id\":\"https:\/\/doglife.be\/it\/prodotto\/185g-yoggies-ragout-voor-katten-kip-monoprotein-castrate\/\",\"url\":\"https:\/\/doglife.be\/it\/prodotto\/185g-yoggies-ragout-voor-katten-kip-monoprotein-castrate\/\",\"name\":\"185g Yoggies RAGOUT voor katten Kip MONOPROTEIN (castrate) - Doglife\",\"isPartOf\":{\"@id\":\"https:\/\/doglife.be\/it\/#website\"},\"primaryImageOfPage\":{\"@id\":\"https:\/\/doglife.be\/it\/prodotto\/185g-yoggies-ragout-voor-katten-kip-monoprotein-castrate\/#primaryimage\"},\"image\":{\"@id\":\"https:\/\/doglife.be\/it\/prodotto\/185g-yoggies-ragout-voor-katten-kip-monoprotein-castrate\/#primaryimage\"},\"thumbnailUrl\":\"https:\/\/doglife.be\/wp-content\/uploads\/2026\/04\/185g_Yoggies_RAGOUT_voor_katten_Kip_MONOPROTEIN_castrate.jpg\",\"datePublished\":\"2026-04-11T15:31:26+00:00\",\"dateModified\":\"2026-04-11T16:01:48+00:00\",\"breadcrumb\":{\"@id\":\"https:\/\/doglife.be\/it\/prodotto\/185g-yoggies-ragout-voor-katten-kip-monoprotein-castrate\/#breadcrumb\"},\"inLanguage\":\"it-IT\",\"potentialAction\":[{\"@type\":\"ReadAction\",\"target\":[\"https:\/\/doglife.be\/it\/prodotto\/185g-yoggies-ragout-voor-katten-kip-monoprotein-castrate\/\"]}]},{\"@type\":\"ImageObject\",\"inLanguage\":\"it-IT\",\"@id\":\"https:\/\/doglife.be\/it\/prodotto\/185g-yoggies-ragout-voor-katten-kip-monoprotein-castrate\/#primaryimage\",\"url\":\"https:\/\/doglife.be\/wp-content\/uploads\/2026\/04\/185g_Yoggies_RAGOUT_voor_katten_Kip_MONOPROTEIN_castrate.jpg\",\"contentUrl\":\"https:\/\/doglife.be\/wp-content\/uploads\/2026\/04\/185g_Yoggies_RAGOUT_voor_katten_Kip_MONOPROTEIN_castrate.jpg\",\"width\":948,\"height\":991,\"caption\":\"185g Yoggies RAGOUT voor katten Kip MONOPROTEIN (castrate)\"},{\"@type\":\"BreadcrumbList\",\"@id\":\"https:\/\/doglife.be\/it\/prodotto\/185g-yoggies-ragout-voor-katten-kip-monoprotein-castrate\/#breadcrumb\",\"itemListElement\":[{\"@type\":\"ListItem\",\"position\":1,\"name\":\"Home\",\"item\":\"https:\/\/doglife.be\/it\/\"},{\"@type\":\"ListItem\",\"position\":2,\"name\":\"Negozio\",\"item\":\"https:\/\/doglife.be\/it\/negozio\/\"},{\"@type\":\"ListItem\",\"position\":3,\"name\":\"185g Yoggies RAGOUT voor katten Kip MONOPROTEIN (castrate)\"}]},{\"@type\":\"WebSite\",\"@id\":\"https:\/\/doglife.be\/it\/#website\",\"url\":\"https:\/\/doglife.be\/it\/\",\"name\":\"Doglife\",\"description\":\"\",\"publisher\":{\"@id\":\"https:\/\/doglife.be\/it\/#organization\"},\"potentialAction\":[{\"@type\":\"SearchAction\",\"target\":{\"@type\":\"EntryPoint\",\"urlTemplate\":\"https:\/\/doglife.be\/it\/?s={search_term_string}\"},\"query-input\":{\"@type\":\"PropertyValueSpecification\",\"valueRequired\":true,\"valueName\":\"search_term_string\"}}],\"inLanguage\":\"it-IT\"},{\"@type\":\"Organization\",\"@id\":\"https:\/\/doglife.be\/it\/#organization\",\"name\":\"Doglife\",\"url\":\"https:\/\/doglife.be\/it\/\",\"logo\":{\"@type\":\"ImageObject\",\"inLanguage\":\"it-IT\",\"@id\":\"https:\/\/doglife.be\/it\/#\/schema\/logo\/image\/\",\"url\":\"https:\/\/doglife.be\/wp-content\/uploads\/2022\/07\/logo-doglife-white.webp\",\"contentUrl\":\"https:\/\/doglife.be\/wp-content\/uploads\/2022\/07\/logo-doglife-white.webp\",\"width\":137,\"height\":136,\"caption\":\"Doglife\"},\"image\":{\"@id\":\"https:\/\/doglife.be\/it\/#\/schema\/logo\/image\/\"},\"sameAs\":[\"https:\/\/www.facebook.com\/DoglifeBenelux\"]}]}<\/script>\n<!-- \/ Yoast SEO plugin. -->","yoast_head_json":{"title":"185g Yoggies RAGOUT voor katten Kip MONOPROTEIN (castrate) - Doglife","robots":{"index":"index","follow":"follow","max-snippet":"max-snippet:-1","max-image-preview":"max-image-preview:large","max-video-preview":"max-video-preview:-1"},"canonical":"https:\/\/doglife.be\/it\/prodotto\/185g-yoggies-ragout-voor-katten-kip-monoprotein-castrate\/","og_locale":"it_IT","og_type":"article","og_title":"185g Yoggies RAGOUT voor katten Kip MONOPROTEIN (castrate) - Doglife","og_description":"Yoggies RAG\u00da met kippenmonoprote\u00efne voor gecastreerde dieren. De pure samenstelling zonder granen en chemicali\u00ebn is geschikt voor een gevoelige spijsvertering, helpt bij het behouden van een slank figuur en ondersteunt de urinewegen.","og_url":"https:\/\/doglife.be\/it\/prodotto\/185g-yoggies-ragout-voor-katten-kip-monoprotein-castrate\/","og_site_name":"Doglife","article_publisher":"https:\/\/www.facebook.com\/DoglifeBenelux","article_modified_time":"2026-04-11T16:01:48+00:00","twitter_card":"summary_large_image","twitter_misc":{"Tempo di lettura stimato":"2 minuti"},"schema":{"@context":"https:\/\/schema.org","@graph":[{"@type":"WebPage","@id":"https:\/\/doglife.be\/it\/prodotto\/185g-yoggies-ragout-voor-katten-kip-monoprotein-castrate\/","url":"https:\/\/doglife.be\/it\/prodotto\/185g-yoggies-ragout-voor-katten-kip-monoprotein-castrate\/","name":"185g Yoggies RAGOUT voor katten Kip MONOPROTEIN (castrate) - Doglife","isPartOf":{"@id":"https:\/\/doglife.be\/it\/#website"},"primaryImageOfPage":{"@id":"https:\/\/doglife.be\/it\/prodotto\/185g-yoggies-ragout-voor-katten-kip-monoprotein-castrate\/#primaryimage"},"image":{"@id":"https:\/\/doglife.be\/it\/prodotto\/185g-yoggies-ragout-voor-katten-kip-monoprotein-castrate\/#primaryimage"},"thumbnailUrl":"https:\/\/doglife.be\/wp-content\/uploads\/2026\/04\/185g_Yoggies_RAGOUT_voor_katten_Kip_MONOPROTEIN_castrate.jpg","datePublished":"2026-04-11T15:31:26+00:00","dateModified":"2026-04-11T16:01:48+00:00","breadcrumb":{"@id":"https:\/\/doglife.be\/it\/prodotto\/185g-yoggies-ragout-voor-katten-kip-monoprotein-castrate\/#breadcrumb"},"inLanguage":"it-IT","potentialAction":[{"@type":"ReadAction","target":["https:\/\/doglife.be\/it\/prodotto\/185g-yoggies-ragout-voor-katten-kip-monoprotein-castrate\/"]}]},{"@type":"ImageObject","inLanguage":"it-IT","@id":"https:\/\/doglife.be\/it\/prodotto\/185g-yoggies-ragout-voor-katten-kip-monoprotein-castrate\/#primaryimage","url":"https:\/\/doglife.be\/wp-content\/uploads\/2026\/04\/185g_Yoggies_RAGOUT_voor_katten_Kip_MONOPROTEIN_castrate.jpg","contentUrl":"https:\/\/doglife.be\/wp-content\/uploads\/2026\/04\/185g_Yoggies_RAGOUT_voor_katten_Kip_MONOPROTEIN_castrate.jpg","width":948,"height":991,"caption":"185g Yoggies RAGOUT voor katten Kip MONOPROTEIN (castrate)"},{"@type":"BreadcrumbList","@id":"https:\/\/doglife.be\/it\/prodotto\/185g-yoggies-ragout-voor-katten-kip-monoprotein-castrate\/#breadcrumb","itemListElement":[{"@type":"ListItem","position":1,"name":"Home","item":"https:\/\/doglife.be\/it\/"},{"@type":"ListItem","position":2,"name":"Negozio","item":"https:\/\/doglife.be\/it\/negozio\/"},{"@type":"ListItem","position":3,"name":"185g Yoggies RAGOUT voor katten Kip MONOPROTEIN (castrate)"}]},{"@type":"WebSite","@id":"https:\/\/doglife.be\/it\/#website","url":"https:\/\/doglife.be\/it\/","name":"Doglife","description":"","publisher":{"@id":"https:\/\/doglife.be\/it\/#organization"},"potentialAction":[{"@type":"SearchAction","target":{"@type":"EntryPoint","urlTemplate":"https:\/\/doglife.be\/it\/?s={search_term_string}"},"query-input":{"@type":"PropertyValueSpecification","valueRequired":true,"valueName":"search_term_string"}}],"inLanguage":"it-IT"},{"@type":"Organization","@id":"https:\/\/doglife.be\/it\/#organization","name":"Doglife","url":"https:\/\/doglife.be\/it\/","logo":{"@type":"ImageObject","inLanguage":"it-IT","@id":"https:\/\/doglife.be\/it\/#\/schema\/logo\/image\/","url":"https:\/\/doglife.be\/wp-content\/uploads\/2022\/07\/logo-doglife-white.webp","contentUrl":"https:\/\/doglife.be\/wp-content\/uploads\/2022\/07\/logo-doglife-white.webp","width":137,"height":136,"caption":"Doglife"},"image":{"@id":"https:\/\/doglife.be\/it\/#\/schema\/logo\/image\/"},"sameAs":["https:\/\/www.facebook.com\/DoglifeBenelux"]}]}},"_links":{"self":[{"href":"https:\/\/doglife.be\/it\/wp-json\/wp\/v2\/product\/47526","targetHints":{"allow":["GET"]}}],"collection":[{"href":"https:\/\/doglife.be\/it\/wp-json\/wp\/v2\/product"}],"about":[{"href":"https:\/\/doglife.be\/it\/wp-json\/wp\/v2\/types\/product"}],"wp:featuredmedia":[{"embeddable":true,"href":"https:\/\/doglife.be\/it\/wp-json\/wp\/v2\/media\/47520"}],"wp:attachment":[{"href":"https:\/\/doglife.be\/it\/wp-json\/wp\/v2\/media?parent=47526"}],"wp:term":[{"taxonomy":"product_brand","embeddable":true,"href":"https:\/\/doglife.be\/it\/wp-json\/wp\/v2\/product_brand?post=47526"},{"taxonomy":"product_cat","embeddable":true,"href":"https:\/\/doglife.be\/it\/wp-json\/wp\/v2\/product_cat?post=47526"},{"taxonomy":"product_tag","embeddable":true,"href":"https:\/\/doglife.be\/it\/wp-json\/wp\/v2\/product_tag?post=47526"}],"curies":[{"name":"wp","href":"https:\/\/api.w.org\/{rel}","templated":true}]}}