{"id":8688,"date":"2025-03-14T09:49:00","date_gmt":"2025-03-14T08:49:00","guid":{"rendered":"https:\/\/doglife.be\/?post_type=product&#038;p=8688"},"modified":"2026-04-07T08:34:45","modified_gmt":"2026-04-07T07:34:45","slug":"falco-tim-1200g-beenmerg","status":"publish","type":"product","link":"https:\/\/doglife.be\/it\/prodotto\/falco-tim-1200g-beenmerg\/","title":{"rendered":"Falco TIM 1200g beenmerg"},"content":{"rendered":"<h2 class=\"h2\" style=\"margin-right: 0px;margin-bottom: 1.875rem;margin-left: 0px;font-weight: 700;line-height: 1.1875;padding: 0px;text-transform: uppercase;font-family: Anton, Helvetica, Arial, sans-serif;letter-spacing: 0.5px\"><font style=\"vertical-align: inherit\">TIM met beenmerg 1200g<\/font><\/h2>\n<div class=\"text text--1 color__brand--2\" style=\"font-size: 16px;line-height: 1.5;margin-bottom: 1.875rem;font-family: Roboto, Helvetica, Arial, sans-serif\">\n<p><span style=\"font-size: 11pt\"><span style=\"line-height: 15.6933px\"><span style=\"font-family: Calibri, sans-serif\"><span style=\"font-size: 12pt\"><span style=\"line-height: 17.12px\">Het blikvoer van TIM heeft een uitstekende voedingswaarde en dieetwaarde, een hoog magnesiumgehalte, dat de goede werking van spieren en zenuwen bevordert, en bevat daarnaast natrium en calcium, die een positief effect hebben op de versterking van de botten in de gewrichten. Alles is in zijn natuurlijke vorm.<\/span><\/span><\/span><\/span><\/span><\/p>\n<p><span style=\"font-size: 11pt\"><span style=\"line-height: 15.6933px\"><span style=\"font-family: Calibri, sans-serif\"><span style=\"font-size: 12pt\"><span style=\"line-height: 17.12px\">Het bevat rundvlees, dat rijk is aan essenti\u00eble aminozuren, ijzer en vitamine B2. Het bevat ook eiwitten, die de spiergroei bevorderen. Het ondersteunt de kauwspieren en is uitstekend voor de conditie en vacht.<\/span><\/span><\/span><\/span><\/span><\/p>\n<p><span style=\"font-size: 11pt\"><span style=\"line-height: 15.6933px\"><span style=\"font-family: Calibri, sans-serif\"><span style=\"font-size: 12pt\"><span style=\"line-height: 17.12px\">Het beenmerg bevat veel fosfor en calcium, wat vooral voor jonge honden in de groeifase erg belangrijk is.<\/span><\/span><\/span><\/span><\/span><\/p>\n<p><span style=\"font-size: 11pt\"><span style=\"line-height: 15.6933px\"><span style=\"font-family: Calibri, sans-serif\"><span style=\"font-weight: bolder\"><span style=\"font-size: 12pt\"><span style=\"line-height: 17.12px\">Ingeblikte botten zijn niet gevaarlijk; Dankzij de sterilisatie, die onder hoge druk en temperatuur plaatsvindt, zijn ze helemaal zacht en kunt u ze tussen uw vingers fijnmalen.<\/span><\/span><\/span><\/span><\/span><\/span><\/p>\n<p><span style=\"font-size: 11pt\"><span style=\"line-height: 15.6933px\"><span style=\"font-family: Calibri, sans-serif\"><span style=\"font-weight: bolder\"><span style=\"font-size: 12pt\"><span style=\"line-height: 17.12px\">Botten vormen een belangrijk onderdeel van het dieet van een huisdier. Ze bevatten belangrijke mineralen. Wanneer fokkers blikvoer met botten voeren, hoeven ze geen extra vitaminen met mineralen aan te schaffen.<\/span><\/span><\/span><\/span><\/span><\/span><\/p>\n<p><span style=\"font-size: 11pt\"><span style=\"line-height: 15.6933px\"><span style=\"font-family: Calibri, sans-serif\"><span style=\"font-size: 12pt\"><span style=\"line-height: 17.12px\">TIM-blikvoer is geschikt voor alle leeftijden en alle rassen.<\/span><\/span><\/span><\/span><\/span><\/p>\n<p><span style=\"font-size: 11pt\"><span style=\"line-height: 15.6933px\"><span style=\"font-family: Calibri, sans-serif\"><span style=\"font-size: 12pt\"><span style=\"line-height: 17.12px\">Al onze producten zijn natuurlijk en bevatten geen kleurstoffen, smaakstoffen, conserveringsmiddelen, chemicali\u00ebn, granen, rijst of soja. De recepten zijn samengesteld door dierenarts en oprichter MVDr. Ji\u0159\u00ed Sokol.<\/span><\/span><\/span><\/span><\/span><\/p>\n<p><span style=\"font-size: 11pt\"><span style=\"line-height: 15.6933px\"><span style=\"font-family: Calibri, sans-serif\">FALCO blikvoer heeft een houdbaarheid van 3 jaar. Je kunt het ongeveer 7 dagen in de koelkast bewaren, of zo lang als je wilt.<\/span><\/span><\/span><\/p>\n<p><span style=\"font-size: 11pt\"><span style=\"line-height: 15.6933px\"><span style=\"font-family: Calibri, sans-serif\"><b>Ingredi\u00ebnten:<\/b> Vlees en dierlijke bijproducten (rundvleesorganen, varkensorganen, rundvlees, mergpijpen)<\/span><\/span><\/span><\/p>\n<p><span style=\"font-size: 11pt\"><span style=\"line-height: 15.6933px\"><span style=\"font-family: Calibri, sans-serif\"><b>Analytische bestanddelen: <\/b>ruw eiwit 16%, ruw vet 11%, ruwe celstof 0,5%, ruwe as 2,5%, vocht 70%, hoog natuurlijk gehalte aan vitamines (A, E, D) en aminozuren (lysine, methionine, cystine)<\/span><\/span><\/span><\/p>\n<\/div>\n","protected":false},"excerpt":{"rendered":"<p>Het mergbeen bevat veel fosfor en calcium, wat vooral voor jonge honden in de groeifase erg belangrijk is.<\/p>\n","protected":false},"featured_media":8894,"template":"","meta":[],"product_brand":[71],"product_cat":[272],"product_tag":[481,434,401],"class_list":{"0":"post-8688","1":"product","2":"type-product","3":"status-publish","4":"has-post-thumbnail","6":"product_brand-sokol-falco4","7":"product_cat-100-vlees-gemalen_156","8":"product_tag-beenmerg","9":"product_tag-falco","10":"product_tag-rund","12":"first","13":"outofstock","14":"taxable","15":"shipping-taxable","16":"purchasable","17":"product-type-simple"},"yoast_head":"<!-- This site is optimized with the Yoast SEO plugin v27.2 - https:\/\/yoast.com\/product\/yoast-seo-wordpress\/ -->\n<title>Falco TIM 1200g beenmerg - Doglife<\/title>\n<meta name=\"robots\" content=\"index, follow, max-snippet:-1, max-image-preview:large, max-video-preview:-1\" \/>\n<link rel=\"canonical\" href=\"https:\/\/doglife.be\/it\/prodotto\/falco-tim-1200g-beenmerg\/\" \/>\n<meta property=\"og:locale\" content=\"it_IT\" \/>\n<meta property=\"og:type\" content=\"article\" \/>\n<meta property=\"og:title\" content=\"Falco TIM 1200g beenmerg - Doglife\" \/>\n<meta property=\"og:description\" content=\"Het mergbeen bevat veel fosfor en calcium, wat vooral voor jonge honden in de groeifase erg belangrijk is.\" \/>\n<meta property=\"og:url\" content=\"https:\/\/doglife.be\/it\/prodotto\/falco-tim-1200g-beenmerg\/\" \/>\n<meta property=\"og:site_name\" content=\"Doglife\" \/>\n<meta property=\"article:publisher\" content=\"https:\/\/www.facebook.com\/DoglifeBenelux\" \/>\n<meta property=\"article:modified_time\" content=\"2026-04-07T07:34:45+00:00\" \/>\n<meta property=\"og:image\" content=\"https:\/\/doglife.be\/wp-content\/uploads\/2025\/03\/1200-TIM-beenmerg.png\" \/>\n\t<meta property=\"og:image:width\" content=\"1080\" \/>\n\t<meta property=\"og:image:height\" content=\"1080\" \/>\n\t<meta property=\"og:image:type\" content=\"image\/png\" \/>\n<meta name=\"twitter:card\" content=\"summary_large_image\" \/>\n<meta name=\"twitter:label1\" content=\"Tempo di lettura stimato\" \/>\n\t<meta name=\"twitter:data1\" content=\"1 minuto\" \/>\n<script type=\"application\/ld+json\" class=\"yoast-schema-graph\">{\"@context\":\"https:\/\/schema.org\",\"@graph\":[{\"@type\":\"WebPage\",\"@id\":\"https:\/\/doglife.be\/it\/prodotto\/falco-tim-1200g-beenmerg\/\",\"url\":\"https:\/\/doglife.be\/it\/prodotto\/falco-tim-1200g-beenmerg\/\",\"name\":\"Falco TIM 1200g beenmerg - Doglife\",\"isPartOf\":{\"@id\":\"https:\/\/doglife.be\/it\/#website\"},\"primaryImageOfPage\":{\"@id\":\"https:\/\/doglife.be\/it\/prodotto\/falco-tim-1200g-beenmerg\/#primaryimage\"},\"image\":{\"@id\":\"https:\/\/doglife.be\/it\/prodotto\/falco-tim-1200g-beenmerg\/#primaryimage\"},\"thumbnailUrl\":\"https:\/\/doglife.be\/wp-content\/uploads\/2025\/03\/1200-TIM-beenmerg.png\",\"datePublished\":\"2025-03-14T08:49:00+00:00\",\"dateModified\":\"2026-04-07T07:34:45+00:00\",\"breadcrumb\":{\"@id\":\"https:\/\/doglife.be\/it\/prodotto\/falco-tim-1200g-beenmerg\/#breadcrumb\"},\"inLanguage\":\"it-IT\",\"potentialAction\":[{\"@type\":\"ReadAction\",\"target\":[\"https:\/\/doglife.be\/it\/prodotto\/falco-tim-1200g-beenmerg\/\"]}]},{\"@type\":\"ImageObject\",\"inLanguage\":\"it-IT\",\"@id\":\"https:\/\/doglife.be\/it\/prodotto\/falco-tim-1200g-beenmerg\/#primaryimage\",\"url\":\"https:\/\/doglife.be\/wp-content\/uploads\/2025\/03\/1200-TIM-beenmerg.png\",\"contentUrl\":\"https:\/\/doglife.be\/wp-content\/uploads\/2025\/03\/1200-TIM-beenmerg.png\",\"width\":1080,\"height\":1080},{\"@type\":\"BreadcrumbList\",\"@id\":\"https:\/\/doglife.be\/it\/prodotto\/falco-tim-1200g-beenmerg\/#breadcrumb\",\"itemListElement\":[{\"@type\":\"ListItem\",\"position\":1,\"name\":\"Home\",\"item\":\"https:\/\/doglife.be\/it\/\"},{\"@type\":\"ListItem\",\"position\":2,\"name\":\"Negozio\",\"item\":\"https:\/\/doglife.be\/it\/negozio\/\"},{\"@type\":\"ListItem\",\"position\":3,\"name\":\"Falco TIM 1200g beenmerg\"}]},{\"@type\":\"WebSite\",\"@id\":\"https:\/\/doglife.be\/it\/#website\",\"url\":\"https:\/\/doglife.be\/it\/\",\"name\":\"Doglife\",\"description\":\"\",\"publisher\":{\"@id\":\"https:\/\/doglife.be\/it\/#organization\"},\"potentialAction\":[{\"@type\":\"SearchAction\",\"target\":{\"@type\":\"EntryPoint\",\"urlTemplate\":\"https:\/\/doglife.be\/it\/?s={search_term_string}\"},\"query-input\":{\"@type\":\"PropertyValueSpecification\",\"valueRequired\":true,\"valueName\":\"search_term_string\"}}],\"inLanguage\":\"it-IT\"},{\"@type\":\"Organization\",\"@id\":\"https:\/\/doglife.be\/it\/#organization\",\"name\":\"Doglife\",\"url\":\"https:\/\/doglife.be\/it\/\",\"logo\":{\"@type\":\"ImageObject\",\"inLanguage\":\"it-IT\",\"@id\":\"https:\/\/doglife.be\/it\/#\/schema\/logo\/image\/\",\"url\":\"https:\/\/doglife.be\/wp-content\/uploads\/2022\/07\/logo-doglife-white.webp\",\"contentUrl\":\"https:\/\/doglife.be\/wp-content\/uploads\/2022\/07\/logo-doglife-white.webp\",\"width\":137,\"height\":136,\"caption\":\"Doglife\"},\"image\":{\"@id\":\"https:\/\/doglife.be\/it\/#\/schema\/logo\/image\/\"},\"sameAs\":[\"https:\/\/www.facebook.com\/DoglifeBenelux\"]}]}<\/script>\n<!-- \/ Yoast SEO plugin. -->","yoast_head_json":{"title":"Falco TIM 1200g beenmerg - Doglife","robots":{"index":"index","follow":"follow","max-snippet":"max-snippet:-1","max-image-preview":"max-image-preview:large","max-video-preview":"max-video-preview:-1"},"canonical":"https:\/\/doglife.be\/it\/prodotto\/falco-tim-1200g-beenmerg\/","og_locale":"it_IT","og_type":"article","og_title":"Falco TIM 1200g beenmerg - Doglife","og_description":"Het mergbeen bevat veel fosfor en calcium, wat vooral voor jonge honden in de groeifase erg belangrijk is.","og_url":"https:\/\/doglife.be\/it\/prodotto\/falco-tim-1200g-beenmerg\/","og_site_name":"Doglife","article_publisher":"https:\/\/www.facebook.com\/DoglifeBenelux","article_modified_time":"2026-04-07T07:34:45+00:00","og_image":[{"width":1080,"height":1080,"url":"https:\/\/doglife.be\/wp-content\/uploads\/2025\/03\/1200-TIM-beenmerg.png","type":"image\/png"}],"twitter_card":"summary_large_image","twitter_misc":{"Tempo di lettura stimato":"1 minuto"},"schema":{"@context":"https:\/\/schema.org","@graph":[{"@type":"WebPage","@id":"https:\/\/doglife.be\/it\/prodotto\/falco-tim-1200g-beenmerg\/","url":"https:\/\/doglife.be\/it\/prodotto\/falco-tim-1200g-beenmerg\/","name":"Falco TIM 1200g beenmerg - Doglife","isPartOf":{"@id":"https:\/\/doglife.be\/it\/#website"},"primaryImageOfPage":{"@id":"https:\/\/doglife.be\/it\/prodotto\/falco-tim-1200g-beenmerg\/#primaryimage"},"image":{"@id":"https:\/\/doglife.be\/it\/prodotto\/falco-tim-1200g-beenmerg\/#primaryimage"},"thumbnailUrl":"https:\/\/doglife.be\/wp-content\/uploads\/2025\/03\/1200-TIM-beenmerg.png","datePublished":"2025-03-14T08:49:00+00:00","dateModified":"2026-04-07T07:34:45+00:00","breadcrumb":{"@id":"https:\/\/doglife.be\/it\/prodotto\/falco-tim-1200g-beenmerg\/#breadcrumb"},"inLanguage":"it-IT","potentialAction":[{"@type":"ReadAction","target":["https:\/\/doglife.be\/it\/prodotto\/falco-tim-1200g-beenmerg\/"]}]},{"@type":"ImageObject","inLanguage":"it-IT","@id":"https:\/\/doglife.be\/it\/prodotto\/falco-tim-1200g-beenmerg\/#primaryimage","url":"https:\/\/doglife.be\/wp-content\/uploads\/2025\/03\/1200-TIM-beenmerg.png","contentUrl":"https:\/\/doglife.be\/wp-content\/uploads\/2025\/03\/1200-TIM-beenmerg.png","width":1080,"height":1080},{"@type":"BreadcrumbList","@id":"https:\/\/doglife.be\/it\/prodotto\/falco-tim-1200g-beenmerg\/#breadcrumb","itemListElement":[{"@type":"ListItem","position":1,"name":"Home","item":"https:\/\/doglife.be\/it\/"},{"@type":"ListItem","position":2,"name":"Negozio","item":"https:\/\/doglife.be\/it\/negozio\/"},{"@type":"ListItem","position":3,"name":"Falco TIM 1200g beenmerg"}]},{"@type":"WebSite","@id":"https:\/\/doglife.be\/it\/#website","url":"https:\/\/doglife.be\/it\/","name":"Doglife","description":"","publisher":{"@id":"https:\/\/doglife.be\/it\/#organization"},"potentialAction":[{"@type":"SearchAction","target":{"@type":"EntryPoint","urlTemplate":"https:\/\/doglife.be\/it\/?s={search_term_string}"},"query-input":{"@type":"PropertyValueSpecification","valueRequired":true,"valueName":"search_term_string"}}],"inLanguage":"it-IT"},{"@type":"Organization","@id":"https:\/\/doglife.be\/it\/#organization","name":"Doglife","url":"https:\/\/doglife.be\/it\/","logo":{"@type":"ImageObject","inLanguage":"it-IT","@id":"https:\/\/doglife.be\/it\/#\/schema\/logo\/image\/","url":"https:\/\/doglife.be\/wp-content\/uploads\/2022\/07\/logo-doglife-white.webp","contentUrl":"https:\/\/doglife.be\/wp-content\/uploads\/2022\/07\/logo-doglife-white.webp","width":137,"height":136,"caption":"Doglife"},"image":{"@id":"https:\/\/doglife.be\/it\/#\/schema\/logo\/image\/"},"sameAs":["https:\/\/www.facebook.com\/DoglifeBenelux"]}]}},"_links":{"self":[{"href":"https:\/\/doglife.be\/it\/wp-json\/wp\/v2\/product\/8688","targetHints":{"allow":["GET"]}}],"collection":[{"href":"https:\/\/doglife.be\/it\/wp-json\/wp\/v2\/product"}],"about":[{"href":"https:\/\/doglife.be\/it\/wp-json\/wp\/v2\/types\/product"}],"wp:featuredmedia":[{"embeddable":true,"href":"https:\/\/doglife.be\/it\/wp-json\/wp\/v2\/media\/8894"}],"wp:attachment":[{"href":"https:\/\/doglife.be\/it\/wp-json\/wp\/v2\/media?parent=8688"}],"wp:term":[{"taxonomy":"product_brand","embeddable":true,"href":"https:\/\/doglife.be\/it\/wp-json\/wp\/v2\/product_brand?post=8688"},{"taxonomy":"product_cat","embeddable":true,"href":"https:\/\/doglife.be\/it\/wp-json\/wp\/v2\/product_cat?post=8688"},{"taxonomy":"product_tag","embeddable":true,"href":"https:\/\/doglife.be\/it\/wp-json\/wp\/v2\/product_tag?post=8688"}],"curies":[{"name":"wp","href":"https:\/\/api.w.org\/{rel}","templated":true}]}}